{"id":7304,"date":"2022-08-03T17:43:36","date_gmt":"2022-08-03T21:43:36","guid":{"rendered":"https:\/\/mcbogames.com\/?post_type=product&#038;p=7304"},"modified":"2024-02-19T02:02:07","modified_gmt":"2024-02-19T06:02:07","slug":"tarjeta-grafica-de-doble-ventilador-pny-geforce-rtx-3060","status":"publish","type":"product","link":"https:\/\/mcbogames.com\/index.php\/producto\/tarjeta-grafica-de-doble-ventilador-pny-geforce-rtx-3060\/","title":{"rendered":"Tarjeta gr\u00e1fica  PNY GeForce RTX 3060"},"content":{"rendered":"<ul class=\"a-unordered-list a-vertical a-spacing-mini\">\n<li><span class=\"a-list-item\">Arquitectura NVIDIA Ampere, con reloj de n\u00facleo de 1320 MHz y velocidades de reloj de aumento de 1777 MHz para ayudar a satisfacer las necesidades de juegos exigentes<\/span><\/li>\n<li><span class=\"a-list-item\">Memoria integrada GDDR6 de 12 GB (192 bits), adem\u00e1s de 3584 n\u00facleos de procesamiento CUDA y hasta 360 GB\/seg de ancho de banda de memoria proporcionan la memoria necesaria para crear un realismo visual sorprendente.<\/span><\/li>\n<li><span class=\"a-list-item\">EPIC-X RGB ofrece un dise\u00f1o RGB brillante combinado con el m\u00e1ximo rendimiento, llevando tu PC al siguiente nivel<\/span><\/li>\n<li><span class=\"a-list-item\">Interfaz PCI Express 4.0 &#8211; Ofrece compatibilidad con una gama de sistemas. Tambi\u00e9n incluye salidas DisplayPort 1.4a y HDMI 2.1 para una conectividad ampliada.<\/span><\/li>\n<li><span class=\"a-list-item\">NVIDIA GeForce Experience &#8211; Captura y comparte videos, capturas de pantalla y transmisiones en vivo con amigos. Mant\u00e9n a tus conductores actualizados y optimiza la configuraci\u00f3n de tu juego. Es el compa\u00f1ero esencial para tu tarjeta gr\u00e1fica GeForce<\/span><\/li>\n<\/ul>\n","protected":false},"excerpt":{"rendered":"<p>Arquitectura NVIDIA Ampere, con reloj de n\u00facleo de 1320 MHz y velocidades de reloj de aumento de 1777 MHz para ayudar a satisfacer las necesidades de juegos exigentes Memoria integrada GDDR6 de 12 GB (192 bits), adem\u00e1s de 3584 n\u00facleos de procesamiento CUDA y hasta 360 GB\/seg de ancho de banda de memoria proporcionan la &hellip; <a href=\"https:\/\/mcbogames.com\/index.php\/producto\/tarjeta-grafica-de-doble-ventilador-pny-geforce-rtx-3060\/\" class=\"more-link\">Continue reading <span class=\"screen-reader-text\">Tarjeta gr\u00e1fica  PNY GeForce RTX 3060<\/span><\/a><\/p>\n","protected":false},"featured_media":7306,"template":"","meta":[],"product_brand":[],"product_cat":[228,226],"product_tag":[451,278,279],"class_list":{"0":"post-7304","1":"product","2":"type-product","3":"status-publish","4":"has-post-thumbnail","6":"product_cat-computacion","7":"product_cat-computadoras-gamer","8":"product_tag-nvidia","9":"product_tag-tarjeta","10":"product_tag-video","11":"yith_product_brand-pny","14":"outofstock","15":"shipping-taxable","16":"purchasable","17":"product-type-simple"},"bundled_by":[],"bundle_stock_status":"outofstock","bundle_stock_quantity":0,"bundle_virtual":false,"bundle_layout":"","bundle_add_to_cart_form_location":"","bundle_editable_in_cart":false,"bundle_sold_individually_context":"","bundle_item_grouping":"","bundle_min_size":"","bundle_max_size":"","bundled_items":[],"bundle_sell_ids":[],"yoast_head":"<!-- This site is optimized with the Yoast SEO plugin v27.4 - https:\/\/yoast.com\/product\/yoast-seo-wordpress\/ -->\n<title>Tarjeta gr\u00e1fica PNY GeForce RTX 3060 - :: MCBO GAMES TU TIENDA FAVORITA DE TECNOLOG\u00cdA Y VIDEOJUEGOS ::<\/title>\n<meta name=\"robots\" content=\"index, follow, max-snippet:-1, max-image-preview:large, max-video-preview:-1\" \/>\n<link rel=\"canonical\" href=\"https:\/\/mcbogames.com\/index.php\/producto\/tarjeta-grafica-de-doble-ventilador-pny-geforce-rtx-3060\/\" \/>\n<meta property=\"og:locale\" content=\"es_ES\" \/>\n<meta property=\"og:type\" content=\"article\" \/>\n<meta property=\"og:title\" content=\"Tarjeta gr\u00e1fica PNY GeForce RTX 3060 - :: MCBO GAMES TU TIENDA FAVORITA DE TECNOLOG\u00cdA Y VIDEOJUEGOS ::\" \/>\n<meta property=\"og:description\" content=\"Arquitectura NVIDIA Ampere, con reloj de n\u00facleo de 1320 MHz y velocidades de reloj de aumento de 1777 MHz para ayudar a satisfacer las necesidades de juegos exigentes Memoria integrada GDDR6 de 12 GB (192 bits), adem\u00e1s de 3584 n\u00facleos de procesamiento CUDA y hasta 360 GB\/seg de ancho de banda de memoria proporcionan la &hellip; Continue reading Tarjeta gr\u00e1fica PNY GeForce RTX 3060\" \/>\n<meta property=\"og:url\" content=\"https:\/\/mcbogames.com\/index.php\/producto\/tarjeta-grafica-de-doble-ventilador-pny-geforce-rtx-3060\/\" \/>\n<meta property=\"og:site_name\" content=\":: MCBO GAMES TU TIENDA FAVORITA DE TECNOLOG\u00cdA Y VIDEOJUEGOS ::\" \/>\n<meta property=\"article:modified_time\" content=\"2024-02-19T06:02:07+00:00\" \/>\n<meta property=\"og:image\" content=\"https:\/\/mcbogames.com\/wp-content\/uploads\/2022\/08\/RTX-XLR8.webp\" \/>\n\t<meta property=\"og:image:width\" content=\"1000\" \/>\n\t<meta property=\"og:image:height\" content=\"1000\" \/>\n\t<meta property=\"og:image:type\" content=\"image\/webp\" \/>\n<meta name=\"twitter:card\" content=\"summary_large_image\" \/>\n<meta name=\"twitter:label1\" content=\"Tiempo de lectura\" \/>\n\t<meta name=\"twitter:data1\" content=\"1 minuto\" \/>\n<script type=\"application\/ld+json\" class=\"yoast-schema-graph\">{\"@context\":\"https:\\\/\\\/schema.org\",\"@graph\":[{\"@type\":\"WebPage\",\"@id\":\"https:\\\/\\\/mcbogames.com\\\/index.php\\\/producto\\\/tarjeta-grafica-de-doble-ventilador-pny-geforce-rtx-3060\\\/\",\"url\":\"https:\\\/\\\/mcbogames.com\\\/index.php\\\/producto\\\/tarjeta-grafica-de-doble-ventilador-pny-geforce-rtx-3060\\\/\",\"name\":\"Tarjeta gr\u00e1fica PNY GeForce RTX 3060 - :: MCBO GAMES TU TIENDA FAVORITA DE TECNOLOG\u00cdA Y VIDEOJUEGOS ::\",\"isPartOf\":{\"@id\":\"https:\\\/\\\/mcbogames.com\\\/#website\"},\"primaryImageOfPage\":{\"@id\":\"https:\\\/\\\/mcbogames.com\\\/index.php\\\/producto\\\/tarjeta-grafica-de-doble-ventilador-pny-geforce-rtx-3060\\\/#primaryimage\"},\"image\":{\"@id\":\"https:\\\/\\\/mcbogames.com\\\/index.php\\\/producto\\\/tarjeta-grafica-de-doble-ventilador-pny-geforce-rtx-3060\\\/#primaryimage\"},\"thumbnailUrl\":\"https:\\\/\\\/mcbogames.com\\\/wp-content\\\/uploads\\\/2022\\\/08\\\/RTX-XLR8.webp\",\"datePublished\":\"2022-08-03T21:43:36+00:00\",\"dateModified\":\"2024-02-19T06:02:07+00:00\",\"breadcrumb\":{\"@id\":\"https:\\\/\\\/mcbogames.com\\\/index.php\\\/producto\\\/tarjeta-grafica-de-doble-ventilador-pny-geforce-rtx-3060\\\/#breadcrumb\"},\"inLanguage\":\"es\",\"potentialAction\":[{\"@type\":\"ReadAction\",\"target\":[\"https:\\\/\\\/mcbogames.com\\\/index.php\\\/producto\\\/tarjeta-grafica-de-doble-ventilador-pny-geforce-rtx-3060\\\/\"]}]},{\"@type\":\"ImageObject\",\"inLanguage\":\"es\",\"@id\":\"https:\\\/\\\/mcbogames.com\\\/index.php\\\/producto\\\/tarjeta-grafica-de-doble-ventilador-pny-geforce-rtx-3060\\\/#primaryimage\",\"url\":\"https:\\\/\\\/mcbogames.com\\\/wp-content\\\/uploads\\\/2022\\\/08\\\/RTX-XLR8.webp\",\"contentUrl\":\"https:\\\/\\\/mcbogames.com\\\/wp-content\\\/uploads\\\/2022\\\/08\\\/RTX-XLR8.webp\",\"width\":1000,\"height\":1000},{\"@type\":\"BreadcrumbList\",\"@id\":\"https:\\\/\\\/mcbogames.com\\\/index.php\\\/producto\\\/tarjeta-grafica-de-doble-ventilador-pny-geforce-rtx-3060\\\/#breadcrumb\",\"itemListElement\":[{\"@type\":\"ListItem\",\"position\":1,\"name\":\"Portada\",\"item\":\"https:\\\/\\\/mcbogames.com\\\/\"},{\"@type\":\"ListItem\",\"position\":2,\"name\":\"Shop\",\"item\":\"https:\\\/\\\/mcbogames.com\\\/index.php\\\/shop\\\/\"},{\"@type\":\"ListItem\",\"position\":3,\"name\":\"Tarjeta gr\u00e1fica PNY GeForce RTX 3060\"}]},{\"@type\":\"WebSite\",\"@id\":\"https:\\\/\\\/mcbogames.com\\\/#website\",\"url\":\"https:\\\/\\\/mcbogames.com\\\/\",\"name\":\":: MCBO GAMES TU TIENDA FAVORITA DE TECNOLOG\u00cdA Y VIDEOJUEGOS ::\",\"description\":\"TIENDA ONLINE\",\"publisher\":{\"@id\":\"https:\\\/\\\/mcbogames.com\\\/#organization\"},\"potentialAction\":[{\"@type\":\"SearchAction\",\"target\":{\"@type\":\"EntryPoint\",\"urlTemplate\":\"https:\\\/\\\/mcbogames.com\\\/?s={search_term_string}\"},\"query-input\":{\"@type\":\"PropertyValueSpecification\",\"valueRequired\":true,\"valueName\":\"search_term_string\"}}],\"inLanguage\":\"es\"},{\"@type\":\"Organization\",\"@id\":\"https:\\\/\\\/mcbogames.com\\\/#organization\",\"name\":\"MCBO GAMES\",\"url\":\"https:\\\/\\\/mcbogames.com\\\/\",\"logo\":{\"@type\":\"ImageObject\",\"inLanguage\":\"es\",\"@id\":\"https:\\\/\\\/mcbogames.com\\\/#\\\/schema\\\/logo\\\/image\\\/\",\"url\":\"https:\\\/\\\/mcbogames.com\\\/wp-content\\\/uploads\\\/2021\\\/12\\\/logo_web.png\",\"contentUrl\":\"https:\\\/\\\/mcbogames.com\\\/wp-content\\\/uploads\\\/2021\\\/12\\\/logo_web.png\",\"width\":247,\"height\":223,\"caption\":\"MCBO GAMES\"},\"image\":{\"@id\":\"https:\\\/\\\/mcbogames.com\\\/#\\\/schema\\\/logo\\\/image\\\/\"}}]}<\/script>\n<!-- \/ Yoast SEO plugin. -->","yoast_head_json":{"title":"Tarjeta gr\u00e1fica PNY GeForce RTX 3060 - :: MCBO GAMES TU TIENDA FAVORITA DE TECNOLOG\u00cdA Y VIDEOJUEGOS ::","robots":{"index":"index","follow":"follow","max-snippet":"max-snippet:-1","max-image-preview":"max-image-preview:large","max-video-preview":"max-video-preview:-1"},"canonical":"https:\/\/mcbogames.com\/index.php\/producto\/tarjeta-grafica-de-doble-ventilador-pny-geforce-rtx-3060\/","og_locale":"es_ES","og_type":"article","og_title":"Tarjeta gr\u00e1fica PNY GeForce RTX 3060 - :: MCBO GAMES TU TIENDA FAVORITA DE TECNOLOG\u00cdA Y VIDEOJUEGOS ::","og_description":"Arquitectura NVIDIA Ampere, con reloj de n\u00facleo de 1320 MHz y velocidades de reloj de aumento de 1777 MHz para ayudar a satisfacer las necesidades de juegos exigentes Memoria integrada GDDR6 de 12 GB (192 bits), adem\u00e1s de 3584 n\u00facleos de procesamiento CUDA y hasta 360 GB\/seg de ancho de banda de memoria proporcionan la &hellip; Continue reading Tarjeta gr\u00e1fica PNY GeForce RTX 3060","og_url":"https:\/\/mcbogames.com\/index.php\/producto\/tarjeta-grafica-de-doble-ventilador-pny-geforce-rtx-3060\/","og_site_name":":: MCBO GAMES TU TIENDA FAVORITA DE TECNOLOG\u00cdA Y VIDEOJUEGOS ::","article_modified_time":"2024-02-19T06:02:07+00:00","og_image":[{"width":1000,"height":1000,"url":"https:\/\/mcbogames.com\/wp-content\/uploads\/2022\/08\/RTX-XLR8.webp","type":"image\/webp"}],"twitter_card":"summary_large_image","twitter_misc":{"Tiempo de lectura":"1 minuto"},"schema":{"@context":"https:\/\/schema.org","@graph":[{"@type":"WebPage","@id":"https:\/\/mcbogames.com\/index.php\/producto\/tarjeta-grafica-de-doble-ventilador-pny-geforce-rtx-3060\/","url":"https:\/\/mcbogames.com\/index.php\/producto\/tarjeta-grafica-de-doble-ventilador-pny-geforce-rtx-3060\/","name":"Tarjeta gr\u00e1fica PNY GeForce RTX 3060 - :: MCBO GAMES TU TIENDA FAVORITA DE TECNOLOG\u00cdA Y VIDEOJUEGOS ::","isPartOf":{"@id":"https:\/\/mcbogames.com\/#website"},"primaryImageOfPage":{"@id":"https:\/\/mcbogames.com\/index.php\/producto\/tarjeta-grafica-de-doble-ventilador-pny-geforce-rtx-3060\/#primaryimage"},"image":{"@id":"https:\/\/mcbogames.com\/index.php\/producto\/tarjeta-grafica-de-doble-ventilador-pny-geforce-rtx-3060\/#primaryimage"},"thumbnailUrl":"https:\/\/mcbogames.com\/wp-content\/uploads\/2022\/08\/RTX-XLR8.webp","datePublished":"2022-08-03T21:43:36+00:00","dateModified":"2024-02-19T06:02:07+00:00","breadcrumb":{"@id":"https:\/\/mcbogames.com\/index.php\/producto\/tarjeta-grafica-de-doble-ventilador-pny-geforce-rtx-3060\/#breadcrumb"},"inLanguage":"es","potentialAction":[{"@type":"ReadAction","target":["https:\/\/mcbogames.com\/index.php\/producto\/tarjeta-grafica-de-doble-ventilador-pny-geforce-rtx-3060\/"]}]},{"@type":"ImageObject","inLanguage":"es","@id":"https:\/\/mcbogames.com\/index.php\/producto\/tarjeta-grafica-de-doble-ventilador-pny-geforce-rtx-3060\/#primaryimage","url":"https:\/\/mcbogames.com\/wp-content\/uploads\/2022\/08\/RTX-XLR8.webp","contentUrl":"https:\/\/mcbogames.com\/wp-content\/uploads\/2022\/08\/RTX-XLR8.webp","width":1000,"height":1000},{"@type":"BreadcrumbList","@id":"https:\/\/mcbogames.com\/index.php\/producto\/tarjeta-grafica-de-doble-ventilador-pny-geforce-rtx-3060\/#breadcrumb","itemListElement":[{"@type":"ListItem","position":1,"name":"Portada","item":"https:\/\/mcbogames.com\/"},{"@type":"ListItem","position":2,"name":"Shop","item":"https:\/\/mcbogames.com\/index.php\/shop\/"},{"@type":"ListItem","position":3,"name":"Tarjeta gr\u00e1fica PNY GeForce RTX 3060"}]},{"@type":"WebSite","@id":"https:\/\/mcbogames.com\/#website","url":"https:\/\/mcbogames.com\/","name":":: MCBO GAMES TU TIENDA FAVORITA DE TECNOLOG\u00cdA Y VIDEOJUEGOS ::","description":"TIENDA ONLINE","publisher":{"@id":"https:\/\/mcbogames.com\/#organization"},"potentialAction":[{"@type":"SearchAction","target":{"@type":"EntryPoint","urlTemplate":"https:\/\/mcbogames.com\/?s={search_term_string}"},"query-input":{"@type":"PropertyValueSpecification","valueRequired":true,"valueName":"search_term_string"}}],"inLanguage":"es"},{"@type":"Organization","@id":"https:\/\/mcbogames.com\/#organization","name":"MCBO GAMES","url":"https:\/\/mcbogames.com\/","logo":{"@type":"ImageObject","inLanguage":"es","@id":"https:\/\/mcbogames.com\/#\/schema\/logo\/image\/","url":"https:\/\/mcbogames.com\/wp-content\/uploads\/2021\/12\/logo_web.png","contentUrl":"https:\/\/mcbogames.com\/wp-content\/uploads\/2021\/12\/logo_web.png","width":247,"height":223,"caption":"MCBO GAMES"},"image":{"@id":"https:\/\/mcbogames.com\/#\/schema\/logo\/image\/"}}]}},"_links":{"self":[{"href":"https:\/\/mcbogames.com\/index.php\/wp-json\/wp\/v2\/product\/7304","targetHints":{"allow":["GET"]}}],"collection":[{"href":"https:\/\/mcbogames.com\/index.php\/wp-json\/wp\/v2\/product"}],"about":[{"href":"https:\/\/mcbogames.com\/index.php\/wp-json\/wp\/v2\/types\/product"}],"wp:featuredmedia":[{"embeddable":true,"href":"https:\/\/mcbogames.com\/index.php\/wp-json\/wp\/v2\/media\/7306"}],"wp:attachment":[{"href":"https:\/\/mcbogames.com\/index.php\/wp-json\/wp\/v2\/media?parent=7304"}],"wp:term":[{"taxonomy":"product_brand","embeddable":true,"href":"https:\/\/mcbogames.com\/index.php\/wp-json\/wp\/v2\/product_brand?post=7304"},{"taxonomy":"product_cat","embeddable":true,"href":"https:\/\/mcbogames.com\/index.php\/wp-json\/wp\/v2\/product_cat?post=7304"},{"taxonomy":"product_tag","embeddable":true,"href":"https:\/\/mcbogames.com\/index.php\/wp-json\/wp\/v2\/product_tag?post=7304"}],"curies":[{"name":"wp","href":"https:\/\/api.w.org\/{rel}","templated":true}]}}