{"id":7259,"date":"2022-07-20T02:37:19","date_gmt":"2022-07-20T06:37:19","guid":{"rendered":"https:\/\/mcbogames.com\/?post_type=product&#038;p=7259"},"modified":"2022-09-13T01:42:07","modified_gmt":"2022-09-13T05:42:07","slug":"duracell-cargador-de-pilas-ion-speed-1000-con-4-pilas-aa","status":"publish","type":"product","link":"https:\/\/mcbogames.com\/index.php\/producto\/duracell-cargador-de-pilas-ion-speed-1000-con-4-pilas-aa\/","title":{"rendered":"Duracell &#8211; Cargador de pilas Ion Speed \u200b\u200b1000 con 4 pilas AA"},"content":{"rendered":"<ul class=\"a-unordered-list a-vertical a-spacing-mini\">\n<li><span class=\"a-list-item\">Cargador de bater\u00eda de iones de velocidad: el cargador de bater\u00eda Duracell Ion Speed 1000 NiMH recargar\u00e1 tus bater\u00edas en 4-8 horas con 1000 mW** de potencia de carga.<\/span><\/li>\n<li><span class=\"a-list-item\">Carga en 4-8 horas*: con 1000 mW** de potencia de carga, la bater\u00eda Duracell Ion Speed recarga las bater\u00edas en 4 a 8 horas.<\/span><\/li>\n<li><span class=\"a-list-item\">Apagado autom\u00e1tico: el cargador de bater\u00eda Duracell Ion Speed tiene una funci\u00f3n de apagado autom\u00e1tico, por lo que no utilizar\u00e1s ninguna electricidad innecesaria.<\/span><\/li>\n<li><span class=\"a-list-item\">Potencia de carga multibater\u00eda: recarga 2 o 4 bater\u00edas al mismo tiempo con el cargador de bater\u00eda Duracell Ion Speed<\/span><\/li>\n<li><span class=\"a-list-item\">Incluye 4 pilas AA: el cargador de bater\u00eda viene con 4 pilas recargables Duracell doble A.<\/span><\/li>\n<\/ul>\n","protected":false},"excerpt":{"rendered":"<p>Cargador de bater\u00eda de iones de velocidad: el cargador de bater\u00eda Duracell Ion Speed 1000 NiMH recargar\u00e1 tus bater\u00edas en 4-8 horas con 1000 mW** de potencia de carga. Carga en 4-8 horas*: con 1000 mW** de potencia de carga, la bater\u00eda Duracell Ion Speed recarga las bater\u00edas en 4 a 8 horas. Apagado autom\u00e1tico: &hellip; <a href=\"https:\/\/mcbogames.com\/index.php\/producto\/duracell-cargador-de-pilas-ion-speed-1000-con-4-pilas-aa\/\" class=\"more-link\">Continue reading <span class=\"screen-reader-text\">Duracell &#8211; Cargador de pilas Ion Speed \u200b\u200b1000 con 4 pilas AA<\/span><\/a><\/p>\n","protected":false},"featured_media":7260,"template":"","meta":[],"product_brand":[],"product_cat":[236,229],"product_tag":[440,438,439,441],"class_list":{"0":"post-7259","1":"product","2":"type-product","3":"status-publish","4":"has-post-thumbnail","6":"product_cat-accesorios","7":"product_cat-videojuegos","8":"product_tag-baterias","9":"product_tag-cargador","10":"product_tag-duracell","11":"product_tag-pilas","12":"yith_product_brand-duracell","15":"outofstock","16":"shipping-taxable","17":"purchasable","18":"product-type-simple"},"bundled_by":[],"bundle_stock_status":"outofstock","bundle_stock_quantity":0,"bundle_virtual":false,"bundle_layout":"","bundle_add_to_cart_form_location":"","bundle_editable_in_cart":false,"bundle_sold_individually_context":"","bundle_item_grouping":"","bundle_min_size":"","bundle_max_size":"","bundled_items":[],"bundle_sell_ids":[],"yoast_head":"<!-- This site is optimized with the Yoast SEO plugin v26.8 - https:\/\/yoast.com\/product\/yoast-seo-wordpress\/ -->\n<title>Duracell - Cargador de pilas Ion Speed \u200b\u200b1000 con 4 pilas AA - :: MCBO GAMES TU TIENDA FAVORITA DE TECNOLOG\u00cdA Y VIDEOJUEGOS ::<\/title>\n<meta name=\"robots\" content=\"index, follow, max-snippet:-1, max-image-preview:large, max-video-preview:-1\" \/>\n<link rel=\"canonical\" href=\"https:\/\/mcbogames.com\/index.php\/producto\/duracell-cargador-de-pilas-ion-speed-1000-con-4-pilas-aa\/\" \/>\n<meta property=\"og:locale\" content=\"es_ES\" \/>\n<meta property=\"og:type\" content=\"article\" \/>\n<meta property=\"og:title\" content=\"Duracell - Cargador de pilas Ion Speed \u200b\u200b1000 con 4 pilas AA - :: MCBO GAMES TU TIENDA FAVORITA DE TECNOLOG\u00cdA Y VIDEOJUEGOS ::\" \/>\n<meta property=\"og:description\" content=\"Cargador de bater\u00eda de iones de velocidad: el cargador de bater\u00eda Duracell Ion Speed 1000 NiMH recargar\u00e1 tus bater\u00edas en 4-8 horas con 1000 mW** de potencia de carga. Carga en 4-8 horas*: con 1000 mW** de potencia de carga, la bater\u00eda Duracell Ion Speed recarga las bater\u00edas en 4 a 8 horas. Apagado autom\u00e1tico: &hellip; Continue reading Duracell &#8211; Cargador de pilas Ion Speed \u200b\u200b1000 con 4 pilas AA\" \/>\n<meta property=\"og:url\" content=\"https:\/\/mcbogames.com\/index.php\/producto\/duracell-cargador-de-pilas-ion-speed-1000-con-4-pilas-aa\/\" \/>\n<meta property=\"og:site_name\" content=\":: MCBO GAMES TU TIENDA FAVORITA DE TECNOLOG\u00cdA Y VIDEOJUEGOS ::\" \/>\n<meta property=\"article:modified_time\" content=\"2022-09-13T05:42:07+00:00\" \/>\n<meta property=\"og:image\" content=\"https:\/\/mcbogames.com\/wp-content\/uploads\/2022\/07\/duracell-esta.webp\" \/>\n\t<meta property=\"og:image:width\" content=\"1200\" \/>\n\t<meta property=\"og:image:height\" content=\"1200\" \/>\n\t<meta property=\"og:image:type\" content=\"image\/webp\" \/>\n<meta name=\"twitter:card\" content=\"summary_large_image\" \/>\n<meta name=\"twitter:label1\" content=\"Tiempo de lectura\" \/>\n\t<meta name=\"twitter:data1\" content=\"1 minuto\" \/>\n<script type=\"application\/ld+json\" class=\"yoast-schema-graph\">{\"@context\":\"https:\/\/schema.org\",\"@graph\":[{\"@type\":\"WebPage\",\"@id\":\"https:\/\/mcbogames.com\/index.php\/producto\/duracell-cargador-de-pilas-ion-speed-1000-con-4-pilas-aa\/\",\"url\":\"https:\/\/mcbogames.com\/index.php\/producto\/duracell-cargador-de-pilas-ion-speed-1000-con-4-pilas-aa\/\",\"name\":\"Duracell - Cargador de pilas Ion Speed \u200b\u200b1000 con 4 pilas AA - :: MCBO GAMES TU TIENDA FAVORITA DE TECNOLOG\u00cdA Y VIDEOJUEGOS ::\",\"isPartOf\":{\"@id\":\"https:\/\/mcbogames.com\/#website\"},\"primaryImageOfPage\":{\"@id\":\"https:\/\/mcbogames.com\/index.php\/producto\/duracell-cargador-de-pilas-ion-speed-1000-con-4-pilas-aa\/#primaryimage\"},\"image\":{\"@id\":\"https:\/\/mcbogames.com\/index.php\/producto\/duracell-cargador-de-pilas-ion-speed-1000-con-4-pilas-aa\/#primaryimage\"},\"thumbnailUrl\":\"https:\/\/mcbogames.com\/wp-content\/uploads\/2022\/07\/duracell-esta.webp\",\"datePublished\":\"2022-07-20T06:37:19+00:00\",\"dateModified\":\"2022-09-13T05:42:07+00:00\",\"breadcrumb\":{\"@id\":\"https:\/\/mcbogames.com\/index.php\/producto\/duracell-cargador-de-pilas-ion-speed-1000-con-4-pilas-aa\/#breadcrumb\"},\"inLanguage\":\"es\",\"potentialAction\":[{\"@type\":\"ReadAction\",\"target\":[\"https:\/\/mcbogames.com\/index.php\/producto\/duracell-cargador-de-pilas-ion-speed-1000-con-4-pilas-aa\/\"]}]},{\"@type\":\"ImageObject\",\"inLanguage\":\"es\",\"@id\":\"https:\/\/mcbogames.com\/index.php\/producto\/duracell-cargador-de-pilas-ion-speed-1000-con-4-pilas-aa\/#primaryimage\",\"url\":\"https:\/\/mcbogames.com\/wp-content\/uploads\/2022\/07\/duracell-esta.webp\",\"contentUrl\":\"https:\/\/mcbogames.com\/wp-content\/uploads\/2022\/07\/duracell-esta.webp\",\"width\":1200,\"height\":1200},{\"@type\":\"BreadcrumbList\",\"@id\":\"https:\/\/mcbogames.com\/index.php\/producto\/duracell-cargador-de-pilas-ion-speed-1000-con-4-pilas-aa\/#breadcrumb\",\"itemListElement\":[{\"@type\":\"ListItem\",\"position\":1,\"name\":\"Portada\",\"item\":\"https:\/\/mcbogames.com\/\"},{\"@type\":\"ListItem\",\"position\":2,\"name\":\"Shop\",\"item\":\"https:\/\/mcbogames.com\/index.php\/shop\/\"},{\"@type\":\"ListItem\",\"position\":3,\"name\":\"Duracell &#8211; Cargador de pilas Ion Speed \u200b\u200b1000 con 4 pilas AA\"}]},{\"@type\":\"WebSite\",\"@id\":\"https:\/\/mcbogames.com\/#website\",\"url\":\"https:\/\/mcbogames.com\/\",\"name\":\":: MCBO GAMES TU TIENDA FAVORITA DE TECNOLOG\u00cdA Y VIDEOJUEGOS ::\",\"description\":\"TIENDA ONLINE\",\"publisher\":{\"@id\":\"https:\/\/mcbogames.com\/#organization\"},\"potentialAction\":[{\"@type\":\"SearchAction\",\"target\":{\"@type\":\"EntryPoint\",\"urlTemplate\":\"https:\/\/mcbogames.com\/?s={search_term_string}\"},\"query-input\":{\"@type\":\"PropertyValueSpecification\",\"valueRequired\":true,\"valueName\":\"search_term_string\"}}],\"inLanguage\":\"es\"},{\"@type\":\"Organization\",\"@id\":\"https:\/\/mcbogames.com\/#organization\",\"name\":\"MCBO GAMES\",\"url\":\"https:\/\/mcbogames.com\/\",\"logo\":{\"@type\":\"ImageObject\",\"inLanguage\":\"es\",\"@id\":\"https:\/\/mcbogames.com\/#\/schema\/logo\/image\/\",\"url\":\"https:\/\/mcbogames.com\/wp-content\/uploads\/2021\/12\/logo_web.png\",\"contentUrl\":\"https:\/\/mcbogames.com\/wp-content\/uploads\/2021\/12\/logo_web.png\",\"width\":247,\"height\":223,\"caption\":\"MCBO GAMES\"},\"image\":{\"@id\":\"https:\/\/mcbogames.com\/#\/schema\/logo\/image\/\"}}]}<\/script>\n<!-- \/ Yoast SEO plugin. -->","yoast_head_json":{"title":"Duracell - Cargador de pilas Ion Speed \u200b\u200b1000 con 4 pilas AA - :: MCBO GAMES TU TIENDA FAVORITA DE TECNOLOG\u00cdA Y VIDEOJUEGOS ::","robots":{"index":"index","follow":"follow","max-snippet":"max-snippet:-1","max-image-preview":"max-image-preview:large","max-video-preview":"max-video-preview:-1"},"canonical":"https:\/\/mcbogames.com\/index.php\/producto\/duracell-cargador-de-pilas-ion-speed-1000-con-4-pilas-aa\/","og_locale":"es_ES","og_type":"article","og_title":"Duracell - Cargador de pilas Ion Speed \u200b\u200b1000 con 4 pilas AA - :: MCBO GAMES TU TIENDA FAVORITA DE TECNOLOG\u00cdA Y VIDEOJUEGOS ::","og_description":"Cargador de bater\u00eda de iones de velocidad: el cargador de bater\u00eda Duracell Ion Speed 1000 NiMH recargar\u00e1 tus bater\u00edas en 4-8 horas con 1000 mW** de potencia de carga. Carga en 4-8 horas*: con 1000 mW** de potencia de carga, la bater\u00eda Duracell Ion Speed recarga las bater\u00edas en 4 a 8 horas. Apagado autom\u00e1tico: &hellip; Continue reading Duracell &#8211; Cargador de pilas Ion Speed \u200b\u200b1000 con 4 pilas AA","og_url":"https:\/\/mcbogames.com\/index.php\/producto\/duracell-cargador-de-pilas-ion-speed-1000-con-4-pilas-aa\/","og_site_name":":: MCBO GAMES TU TIENDA FAVORITA DE TECNOLOG\u00cdA Y VIDEOJUEGOS ::","article_modified_time":"2022-09-13T05:42:07+00:00","og_image":[{"width":1200,"height":1200,"url":"https:\/\/mcbogames.com\/wp-content\/uploads\/2022\/07\/duracell-esta.webp","type":"image\/webp"}],"twitter_card":"summary_large_image","twitter_misc":{"Tiempo de lectura":"1 minuto"},"schema":{"@context":"https:\/\/schema.org","@graph":[{"@type":"WebPage","@id":"https:\/\/mcbogames.com\/index.php\/producto\/duracell-cargador-de-pilas-ion-speed-1000-con-4-pilas-aa\/","url":"https:\/\/mcbogames.com\/index.php\/producto\/duracell-cargador-de-pilas-ion-speed-1000-con-4-pilas-aa\/","name":"Duracell - Cargador de pilas Ion Speed \u200b\u200b1000 con 4 pilas AA - :: MCBO GAMES TU TIENDA FAVORITA DE TECNOLOG\u00cdA Y VIDEOJUEGOS ::","isPartOf":{"@id":"https:\/\/mcbogames.com\/#website"},"primaryImageOfPage":{"@id":"https:\/\/mcbogames.com\/index.php\/producto\/duracell-cargador-de-pilas-ion-speed-1000-con-4-pilas-aa\/#primaryimage"},"image":{"@id":"https:\/\/mcbogames.com\/index.php\/producto\/duracell-cargador-de-pilas-ion-speed-1000-con-4-pilas-aa\/#primaryimage"},"thumbnailUrl":"https:\/\/mcbogames.com\/wp-content\/uploads\/2022\/07\/duracell-esta.webp","datePublished":"2022-07-20T06:37:19+00:00","dateModified":"2022-09-13T05:42:07+00:00","breadcrumb":{"@id":"https:\/\/mcbogames.com\/index.php\/producto\/duracell-cargador-de-pilas-ion-speed-1000-con-4-pilas-aa\/#breadcrumb"},"inLanguage":"es","potentialAction":[{"@type":"ReadAction","target":["https:\/\/mcbogames.com\/index.php\/producto\/duracell-cargador-de-pilas-ion-speed-1000-con-4-pilas-aa\/"]}]},{"@type":"ImageObject","inLanguage":"es","@id":"https:\/\/mcbogames.com\/index.php\/producto\/duracell-cargador-de-pilas-ion-speed-1000-con-4-pilas-aa\/#primaryimage","url":"https:\/\/mcbogames.com\/wp-content\/uploads\/2022\/07\/duracell-esta.webp","contentUrl":"https:\/\/mcbogames.com\/wp-content\/uploads\/2022\/07\/duracell-esta.webp","width":1200,"height":1200},{"@type":"BreadcrumbList","@id":"https:\/\/mcbogames.com\/index.php\/producto\/duracell-cargador-de-pilas-ion-speed-1000-con-4-pilas-aa\/#breadcrumb","itemListElement":[{"@type":"ListItem","position":1,"name":"Portada","item":"https:\/\/mcbogames.com\/"},{"@type":"ListItem","position":2,"name":"Shop","item":"https:\/\/mcbogames.com\/index.php\/shop\/"},{"@type":"ListItem","position":3,"name":"Duracell &#8211; Cargador de pilas Ion Speed \u200b\u200b1000 con 4 pilas AA"}]},{"@type":"WebSite","@id":"https:\/\/mcbogames.com\/#website","url":"https:\/\/mcbogames.com\/","name":":: MCBO GAMES TU TIENDA FAVORITA DE TECNOLOG\u00cdA Y VIDEOJUEGOS ::","description":"TIENDA ONLINE","publisher":{"@id":"https:\/\/mcbogames.com\/#organization"},"potentialAction":[{"@type":"SearchAction","target":{"@type":"EntryPoint","urlTemplate":"https:\/\/mcbogames.com\/?s={search_term_string}"},"query-input":{"@type":"PropertyValueSpecification","valueRequired":true,"valueName":"search_term_string"}}],"inLanguage":"es"},{"@type":"Organization","@id":"https:\/\/mcbogames.com\/#organization","name":"MCBO GAMES","url":"https:\/\/mcbogames.com\/","logo":{"@type":"ImageObject","inLanguage":"es","@id":"https:\/\/mcbogames.com\/#\/schema\/logo\/image\/","url":"https:\/\/mcbogames.com\/wp-content\/uploads\/2021\/12\/logo_web.png","contentUrl":"https:\/\/mcbogames.com\/wp-content\/uploads\/2021\/12\/logo_web.png","width":247,"height":223,"caption":"MCBO GAMES"},"image":{"@id":"https:\/\/mcbogames.com\/#\/schema\/logo\/image\/"}}]}},"_links":{"self":[{"href":"https:\/\/mcbogames.com\/index.php\/wp-json\/wp\/v2\/product\/7259","targetHints":{"allow":["GET"]}}],"collection":[{"href":"https:\/\/mcbogames.com\/index.php\/wp-json\/wp\/v2\/product"}],"about":[{"href":"https:\/\/mcbogames.com\/index.php\/wp-json\/wp\/v2\/types\/product"}],"wp:featuredmedia":[{"embeddable":true,"href":"https:\/\/mcbogames.com\/index.php\/wp-json\/wp\/v2\/media\/7260"}],"wp:attachment":[{"href":"https:\/\/mcbogames.com\/index.php\/wp-json\/wp\/v2\/media?parent=7259"}],"wp:term":[{"taxonomy":"product_brand","embeddable":true,"href":"https:\/\/mcbogames.com\/index.php\/wp-json\/wp\/v2\/product_brand?post=7259"},{"taxonomy":"product_cat","embeddable":true,"href":"https:\/\/mcbogames.com\/index.php\/wp-json\/wp\/v2\/product_cat?post=7259"},{"taxonomy":"product_tag","embeddable":true,"href":"https:\/\/mcbogames.com\/index.php\/wp-json\/wp\/v2\/product_tag?post=7259"}],"curies":[{"name":"wp","href":"https:\/\/api.w.org\/{rel}","templated":true}]}}