{"id":7233,"date":"2022-07-14T19:42:53","date_gmt":"2022-07-14T19:42:53","guid":{"rendered":"https:\/\/mcbogames.com\/?post_type=product&#038;p=7233"},"modified":"2022-07-15T04:30:12","modified_gmt":"2022-07-15T04:30:12","slug":"funko-pop-marvel-wanda-y-geraldine-1970","status":"publish","type":"product","link":"https:\/\/mcbogames.com\/index.php\/producto\/funko-pop-marvel-wanda-y-geraldine-1970\/","title":{"rendered":"Funko Pop! Marvel: 1970s Wanda y Geraldine"},"content":{"rendered":"<p><strong>Wanda y Vision terminaron en un lugar extra\u00f1o y no est\u00e1n seguros de c\u00f3mo llegaron all\u00ed.\u00a0Puedes ayudarlos a encontrar su camino agreg\u00e1ndolos a tu colecci\u00f3n Marvel como coleccionables Funko Mini Moment.\u00a0Mini Moments 1960s &#8211; Wanda &amp; Geraldine tiene al d\u00fao en su sala de estar, \u00a1igual que en el programa!\u00a0Colecciona todos los WandaVision Mini Moments para representar la escena en tu colecci\u00f3n Marvel.\u00a0La figura de vinilo mide aproximadamente 3,8 cm de alto, mientras que la pieza del set mide aproximadamente 9,5 cm de alto y 14 cm de ancho.<\/strong><\/p>\n","protected":false},"excerpt":{"rendered":"<p>Wanda y Vision terminaron en un lugar extra\u00f1o y no est\u00e1n seguros de c\u00f3mo llegaron all\u00ed.\u00a0Puedes ayudarlos a encontrar su camino agreg\u00e1ndolos a tu colecci\u00f3n Marvel como coleccionables Funko Mini Moment.\u00a0Mini Moments 1960s &#8211; Wanda &amp; Geraldine tiene al d\u00fao en su sala de estar, \u00a1igual que en el programa!\u00a0Colecciona todos los WandaVision Mini Moments &hellip; <a href=\"https:\/\/mcbogames.com\/index.php\/producto\/funko-pop-marvel-wanda-y-geraldine-1970\/\" class=\"more-link\">Continue reading <span class=\"screen-reader-text\">Funko Pop! Marvel: 1970s Wanda y Geraldine<\/span><\/a><\/p>\n","protected":false},"featured_media":7234,"template":"","meta":[],"product_brand":[],"product_cat":[234,235],"product_tag":[260,433,434],"class_list":{"0":"post-7233","1":"product","2":"type-product","3":"status-publish","4":"has-post-thumbnail","6":"product_cat-juguetes","7":"product_cat-funko-pop","8":"product_tag-funko","9":"product_tag-marvel","10":"product_tag-wanda","11":"yith_product_brand-pop","14":"instock","15":"shipping-taxable","16":"purchasable","17":"product-type-simple"},"bundled_by":[],"bundle_stock_status":"instock","bundle_stock_quantity":1,"bundle_virtual":false,"bundle_layout":"","bundle_add_to_cart_form_location":"","bundle_editable_in_cart":false,"bundle_sold_individually_context":"","bundle_item_grouping":"","bundle_min_size":"","bundle_max_size":"","bundled_items":[],"bundle_sell_ids":[],"yoast_head":"<!-- This site is optimized with the Yoast SEO plugin v26.8 - https:\/\/yoast.com\/product\/yoast-seo-wordpress\/ -->\n<title>Funko Pop! Marvel: 1970s Wanda y Geraldine - :: MCBO GAMES TU TIENDA FAVORITA DE TECNOLOG\u00cdA Y VIDEOJUEGOS ::<\/title>\n<meta name=\"robots\" content=\"index, follow, max-snippet:-1, max-image-preview:large, max-video-preview:-1\" \/>\n<link rel=\"canonical\" href=\"https:\/\/mcbogames.com\/index.php\/producto\/funko-pop-marvel-wanda-y-geraldine-1970\/\" \/>\n<meta property=\"og:locale\" content=\"es_ES\" \/>\n<meta property=\"og:type\" content=\"article\" \/>\n<meta property=\"og:title\" content=\"Funko Pop! Marvel: 1970s Wanda y Geraldine - :: MCBO GAMES TU TIENDA FAVORITA DE TECNOLOG\u00cdA Y VIDEOJUEGOS ::\" \/>\n<meta property=\"og:description\" content=\"Wanda y Vision terminaron en un lugar extra\u00f1o y no est\u00e1n seguros de c\u00f3mo llegaron all\u00ed.\u00a0Puedes ayudarlos a encontrar su camino agreg\u00e1ndolos a tu colecci\u00f3n Marvel como coleccionables Funko Mini Moment.\u00a0Mini Moments 1960s &#8211; Wanda &amp; Geraldine tiene al d\u00fao en su sala de estar, \u00a1igual que en el programa!\u00a0Colecciona todos los WandaVision Mini Moments &hellip; Continue reading Funko Pop! Marvel: 1970s Wanda y Geraldine\" \/>\n<meta property=\"og:url\" content=\"https:\/\/mcbogames.com\/index.php\/producto\/funko-pop-marvel-wanda-y-geraldine-1970\/\" \/>\n<meta property=\"og:site_name\" content=\":: MCBO GAMES TU TIENDA FAVORITA DE TECNOLOG\u00cdA Y VIDEOJUEGOS ::\" \/>\n<meta property=\"article:modified_time\" content=\"2022-07-15T04:30:12+00:00\" \/>\n<meta property=\"og:image\" content=\"https:\/\/mcbogames.com\/wp-content\/uploads\/2022\/07\/wanda-.2.webp\" \/>\n\t<meta property=\"og:image:width\" content=\"600\" \/>\n\t<meta property=\"og:image:height\" content=\"600\" \/>\n\t<meta property=\"og:image:type\" content=\"image\/webp\" \/>\n<meta name=\"twitter:card\" content=\"summary_large_image\" \/>\n<meta name=\"twitter:label1\" content=\"Tiempo de lectura\" \/>\n\t<meta name=\"twitter:data1\" content=\"1 minuto\" \/>\n<script type=\"application\/ld+json\" class=\"yoast-schema-graph\">{\"@context\":\"https:\/\/schema.org\",\"@graph\":[{\"@type\":\"WebPage\",\"@id\":\"https:\/\/mcbogames.com\/index.php\/producto\/funko-pop-marvel-wanda-y-geraldine-1970\/\",\"url\":\"https:\/\/mcbogames.com\/index.php\/producto\/funko-pop-marvel-wanda-y-geraldine-1970\/\",\"name\":\"Funko Pop! Marvel: 1970s Wanda y Geraldine - :: MCBO GAMES TU TIENDA FAVORITA DE TECNOLOG\u00cdA Y VIDEOJUEGOS ::\",\"isPartOf\":{\"@id\":\"https:\/\/mcbogames.com\/#website\"},\"primaryImageOfPage\":{\"@id\":\"https:\/\/mcbogames.com\/index.php\/producto\/funko-pop-marvel-wanda-y-geraldine-1970\/#primaryimage\"},\"image\":{\"@id\":\"https:\/\/mcbogames.com\/index.php\/producto\/funko-pop-marvel-wanda-y-geraldine-1970\/#primaryimage\"},\"thumbnailUrl\":\"https:\/\/mcbogames.com\/wp-content\/uploads\/2022\/07\/wanda-.2.webp\",\"datePublished\":\"2022-07-14T19:42:53+00:00\",\"dateModified\":\"2022-07-15T04:30:12+00:00\",\"breadcrumb\":{\"@id\":\"https:\/\/mcbogames.com\/index.php\/producto\/funko-pop-marvel-wanda-y-geraldine-1970\/#breadcrumb\"},\"inLanguage\":\"es\",\"potentialAction\":[{\"@type\":\"ReadAction\",\"target\":[\"https:\/\/mcbogames.com\/index.php\/producto\/funko-pop-marvel-wanda-y-geraldine-1970\/\"]}]},{\"@type\":\"ImageObject\",\"inLanguage\":\"es\",\"@id\":\"https:\/\/mcbogames.com\/index.php\/producto\/funko-pop-marvel-wanda-y-geraldine-1970\/#primaryimage\",\"url\":\"https:\/\/mcbogames.com\/wp-content\/uploads\/2022\/07\/wanda-.2.webp\",\"contentUrl\":\"https:\/\/mcbogames.com\/wp-content\/uploads\/2022\/07\/wanda-.2.webp\",\"width\":600,\"height\":600},{\"@type\":\"BreadcrumbList\",\"@id\":\"https:\/\/mcbogames.com\/index.php\/producto\/funko-pop-marvel-wanda-y-geraldine-1970\/#breadcrumb\",\"itemListElement\":[{\"@type\":\"ListItem\",\"position\":1,\"name\":\"Portada\",\"item\":\"https:\/\/mcbogames.com\/\"},{\"@type\":\"ListItem\",\"position\":2,\"name\":\"Shop\",\"item\":\"https:\/\/mcbogames.com\/index.php\/shop\/\"},{\"@type\":\"ListItem\",\"position\":3,\"name\":\"Funko Pop! Marvel: 1970s Wanda y Geraldine\"}]},{\"@type\":\"WebSite\",\"@id\":\"https:\/\/mcbogames.com\/#website\",\"url\":\"https:\/\/mcbogames.com\/\",\"name\":\":: MCBO GAMES TU TIENDA FAVORITA DE TECNOLOG\u00cdA Y VIDEOJUEGOS ::\",\"description\":\"TIENDA ONLINE\",\"publisher\":{\"@id\":\"https:\/\/mcbogames.com\/#organization\"},\"potentialAction\":[{\"@type\":\"SearchAction\",\"target\":{\"@type\":\"EntryPoint\",\"urlTemplate\":\"https:\/\/mcbogames.com\/?s={search_term_string}\"},\"query-input\":{\"@type\":\"PropertyValueSpecification\",\"valueRequired\":true,\"valueName\":\"search_term_string\"}}],\"inLanguage\":\"es\"},{\"@type\":\"Organization\",\"@id\":\"https:\/\/mcbogames.com\/#organization\",\"name\":\"MCBO GAMES\",\"url\":\"https:\/\/mcbogames.com\/\",\"logo\":{\"@type\":\"ImageObject\",\"inLanguage\":\"es\",\"@id\":\"https:\/\/mcbogames.com\/#\/schema\/logo\/image\/\",\"url\":\"https:\/\/mcbogames.com\/wp-content\/uploads\/2021\/12\/logo_web.png\",\"contentUrl\":\"https:\/\/mcbogames.com\/wp-content\/uploads\/2021\/12\/logo_web.png\",\"width\":247,\"height\":223,\"caption\":\"MCBO GAMES\"},\"image\":{\"@id\":\"https:\/\/mcbogames.com\/#\/schema\/logo\/image\/\"}}]}<\/script>\n<!-- \/ Yoast SEO plugin. -->","yoast_head_json":{"title":"Funko Pop! Marvel: 1970s Wanda y Geraldine - :: MCBO GAMES TU TIENDA FAVORITA DE TECNOLOG\u00cdA Y VIDEOJUEGOS ::","robots":{"index":"index","follow":"follow","max-snippet":"max-snippet:-1","max-image-preview":"max-image-preview:large","max-video-preview":"max-video-preview:-1"},"canonical":"https:\/\/mcbogames.com\/index.php\/producto\/funko-pop-marvel-wanda-y-geraldine-1970\/","og_locale":"es_ES","og_type":"article","og_title":"Funko Pop! Marvel: 1970s Wanda y Geraldine - :: MCBO GAMES TU TIENDA FAVORITA DE TECNOLOG\u00cdA Y VIDEOJUEGOS ::","og_description":"Wanda y Vision terminaron en un lugar extra\u00f1o y no est\u00e1n seguros de c\u00f3mo llegaron all\u00ed.\u00a0Puedes ayudarlos a encontrar su camino agreg\u00e1ndolos a tu colecci\u00f3n Marvel como coleccionables Funko Mini Moment.\u00a0Mini Moments 1960s &#8211; Wanda &amp; Geraldine tiene al d\u00fao en su sala de estar, \u00a1igual que en el programa!\u00a0Colecciona todos los WandaVision Mini Moments &hellip; Continue reading Funko Pop! Marvel: 1970s Wanda y Geraldine","og_url":"https:\/\/mcbogames.com\/index.php\/producto\/funko-pop-marvel-wanda-y-geraldine-1970\/","og_site_name":":: MCBO GAMES TU TIENDA FAVORITA DE TECNOLOG\u00cdA Y VIDEOJUEGOS ::","article_modified_time":"2022-07-15T04:30:12+00:00","og_image":[{"width":600,"height":600,"url":"https:\/\/mcbogames.com\/wp-content\/uploads\/2022\/07\/wanda-.2.webp","type":"image\/webp"}],"twitter_card":"summary_large_image","twitter_misc":{"Tiempo de lectura":"1 minuto"},"schema":{"@context":"https:\/\/schema.org","@graph":[{"@type":"WebPage","@id":"https:\/\/mcbogames.com\/index.php\/producto\/funko-pop-marvel-wanda-y-geraldine-1970\/","url":"https:\/\/mcbogames.com\/index.php\/producto\/funko-pop-marvel-wanda-y-geraldine-1970\/","name":"Funko Pop! Marvel: 1970s Wanda y Geraldine - :: MCBO GAMES TU TIENDA FAVORITA DE TECNOLOG\u00cdA Y VIDEOJUEGOS ::","isPartOf":{"@id":"https:\/\/mcbogames.com\/#website"},"primaryImageOfPage":{"@id":"https:\/\/mcbogames.com\/index.php\/producto\/funko-pop-marvel-wanda-y-geraldine-1970\/#primaryimage"},"image":{"@id":"https:\/\/mcbogames.com\/index.php\/producto\/funko-pop-marvel-wanda-y-geraldine-1970\/#primaryimage"},"thumbnailUrl":"https:\/\/mcbogames.com\/wp-content\/uploads\/2022\/07\/wanda-.2.webp","datePublished":"2022-07-14T19:42:53+00:00","dateModified":"2022-07-15T04:30:12+00:00","breadcrumb":{"@id":"https:\/\/mcbogames.com\/index.php\/producto\/funko-pop-marvel-wanda-y-geraldine-1970\/#breadcrumb"},"inLanguage":"es","potentialAction":[{"@type":"ReadAction","target":["https:\/\/mcbogames.com\/index.php\/producto\/funko-pop-marvel-wanda-y-geraldine-1970\/"]}]},{"@type":"ImageObject","inLanguage":"es","@id":"https:\/\/mcbogames.com\/index.php\/producto\/funko-pop-marvel-wanda-y-geraldine-1970\/#primaryimage","url":"https:\/\/mcbogames.com\/wp-content\/uploads\/2022\/07\/wanda-.2.webp","contentUrl":"https:\/\/mcbogames.com\/wp-content\/uploads\/2022\/07\/wanda-.2.webp","width":600,"height":600},{"@type":"BreadcrumbList","@id":"https:\/\/mcbogames.com\/index.php\/producto\/funko-pop-marvel-wanda-y-geraldine-1970\/#breadcrumb","itemListElement":[{"@type":"ListItem","position":1,"name":"Portada","item":"https:\/\/mcbogames.com\/"},{"@type":"ListItem","position":2,"name":"Shop","item":"https:\/\/mcbogames.com\/index.php\/shop\/"},{"@type":"ListItem","position":3,"name":"Funko Pop! Marvel: 1970s Wanda y Geraldine"}]},{"@type":"WebSite","@id":"https:\/\/mcbogames.com\/#website","url":"https:\/\/mcbogames.com\/","name":":: MCBO GAMES TU TIENDA FAVORITA DE TECNOLOG\u00cdA Y VIDEOJUEGOS ::","description":"TIENDA ONLINE","publisher":{"@id":"https:\/\/mcbogames.com\/#organization"},"potentialAction":[{"@type":"SearchAction","target":{"@type":"EntryPoint","urlTemplate":"https:\/\/mcbogames.com\/?s={search_term_string}"},"query-input":{"@type":"PropertyValueSpecification","valueRequired":true,"valueName":"search_term_string"}}],"inLanguage":"es"},{"@type":"Organization","@id":"https:\/\/mcbogames.com\/#organization","name":"MCBO GAMES","url":"https:\/\/mcbogames.com\/","logo":{"@type":"ImageObject","inLanguage":"es","@id":"https:\/\/mcbogames.com\/#\/schema\/logo\/image\/","url":"https:\/\/mcbogames.com\/wp-content\/uploads\/2021\/12\/logo_web.png","contentUrl":"https:\/\/mcbogames.com\/wp-content\/uploads\/2021\/12\/logo_web.png","width":247,"height":223,"caption":"MCBO GAMES"},"image":{"@id":"https:\/\/mcbogames.com\/#\/schema\/logo\/image\/"}}]}},"_links":{"self":[{"href":"https:\/\/mcbogames.com\/index.php\/wp-json\/wp\/v2\/product\/7233","targetHints":{"allow":["GET"]}}],"collection":[{"href":"https:\/\/mcbogames.com\/index.php\/wp-json\/wp\/v2\/product"}],"about":[{"href":"https:\/\/mcbogames.com\/index.php\/wp-json\/wp\/v2\/types\/product"}],"wp:featuredmedia":[{"embeddable":true,"href":"https:\/\/mcbogames.com\/index.php\/wp-json\/wp\/v2\/media\/7234"}],"wp:attachment":[{"href":"https:\/\/mcbogames.com\/index.php\/wp-json\/wp\/v2\/media?parent=7233"}],"wp:term":[{"taxonomy":"product_brand","embeddable":true,"href":"https:\/\/mcbogames.com\/index.php\/wp-json\/wp\/v2\/product_brand?post=7233"},{"taxonomy":"product_cat","embeddable":true,"href":"https:\/\/mcbogames.com\/index.php\/wp-json\/wp\/v2\/product_cat?post=7233"},{"taxonomy":"product_tag","embeddable":true,"href":"https:\/\/mcbogames.com\/index.php\/wp-json\/wp\/v2\/product_tag?post=7233"}],"curies":[{"name":"wp","href":"https:\/\/api.w.org\/{rel}","templated":true}]}}