{"id":7187,"date":"2022-07-09T20:37:13","date_gmt":"2022-07-10T00:37:13","guid":{"rendered":"https:\/\/mcbogames.com\/?post_type=product&#038;p=7187"},"modified":"2025-05-29T15:17:51","modified_gmt":"2025-05-29T19:17:51","slug":"funko-pop-naruto-shippuden-madara-reanimacion-722","status":"publish","type":"product","link":"https:\/\/mcbogames.com\/index.php\/producto\/funko-pop-naruto-shippuden-madara-reanimacion-722\/","title":{"rendered":"Funko Pop! Naruto Shippuden: Madara (Reanimaci\u00f3n)  #722"},"content":{"rendered":"<ul class=\"a-unordered-list a-vertical a-spacing-mini\">\n<li><span class=\"a-list-item\">Madara Uchiha, posiblemente el villano m\u00e1s querido de toda la serie, recibe el tratamiento Funko \u00a1con este impresionante Pop!<\/span><\/li>\n<li><span class=\"a-list-item\">Figura coleccionable estilizada, mide 3.75 pulgadas de alto, perfecta para cualquier \u00a1Fan\u00e1tico de Naruto Shippuden!<\/span><\/li>\n<li><span class=\"a-list-item\">\u00a1Colecciona y exhibe todas las figuras POP de Naruto Shippuden! \u00a1De vinilo!<\/span><\/li>\n<li><span class=\"a-list-item\">Regalo perfecto para cualquier fan\u00e1tico de Naruto y coleccionistas por igual.<\/span><\/li>\n<li><span class=\"a-list-item\">Edici\u00f3n extremadamente limitada<\/span><\/li>\n<\/ul>\n","protected":false},"excerpt":{"rendered":"<p>Madara Uchiha, posiblemente el villano m\u00e1s querido de toda la serie, recibe el tratamiento Funko \u00a1con este impresionante Pop! Figura coleccionable estilizada, mide 3.75 pulgadas de alto, perfecta para cualquier \u00a1Fan\u00e1tico de Naruto Shippuden! \u00a1Colecciona y exhibe todas las figuras POP de Naruto Shippuden! \u00a1De vinilo! Regalo perfecto para cualquier fan\u00e1tico de Naruto y coleccionistas &hellip; <a href=\"https:\/\/mcbogames.com\/index.php\/producto\/funko-pop-naruto-shippuden-madara-reanimacion-722\/\" class=\"more-link\">Continue reading <span class=\"screen-reader-text\">Funko Pop! Naruto Shippuden: Madara (Reanimaci\u00f3n)  #722<\/span><\/a><\/p>\n","protected":false},"featured_media":7188,"template":"","meta":[],"product_brand":[],"product_cat":[235,234],"product_tag":[260,424],"class_list":{"0":"post-7187","1":"product","2":"type-product","3":"status-publish","4":"has-post-thumbnail","6":"product_cat-funko-pop","7":"product_cat-juguetes","8":"product_tag-funko","9":"product_tag-naruto","10":"yith_product_brand-pop","13":"outofstock","14":"sale","15":"shipping-taxable","16":"purchasable","17":"product-type-simple"},"bundled_by":[],"bundle_stock_status":"outofstock","bundle_stock_quantity":0,"bundle_virtual":false,"bundle_layout":"","bundle_add_to_cart_form_location":"","bundle_editable_in_cart":false,"bundle_sold_individually_context":"","bundle_item_grouping":"","bundle_min_size":"","bundle_max_size":"","bundled_items":[],"bundle_sell_ids":[],"yoast_head":"<!-- This site is optimized with the Yoast SEO plugin v27.4 - https:\/\/yoast.com\/product\/yoast-seo-wordpress\/ -->\n<title>Funko Pop! Naruto Shippuden: Madara (Reanimaci\u00f3n) #722 - :: MCBO GAMES TU TIENDA FAVORITA DE TECNOLOG\u00cdA Y VIDEOJUEGOS ::<\/title>\n<meta name=\"robots\" content=\"index, follow, max-snippet:-1, max-image-preview:large, max-video-preview:-1\" \/>\n<link rel=\"canonical\" href=\"https:\/\/mcbogames.com\/index.php\/producto\/funko-pop-naruto-shippuden-madara-reanimacion-722\/\" \/>\n<meta property=\"og:locale\" content=\"es_ES\" \/>\n<meta property=\"og:type\" content=\"article\" \/>\n<meta property=\"og:title\" content=\"Funko Pop! Naruto Shippuden: Madara (Reanimaci\u00f3n) #722 - :: MCBO GAMES TU TIENDA FAVORITA DE TECNOLOG\u00cdA Y VIDEOJUEGOS ::\" \/>\n<meta property=\"og:description\" content=\"Madara Uchiha, posiblemente el villano m\u00e1s querido de toda la serie, recibe el tratamiento Funko \u00a1con este impresionante Pop! Figura coleccionable estilizada, mide 3.75 pulgadas de alto, perfecta para cualquier \u00a1Fan\u00e1tico de Naruto Shippuden! \u00a1Colecciona y exhibe todas las figuras POP de Naruto Shippuden! \u00a1De vinilo! Regalo perfecto para cualquier fan\u00e1tico de Naruto y coleccionistas &hellip; Continue reading Funko Pop! Naruto Shippuden: Madara (Reanimaci\u00f3n) #722\" \/>\n<meta property=\"og:url\" content=\"https:\/\/mcbogames.com\/index.php\/producto\/funko-pop-naruto-shippuden-madara-reanimacion-722\/\" \/>\n<meta property=\"og:site_name\" content=\":: MCBO GAMES TU TIENDA FAVORITA DE TECNOLOG\u00cdA Y VIDEOJUEGOS ::\" \/>\n<meta property=\"article:modified_time\" content=\"2025-05-29T19:17:51+00:00\" \/>\n<meta property=\"og:image\" content=\"https:\/\/mcbogames.com\/wp-content\/uploads\/2022\/07\/funko-722.jpeg\" \/>\n\t<meta property=\"og:image:width\" content=\"800\" \/>\n\t<meta property=\"og:image:height\" content=\"800\" \/>\n\t<meta property=\"og:image:type\" content=\"image\/jpeg\" \/>\n<meta name=\"twitter:card\" content=\"summary_large_image\" \/>\n<meta name=\"twitter:label1\" content=\"Tiempo de lectura\" \/>\n\t<meta name=\"twitter:data1\" content=\"1 minuto\" \/>\n<script type=\"application\/ld+json\" class=\"yoast-schema-graph\">{\"@context\":\"https:\\\/\\\/schema.org\",\"@graph\":[{\"@type\":\"WebPage\",\"@id\":\"https:\\\/\\\/mcbogames.com\\\/index.php\\\/producto\\\/funko-pop-naruto-shippuden-madara-reanimacion-722\\\/\",\"url\":\"https:\\\/\\\/mcbogames.com\\\/index.php\\\/producto\\\/funko-pop-naruto-shippuden-madara-reanimacion-722\\\/\",\"name\":\"Funko Pop! Naruto Shippuden: Madara (Reanimaci\u00f3n) #722 - :: MCBO GAMES TU TIENDA FAVORITA DE TECNOLOG\u00cdA Y VIDEOJUEGOS ::\",\"isPartOf\":{\"@id\":\"https:\\\/\\\/mcbogames.com\\\/#website\"},\"primaryImageOfPage\":{\"@id\":\"https:\\\/\\\/mcbogames.com\\\/index.php\\\/producto\\\/funko-pop-naruto-shippuden-madara-reanimacion-722\\\/#primaryimage\"},\"image\":{\"@id\":\"https:\\\/\\\/mcbogames.com\\\/index.php\\\/producto\\\/funko-pop-naruto-shippuden-madara-reanimacion-722\\\/#primaryimage\"},\"thumbnailUrl\":\"https:\\\/\\\/mcbogames.com\\\/wp-content\\\/uploads\\\/2022\\\/07\\\/funko-722.jpeg\",\"datePublished\":\"2022-07-10T00:37:13+00:00\",\"dateModified\":\"2025-05-29T19:17:51+00:00\",\"breadcrumb\":{\"@id\":\"https:\\\/\\\/mcbogames.com\\\/index.php\\\/producto\\\/funko-pop-naruto-shippuden-madara-reanimacion-722\\\/#breadcrumb\"},\"inLanguage\":\"es\",\"potentialAction\":[{\"@type\":\"ReadAction\",\"target\":[\"https:\\\/\\\/mcbogames.com\\\/index.php\\\/producto\\\/funko-pop-naruto-shippuden-madara-reanimacion-722\\\/\"]}]},{\"@type\":\"ImageObject\",\"inLanguage\":\"es\",\"@id\":\"https:\\\/\\\/mcbogames.com\\\/index.php\\\/producto\\\/funko-pop-naruto-shippuden-madara-reanimacion-722\\\/#primaryimage\",\"url\":\"https:\\\/\\\/mcbogames.com\\\/wp-content\\\/uploads\\\/2022\\\/07\\\/funko-722.jpeg\",\"contentUrl\":\"https:\\\/\\\/mcbogames.com\\\/wp-content\\\/uploads\\\/2022\\\/07\\\/funko-722.jpeg\",\"width\":800,\"height\":800},{\"@type\":\"BreadcrumbList\",\"@id\":\"https:\\\/\\\/mcbogames.com\\\/index.php\\\/producto\\\/funko-pop-naruto-shippuden-madara-reanimacion-722\\\/#breadcrumb\",\"itemListElement\":[{\"@type\":\"ListItem\",\"position\":1,\"name\":\"Portada\",\"item\":\"https:\\\/\\\/mcbogames.com\\\/\"},{\"@type\":\"ListItem\",\"position\":2,\"name\":\"Shop\",\"item\":\"https:\\\/\\\/mcbogames.com\\\/index.php\\\/shop\\\/\"},{\"@type\":\"ListItem\",\"position\":3,\"name\":\"Funko Pop! Naruto Shippuden: Madara (Reanimaci\u00f3n) #722\"}]},{\"@type\":\"WebSite\",\"@id\":\"https:\\\/\\\/mcbogames.com\\\/#website\",\"url\":\"https:\\\/\\\/mcbogames.com\\\/\",\"name\":\":: MCBO GAMES TU TIENDA FAVORITA DE TECNOLOG\u00cdA Y VIDEOJUEGOS ::\",\"description\":\"TIENDA ONLINE\",\"publisher\":{\"@id\":\"https:\\\/\\\/mcbogames.com\\\/#organization\"},\"potentialAction\":[{\"@type\":\"SearchAction\",\"target\":{\"@type\":\"EntryPoint\",\"urlTemplate\":\"https:\\\/\\\/mcbogames.com\\\/?s={search_term_string}\"},\"query-input\":{\"@type\":\"PropertyValueSpecification\",\"valueRequired\":true,\"valueName\":\"search_term_string\"}}],\"inLanguage\":\"es\"},{\"@type\":\"Organization\",\"@id\":\"https:\\\/\\\/mcbogames.com\\\/#organization\",\"name\":\"MCBO GAMES\",\"url\":\"https:\\\/\\\/mcbogames.com\\\/\",\"logo\":{\"@type\":\"ImageObject\",\"inLanguage\":\"es\",\"@id\":\"https:\\\/\\\/mcbogames.com\\\/#\\\/schema\\\/logo\\\/image\\\/\",\"url\":\"https:\\\/\\\/mcbogames.com\\\/wp-content\\\/uploads\\\/2021\\\/12\\\/logo_web.png\",\"contentUrl\":\"https:\\\/\\\/mcbogames.com\\\/wp-content\\\/uploads\\\/2021\\\/12\\\/logo_web.png\",\"width\":247,\"height\":223,\"caption\":\"MCBO GAMES\"},\"image\":{\"@id\":\"https:\\\/\\\/mcbogames.com\\\/#\\\/schema\\\/logo\\\/image\\\/\"}}]}<\/script>\n<!-- \/ Yoast SEO plugin. -->","yoast_head_json":{"title":"Funko Pop! Naruto Shippuden: Madara (Reanimaci\u00f3n) #722 - :: MCBO GAMES TU TIENDA FAVORITA DE TECNOLOG\u00cdA Y VIDEOJUEGOS ::","robots":{"index":"index","follow":"follow","max-snippet":"max-snippet:-1","max-image-preview":"max-image-preview:large","max-video-preview":"max-video-preview:-1"},"canonical":"https:\/\/mcbogames.com\/index.php\/producto\/funko-pop-naruto-shippuden-madara-reanimacion-722\/","og_locale":"es_ES","og_type":"article","og_title":"Funko Pop! Naruto Shippuden: Madara (Reanimaci\u00f3n) #722 - :: MCBO GAMES TU TIENDA FAVORITA DE TECNOLOG\u00cdA Y VIDEOJUEGOS ::","og_description":"Madara Uchiha, posiblemente el villano m\u00e1s querido de toda la serie, recibe el tratamiento Funko \u00a1con este impresionante Pop! Figura coleccionable estilizada, mide 3.75 pulgadas de alto, perfecta para cualquier \u00a1Fan\u00e1tico de Naruto Shippuden! \u00a1Colecciona y exhibe todas las figuras POP de Naruto Shippuden! \u00a1De vinilo! Regalo perfecto para cualquier fan\u00e1tico de Naruto y coleccionistas &hellip; Continue reading Funko Pop! Naruto Shippuden: Madara (Reanimaci\u00f3n) #722","og_url":"https:\/\/mcbogames.com\/index.php\/producto\/funko-pop-naruto-shippuden-madara-reanimacion-722\/","og_site_name":":: MCBO GAMES TU TIENDA FAVORITA DE TECNOLOG\u00cdA Y VIDEOJUEGOS ::","article_modified_time":"2025-05-29T19:17:51+00:00","og_image":[{"width":800,"height":800,"url":"https:\/\/mcbogames.com\/wp-content\/uploads\/2022\/07\/funko-722.jpeg","type":"image\/jpeg"}],"twitter_card":"summary_large_image","twitter_misc":{"Tiempo de lectura":"1 minuto"},"schema":{"@context":"https:\/\/schema.org","@graph":[{"@type":"WebPage","@id":"https:\/\/mcbogames.com\/index.php\/producto\/funko-pop-naruto-shippuden-madara-reanimacion-722\/","url":"https:\/\/mcbogames.com\/index.php\/producto\/funko-pop-naruto-shippuden-madara-reanimacion-722\/","name":"Funko Pop! Naruto Shippuden: Madara (Reanimaci\u00f3n) #722 - :: MCBO GAMES TU TIENDA FAVORITA DE TECNOLOG\u00cdA Y VIDEOJUEGOS ::","isPartOf":{"@id":"https:\/\/mcbogames.com\/#website"},"primaryImageOfPage":{"@id":"https:\/\/mcbogames.com\/index.php\/producto\/funko-pop-naruto-shippuden-madara-reanimacion-722\/#primaryimage"},"image":{"@id":"https:\/\/mcbogames.com\/index.php\/producto\/funko-pop-naruto-shippuden-madara-reanimacion-722\/#primaryimage"},"thumbnailUrl":"https:\/\/mcbogames.com\/wp-content\/uploads\/2022\/07\/funko-722.jpeg","datePublished":"2022-07-10T00:37:13+00:00","dateModified":"2025-05-29T19:17:51+00:00","breadcrumb":{"@id":"https:\/\/mcbogames.com\/index.php\/producto\/funko-pop-naruto-shippuden-madara-reanimacion-722\/#breadcrumb"},"inLanguage":"es","potentialAction":[{"@type":"ReadAction","target":["https:\/\/mcbogames.com\/index.php\/producto\/funko-pop-naruto-shippuden-madara-reanimacion-722\/"]}]},{"@type":"ImageObject","inLanguage":"es","@id":"https:\/\/mcbogames.com\/index.php\/producto\/funko-pop-naruto-shippuden-madara-reanimacion-722\/#primaryimage","url":"https:\/\/mcbogames.com\/wp-content\/uploads\/2022\/07\/funko-722.jpeg","contentUrl":"https:\/\/mcbogames.com\/wp-content\/uploads\/2022\/07\/funko-722.jpeg","width":800,"height":800},{"@type":"BreadcrumbList","@id":"https:\/\/mcbogames.com\/index.php\/producto\/funko-pop-naruto-shippuden-madara-reanimacion-722\/#breadcrumb","itemListElement":[{"@type":"ListItem","position":1,"name":"Portada","item":"https:\/\/mcbogames.com\/"},{"@type":"ListItem","position":2,"name":"Shop","item":"https:\/\/mcbogames.com\/index.php\/shop\/"},{"@type":"ListItem","position":3,"name":"Funko Pop! Naruto Shippuden: Madara (Reanimaci\u00f3n) #722"}]},{"@type":"WebSite","@id":"https:\/\/mcbogames.com\/#website","url":"https:\/\/mcbogames.com\/","name":":: MCBO GAMES TU TIENDA FAVORITA DE TECNOLOG\u00cdA Y VIDEOJUEGOS ::","description":"TIENDA ONLINE","publisher":{"@id":"https:\/\/mcbogames.com\/#organization"},"potentialAction":[{"@type":"SearchAction","target":{"@type":"EntryPoint","urlTemplate":"https:\/\/mcbogames.com\/?s={search_term_string}"},"query-input":{"@type":"PropertyValueSpecification","valueRequired":true,"valueName":"search_term_string"}}],"inLanguage":"es"},{"@type":"Organization","@id":"https:\/\/mcbogames.com\/#organization","name":"MCBO GAMES","url":"https:\/\/mcbogames.com\/","logo":{"@type":"ImageObject","inLanguage":"es","@id":"https:\/\/mcbogames.com\/#\/schema\/logo\/image\/","url":"https:\/\/mcbogames.com\/wp-content\/uploads\/2021\/12\/logo_web.png","contentUrl":"https:\/\/mcbogames.com\/wp-content\/uploads\/2021\/12\/logo_web.png","width":247,"height":223,"caption":"MCBO GAMES"},"image":{"@id":"https:\/\/mcbogames.com\/#\/schema\/logo\/image\/"}}]}},"_links":{"self":[{"href":"https:\/\/mcbogames.com\/index.php\/wp-json\/wp\/v2\/product\/7187","targetHints":{"allow":["GET"]}}],"collection":[{"href":"https:\/\/mcbogames.com\/index.php\/wp-json\/wp\/v2\/product"}],"about":[{"href":"https:\/\/mcbogames.com\/index.php\/wp-json\/wp\/v2\/types\/product"}],"wp:featuredmedia":[{"embeddable":true,"href":"https:\/\/mcbogames.com\/index.php\/wp-json\/wp\/v2\/media\/7188"}],"wp:attachment":[{"href":"https:\/\/mcbogames.com\/index.php\/wp-json\/wp\/v2\/media?parent=7187"}],"wp:term":[{"taxonomy":"product_brand","embeddable":true,"href":"https:\/\/mcbogames.com\/index.php\/wp-json\/wp\/v2\/product_brand?post=7187"},{"taxonomy":"product_cat","embeddable":true,"href":"https:\/\/mcbogames.com\/index.php\/wp-json\/wp\/v2\/product_cat?post=7187"},{"taxonomy":"product_tag","embeddable":true,"href":"https:\/\/mcbogames.com\/index.php\/wp-json\/wp\/v2\/product_tag?post=7187"}],"curies":[{"name":"wp","href":"https:\/\/api.w.org\/{rel}","templated":true}]}}