{"id":7084,"date":"2022-07-04T17:34:57","date_gmt":"2022-07-04T17:34:57","guid":{"rendered":"https:\/\/mcbogames.com\/?post_type=product&#038;p=7084"},"modified":"2022-07-21T20:20:13","modified_gmt":"2022-07-21T20:20:13","slug":"control-inalambrico-xbox-robot-blanco","status":"publish","type":"product","link":"https:\/\/mcbogames.com\/index.php\/producto\/control-inalambrico-xbox-robot-blanco\/","title":{"rendered":"Control Inal\u00e1mbrico Xbox Robot Blanco"},"content":{"rendered":"<div class=\"col-12 col-md-8\">\n<div class=\"product-description\">\n<div class=\"label1-bold\">Descripci\u00f3n del producto:<\/div>\n<p>Experimente el controlador inal\u00e1mbrico Xbox modernizado, dise\u00f1ado para una mayor comodidad durante el juego.\u00a0Disponible en Robot White, Carbon Black y Shock Blue.\u00a0Mant\u00e9ngase en el objetivo con agarre texturizado, capture y comparta contenido y juegos sin problemas en Xbox Series X, Xbox Series S, Xbox One, Windows 10, Android e iOS.<\/p>\n<\/div>\n<\/div>\n<div class=\"col-12 col-md-3\">\n<div class=\"info-and-guides-wrapper mt-2 mt-md-0\">\n<div class=\"label1-bold mb-1\">Informaci\u00f3n y gu\u00edas.<\/div>\n<div><\/div>\n<\/div>\n<\/div>\n<div class=\"col-12\">\n<div class=\"features-wrapper\">\n<div class=\"p bold\">Caracter\u00edsticas del producto:<\/div>\n<ul class=\"bulleted\">\n<li>Capture y comparta sin problemas contenido como capturas de pantalla, grabaciones y m\u00e1s con el nuevo bot\u00f3n Compartir<\/li>\n<li>Mant\u00e9ngase en el objetivo<\/li>\n<li>Mant\u00e9ngase en el objetivo con el nuevo D-pad h\u00edbrido, agarre texturizado en los gatillos, parachoques y carcasa trasera<\/li>\n<li>Cambiar dispositivos<\/li>\n<li>Empareje y cambie f\u00e1cilmente entre dispositivos, incluidos Xbox Series X, Xbox Series S, Xbox One, PC con Windows 10 y Android<\/li>\n<li>Compatibilidad<\/li>\n<li>Incluye tecnolog\u00eda Xbox Wireless y Bluetooth para juegos inal\u00e1mbricos en consola, PC, tel\u00e9fonos m\u00f3viles y tabletas<\/li>\n<li>Debido a las diferencias de iluminaci\u00f3n y monitor, los colores y acabados reales pueden variar ligeramente de lo que aparece en l\u00ednea.<\/li>\n<\/ul>\n<\/div>\n<\/div>\n","protected":false},"excerpt":{"rendered":"<p>Descripci\u00f3n del producto: Experimente el controlador inal\u00e1mbrico Xbox modernizado, dise\u00f1ado para una mayor comodidad durante el juego.\u00a0Disponible en Robot White, Carbon Black y Shock Blue.\u00a0Mant\u00e9ngase en el objetivo con agarre texturizado, capture y comparta contenido y juegos sin problemas en Xbox Series X, Xbox Series S, Xbox One, Windows 10, Android e iOS. Informaci\u00f3n y &hellip; <a href=\"https:\/\/mcbogames.com\/index.php\/producto\/control-inalambrico-xbox-robot-blanco\/\" class=\"more-link\">Continue reading <span class=\"screen-reader-text\">Control Inal\u00e1mbrico Xbox Robot Blanco<\/span><\/a><\/p>\n","protected":false},"featured_media":7086,"template":"","meta":[],"product_brand":[],"product_cat":[229,233],"product_tag":[316,408,372],"class_list":{"0":"post-7084","1":"product","2":"type-product","3":"status-publish","4":"has-post-thumbnail","6":"product_cat-videojuegos","7":"product_cat-xbox","8":"product_tag-control","9":"product_tag-mando","10":"product_tag-xbox","11":"yith_product_brand-microsoft","14":"outofstock","15":"sold-individually","16":"shipping-taxable","17":"purchasable","18":"product-type-simple"},"bundled_by":[],"bundle_stock_status":"outofstock","bundle_stock_quantity":0,"bundle_virtual":false,"bundle_layout":"","bundle_add_to_cart_form_location":"","bundle_editable_in_cart":false,"bundle_sold_individually_context":"","bundle_item_grouping":"","bundle_min_size":"","bundle_max_size":"","bundled_items":[],"bundle_sell_ids":[],"yoast_head":"<!-- This site is optimized with the Yoast SEO plugin v26.8 - https:\/\/yoast.com\/product\/yoast-seo-wordpress\/ -->\n<title>Control Inal\u00e1mbrico Xbox Robot Blanco - :: MCBO GAMES TU TIENDA FAVORITA DE TECNOLOG\u00cdA Y VIDEOJUEGOS ::<\/title>\n<meta name=\"robots\" content=\"index, follow, max-snippet:-1, max-image-preview:large, max-video-preview:-1\" \/>\n<link rel=\"canonical\" href=\"https:\/\/mcbogames.com\/index.php\/producto\/control-inalambrico-xbox-robot-blanco\/\" \/>\n<meta property=\"og:locale\" content=\"es_ES\" \/>\n<meta property=\"og:type\" content=\"article\" \/>\n<meta property=\"og:title\" content=\"Control Inal\u00e1mbrico Xbox Robot Blanco - :: MCBO GAMES TU TIENDA FAVORITA DE TECNOLOG\u00cdA Y VIDEOJUEGOS ::\" \/>\n<meta property=\"og:description\" content=\"Descripci\u00f3n del producto: Experimente el controlador inal\u00e1mbrico Xbox modernizado, dise\u00f1ado para una mayor comodidad durante el juego.\u00a0Disponible en Robot White, Carbon Black y Shock Blue.\u00a0Mant\u00e9ngase en el objetivo con agarre texturizado, capture y comparta contenido y juegos sin problemas en Xbox Series X, Xbox Series S, Xbox One, Windows 10, Android e iOS. Informaci\u00f3n y &hellip; Continue reading Control Inal\u00e1mbrico Xbox Robot Blanco\" \/>\n<meta property=\"og:url\" content=\"https:\/\/mcbogames.com\/index.php\/producto\/control-inalambrico-xbox-robot-blanco\/\" \/>\n<meta property=\"og:site_name\" content=\":: MCBO GAMES TU TIENDA FAVORITA DE TECNOLOG\u00cdA Y VIDEOJUEGOS ::\" \/>\n<meta property=\"article:modified_time\" content=\"2022-07-21T20:20:13+00:00\" \/>\n<meta property=\"og:image\" content=\"https:\/\/mcbogames.com\/wp-content\/uploads\/2022\/07\/xbox-control-blanco.jpeg\" \/>\n\t<meta property=\"og:image:width\" content=\"1000\" \/>\n\t<meta property=\"og:image:height\" content=\"1000\" \/>\n\t<meta property=\"og:image:type\" content=\"image\/jpeg\" \/>\n<meta name=\"twitter:card\" content=\"summary_large_image\" \/>\n<meta name=\"twitter:label1\" content=\"Tiempo de lectura\" \/>\n\t<meta name=\"twitter:data1\" content=\"1 minuto\" \/>\n<script type=\"application\/ld+json\" class=\"yoast-schema-graph\">{\"@context\":\"https:\/\/schema.org\",\"@graph\":[{\"@type\":\"WebPage\",\"@id\":\"https:\/\/mcbogames.com\/index.php\/producto\/control-inalambrico-xbox-robot-blanco\/\",\"url\":\"https:\/\/mcbogames.com\/index.php\/producto\/control-inalambrico-xbox-robot-blanco\/\",\"name\":\"Control Inal\u00e1mbrico Xbox Robot Blanco - :: MCBO GAMES TU TIENDA FAVORITA DE TECNOLOG\u00cdA Y VIDEOJUEGOS ::\",\"isPartOf\":{\"@id\":\"https:\/\/mcbogames.com\/#website\"},\"primaryImageOfPage\":{\"@id\":\"https:\/\/mcbogames.com\/index.php\/producto\/control-inalambrico-xbox-robot-blanco\/#primaryimage\"},\"image\":{\"@id\":\"https:\/\/mcbogames.com\/index.php\/producto\/control-inalambrico-xbox-robot-blanco\/#primaryimage\"},\"thumbnailUrl\":\"https:\/\/mcbogames.com\/wp-content\/uploads\/2022\/07\/xbox-control-blanco.jpeg\",\"datePublished\":\"2022-07-04T17:34:57+00:00\",\"dateModified\":\"2022-07-21T20:20:13+00:00\",\"breadcrumb\":{\"@id\":\"https:\/\/mcbogames.com\/index.php\/producto\/control-inalambrico-xbox-robot-blanco\/#breadcrumb\"},\"inLanguage\":\"es\",\"potentialAction\":[{\"@type\":\"ReadAction\",\"target\":[\"https:\/\/mcbogames.com\/index.php\/producto\/control-inalambrico-xbox-robot-blanco\/\"]}]},{\"@type\":\"ImageObject\",\"inLanguage\":\"es\",\"@id\":\"https:\/\/mcbogames.com\/index.php\/producto\/control-inalambrico-xbox-robot-blanco\/#primaryimage\",\"url\":\"https:\/\/mcbogames.com\/wp-content\/uploads\/2022\/07\/xbox-control-blanco.jpeg\",\"contentUrl\":\"https:\/\/mcbogames.com\/wp-content\/uploads\/2022\/07\/xbox-control-blanco.jpeg\",\"width\":1000,\"height\":1000},{\"@type\":\"BreadcrumbList\",\"@id\":\"https:\/\/mcbogames.com\/index.php\/producto\/control-inalambrico-xbox-robot-blanco\/#breadcrumb\",\"itemListElement\":[{\"@type\":\"ListItem\",\"position\":1,\"name\":\"Portada\",\"item\":\"https:\/\/mcbogames.com\/\"},{\"@type\":\"ListItem\",\"position\":2,\"name\":\"Shop\",\"item\":\"https:\/\/mcbogames.com\/index.php\/shop\/\"},{\"@type\":\"ListItem\",\"position\":3,\"name\":\"Control Inal\u00e1mbrico Xbox Robot Blanco\"}]},{\"@type\":\"WebSite\",\"@id\":\"https:\/\/mcbogames.com\/#website\",\"url\":\"https:\/\/mcbogames.com\/\",\"name\":\":: MCBO GAMES TU TIENDA FAVORITA DE TECNOLOG\u00cdA Y VIDEOJUEGOS ::\",\"description\":\"TIENDA ONLINE\",\"publisher\":{\"@id\":\"https:\/\/mcbogames.com\/#organization\"},\"potentialAction\":[{\"@type\":\"SearchAction\",\"target\":{\"@type\":\"EntryPoint\",\"urlTemplate\":\"https:\/\/mcbogames.com\/?s={search_term_string}\"},\"query-input\":{\"@type\":\"PropertyValueSpecification\",\"valueRequired\":true,\"valueName\":\"search_term_string\"}}],\"inLanguage\":\"es\"},{\"@type\":\"Organization\",\"@id\":\"https:\/\/mcbogames.com\/#organization\",\"name\":\"MCBO GAMES\",\"url\":\"https:\/\/mcbogames.com\/\",\"logo\":{\"@type\":\"ImageObject\",\"inLanguage\":\"es\",\"@id\":\"https:\/\/mcbogames.com\/#\/schema\/logo\/image\/\",\"url\":\"https:\/\/mcbogames.com\/wp-content\/uploads\/2021\/12\/logo_web.png\",\"contentUrl\":\"https:\/\/mcbogames.com\/wp-content\/uploads\/2021\/12\/logo_web.png\",\"width\":247,\"height\":223,\"caption\":\"MCBO GAMES\"},\"image\":{\"@id\":\"https:\/\/mcbogames.com\/#\/schema\/logo\/image\/\"}}]}<\/script>\n<!-- \/ Yoast SEO plugin. -->","yoast_head_json":{"title":"Control Inal\u00e1mbrico Xbox Robot Blanco - :: MCBO GAMES TU TIENDA FAVORITA DE TECNOLOG\u00cdA Y VIDEOJUEGOS ::","robots":{"index":"index","follow":"follow","max-snippet":"max-snippet:-1","max-image-preview":"max-image-preview:large","max-video-preview":"max-video-preview:-1"},"canonical":"https:\/\/mcbogames.com\/index.php\/producto\/control-inalambrico-xbox-robot-blanco\/","og_locale":"es_ES","og_type":"article","og_title":"Control Inal\u00e1mbrico Xbox Robot Blanco - :: MCBO GAMES TU TIENDA FAVORITA DE TECNOLOG\u00cdA Y VIDEOJUEGOS ::","og_description":"Descripci\u00f3n del producto: Experimente el controlador inal\u00e1mbrico Xbox modernizado, dise\u00f1ado para una mayor comodidad durante el juego.\u00a0Disponible en Robot White, Carbon Black y Shock Blue.\u00a0Mant\u00e9ngase en el objetivo con agarre texturizado, capture y comparta contenido y juegos sin problemas en Xbox Series X, Xbox Series S, Xbox One, Windows 10, Android e iOS. Informaci\u00f3n y &hellip; Continue reading Control Inal\u00e1mbrico Xbox Robot Blanco","og_url":"https:\/\/mcbogames.com\/index.php\/producto\/control-inalambrico-xbox-robot-blanco\/","og_site_name":":: MCBO GAMES TU TIENDA FAVORITA DE TECNOLOG\u00cdA Y VIDEOJUEGOS ::","article_modified_time":"2022-07-21T20:20:13+00:00","og_image":[{"width":1000,"height":1000,"url":"https:\/\/mcbogames.com\/wp-content\/uploads\/2022\/07\/xbox-control-blanco.jpeg","type":"image\/jpeg"}],"twitter_card":"summary_large_image","twitter_misc":{"Tiempo de lectura":"1 minuto"},"schema":{"@context":"https:\/\/schema.org","@graph":[{"@type":"WebPage","@id":"https:\/\/mcbogames.com\/index.php\/producto\/control-inalambrico-xbox-robot-blanco\/","url":"https:\/\/mcbogames.com\/index.php\/producto\/control-inalambrico-xbox-robot-blanco\/","name":"Control Inal\u00e1mbrico Xbox Robot Blanco - :: MCBO GAMES TU TIENDA FAVORITA DE TECNOLOG\u00cdA Y VIDEOJUEGOS ::","isPartOf":{"@id":"https:\/\/mcbogames.com\/#website"},"primaryImageOfPage":{"@id":"https:\/\/mcbogames.com\/index.php\/producto\/control-inalambrico-xbox-robot-blanco\/#primaryimage"},"image":{"@id":"https:\/\/mcbogames.com\/index.php\/producto\/control-inalambrico-xbox-robot-blanco\/#primaryimage"},"thumbnailUrl":"https:\/\/mcbogames.com\/wp-content\/uploads\/2022\/07\/xbox-control-blanco.jpeg","datePublished":"2022-07-04T17:34:57+00:00","dateModified":"2022-07-21T20:20:13+00:00","breadcrumb":{"@id":"https:\/\/mcbogames.com\/index.php\/producto\/control-inalambrico-xbox-robot-blanco\/#breadcrumb"},"inLanguage":"es","potentialAction":[{"@type":"ReadAction","target":["https:\/\/mcbogames.com\/index.php\/producto\/control-inalambrico-xbox-robot-blanco\/"]}]},{"@type":"ImageObject","inLanguage":"es","@id":"https:\/\/mcbogames.com\/index.php\/producto\/control-inalambrico-xbox-robot-blanco\/#primaryimage","url":"https:\/\/mcbogames.com\/wp-content\/uploads\/2022\/07\/xbox-control-blanco.jpeg","contentUrl":"https:\/\/mcbogames.com\/wp-content\/uploads\/2022\/07\/xbox-control-blanco.jpeg","width":1000,"height":1000},{"@type":"BreadcrumbList","@id":"https:\/\/mcbogames.com\/index.php\/producto\/control-inalambrico-xbox-robot-blanco\/#breadcrumb","itemListElement":[{"@type":"ListItem","position":1,"name":"Portada","item":"https:\/\/mcbogames.com\/"},{"@type":"ListItem","position":2,"name":"Shop","item":"https:\/\/mcbogames.com\/index.php\/shop\/"},{"@type":"ListItem","position":3,"name":"Control Inal\u00e1mbrico Xbox Robot Blanco"}]},{"@type":"WebSite","@id":"https:\/\/mcbogames.com\/#website","url":"https:\/\/mcbogames.com\/","name":":: MCBO GAMES TU TIENDA FAVORITA DE TECNOLOG\u00cdA Y VIDEOJUEGOS ::","description":"TIENDA ONLINE","publisher":{"@id":"https:\/\/mcbogames.com\/#organization"},"potentialAction":[{"@type":"SearchAction","target":{"@type":"EntryPoint","urlTemplate":"https:\/\/mcbogames.com\/?s={search_term_string}"},"query-input":{"@type":"PropertyValueSpecification","valueRequired":true,"valueName":"search_term_string"}}],"inLanguage":"es"},{"@type":"Organization","@id":"https:\/\/mcbogames.com\/#organization","name":"MCBO GAMES","url":"https:\/\/mcbogames.com\/","logo":{"@type":"ImageObject","inLanguage":"es","@id":"https:\/\/mcbogames.com\/#\/schema\/logo\/image\/","url":"https:\/\/mcbogames.com\/wp-content\/uploads\/2021\/12\/logo_web.png","contentUrl":"https:\/\/mcbogames.com\/wp-content\/uploads\/2021\/12\/logo_web.png","width":247,"height":223,"caption":"MCBO GAMES"},"image":{"@id":"https:\/\/mcbogames.com\/#\/schema\/logo\/image\/"}}]}},"_links":{"self":[{"href":"https:\/\/mcbogames.com\/index.php\/wp-json\/wp\/v2\/product\/7084","targetHints":{"allow":["GET"]}}],"collection":[{"href":"https:\/\/mcbogames.com\/index.php\/wp-json\/wp\/v2\/product"}],"about":[{"href":"https:\/\/mcbogames.com\/index.php\/wp-json\/wp\/v2\/types\/product"}],"wp:featuredmedia":[{"embeddable":true,"href":"https:\/\/mcbogames.com\/index.php\/wp-json\/wp\/v2\/media\/7086"}],"wp:attachment":[{"href":"https:\/\/mcbogames.com\/index.php\/wp-json\/wp\/v2\/media?parent=7084"}],"wp:term":[{"taxonomy":"product_brand","embeddable":true,"href":"https:\/\/mcbogames.com\/index.php\/wp-json\/wp\/v2\/product_brand?post=7084"},{"taxonomy":"product_cat","embeddable":true,"href":"https:\/\/mcbogames.com\/index.php\/wp-json\/wp\/v2\/product_cat?post=7084"},{"taxonomy":"product_tag","embeddable":true,"href":"https:\/\/mcbogames.com\/index.php\/wp-json\/wp\/v2\/product_tag?post=7084"}],"curies":[{"name":"wp","href":"https:\/\/api.w.org\/{rel}","templated":true}]}}