{"id":7044,"date":"2022-05-19T13:39:18","date_gmt":"2022-05-19T17:39:18","guid":{"rendered":"https:\/\/mcbogames.com\/index.php\/producto\/monitor-msi-optix-g273-27-2\/"},"modified":"2025-05-29T14:54:26","modified_gmt":"2025-05-29T18:54:26","slug":"monitor-msi-optix-g273-27-2","status":"publish","type":"product","link":"https:\/\/mcbogames.com\/index.php\/producto\/monitor-msi-optix-g273-27-2\/","title":{"rendered":"Monitor MSI Optix G273 27&#8243;"},"content":{"rendered":"<p><span>Visualiza tu victoria con el monitor de juegos para deportes electr\u00f3nicos MSI Optix G273.\u00a0<\/span><span>Equipado con un panel IPS de 1920&#215;1080, frecuencia de actualizaci\u00f3n de 165 Hz y tiempo de respuesta de 1 ms, Optix G273 le brindar\u00e1 la ventaja competitiva que necesita para derrotar a sus oponentes.\u00a0<\/span><span>Disfrute de un juego extremadamente suave y sin interrupciones con la tecnolog\u00eda compatible NVIDIA G-Sync integrada cuando se combina con una tarjeta gr\u00e1fica NVIDIA compatible.<\/span><\/p>\n<ul>\n<li><span>Panel IPS: optimice los colores y el brillo de la pantalla para mejorar su experiencia visual.<\/span><\/li>\n<li><span>Frecuencia de actualizaci\u00f3n de 165 Hz: responda m\u00e1s r\u00e1pido con fotogramas m\u00e1s suaves.<\/span><\/li>\n<li><span>Tiempo de respuesta de 1 ms: elimine el desgarro de la pantalla y las velocidades de cuadro entrecortadas<\/span><\/li>\n<li><span>Compatible con NVIDIA G-SYNC: evita que la pantalla se desgarre o se entrecorte, produciendo un juego ultra fluido y sin retrasos.<\/span><\/li>\n<li><span>Visi\u00f3n nocturna: sintonizador de negro inteligente para iluminar su d\u00eda resaltando los detalles finos en \u00e1reas oscuras.<\/span><\/li>\n<li><span>Amplia gama de colores: los colores y detalles del juego se ver\u00e1n m\u00e1s realistas y refinados.<\/span><\/li>\n<li><span>Dise\u00f1o sin marco: disfruta de la mejor experiencia de juego con biseles superestrechos.<\/span><\/li>\n<li><span>Antiparpadeo y menos luz azul: juegue durante m\u00e1s tiempo y evite el cansancio y la fatiga visual.<\/span><\/li>\n<li><span>\u00c1ngulo de visi\u00f3n amplio de 178\u00b0: los colores y los detalles permanecer\u00e1n n\u00edtidos en m\u00e1s \u00e1ngulos con un \u00e1ngulo de visi\u00f3n amplio de 178\u00b0.<\/span><\/li>\n<\/ul>\n","protected":false},"excerpt":{"rendered":"<p>Visualiza tu victoria con el monitor de juegos para deportes electr\u00f3nicos MSI Optix G273.\u00a0Equipado con un panel IPS de 1920&#215;1080, frecuencia de actualizaci\u00f3n de 165 Hz y tiempo de respuesta de 1 ms, Optix G273 le brindar\u00e1 la ventaja competitiva que necesita para derrotar a sus oponentes.\u00a0Disfrute de un juego extremadamente suave y sin interrupciones &hellip; <a href=\"https:\/\/mcbogames.com\/index.php\/producto\/monitor-msi-optix-g273-27-2\/\" class=\"more-link\">Continue reading <span class=\"screen-reader-text\">Monitor MSI Optix G273 27&#8243;<\/span><\/a><\/p>\n","protected":false},"featured_media":7069,"template":"","meta":[],"product_brand":[],"product_cat":[383,228],"product_tag":[368,346],"class_list":{"0":"post-7044","1":"product","2":"type-product","3":"status-publish","4":"has-post-thumbnail","6":"product_cat-monitor","7":"product_cat-computacion","8":"product_tag-monitor","9":"product_tag-msi","10":"yith_product_brand-msi","13":"outofstock","14":"sale","15":"sold-individually","16":"shipping-taxable","17":"purchasable","18":"product-type-simple"},"bundled_by":[],"bundle_stock_status":"outofstock","bundle_stock_quantity":null,"bundle_virtual":false,"bundle_layout":"","bundle_add_to_cart_form_location":"","bundle_editable_in_cart":false,"bundle_sold_individually_context":"","bundle_item_grouping":"","bundle_min_size":"","bundle_max_size":"","bundled_items":[],"bundle_sell_ids":[],"yoast_head":"<!-- This site is optimized with the Yoast SEO plugin v26.8 - https:\/\/yoast.com\/product\/yoast-seo-wordpress\/ -->\n<title>Monitor MSI Optix G273 27&quot; - :: MCBO GAMES TU TIENDA FAVORITA DE TECNOLOG\u00cdA Y VIDEOJUEGOS ::<\/title>\n<meta name=\"robots\" content=\"index, follow, max-snippet:-1, max-image-preview:large, max-video-preview:-1\" \/>\n<link rel=\"canonical\" href=\"https:\/\/mcbogames.com\/index.php\/producto\/monitor-msi-optix-g273-27-2\/\" \/>\n<meta property=\"og:locale\" content=\"es_ES\" \/>\n<meta property=\"og:type\" content=\"article\" \/>\n<meta property=\"og:title\" content=\"Monitor MSI Optix G273 27&quot; - :: MCBO GAMES TU TIENDA FAVORITA DE TECNOLOG\u00cdA Y VIDEOJUEGOS ::\" \/>\n<meta property=\"og:description\" content=\"Visualiza tu victoria con el monitor de juegos para deportes electr\u00f3nicos MSI Optix G273.\u00a0Equipado con un panel IPS de 1920&#215;1080, frecuencia de actualizaci\u00f3n de 165 Hz y tiempo de respuesta de 1 ms, Optix G273 le brindar\u00e1 la ventaja competitiva que necesita para derrotar a sus oponentes.\u00a0Disfrute de un juego extremadamente suave y sin interrupciones &hellip; Continue reading Monitor MSI Optix G273 27&#8243;\" \/>\n<meta property=\"og:url\" content=\"https:\/\/mcbogames.com\/index.php\/producto\/monitor-msi-optix-g273-27-2\/\" \/>\n<meta property=\"og:site_name\" content=\":: MCBO GAMES TU TIENDA FAVORITA DE TECNOLOG\u00cdA Y VIDEOJUEGOS ::\" \/>\n<meta property=\"article:modified_time\" content=\"2025-05-29T18:54:26+00:00\" \/>\n<meta property=\"og:image\" content=\"https:\/\/mcbogames.com\/wp-content\/uploads\/2022\/05\/Monitor-MSI.jpeg\" \/>\n\t<meta property=\"og:image:width\" content=\"1000\" \/>\n\t<meta property=\"og:image:height\" content=\"1000\" \/>\n\t<meta property=\"og:image:type\" content=\"image\/jpeg\" \/>\n<meta name=\"twitter:card\" content=\"summary_large_image\" \/>\n<meta name=\"twitter:label1\" content=\"Tiempo de lectura\" \/>\n\t<meta name=\"twitter:data1\" content=\"2 minutos\" \/>\n<script type=\"application\/ld+json\" class=\"yoast-schema-graph\">{\"@context\":\"https:\/\/schema.org\",\"@graph\":[{\"@type\":\"WebPage\",\"@id\":\"https:\/\/mcbogames.com\/index.php\/producto\/monitor-msi-optix-g273-27-2\/\",\"url\":\"https:\/\/mcbogames.com\/index.php\/producto\/monitor-msi-optix-g273-27-2\/\",\"name\":\"Monitor MSI Optix G273 27\\\" - :: MCBO GAMES TU TIENDA FAVORITA DE TECNOLOG\u00cdA Y VIDEOJUEGOS ::\",\"isPartOf\":{\"@id\":\"https:\/\/mcbogames.com\/#website\"},\"primaryImageOfPage\":{\"@id\":\"https:\/\/mcbogames.com\/index.php\/producto\/monitor-msi-optix-g273-27-2\/#primaryimage\"},\"image\":{\"@id\":\"https:\/\/mcbogames.com\/index.php\/producto\/monitor-msi-optix-g273-27-2\/#primaryimage\"},\"thumbnailUrl\":\"https:\/\/mcbogames.com\/wp-content\/uploads\/2022\/05\/Monitor-MSI.jpeg\",\"datePublished\":\"2022-05-19T17:39:18+00:00\",\"dateModified\":\"2025-05-29T18:54:26+00:00\",\"breadcrumb\":{\"@id\":\"https:\/\/mcbogames.com\/index.php\/producto\/monitor-msi-optix-g273-27-2\/#breadcrumb\"},\"inLanguage\":\"es\",\"potentialAction\":[{\"@type\":\"ReadAction\",\"target\":[\"https:\/\/mcbogames.com\/index.php\/producto\/monitor-msi-optix-g273-27-2\/\"]}]},{\"@type\":\"ImageObject\",\"inLanguage\":\"es\",\"@id\":\"https:\/\/mcbogames.com\/index.php\/producto\/monitor-msi-optix-g273-27-2\/#primaryimage\",\"url\":\"https:\/\/mcbogames.com\/wp-content\/uploads\/2022\/05\/Monitor-MSI.jpeg\",\"contentUrl\":\"https:\/\/mcbogames.com\/wp-content\/uploads\/2022\/05\/Monitor-MSI.jpeg\",\"width\":1000,\"height\":1000},{\"@type\":\"BreadcrumbList\",\"@id\":\"https:\/\/mcbogames.com\/index.php\/producto\/monitor-msi-optix-g273-27-2\/#breadcrumb\",\"itemListElement\":[{\"@type\":\"ListItem\",\"position\":1,\"name\":\"Portada\",\"item\":\"https:\/\/mcbogames.com\/\"},{\"@type\":\"ListItem\",\"position\":2,\"name\":\"Shop\",\"item\":\"https:\/\/mcbogames.com\/index.php\/shop\/\"},{\"@type\":\"ListItem\",\"position\":3,\"name\":\"Monitor MSI Optix G273 27&#8243;\"}]},{\"@type\":\"WebSite\",\"@id\":\"https:\/\/mcbogames.com\/#website\",\"url\":\"https:\/\/mcbogames.com\/\",\"name\":\":: MCBO GAMES TU TIENDA FAVORITA DE TECNOLOG\u00cdA Y VIDEOJUEGOS ::\",\"description\":\"TIENDA ONLINE\",\"publisher\":{\"@id\":\"https:\/\/mcbogames.com\/#organization\"},\"potentialAction\":[{\"@type\":\"SearchAction\",\"target\":{\"@type\":\"EntryPoint\",\"urlTemplate\":\"https:\/\/mcbogames.com\/?s={search_term_string}\"},\"query-input\":{\"@type\":\"PropertyValueSpecification\",\"valueRequired\":true,\"valueName\":\"search_term_string\"}}],\"inLanguage\":\"es\"},{\"@type\":\"Organization\",\"@id\":\"https:\/\/mcbogames.com\/#organization\",\"name\":\"MCBO GAMES\",\"url\":\"https:\/\/mcbogames.com\/\",\"logo\":{\"@type\":\"ImageObject\",\"inLanguage\":\"es\",\"@id\":\"https:\/\/mcbogames.com\/#\/schema\/logo\/image\/\",\"url\":\"https:\/\/mcbogames.com\/wp-content\/uploads\/2021\/12\/logo_web.png\",\"contentUrl\":\"https:\/\/mcbogames.com\/wp-content\/uploads\/2021\/12\/logo_web.png\",\"width\":247,\"height\":223,\"caption\":\"MCBO GAMES\"},\"image\":{\"@id\":\"https:\/\/mcbogames.com\/#\/schema\/logo\/image\/\"}}]}<\/script>\n<!-- \/ Yoast SEO plugin. -->","yoast_head_json":{"title":"Monitor MSI Optix G273 27\" - :: MCBO GAMES TU TIENDA FAVORITA DE TECNOLOG\u00cdA Y VIDEOJUEGOS ::","robots":{"index":"index","follow":"follow","max-snippet":"max-snippet:-1","max-image-preview":"max-image-preview:large","max-video-preview":"max-video-preview:-1"},"canonical":"https:\/\/mcbogames.com\/index.php\/producto\/monitor-msi-optix-g273-27-2\/","og_locale":"es_ES","og_type":"article","og_title":"Monitor MSI Optix G273 27\" - :: MCBO GAMES TU TIENDA FAVORITA DE TECNOLOG\u00cdA Y VIDEOJUEGOS ::","og_description":"Visualiza tu victoria con el monitor de juegos para deportes electr\u00f3nicos MSI Optix G273.\u00a0Equipado con un panel IPS de 1920&#215;1080, frecuencia de actualizaci\u00f3n de 165 Hz y tiempo de respuesta de 1 ms, Optix G273 le brindar\u00e1 la ventaja competitiva que necesita para derrotar a sus oponentes.\u00a0Disfrute de un juego extremadamente suave y sin interrupciones &hellip; Continue reading Monitor MSI Optix G273 27&#8243;","og_url":"https:\/\/mcbogames.com\/index.php\/producto\/monitor-msi-optix-g273-27-2\/","og_site_name":":: MCBO GAMES TU TIENDA FAVORITA DE TECNOLOG\u00cdA Y VIDEOJUEGOS ::","article_modified_time":"2025-05-29T18:54:26+00:00","og_image":[{"width":1000,"height":1000,"url":"https:\/\/mcbogames.com\/wp-content\/uploads\/2022\/05\/Monitor-MSI.jpeg","type":"image\/jpeg"}],"twitter_card":"summary_large_image","twitter_misc":{"Tiempo de lectura":"2 minutos"},"schema":{"@context":"https:\/\/schema.org","@graph":[{"@type":"WebPage","@id":"https:\/\/mcbogames.com\/index.php\/producto\/monitor-msi-optix-g273-27-2\/","url":"https:\/\/mcbogames.com\/index.php\/producto\/monitor-msi-optix-g273-27-2\/","name":"Monitor MSI Optix G273 27\" - :: MCBO GAMES TU TIENDA FAVORITA DE TECNOLOG\u00cdA Y VIDEOJUEGOS ::","isPartOf":{"@id":"https:\/\/mcbogames.com\/#website"},"primaryImageOfPage":{"@id":"https:\/\/mcbogames.com\/index.php\/producto\/monitor-msi-optix-g273-27-2\/#primaryimage"},"image":{"@id":"https:\/\/mcbogames.com\/index.php\/producto\/monitor-msi-optix-g273-27-2\/#primaryimage"},"thumbnailUrl":"https:\/\/mcbogames.com\/wp-content\/uploads\/2022\/05\/Monitor-MSI.jpeg","datePublished":"2022-05-19T17:39:18+00:00","dateModified":"2025-05-29T18:54:26+00:00","breadcrumb":{"@id":"https:\/\/mcbogames.com\/index.php\/producto\/monitor-msi-optix-g273-27-2\/#breadcrumb"},"inLanguage":"es","potentialAction":[{"@type":"ReadAction","target":["https:\/\/mcbogames.com\/index.php\/producto\/monitor-msi-optix-g273-27-2\/"]}]},{"@type":"ImageObject","inLanguage":"es","@id":"https:\/\/mcbogames.com\/index.php\/producto\/monitor-msi-optix-g273-27-2\/#primaryimage","url":"https:\/\/mcbogames.com\/wp-content\/uploads\/2022\/05\/Monitor-MSI.jpeg","contentUrl":"https:\/\/mcbogames.com\/wp-content\/uploads\/2022\/05\/Monitor-MSI.jpeg","width":1000,"height":1000},{"@type":"BreadcrumbList","@id":"https:\/\/mcbogames.com\/index.php\/producto\/monitor-msi-optix-g273-27-2\/#breadcrumb","itemListElement":[{"@type":"ListItem","position":1,"name":"Portada","item":"https:\/\/mcbogames.com\/"},{"@type":"ListItem","position":2,"name":"Shop","item":"https:\/\/mcbogames.com\/index.php\/shop\/"},{"@type":"ListItem","position":3,"name":"Monitor MSI Optix G273 27&#8243;"}]},{"@type":"WebSite","@id":"https:\/\/mcbogames.com\/#website","url":"https:\/\/mcbogames.com\/","name":":: MCBO GAMES TU TIENDA FAVORITA DE TECNOLOG\u00cdA Y VIDEOJUEGOS ::","description":"TIENDA ONLINE","publisher":{"@id":"https:\/\/mcbogames.com\/#organization"},"potentialAction":[{"@type":"SearchAction","target":{"@type":"EntryPoint","urlTemplate":"https:\/\/mcbogames.com\/?s={search_term_string}"},"query-input":{"@type":"PropertyValueSpecification","valueRequired":true,"valueName":"search_term_string"}}],"inLanguage":"es"},{"@type":"Organization","@id":"https:\/\/mcbogames.com\/#organization","name":"MCBO GAMES","url":"https:\/\/mcbogames.com\/","logo":{"@type":"ImageObject","inLanguage":"es","@id":"https:\/\/mcbogames.com\/#\/schema\/logo\/image\/","url":"https:\/\/mcbogames.com\/wp-content\/uploads\/2021\/12\/logo_web.png","contentUrl":"https:\/\/mcbogames.com\/wp-content\/uploads\/2021\/12\/logo_web.png","width":247,"height":223,"caption":"MCBO GAMES"},"image":{"@id":"https:\/\/mcbogames.com\/#\/schema\/logo\/image\/"}}]}},"_links":{"self":[{"href":"https:\/\/mcbogames.com\/index.php\/wp-json\/wp\/v2\/product\/7044","targetHints":{"allow":["GET"]}}],"collection":[{"href":"https:\/\/mcbogames.com\/index.php\/wp-json\/wp\/v2\/product"}],"about":[{"href":"https:\/\/mcbogames.com\/index.php\/wp-json\/wp\/v2\/types\/product"}],"wp:featuredmedia":[{"embeddable":true,"href":"https:\/\/mcbogames.com\/index.php\/wp-json\/wp\/v2\/media\/7069"}],"wp:attachment":[{"href":"https:\/\/mcbogames.com\/index.php\/wp-json\/wp\/v2\/media?parent=7044"}],"wp:term":[{"taxonomy":"product_brand","embeddable":true,"href":"https:\/\/mcbogames.com\/index.php\/wp-json\/wp\/v2\/product_brand?post=7044"},{"taxonomy":"product_cat","embeddable":true,"href":"https:\/\/mcbogames.com\/index.php\/wp-json\/wp\/v2\/product_cat?post=7044"},{"taxonomy":"product_tag","embeddable":true,"href":"https:\/\/mcbogames.com\/index.php\/wp-json\/wp\/v2\/product_tag?post=7044"}],"curies":[{"name":"wp","href":"https:\/\/api.w.org\/{rel}","templated":true}]}}