{"id":7032,"date":"2022-05-12T22:47:24","date_gmt":"2022-05-12T22:47:24","guid":{"rendered":"https:\/\/mcbogames.com\/?post_type=product&#038;p=7032"},"modified":"2022-05-21T04:37:06","modified_gmt":"2022-05-21T04:37:06","slug":"cackbird-teclado-mecanico","status":"publish","type":"product","link":"https:\/\/mcbogames.com\/index.php\/producto\/cackbird-teclado-mecanico\/","title":{"rendered":"CACKBIRD Teclado Mec\u00e1nico"},"content":{"rendered":"<ul class=\"a-unordered-list a-vertical a-spacing-mini\">\n<li>\n<h4 id=\"title\" class=\"a-size-large a-spacing-none\"><span id=\"productTitle\" class=\"a-size-large product-title-word-break\">CACKBIRD Teclado mec\u00e1nico para juegos con cable 60% Personalizaci\u00f3n LED retroiluminada, 61 teclas Mini teclado ergon\u00f3mico impermeable ultracompacto, interruptores azules intercambiables en caliente para PC\/Mac Gamer, f\u00e1cil de llevar de viaje.<\/span><\/h4>\n<\/li>\n<\/ul>\n","protected":false},"excerpt":{"rendered":"<p>CACKBIRD Teclado mec\u00e1nico para juegos con cable 60% Personalizaci\u00f3n LED retroiluminada, 61 teclas Mini teclado ergon\u00f3mico impermeable ultracompacto, interruptores azules intercambiables en caliente para PC\/Mac Gamer, f\u00e1cil de llevar de viaje.<\/p>\n","protected":false},"featured_media":7033,"template":"","meta":[],"product_brand":[],"product_cat":[271,228,226],"product_tag":[301,272],"class_list":{"0":"post-7032","1":"product","2":"type-product","3":"status-publish","4":"has-post-thumbnail","6":"product_cat-teclado","7":"product_cat-computacion","8":"product_cat-computadoras-gamer","9":"product_tag-computacion","10":"product_tag-teclado","13":"outofstock","14":"shipping-taxable","15":"purchasable","16":"product-type-simple"},"bundled_by":[],"bundle_stock_status":"outofstock","bundle_stock_quantity":0,"bundle_virtual":false,"bundle_layout":"","bundle_add_to_cart_form_location":"","bundle_editable_in_cart":false,"bundle_sold_individually_context":"","bundle_item_grouping":"","bundle_min_size":"","bundle_max_size":"","bundled_items":[],"bundle_sell_ids":[],"yoast_head":"<!-- This site is optimized with the Yoast SEO plugin v26.8 - https:\/\/yoast.com\/product\/yoast-seo-wordpress\/ -->\n<title>CACKBIRD Teclado Mec\u00e1nico - :: MCBO GAMES TU TIENDA FAVORITA DE TECNOLOG\u00cdA Y VIDEOJUEGOS ::<\/title>\n<meta name=\"robots\" content=\"index, follow, max-snippet:-1, max-image-preview:large, max-video-preview:-1\" \/>\n<link rel=\"canonical\" href=\"https:\/\/mcbogames.com\/index.php\/producto\/cackbird-teclado-mecanico\/\" \/>\n<meta property=\"og:locale\" content=\"es_ES\" \/>\n<meta property=\"og:type\" content=\"article\" \/>\n<meta property=\"og:title\" content=\"CACKBIRD Teclado Mec\u00e1nico - :: MCBO GAMES TU TIENDA FAVORITA DE TECNOLOG\u00cdA Y VIDEOJUEGOS ::\" \/>\n<meta property=\"og:description\" content=\"CACKBIRD Teclado mec\u00e1nico para juegos con cable 60% Personalizaci\u00f3n LED retroiluminada, 61 teclas Mini teclado ergon\u00f3mico impermeable ultracompacto, interruptores azules intercambiables en caliente para PC\/Mac Gamer, f\u00e1cil de llevar de viaje.\" \/>\n<meta property=\"og:url\" content=\"https:\/\/mcbogames.com\/index.php\/producto\/cackbird-teclado-mecanico\/\" \/>\n<meta property=\"og:site_name\" content=\":: MCBO GAMES TU TIENDA FAVORITA DE TECNOLOG\u00cdA Y VIDEOJUEGOS ::\" \/>\n<meta property=\"article:modified_time\" content=\"2022-05-21T04:37:06+00:00\" \/>\n<meta property=\"og:image\" content=\"https:\/\/mcbogames.com\/wp-content\/uploads\/2022\/05\/cackbird-.jpeg\" \/>\n\t<meta property=\"og:image:width\" content=\"600\" \/>\n\t<meta property=\"og:image:height\" content=\"600\" \/>\n\t<meta property=\"og:image:type\" content=\"image\/jpeg\" \/>\n<meta name=\"twitter:card\" content=\"summary_large_image\" \/>\n<meta name=\"twitter:label1\" content=\"Tiempo de lectura\" \/>\n\t<meta name=\"twitter:data1\" content=\"1 minuto\" \/>\n<script type=\"application\/ld+json\" class=\"yoast-schema-graph\">{\"@context\":\"https:\/\/schema.org\",\"@graph\":[{\"@type\":\"WebPage\",\"@id\":\"https:\/\/mcbogames.com\/index.php\/producto\/cackbird-teclado-mecanico\/\",\"url\":\"https:\/\/mcbogames.com\/index.php\/producto\/cackbird-teclado-mecanico\/\",\"name\":\"CACKBIRD Teclado Mec\u00e1nico - :: MCBO GAMES TU TIENDA FAVORITA DE TECNOLOG\u00cdA Y VIDEOJUEGOS ::\",\"isPartOf\":{\"@id\":\"https:\/\/mcbogames.com\/#website\"},\"primaryImageOfPage\":{\"@id\":\"https:\/\/mcbogames.com\/index.php\/producto\/cackbird-teclado-mecanico\/#primaryimage\"},\"image\":{\"@id\":\"https:\/\/mcbogames.com\/index.php\/producto\/cackbird-teclado-mecanico\/#primaryimage\"},\"thumbnailUrl\":\"https:\/\/mcbogames.com\/wp-content\/uploads\/2022\/05\/cackbird-.jpeg\",\"datePublished\":\"2022-05-12T22:47:24+00:00\",\"dateModified\":\"2022-05-21T04:37:06+00:00\",\"breadcrumb\":{\"@id\":\"https:\/\/mcbogames.com\/index.php\/producto\/cackbird-teclado-mecanico\/#breadcrumb\"},\"inLanguage\":\"es\",\"potentialAction\":[{\"@type\":\"ReadAction\",\"target\":[\"https:\/\/mcbogames.com\/index.php\/producto\/cackbird-teclado-mecanico\/\"]}]},{\"@type\":\"ImageObject\",\"inLanguage\":\"es\",\"@id\":\"https:\/\/mcbogames.com\/index.php\/producto\/cackbird-teclado-mecanico\/#primaryimage\",\"url\":\"https:\/\/mcbogames.com\/wp-content\/uploads\/2022\/05\/cackbird-.jpeg\",\"contentUrl\":\"https:\/\/mcbogames.com\/wp-content\/uploads\/2022\/05\/cackbird-.jpeg\",\"width\":600,\"height\":600},{\"@type\":\"BreadcrumbList\",\"@id\":\"https:\/\/mcbogames.com\/index.php\/producto\/cackbird-teclado-mecanico\/#breadcrumb\",\"itemListElement\":[{\"@type\":\"ListItem\",\"position\":1,\"name\":\"Portada\",\"item\":\"https:\/\/mcbogames.com\/\"},{\"@type\":\"ListItem\",\"position\":2,\"name\":\"Shop\",\"item\":\"https:\/\/mcbogames.com\/index.php\/shop\/\"},{\"@type\":\"ListItem\",\"position\":3,\"name\":\"CACKBIRD Teclado Mec\u00e1nico\"}]},{\"@type\":\"WebSite\",\"@id\":\"https:\/\/mcbogames.com\/#website\",\"url\":\"https:\/\/mcbogames.com\/\",\"name\":\":: MCBO GAMES TU TIENDA FAVORITA DE TECNOLOG\u00cdA Y VIDEOJUEGOS ::\",\"description\":\"TIENDA ONLINE\",\"publisher\":{\"@id\":\"https:\/\/mcbogames.com\/#organization\"},\"potentialAction\":[{\"@type\":\"SearchAction\",\"target\":{\"@type\":\"EntryPoint\",\"urlTemplate\":\"https:\/\/mcbogames.com\/?s={search_term_string}\"},\"query-input\":{\"@type\":\"PropertyValueSpecification\",\"valueRequired\":true,\"valueName\":\"search_term_string\"}}],\"inLanguage\":\"es\"},{\"@type\":\"Organization\",\"@id\":\"https:\/\/mcbogames.com\/#organization\",\"name\":\"MCBO GAMES\",\"url\":\"https:\/\/mcbogames.com\/\",\"logo\":{\"@type\":\"ImageObject\",\"inLanguage\":\"es\",\"@id\":\"https:\/\/mcbogames.com\/#\/schema\/logo\/image\/\",\"url\":\"https:\/\/mcbogames.com\/wp-content\/uploads\/2021\/12\/logo_web.png\",\"contentUrl\":\"https:\/\/mcbogames.com\/wp-content\/uploads\/2021\/12\/logo_web.png\",\"width\":247,\"height\":223,\"caption\":\"MCBO GAMES\"},\"image\":{\"@id\":\"https:\/\/mcbogames.com\/#\/schema\/logo\/image\/\"}}]}<\/script>\n<!-- \/ Yoast SEO plugin. -->","yoast_head_json":{"title":"CACKBIRD Teclado Mec\u00e1nico - :: MCBO GAMES TU TIENDA FAVORITA DE TECNOLOG\u00cdA Y VIDEOJUEGOS ::","robots":{"index":"index","follow":"follow","max-snippet":"max-snippet:-1","max-image-preview":"max-image-preview:large","max-video-preview":"max-video-preview:-1"},"canonical":"https:\/\/mcbogames.com\/index.php\/producto\/cackbird-teclado-mecanico\/","og_locale":"es_ES","og_type":"article","og_title":"CACKBIRD Teclado Mec\u00e1nico - :: MCBO GAMES TU TIENDA FAVORITA DE TECNOLOG\u00cdA Y VIDEOJUEGOS ::","og_description":"CACKBIRD Teclado mec\u00e1nico para juegos con cable 60% Personalizaci\u00f3n LED retroiluminada, 61 teclas Mini teclado ergon\u00f3mico impermeable ultracompacto, interruptores azules intercambiables en caliente para PC\/Mac Gamer, f\u00e1cil de llevar de viaje.","og_url":"https:\/\/mcbogames.com\/index.php\/producto\/cackbird-teclado-mecanico\/","og_site_name":":: MCBO GAMES TU TIENDA FAVORITA DE TECNOLOG\u00cdA Y VIDEOJUEGOS ::","article_modified_time":"2022-05-21T04:37:06+00:00","og_image":[{"width":600,"height":600,"url":"https:\/\/mcbogames.com\/wp-content\/uploads\/2022\/05\/cackbird-.jpeg","type":"image\/jpeg"}],"twitter_card":"summary_large_image","twitter_misc":{"Tiempo de lectura":"1 minuto"},"schema":{"@context":"https:\/\/schema.org","@graph":[{"@type":"WebPage","@id":"https:\/\/mcbogames.com\/index.php\/producto\/cackbird-teclado-mecanico\/","url":"https:\/\/mcbogames.com\/index.php\/producto\/cackbird-teclado-mecanico\/","name":"CACKBIRD Teclado Mec\u00e1nico - :: MCBO GAMES TU TIENDA FAVORITA DE TECNOLOG\u00cdA Y VIDEOJUEGOS ::","isPartOf":{"@id":"https:\/\/mcbogames.com\/#website"},"primaryImageOfPage":{"@id":"https:\/\/mcbogames.com\/index.php\/producto\/cackbird-teclado-mecanico\/#primaryimage"},"image":{"@id":"https:\/\/mcbogames.com\/index.php\/producto\/cackbird-teclado-mecanico\/#primaryimage"},"thumbnailUrl":"https:\/\/mcbogames.com\/wp-content\/uploads\/2022\/05\/cackbird-.jpeg","datePublished":"2022-05-12T22:47:24+00:00","dateModified":"2022-05-21T04:37:06+00:00","breadcrumb":{"@id":"https:\/\/mcbogames.com\/index.php\/producto\/cackbird-teclado-mecanico\/#breadcrumb"},"inLanguage":"es","potentialAction":[{"@type":"ReadAction","target":["https:\/\/mcbogames.com\/index.php\/producto\/cackbird-teclado-mecanico\/"]}]},{"@type":"ImageObject","inLanguage":"es","@id":"https:\/\/mcbogames.com\/index.php\/producto\/cackbird-teclado-mecanico\/#primaryimage","url":"https:\/\/mcbogames.com\/wp-content\/uploads\/2022\/05\/cackbird-.jpeg","contentUrl":"https:\/\/mcbogames.com\/wp-content\/uploads\/2022\/05\/cackbird-.jpeg","width":600,"height":600},{"@type":"BreadcrumbList","@id":"https:\/\/mcbogames.com\/index.php\/producto\/cackbird-teclado-mecanico\/#breadcrumb","itemListElement":[{"@type":"ListItem","position":1,"name":"Portada","item":"https:\/\/mcbogames.com\/"},{"@type":"ListItem","position":2,"name":"Shop","item":"https:\/\/mcbogames.com\/index.php\/shop\/"},{"@type":"ListItem","position":3,"name":"CACKBIRD Teclado Mec\u00e1nico"}]},{"@type":"WebSite","@id":"https:\/\/mcbogames.com\/#website","url":"https:\/\/mcbogames.com\/","name":":: MCBO GAMES TU TIENDA FAVORITA DE TECNOLOG\u00cdA Y VIDEOJUEGOS ::","description":"TIENDA ONLINE","publisher":{"@id":"https:\/\/mcbogames.com\/#organization"},"potentialAction":[{"@type":"SearchAction","target":{"@type":"EntryPoint","urlTemplate":"https:\/\/mcbogames.com\/?s={search_term_string}"},"query-input":{"@type":"PropertyValueSpecification","valueRequired":true,"valueName":"search_term_string"}}],"inLanguage":"es"},{"@type":"Organization","@id":"https:\/\/mcbogames.com\/#organization","name":"MCBO GAMES","url":"https:\/\/mcbogames.com\/","logo":{"@type":"ImageObject","inLanguage":"es","@id":"https:\/\/mcbogames.com\/#\/schema\/logo\/image\/","url":"https:\/\/mcbogames.com\/wp-content\/uploads\/2021\/12\/logo_web.png","contentUrl":"https:\/\/mcbogames.com\/wp-content\/uploads\/2021\/12\/logo_web.png","width":247,"height":223,"caption":"MCBO GAMES"},"image":{"@id":"https:\/\/mcbogames.com\/#\/schema\/logo\/image\/"}}]}},"_links":{"self":[{"href":"https:\/\/mcbogames.com\/index.php\/wp-json\/wp\/v2\/product\/7032","targetHints":{"allow":["GET"]}}],"collection":[{"href":"https:\/\/mcbogames.com\/index.php\/wp-json\/wp\/v2\/product"}],"about":[{"href":"https:\/\/mcbogames.com\/index.php\/wp-json\/wp\/v2\/types\/product"}],"wp:featuredmedia":[{"embeddable":true,"href":"https:\/\/mcbogames.com\/index.php\/wp-json\/wp\/v2\/media\/7033"}],"wp:attachment":[{"href":"https:\/\/mcbogames.com\/index.php\/wp-json\/wp\/v2\/media?parent=7032"}],"wp:term":[{"taxonomy":"product_brand","embeddable":true,"href":"https:\/\/mcbogames.com\/index.php\/wp-json\/wp\/v2\/product_brand?post=7032"},{"taxonomy":"product_cat","embeddable":true,"href":"https:\/\/mcbogames.com\/index.php\/wp-json\/wp\/v2\/product_cat?post=7032"},{"taxonomy":"product_tag","embeddable":true,"href":"https:\/\/mcbogames.com\/index.php\/wp-json\/wp\/v2\/product_tag?post=7032"}],"curies":[{"name":"wp","href":"https:\/\/api.w.org\/{rel}","templated":true}]}}