{"id":7022,"date":"2022-05-12T01:02:26","date_gmt":"2022-05-12T01:02:26","guid":{"rendered":"https:\/\/mcbogames.com\/?post_type=product&#038;p=7022"},"modified":"2025-05-29T15:19:25","modified_gmt":"2025-05-29T19:19:25","slug":"audifonos-gamer-msi-ds501","status":"publish","type":"product","link":"https:\/\/mcbogames.com\/index.php\/producto\/audifonos-gamer-msi-ds501\/","title":{"rendered":"Aud\u00edfonos Gamer MSI DS501"},"content":{"rendered":"<p>Parlantes de alta calidad<\/p>\n<p>DS501 est\u00e1 construido con dos auriculares grandes de 40mm para un sonido de calidad.<br \/>\nLos parlantes de alta calidad ofrecen m\u00e1s detalle en frecuencia alta, media y baja.<\/p>\n<p>Dise\u00f1o ergon\u00f3mico<\/p>\n<p>Los aud\u00edfonos DS501 GAMNING son c\u00f3modos sobre tu cabeza y orejas para sesiones de gaming extensas. Su banda totalmente ajustable y cascos cerrados aseguran un ajuste perfecto todo el tiempo.<\/p>\n<p>Reducci\u00f3n de ruido<\/p>\n<p>La funci\u00f3n mejorada de reducci\u00f3n de ruido pasiva y los protectores de gran tama\u00f1o permiten menos interferencia y son m\u00e1s c\u00f3modos, permiti\u00e9ndote enfocarte completamente en tu juego.<\/p>\n<p>Micr\u00f3fono<\/p>\n<p>El micr\u00f3fono omnidireccional ajustable no deja lugar a las fallas de comunicaci\u00f3n. Reproducci\u00f3n de audio cristalina con tonos naturales y balanceados y bajo ruido de fondo.<\/p>\n<p>Control remoto<\/p>\n<p>R\u00e1pido acceso al control de volumen, micr\u00f3fono y vibraci\u00f3n a trav\u00e9s del controlador multifunci\u00f3n.<\/p>\n","protected":false},"excerpt":{"rendered":"<p>Parlantes de alta calidad DS501 est\u00e1 construido con dos auriculares grandes de 40mm para un sonido de calidad. Los parlantes de alta calidad ofrecen m\u00e1s detalle en frecuencia alta, media y baja. Dise\u00f1o ergon\u00f3mico Los aud\u00edfonos DS501 GAMNING son c\u00f3modos sobre tu cabeza y orejas para sesiones de gaming extensas. Su banda totalmente ajustable y &hellip; <a href=\"https:\/\/mcbogames.com\/index.php\/producto\/audifonos-gamer-msi-ds501\/\" class=\"more-link\">Continue reading <span class=\"screen-reader-text\">Aud\u00edfonos Gamer MSI DS501<\/span><\/a><\/p>\n","protected":false},"featured_media":7024,"template":"","meta":[],"product_brand":[],"product_cat":[313,226],"product_tag":[396,280,346],"class_list":{"0":"post-7022","1":"product","2":"type-product","3":"status-publish","4":"has-post-thumbnail","6":"product_cat-auriculares","7":"product_cat-computadoras-gamer","8":"product_tag-audifonos","9":"product_tag-gaming","10":"product_tag-msi","11":"yith_product_brand-msi","14":"outofstock","15":"shipping-taxable","16":"purchasable","17":"product-type-simple"},"bundled_by":[],"bundle_stock_status":"outofstock","bundle_stock_quantity":0,"bundle_virtual":false,"bundle_layout":"","bundle_add_to_cart_form_location":"","bundle_editable_in_cart":false,"bundle_sold_individually_context":"","bundle_item_grouping":"","bundle_min_size":"","bundle_max_size":"","bundled_items":[],"bundle_sell_ids":[],"yoast_head":"<!-- This site is optimized with the Yoast SEO plugin v26.8 - https:\/\/yoast.com\/product\/yoast-seo-wordpress\/ -->\n<title>Aud\u00edfonos Gamer MSI DS501 - :: MCBO GAMES TU TIENDA FAVORITA DE TECNOLOG\u00cdA Y VIDEOJUEGOS ::<\/title>\n<meta name=\"robots\" content=\"index, follow, max-snippet:-1, max-image-preview:large, max-video-preview:-1\" \/>\n<link rel=\"canonical\" href=\"https:\/\/mcbogames.com\/index.php\/producto\/audifonos-gamer-msi-ds501\/\" \/>\n<meta property=\"og:locale\" content=\"es_ES\" \/>\n<meta property=\"og:type\" content=\"article\" \/>\n<meta property=\"og:title\" content=\"Aud\u00edfonos Gamer MSI DS501 - :: MCBO GAMES TU TIENDA FAVORITA DE TECNOLOG\u00cdA Y VIDEOJUEGOS ::\" \/>\n<meta property=\"og:description\" content=\"Parlantes de alta calidad DS501 est\u00e1 construido con dos auriculares grandes de 40mm para un sonido de calidad. Los parlantes de alta calidad ofrecen m\u00e1s detalle en frecuencia alta, media y baja. Dise\u00f1o ergon\u00f3mico Los aud\u00edfonos DS501 GAMNING son c\u00f3modos sobre tu cabeza y orejas para sesiones de gaming extensas. Su banda totalmente ajustable y &hellip; Continue reading Aud\u00edfonos Gamer MSI DS501\" \/>\n<meta property=\"og:url\" content=\"https:\/\/mcbogames.com\/index.php\/producto\/audifonos-gamer-msi-ds501\/\" \/>\n<meta property=\"og:site_name\" content=\":: MCBO GAMES TU TIENDA FAVORITA DE TECNOLOG\u00cdA Y VIDEOJUEGOS ::\" \/>\n<meta property=\"article:modified_time\" content=\"2025-05-29T19:19:25+00:00\" \/>\n<meta property=\"og:image\" content=\"https:\/\/mcbogames.com\/wp-content\/uploads\/2022\/05\/MSIRED-2.jpeg\" \/>\n\t<meta property=\"og:image:width\" content=\"1000\" \/>\n\t<meta property=\"og:image:height\" content=\"1000\" \/>\n\t<meta property=\"og:image:type\" content=\"image\/jpeg\" \/>\n<meta name=\"twitter:card\" content=\"summary_large_image\" \/>\n<meta name=\"twitter:label1\" content=\"Tiempo de lectura\" \/>\n\t<meta name=\"twitter:data1\" content=\"1 minuto\" \/>\n<script type=\"application\/ld+json\" class=\"yoast-schema-graph\">{\"@context\":\"https:\/\/schema.org\",\"@graph\":[{\"@type\":\"WebPage\",\"@id\":\"https:\/\/mcbogames.com\/index.php\/producto\/audifonos-gamer-msi-ds501\/\",\"url\":\"https:\/\/mcbogames.com\/index.php\/producto\/audifonos-gamer-msi-ds501\/\",\"name\":\"Aud\u00edfonos Gamer MSI DS501 - :: MCBO GAMES TU TIENDA FAVORITA DE TECNOLOG\u00cdA Y VIDEOJUEGOS ::\",\"isPartOf\":{\"@id\":\"https:\/\/mcbogames.com\/#website\"},\"primaryImageOfPage\":{\"@id\":\"https:\/\/mcbogames.com\/index.php\/producto\/audifonos-gamer-msi-ds501\/#primaryimage\"},\"image\":{\"@id\":\"https:\/\/mcbogames.com\/index.php\/producto\/audifonos-gamer-msi-ds501\/#primaryimage\"},\"thumbnailUrl\":\"https:\/\/mcbogames.com\/wp-content\/uploads\/2022\/05\/MSIRED-2.jpeg\",\"datePublished\":\"2022-05-12T01:02:26+00:00\",\"dateModified\":\"2025-05-29T19:19:25+00:00\",\"breadcrumb\":{\"@id\":\"https:\/\/mcbogames.com\/index.php\/producto\/audifonos-gamer-msi-ds501\/#breadcrumb\"},\"inLanguage\":\"es\",\"potentialAction\":[{\"@type\":\"ReadAction\",\"target\":[\"https:\/\/mcbogames.com\/index.php\/producto\/audifonos-gamer-msi-ds501\/\"]}]},{\"@type\":\"ImageObject\",\"inLanguage\":\"es\",\"@id\":\"https:\/\/mcbogames.com\/index.php\/producto\/audifonos-gamer-msi-ds501\/#primaryimage\",\"url\":\"https:\/\/mcbogames.com\/wp-content\/uploads\/2022\/05\/MSIRED-2.jpeg\",\"contentUrl\":\"https:\/\/mcbogames.com\/wp-content\/uploads\/2022\/05\/MSIRED-2.jpeg\",\"width\":1000,\"height\":1000},{\"@type\":\"BreadcrumbList\",\"@id\":\"https:\/\/mcbogames.com\/index.php\/producto\/audifonos-gamer-msi-ds501\/#breadcrumb\",\"itemListElement\":[{\"@type\":\"ListItem\",\"position\":1,\"name\":\"Portada\",\"item\":\"https:\/\/mcbogames.com\/\"},{\"@type\":\"ListItem\",\"position\":2,\"name\":\"Shop\",\"item\":\"https:\/\/mcbogames.com\/index.php\/shop\/\"},{\"@type\":\"ListItem\",\"position\":3,\"name\":\"Aud\u00edfonos Gamer MSI DS501\"}]},{\"@type\":\"WebSite\",\"@id\":\"https:\/\/mcbogames.com\/#website\",\"url\":\"https:\/\/mcbogames.com\/\",\"name\":\":: MCBO GAMES TU TIENDA FAVORITA DE TECNOLOG\u00cdA Y VIDEOJUEGOS ::\",\"description\":\"TIENDA ONLINE\",\"publisher\":{\"@id\":\"https:\/\/mcbogames.com\/#organization\"},\"potentialAction\":[{\"@type\":\"SearchAction\",\"target\":{\"@type\":\"EntryPoint\",\"urlTemplate\":\"https:\/\/mcbogames.com\/?s={search_term_string}\"},\"query-input\":{\"@type\":\"PropertyValueSpecification\",\"valueRequired\":true,\"valueName\":\"search_term_string\"}}],\"inLanguage\":\"es\"},{\"@type\":\"Organization\",\"@id\":\"https:\/\/mcbogames.com\/#organization\",\"name\":\"MCBO GAMES\",\"url\":\"https:\/\/mcbogames.com\/\",\"logo\":{\"@type\":\"ImageObject\",\"inLanguage\":\"es\",\"@id\":\"https:\/\/mcbogames.com\/#\/schema\/logo\/image\/\",\"url\":\"https:\/\/mcbogames.com\/wp-content\/uploads\/2021\/12\/logo_web.png\",\"contentUrl\":\"https:\/\/mcbogames.com\/wp-content\/uploads\/2021\/12\/logo_web.png\",\"width\":247,\"height\":223,\"caption\":\"MCBO GAMES\"},\"image\":{\"@id\":\"https:\/\/mcbogames.com\/#\/schema\/logo\/image\/\"}}]}<\/script>\n<!-- \/ Yoast SEO plugin. -->","yoast_head_json":{"title":"Aud\u00edfonos Gamer MSI DS501 - :: MCBO GAMES TU TIENDA FAVORITA DE TECNOLOG\u00cdA Y VIDEOJUEGOS ::","robots":{"index":"index","follow":"follow","max-snippet":"max-snippet:-1","max-image-preview":"max-image-preview:large","max-video-preview":"max-video-preview:-1"},"canonical":"https:\/\/mcbogames.com\/index.php\/producto\/audifonos-gamer-msi-ds501\/","og_locale":"es_ES","og_type":"article","og_title":"Aud\u00edfonos Gamer MSI DS501 - :: MCBO GAMES TU TIENDA FAVORITA DE TECNOLOG\u00cdA Y VIDEOJUEGOS ::","og_description":"Parlantes de alta calidad DS501 est\u00e1 construido con dos auriculares grandes de 40mm para un sonido de calidad. Los parlantes de alta calidad ofrecen m\u00e1s detalle en frecuencia alta, media y baja. Dise\u00f1o ergon\u00f3mico Los aud\u00edfonos DS501 GAMNING son c\u00f3modos sobre tu cabeza y orejas para sesiones de gaming extensas. Su banda totalmente ajustable y &hellip; Continue reading Aud\u00edfonos Gamer MSI DS501","og_url":"https:\/\/mcbogames.com\/index.php\/producto\/audifonos-gamer-msi-ds501\/","og_site_name":":: MCBO GAMES TU TIENDA FAVORITA DE TECNOLOG\u00cdA Y VIDEOJUEGOS ::","article_modified_time":"2025-05-29T19:19:25+00:00","og_image":[{"width":1000,"height":1000,"url":"https:\/\/mcbogames.com\/wp-content\/uploads\/2022\/05\/MSIRED-2.jpeg","type":"image\/jpeg"}],"twitter_card":"summary_large_image","twitter_misc":{"Tiempo de lectura":"1 minuto"},"schema":{"@context":"https:\/\/schema.org","@graph":[{"@type":"WebPage","@id":"https:\/\/mcbogames.com\/index.php\/producto\/audifonos-gamer-msi-ds501\/","url":"https:\/\/mcbogames.com\/index.php\/producto\/audifonos-gamer-msi-ds501\/","name":"Aud\u00edfonos Gamer MSI DS501 - :: MCBO GAMES TU TIENDA FAVORITA DE TECNOLOG\u00cdA Y VIDEOJUEGOS ::","isPartOf":{"@id":"https:\/\/mcbogames.com\/#website"},"primaryImageOfPage":{"@id":"https:\/\/mcbogames.com\/index.php\/producto\/audifonos-gamer-msi-ds501\/#primaryimage"},"image":{"@id":"https:\/\/mcbogames.com\/index.php\/producto\/audifonos-gamer-msi-ds501\/#primaryimage"},"thumbnailUrl":"https:\/\/mcbogames.com\/wp-content\/uploads\/2022\/05\/MSIRED-2.jpeg","datePublished":"2022-05-12T01:02:26+00:00","dateModified":"2025-05-29T19:19:25+00:00","breadcrumb":{"@id":"https:\/\/mcbogames.com\/index.php\/producto\/audifonos-gamer-msi-ds501\/#breadcrumb"},"inLanguage":"es","potentialAction":[{"@type":"ReadAction","target":["https:\/\/mcbogames.com\/index.php\/producto\/audifonos-gamer-msi-ds501\/"]}]},{"@type":"ImageObject","inLanguage":"es","@id":"https:\/\/mcbogames.com\/index.php\/producto\/audifonos-gamer-msi-ds501\/#primaryimage","url":"https:\/\/mcbogames.com\/wp-content\/uploads\/2022\/05\/MSIRED-2.jpeg","contentUrl":"https:\/\/mcbogames.com\/wp-content\/uploads\/2022\/05\/MSIRED-2.jpeg","width":1000,"height":1000},{"@type":"BreadcrumbList","@id":"https:\/\/mcbogames.com\/index.php\/producto\/audifonos-gamer-msi-ds501\/#breadcrumb","itemListElement":[{"@type":"ListItem","position":1,"name":"Portada","item":"https:\/\/mcbogames.com\/"},{"@type":"ListItem","position":2,"name":"Shop","item":"https:\/\/mcbogames.com\/index.php\/shop\/"},{"@type":"ListItem","position":3,"name":"Aud\u00edfonos Gamer MSI DS501"}]},{"@type":"WebSite","@id":"https:\/\/mcbogames.com\/#website","url":"https:\/\/mcbogames.com\/","name":":: MCBO GAMES TU TIENDA FAVORITA DE TECNOLOG\u00cdA Y VIDEOJUEGOS ::","description":"TIENDA ONLINE","publisher":{"@id":"https:\/\/mcbogames.com\/#organization"},"potentialAction":[{"@type":"SearchAction","target":{"@type":"EntryPoint","urlTemplate":"https:\/\/mcbogames.com\/?s={search_term_string}"},"query-input":{"@type":"PropertyValueSpecification","valueRequired":true,"valueName":"search_term_string"}}],"inLanguage":"es"},{"@type":"Organization","@id":"https:\/\/mcbogames.com\/#organization","name":"MCBO GAMES","url":"https:\/\/mcbogames.com\/","logo":{"@type":"ImageObject","inLanguage":"es","@id":"https:\/\/mcbogames.com\/#\/schema\/logo\/image\/","url":"https:\/\/mcbogames.com\/wp-content\/uploads\/2021\/12\/logo_web.png","contentUrl":"https:\/\/mcbogames.com\/wp-content\/uploads\/2021\/12\/logo_web.png","width":247,"height":223,"caption":"MCBO GAMES"},"image":{"@id":"https:\/\/mcbogames.com\/#\/schema\/logo\/image\/"}}]}},"_links":{"self":[{"href":"https:\/\/mcbogames.com\/index.php\/wp-json\/wp\/v2\/product\/7022","targetHints":{"allow":["GET"]}}],"collection":[{"href":"https:\/\/mcbogames.com\/index.php\/wp-json\/wp\/v2\/product"}],"about":[{"href":"https:\/\/mcbogames.com\/index.php\/wp-json\/wp\/v2\/types\/product"}],"wp:featuredmedia":[{"embeddable":true,"href":"https:\/\/mcbogames.com\/index.php\/wp-json\/wp\/v2\/media\/7024"}],"wp:attachment":[{"href":"https:\/\/mcbogames.com\/index.php\/wp-json\/wp\/v2\/media?parent=7022"}],"wp:term":[{"taxonomy":"product_brand","embeddable":true,"href":"https:\/\/mcbogames.com\/index.php\/wp-json\/wp\/v2\/product_brand?post=7022"},{"taxonomy":"product_cat","embeddable":true,"href":"https:\/\/mcbogames.com\/index.php\/wp-json\/wp\/v2\/product_cat?post=7022"},{"taxonomy":"product_tag","embeddable":true,"href":"https:\/\/mcbogames.com\/index.php\/wp-json\/wp\/v2\/product_tag?post=7022"}],"curies":[{"name":"wp","href":"https:\/\/api.w.org\/{rel}","templated":true}]}}