{"id":6976,"date":"2022-04-26T16:41:16","date_gmt":"2022-04-26T16:41:16","guid":{"rendered":"https:\/\/mcbogames.com\/?post_type=product&#038;p=6976"},"modified":"2022-08-03T19:04:54","modified_gmt":"2022-08-03T23:04:54","slug":"disco-duro-extern-portable-2-tb","status":"publish","type":"product","link":"https:\/\/mcbogames.com\/index.php\/producto\/disco-duro-extern-portable-2-tb\/","title":{"rendered":"Disco Duro Externo Toshiba 2TB"},"content":{"rendered":"<p>Disco duro externo port\u00e1til TOSHIBA CANVIO BASICS 2TB (HDTB420) m\u00e1s delgado y curvado, 2.5&#8243; en carcasa compacta acabado en color negro mate, 2TB de capacidad de almacenamiento \u00e0ra todo tipo de archivos, interfaz SuperSpeed USB 3.0 compatible con USB 2.0, alimentaci\u00f3n a trav\u00e9s de puerto USB, funcionamiento sencillo plug-and-play conectar y empezar a utilizar para su uso con Microsoft Windows (<strong><em>NO<\/em><\/strong><em>\u00a0compatible con sistema MacOS<\/em>) sin instalaci\u00f3n de software lo que permite recopilar contenido de forma \u00e1gil y llevarlo a cualquier lado, r\u00e1pida velocidad de transferencia con hasta 5Gbps.<br \/>\nEl disco duro externo TOSHIBA CANVIO BASICS combina dise\u00f1o y funcionalidad, ofreci\u00e9ndote almacenamiento de alta capacidad, backup sencillo y seguridad de confianza con formato delgado y elegante.<\/p>\n","protected":false},"excerpt":{"rendered":"<p>Disco duro externo port\u00e1til TOSHIBA CANVIO BASICS 2TB (HDTB420) m\u00e1s delgado y curvado, 2.5&#8243; en carcasa compacta acabado en color negro mate, 2TB de capacidad de almacenamiento \u00e0ra todo tipo de archivos, interfaz SuperSpeed USB 3.0 compatible con USB 2.0, alimentaci\u00f3n a trav\u00e9s de puerto USB, funcionamiento sencillo plug-and-play conectar y empezar a utilizar para &hellip; <a href=\"https:\/\/mcbogames.com\/index.php\/producto\/disco-duro-extern-portable-2-tb\/\" class=\"more-link\">Continue reading <span class=\"screen-reader-text\">Disco Duro Externo Toshiba 2TB<\/span><\/a><\/p>\n","protected":false},"featured_media":6978,"template":"","meta":[],"product_brand":[],"product_cat":[228,236],"product_tag":[300,386],"class_list":{"0":"post-6976","1":"product","2":"type-product","3":"status-publish","4":"has-post-thumbnail","6":"product_cat-computacion","7":"product_cat-accesorios","8":"product_tag-discoduro","9":"product_tag-toshiba","10":"yith_product_brand-toshiba","13":"outofstock","14":"shipping-taxable","15":"purchasable","16":"product-type-simple"},"bundled_by":[],"bundle_stock_status":"outofstock","bundle_stock_quantity":0,"bundle_virtual":false,"bundle_layout":"","bundle_add_to_cart_form_location":"","bundle_editable_in_cart":false,"bundle_sold_individually_context":"","bundle_item_grouping":"","bundle_min_size":"","bundle_max_size":"","bundled_items":[],"bundle_sell_ids":[],"yoast_head":"<!-- This site is optimized with the Yoast SEO plugin v26.8 - https:\/\/yoast.com\/product\/yoast-seo-wordpress\/ -->\n<title>Disco Duro Externo Toshiba 2TB - :: MCBO GAMES TU TIENDA FAVORITA DE TECNOLOG\u00cdA Y VIDEOJUEGOS ::<\/title>\n<meta name=\"description\" content=\"Disco duro externo port\u00e1til TOSHIBA CANVIO BASICS 2TB (HDTB420) m\u00e1s delgado y curvado, 2.5&quot; en carcasa compacta acabado en color negro mate, 2TB de capacidad de almacenamiento \u00e0ra todo tipo de archivos, interfaz SuperSpeed USB 3.0 compatible con USB 2.0, alimentaci\u00f3n a trav\u00e9s de puerto USB, funcionamiento sencillo plug-and-play conectar y empezar a utilizar para su uso con Microsoft Windows (NO compatible con sistema MacOS) sin instalaci\u00f3n de software lo que permite recopilar contenido de forma \u00e1gil y llevarlo a cualquier lado, r\u00e1pida velocidad de transferencia con hasta 5Gbps.El disco duro externo TOSHIBA CANVIO BASICS combina dise\u00f1o y funcionalidad, ofreci\u00e9ndote almacenamiento de alta capacidad, backup sencillo y seguridad de confianza con formato delgado y elegante.\" \/>\n<meta name=\"robots\" content=\"index, follow, max-snippet:-1, max-image-preview:large, max-video-preview:-1\" \/>\n<link rel=\"canonical\" href=\"https:\/\/mcbogames.com\/index.php\/producto\/disco-duro-extern-portable-2-tb\/\" \/>\n<meta property=\"og:locale\" content=\"es_ES\" \/>\n<meta property=\"og:type\" content=\"article\" \/>\n<meta property=\"og:title\" content=\"Disco Duro Externo Toshiba 2TB - :: MCBO GAMES TU TIENDA FAVORITA DE TECNOLOG\u00cdA Y VIDEOJUEGOS ::\" \/>\n<meta property=\"og:description\" content=\"Disco duro externo port\u00e1til TOSHIBA CANVIO BASICS 2TB (HDTB420) m\u00e1s delgado y curvado, 2.5&quot; en carcasa compacta acabado en color negro mate, 2TB de capacidad de almacenamiento \u00e0ra todo tipo de archivos, interfaz SuperSpeed USB 3.0 compatible con USB 2.0, alimentaci\u00f3n a trav\u00e9s de puerto USB, funcionamiento sencillo plug-and-play conectar y empezar a utilizar para su uso con Microsoft Windows (NO compatible con sistema MacOS) sin instalaci\u00f3n de software lo que permite recopilar contenido de forma \u00e1gil y llevarlo a cualquier lado, r\u00e1pida velocidad de transferencia con hasta 5Gbps.El disco duro externo TOSHIBA CANVIO BASICS combina dise\u00f1o y funcionalidad, ofreci\u00e9ndote almacenamiento de alta capacidad, backup sencillo y seguridad de confianza con formato delgado y elegante.\" \/>\n<meta property=\"og:url\" content=\"https:\/\/mcbogames.com\/index.php\/producto\/disco-duro-extern-portable-2-tb\/\" \/>\n<meta property=\"og:site_name\" content=\":: MCBO GAMES TU TIENDA FAVORITA DE TECNOLOG\u00cdA Y VIDEOJUEGOS ::\" \/>\n<meta property=\"article:modified_time\" content=\"2022-08-03T23:04:54+00:00\" \/>\n<meta property=\"og:image\" content=\"https:\/\/mcbogames.com\/wp-content\/uploads\/2022\/04\/DiscoD-Toshiba-2tb.jpeg\" \/>\n\t<meta property=\"og:image:width\" content=\"600\" \/>\n\t<meta property=\"og:image:height\" content=\"600\" \/>\n\t<meta property=\"og:image:type\" content=\"image\/jpeg\" \/>\n<meta name=\"twitter:card\" content=\"summary_large_image\" \/>\n<meta name=\"twitter:label1\" content=\"Tiempo de lectura\" \/>\n\t<meta name=\"twitter:data1\" content=\"1 minuto\" \/>\n<script type=\"application\/ld+json\" class=\"yoast-schema-graph\">{\"@context\":\"https:\/\/schema.org\",\"@graph\":[{\"@type\":\"WebPage\",\"@id\":\"https:\/\/mcbogames.com\/index.php\/producto\/disco-duro-extern-portable-2-tb\/\",\"url\":\"https:\/\/mcbogames.com\/index.php\/producto\/disco-duro-extern-portable-2-tb\/\",\"name\":\"Disco Duro Externo Toshiba 2TB - :: MCBO GAMES TU TIENDA FAVORITA DE TECNOLOG\u00cdA Y VIDEOJUEGOS ::\",\"isPartOf\":{\"@id\":\"https:\/\/mcbogames.com\/#website\"},\"primaryImageOfPage\":{\"@id\":\"https:\/\/mcbogames.com\/index.php\/producto\/disco-duro-extern-portable-2-tb\/#primaryimage\"},\"image\":{\"@id\":\"https:\/\/mcbogames.com\/index.php\/producto\/disco-duro-extern-portable-2-tb\/#primaryimage\"},\"thumbnailUrl\":\"https:\/\/mcbogames.com\/wp-content\/uploads\/2022\/04\/DiscoD-Toshiba-2tb.jpeg\",\"datePublished\":\"2022-04-26T16:41:16+00:00\",\"dateModified\":\"2022-08-03T23:04:54+00:00\",\"description\":\"Disco duro externo port\u00e1til TOSHIBA CANVIO BASICS 2TB (HDTB420) m\u00e1s delgado y curvado, 2.5\\\" en carcasa compacta acabado en color negro mate, 2TB de capacidad de almacenamiento \u00e0ra todo tipo de archivos, interfaz SuperSpeed USB 3.0 compatible con USB 2.0, alimentaci\u00f3n a trav\u00e9s de puerto USB, funcionamiento sencillo plug-and-play conectar y empezar a utilizar para su uso con Microsoft Windows (NO compatible con sistema MacOS) sin instalaci\u00f3n de software lo que permite recopilar contenido de forma \u00e1gil y llevarlo a cualquier lado, r\u00e1pida velocidad de transferencia con hasta 5Gbps.El disco duro externo TOSHIBA CANVIO BASICS combina dise\u00f1o y funcionalidad, ofreci\u00e9ndote almacenamiento de alta capacidad, backup sencillo y seguridad de confianza con formato delgado y elegante.\",\"breadcrumb\":{\"@id\":\"https:\/\/mcbogames.com\/index.php\/producto\/disco-duro-extern-portable-2-tb\/#breadcrumb\"},\"inLanguage\":\"es\",\"potentialAction\":[{\"@type\":\"ReadAction\",\"target\":[\"https:\/\/mcbogames.com\/index.php\/producto\/disco-duro-extern-portable-2-tb\/\"]}]},{\"@type\":\"ImageObject\",\"inLanguage\":\"es\",\"@id\":\"https:\/\/mcbogames.com\/index.php\/producto\/disco-duro-extern-portable-2-tb\/#primaryimage\",\"url\":\"https:\/\/mcbogames.com\/wp-content\/uploads\/2022\/04\/DiscoD-Toshiba-2tb.jpeg\",\"contentUrl\":\"https:\/\/mcbogames.com\/wp-content\/uploads\/2022\/04\/DiscoD-Toshiba-2tb.jpeg\",\"width\":600,\"height\":600},{\"@type\":\"BreadcrumbList\",\"@id\":\"https:\/\/mcbogames.com\/index.php\/producto\/disco-duro-extern-portable-2-tb\/#breadcrumb\",\"itemListElement\":[{\"@type\":\"ListItem\",\"position\":1,\"name\":\"Portada\",\"item\":\"https:\/\/mcbogames.com\/\"},{\"@type\":\"ListItem\",\"position\":2,\"name\":\"Shop\",\"item\":\"https:\/\/mcbogames.com\/index.php\/shop\/\"},{\"@type\":\"ListItem\",\"position\":3,\"name\":\"Disco Duro Externo Toshiba 2TB\"}]},{\"@type\":\"WebSite\",\"@id\":\"https:\/\/mcbogames.com\/#website\",\"url\":\"https:\/\/mcbogames.com\/\",\"name\":\":: MCBO GAMES TU TIENDA FAVORITA DE TECNOLOG\u00cdA Y VIDEOJUEGOS ::\",\"description\":\"TIENDA ONLINE\",\"publisher\":{\"@id\":\"https:\/\/mcbogames.com\/#organization\"},\"potentialAction\":[{\"@type\":\"SearchAction\",\"target\":{\"@type\":\"EntryPoint\",\"urlTemplate\":\"https:\/\/mcbogames.com\/?s={search_term_string}\"},\"query-input\":{\"@type\":\"PropertyValueSpecification\",\"valueRequired\":true,\"valueName\":\"search_term_string\"}}],\"inLanguage\":\"es\"},{\"@type\":\"Organization\",\"@id\":\"https:\/\/mcbogames.com\/#organization\",\"name\":\"MCBO GAMES\",\"url\":\"https:\/\/mcbogames.com\/\",\"logo\":{\"@type\":\"ImageObject\",\"inLanguage\":\"es\",\"@id\":\"https:\/\/mcbogames.com\/#\/schema\/logo\/image\/\",\"url\":\"https:\/\/mcbogames.com\/wp-content\/uploads\/2021\/12\/logo_web.png\",\"contentUrl\":\"https:\/\/mcbogames.com\/wp-content\/uploads\/2021\/12\/logo_web.png\",\"width\":247,\"height\":223,\"caption\":\"MCBO GAMES\"},\"image\":{\"@id\":\"https:\/\/mcbogames.com\/#\/schema\/logo\/image\/\"}}]}<\/script>\n<!-- \/ Yoast SEO plugin. -->","yoast_head_json":{"title":"Disco Duro Externo Toshiba 2TB - :: MCBO GAMES TU TIENDA FAVORITA DE TECNOLOG\u00cdA Y VIDEOJUEGOS ::","description":"Disco duro externo port\u00e1til TOSHIBA CANVIO BASICS 2TB (HDTB420) m\u00e1s delgado y curvado, 2.5\" en carcasa compacta acabado en color negro mate, 2TB de capacidad de almacenamiento \u00e0ra todo tipo de archivos, interfaz SuperSpeed USB 3.0 compatible con USB 2.0, alimentaci\u00f3n a trav\u00e9s de puerto USB, funcionamiento sencillo plug-and-play conectar y empezar a utilizar para su uso con Microsoft Windows (NO compatible con sistema MacOS) sin instalaci\u00f3n de software lo que permite recopilar contenido de forma \u00e1gil y llevarlo a cualquier lado, r\u00e1pida velocidad de transferencia con hasta 5Gbps.El disco duro externo TOSHIBA CANVIO BASICS combina dise\u00f1o y funcionalidad, ofreci\u00e9ndote almacenamiento de alta capacidad, backup sencillo y seguridad de confianza con formato delgado y elegante.","robots":{"index":"index","follow":"follow","max-snippet":"max-snippet:-1","max-image-preview":"max-image-preview:large","max-video-preview":"max-video-preview:-1"},"canonical":"https:\/\/mcbogames.com\/index.php\/producto\/disco-duro-extern-portable-2-tb\/","og_locale":"es_ES","og_type":"article","og_title":"Disco Duro Externo Toshiba 2TB - :: MCBO GAMES TU TIENDA FAVORITA DE TECNOLOG\u00cdA Y VIDEOJUEGOS ::","og_description":"Disco duro externo port\u00e1til TOSHIBA CANVIO BASICS 2TB (HDTB420) m\u00e1s delgado y curvado, 2.5\" en carcasa compacta acabado en color negro mate, 2TB de capacidad de almacenamiento \u00e0ra todo tipo de archivos, interfaz SuperSpeed USB 3.0 compatible con USB 2.0, alimentaci\u00f3n a trav\u00e9s de puerto USB, funcionamiento sencillo plug-and-play conectar y empezar a utilizar para su uso con Microsoft Windows (NO compatible con sistema MacOS) sin instalaci\u00f3n de software lo que permite recopilar contenido de forma \u00e1gil y llevarlo a cualquier lado, r\u00e1pida velocidad de transferencia con hasta 5Gbps.El disco duro externo TOSHIBA CANVIO BASICS combina dise\u00f1o y funcionalidad, ofreci\u00e9ndote almacenamiento de alta capacidad, backup sencillo y seguridad de confianza con formato delgado y elegante.","og_url":"https:\/\/mcbogames.com\/index.php\/producto\/disco-duro-extern-portable-2-tb\/","og_site_name":":: MCBO GAMES TU TIENDA FAVORITA DE TECNOLOG\u00cdA Y VIDEOJUEGOS ::","article_modified_time":"2022-08-03T23:04:54+00:00","og_image":[{"width":600,"height":600,"url":"https:\/\/mcbogames.com\/wp-content\/uploads\/2022\/04\/DiscoD-Toshiba-2tb.jpeg","type":"image\/jpeg"}],"twitter_card":"summary_large_image","twitter_misc":{"Tiempo de lectura":"1 minuto"},"schema":{"@context":"https:\/\/schema.org","@graph":[{"@type":"WebPage","@id":"https:\/\/mcbogames.com\/index.php\/producto\/disco-duro-extern-portable-2-tb\/","url":"https:\/\/mcbogames.com\/index.php\/producto\/disco-duro-extern-portable-2-tb\/","name":"Disco Duro Externo Toshiba 2TB - :: MCBO GAMES TU TIENDA FAVORITA DE TECNOLOG\u00cdA Y VIDEOJUEGOS ::","isPartOf":{"@id":"https:\/\/mcbogames.com\/#website"},"primaryImageOfPage":{"@id":"https:\/\/mcbogames.com\/index.php\/producto\/disco-duro-extern-portable-2-tb\/#primaryimage"},"image":{"@id":"https:\/\/mcbogames.com\/index.php\/producto\/disco-duro-extern-portable-2-tb\/#primaryimage"},"thumbnailUrl":"https:\/\/mcbogames.com\/wp-content\/uploads\/2022\/04\/DiscoD-Toshiba-2tb.jpeg","datePublished":"2022-04-26T16:41:16+00:00","dateModified":"2022-08-03T23:04:54+00:00","description":"Disco duro externo port\u00e1til TOSHIBA CANVIO BASICS 2TB (HDTB420) m\u00e1s delgado y curvado, 2.5\" en carcasa compacta acabado en color negro mate, 2TB de capacidad de almacenamiento \u00e0ra todo tipo de archivos, interfaz SuperSpeed USB 3.0 compatible con USB 2.0, alimentaci\u00f3n a trav\u00e9s de puerto USB, funcionamiento sencillo plug-and-play conectar y empezar a utilizar para su uso con Microsoft Windows (NO compatible con sistema MacOS) sin instalaci\u00f3n de software lo que permite recopilar contenido de forma \u00e1gil y llevarlo a cualquier lado, r\u00e1pida velocidad de transferencia con hasta 5Gbps.El disco duro externo TOSHIBA CANVIO BASICS combina dise\u00f1o y funcionalidad, ofreci\u00e9ndote almacenamiento de alta capacidad, backup sencillo y seguridad de confianza con formato delgado y elegante.","breadcrumb":{"@id":"https:\/\/mcbogames.com\/index.php\/producto\/disco-duro-extern-portable-2-tb\/#breadcrumb"},"inLanguage":"es","potentialAction":[{"@type":"ReadAction","target":["https:\/\/mcbogames.com\/index.php\/producto\/disco-duro-extern-portable-2-tb\/"]}]},{"@type":"ImageObject","inLanguage":"es","@id":"https:\/\/mcbogames.com\/index.php\/producto\/disco-duro-extern-portable-2-tb\/#primaryimage","url":"https:\/\/mcbogames.com\/wp-content\/uploads\/2022\/04\/DiscoD-Toshiba-2tb.jpeg","contentUrl":"https:\/\/mcbogames.com\/wp-content\/uploads\/2022\/04\/DiscoD-Toshiba-2tb.jpeg","width":600,"height":600},{"@type":"BreadcrumbList","@id":"https:\/\/mcbogames.com\/index.php\/producto\/disco-duro-extern-portable-2-tb\/#breadcrumb","itemListElement":[{"@type":"ListItem","position":1,"name":"Portada","item":"https:\/\/mcbogames.com\/"},{"@type":"ListItem","position":2,"name":"Shop","item":"https:\/\/mcbogames.com\/index.php\/shop\/"},{"@type":"ListItem","position":3,"name":"Disco Duro Externo Toshiba 2TB"}]},{"@type":"WebSite","@id":"https:\/\/mcbogames.com\/#website","url":"https:\/\/mcbogames.com\/","name":":: MCBO GAMES TU TIENDA FAVORITA DE TECNOLOG\u00cdA Y VIDEOJUEGOS ::","description":"TIENDA ONLINE","publisher":{"@id":"https:\/\/mcbogames.com\/#organization"},"potentialAction":[{"@type":"SearchAction","target":{"@type":"EntryPoint","urlTemplate":"https:\/\/mcbogames.com\/?s={search_term_string}"},"query-input":{"@type":"PropertyValueSpecification","valueRequired":true,"valueName":"search_term_string"}}],"inLanguage":"es"},{"@type":"Organization","@id":"https:\/\/mcbogames.com\/#organization","name":"MCBO GAMES","url":"https:\/\/mcbogames.com\/","logo":{"@type":"ImageObject","inLanguage":"es","@id":"https:\/\/mcbogames.com\/#\/schema\/logo\/image\/","url":"https:\/\/mcbogames.com\/wp-content\/uploads\/2021\/12\/logo_web.png","contentUrl":"https:\/\/mcbogames.com\/wp-content\/uploads\/2021\/12\/logo_web.png","width":247,"height":223,"caption":"MCBO GAMES"},"image":{"@id":"https:\/\/mcbogames.com\/#\/schema\/logo\/image\/"}}]}},"_links":{"self":[{"href":"https:\/\/mcbogames.com\/index.php\/wp-json\/wp\/v2\/product\/6976","targetHints":{"allow":["GET"]}}],"collection":[{"href":"https:\/\/mcbogames.com\/index.php\/wp-json\/wp\/v2\/product"}],"about":[{"href":"https:\/\/mcbogames.com\/index.php\/wp-json\/wp\/v2\/types\/product"}],"wp:featuredmedia":[{"embeddable":true,"href":"https:\/\/mcbogames.com\/index.php\/wp-json\/wp\/v2\/media\/6978"}],"wp:attachment":[{"href":"https:\/\/mcbogames.com\/index.php\/wp-json\/wp\/v2\/media?parent=6976"}],"wp:term":[{"taxonomy":"product_brand","embeddable":true,"href":"https:\/\/mcbogames.com\/index.php\/wp-json\/wp\/v2\/product_brand?post=6976"},{"taxonomy":"product_cat","embeddable":true,"href":"https:\/\/mcbogames.com\/index.php\/wp-json\/wp\/v2\/product_cat?post=6976"},{"taxonomy":"product_tag","embeddable":true,"href":"https:\/\/mcbogames.com\/index.php\/wp-json\/wp\/v2\/product_tag?post=6976"}],"curies":[{"name":"wp","href":"https:\/\/api.w.org\/{rel}","templated":true}]}}