{"id":6848,"date":"2022-03-31T21:18:14","date_gmt":"2022-03-31T21:18:14","guid":{"rendered":"https:\/\/mcbogames.com\/?post_type=product&#038;p=6848"},"modified":"2022-04-09T23:34:41","modified_gmt":"2022-04-09T23:34:41","slug":"base-enfriadora-laptop-havit-hv-f2056","status":"publish","type":"product","link":"https:\/\/mcbogames.com\/index.php\/producto\/base-enfriadora-laptop-havit-hv-f2056\/","title":{"rendered":"Base Enfriadora Laptop Havit HV-F2056"},"content":{"rendered":"<ul>\n<li><strong>Puertos USB:<\/strong>\u00a02<\/li>\n<li><strong>Tensi\u00f3n nominal:<\/strong>\u00a05V CC<\/li>\n<li><strong>Flujo de aire:\u00a0<\/strong>65 CFM<\/li>\n<li><span class=\"a-list-item\"><strong>Ultra port\u00e1til:<\/strong> Delgado, port\u00e1til y peso ligero lo que te permite proteger tu inversi\u00f3n donde quiera que vayas.<\/span><\/li>\n<li><span class=\"a-list-item\"><strong>Comodidad ergon\u00f3mica<\/strong>: sirve como un soporte ergon\u00f3mico con dos posiciones de altura ajustable.<\/span><\/li>\n<li><span class=\"a-list-item\"><strong>Optimizado para transporte de laptop:<\/strong> La malla de metal multidireccional de alta calidad proporciona a tu laptop una superficie resistente y estable para transportarla.<\/span><\/li>\n<li><span class=\"a-list-item\"><strong>Dise\u00f1o silencioso ventiladores:<\/strong> 3 ventiladores ultra-silenciosos crean un entorno sin ruidos.<\/span><\/li>\n<li><strong>Velocidad de ventiladores:\u00a0<\/strong>1100 +\/- 200 RPM<\/li>\n<li><span class=\"a-list-item\"><strong>Puertos USB extra:<\/strong> Puerto USB extra y dise\u00f1o interruptor de alimentaci\u00f3n. Concentrador integrado USB doble permite para conectar m\u00e1s dispositivos USB.<\/span><\/li>\n<\/ul>\n","protected":false},"excerpt":{"rendered":"<p>Puertos USB:\u00a02 Tensi\u00f3n nominal:\u00a05V CC Flujo de aire:\u00a065 CFM Ultra port\u00e1til: Delgado, port\u00e1til y peso ligero lo que te permite proteger tu inversi\u00f3n donde quiera que vayas. Comodidad ergon\u00f3mica: sirve como un soporte ergon\u00f3mico con dos posiciones de altura ajustable. Optimizado para transporte de laptop: La malla de metal multidireccional de alta calidad proporciona a &hellip; <a href=\"https:\/\/mcbogames.com\/index.php\/producto\/base-enfriadora-laptop-havit-hv-f2056\/\" class=\"more-link\">Continue reading <span class=\"screen-reader-text\">Base Enfriadora Laptop Havit HV-F2056<\/span><\/a><\/p>\n","protected":false},"featured_media":6849,"template":"","meta":[],"product_brand":[],"product_cat":[236,228,226],"product_tag":[366,370,301],"class_list":{"0":"post-6848","1":"product","2":"type-product","3":"status-publish","4":"has-post-thumbnail","6":"product_cat-accesorios","7":"product_cat-computacion","8":"product_cat-computadoras-gamer","9":"product_tag-base","10":"product_tag-com","11":"product_tag-computacion","12":"yith_product_brand-havit","15":"outofstock","16":"sale","17":"shipping-taxable","18":"purchasable","19":"product-type-simple"},"bundled_by":[],"bundle_stock_status":"outofstock","bundle_stock_quantity":0,"bundle_virtual":false,"bundle_layout":"","bundle_add_to_cart_form_location":"","bundle_editable_in_cart":false,"bundle_sold_individually_context":"","bundle_item_grouping":"","bundle_min_size":"","bundle_max_size":"","bundled_items":[],"bundle_sell_ids":[],"yoast_head":"<!-- This site is optimized with the Yoast SEO plugin v27.4 - https:\/\/yoast.com\/product\/yoast-seo-wordpress\/ -->\n<title>Base Enfriadora Laptop Havit HV-F2056 - :: MCBO GAMES TU TIENDA FAVORITA DE TECNOLOG\u00cdA Y VIDEOJUEGOS ::<\/title>\n<meta name=\"description\" content=\"Puertos USB:\u00a02Tensi\u00f3n nominal:\u00a05V CCFlujo de aire:\u00a065 CFMUltra port\u00e1til: Delgado, port\u00e1til y peso ligero lo que te permite proteger tu inversi\u00f3n donde quiera que vayas.Comodidad ergon\u00f3mica: sirve como un soporte ergon\u00f3mico con dos posiciones de altura ajustable.Optimizado para transporte de laptop: La malla de metal multidireccional de alta calidad proporciona a tu laptop una superficie resistente y estable para transportarla.Dise\u00f1o silencioso ventiladores: 3 ventiladores ultra-silenciosos crean un entorno sin ruidos.Velocidad de ventiladores:\u00a01100 +\/- 200 RPMPuertos USB extra: Puerto USB extra y dise\u00f1o interruptor de alimentaci\u00f3n. Concentrador integrado USB doble permite para conectar m\u00e1s dispositivos USB.\" \/>\n<meta name=\"robots\" content=\"index, follow, max-snippet:-1, max-image-preview:large, max-video-preview:-1\" \/>\n<link rel=\"canonical\" href=\"https:\/\/mcbogames.com\/index.php\/producto\/base-enfriadora-laptop-havit-hv-f2056\/\" \/>\n<meta property=\"og:locale\" content=\"es_ES\" \/>\n<meta property=\"og:type\" content=\"article\" \/>\n<meta property=\"og:title\" content=\"Base Enfriadora Laptop Havit HV-F2056 - :: MCBO GAMES TU TIENDA FAVORITA DE TECNOLOG\u00cdA Y VIDEOJUEGOS ::\" \/>\n<meta property=\"og:description\" content=\"Puertos USB:\u00a02Tensi\u00f3n nominal:\u00a05V CCFlujo de aire:\u00a065 CFMUltra port\u00e1til: Delgado, port\u00e1til y peso ligero lo que te permite proteger tu inversi\u00f3n donde quiera que vayas.Comodidad ergon\u00f3mica: sirve como un soporte ergon\u00f3mico con dos posiciones de altura ajustable.Optimizado para transporte de laptop: La malla de metal multidireccional de alta calidad proporciona a tu laptop una superficie resistente y estable para transportarla.Dise\u00f1o silencioso ventiladores: 3 ventiladores ultra-silenciosos crean un entorno sin ruidos.Velocidad de ventiladores:\u00a01100 +\/- 200 RPMPuertos USB extra: Puerto USB extra y dise\u00f1o interruptor de alimentaci\u00f3n. Concentrador integrado USB doble permite para conectar m\u00e1s dispositivos USB.\" \/>\n<meta property=\"og:url\" content=\"https:\/\/mcbogames.com\/index.php\/producto\/base-enfriadora-laptop-havit-hv-f2056\/\" \/>\n<meta property=\"og:site_name\" content=\":: MCBO GAMES TU TIENDA FAVORITA DE TECNOLOG\u00cdA Y VIDEOJUEGOS ::\" \/>\n<meta property=\"article:modified_time\" content=\"2022-04-09T23:34:41+00:00\" \/>\n<meta property=\"og:image\" content=\"https:\/\/mcbogames.com\/wp-content\/uploads\/2022\/03\/hv-f2056-laptop-cooling-pad-blue_1024x1024@2x.webp\" \/>\n\t<meta property=\"og:image:width\" content=\"1500\" \/>\n\t<meta property=\"og:image:height\" content=\"1500\" \/>\n\t<meta property=\"og:image:type\" content=\"image\/webp\" \/>\n<meta name=\"twitter:card\" content=\"summary_large_image\" \/>\n<meta name=\"twitter:label1\" content=\"Tiempo de lectura\" \/>\n\t<meta name=\"twitter:data1\" content=\"1 minuto\" \/>\n<script type=\"application\/ld+json\" class=\"yoast-schema-graph\">{\"@context\":\"https:\\\/\\\/schema.org\",\"@graph\":[{\"@type\":\"WebPage\",\"@id\":\"https:\\\/\\\/mcbogames.com\\\/index.php\\\/producto\\\/base-enfriadora-laptop-havit-hv-f2056\\\/\",\"url\":\"https:\\\/\\\/mcbogames.com\\\/index.php\\\/producto\\\/base-enfriadora-laptop-havit-hv-f2056\\\/\",\"name\":\"Base Enfriadora Laptop Havit HV-F2056 - :: MCBO GAMES TU TIENDA FAVORITA DE TECNOLOG\u00cdA Y VIDEOJUEGOS ::\",\"isPartOf\":{\"@id\":\"https:\\\/\\\/mcbogames.com\\\/#website\"},\"primaryImageOfPage\":{\"@id\":\"https:\\\/\\\/mcbogames.com\\\/index.php\\\/producto\\\/base-enfriadora-laptop-havit-hv-f2056\\\/#primaryimage\"},\"image\":{\"@id\":\"https:\\\/\\\/mcbogames.com\\\/index.php\\\/producto\\\/base-enfriadora-laptop-havit-hv-f2056\\\/#primaryimage\"},\"thumbnailUrl\":\"https:\\\/\\\/mcbogames.com\\\/wp-content\\\/uploads\\\/2022\\\/03\\\/hv-f2056-laptop-cooling-pad-blue_1024x1024@2x.webp\",\"datePublished\":\"2022-03-31T21:18:14+00:00\",\"dateModified\":\"2022-04-09T23:34:41+00:00\",\"description\":\"Puertos USB:\u00a02Tensi\u00f3n nominal:\u00a05V CCFlujo de aire:\u00a065 CFMUltra port\u00e1til: Delgado, port\u00e1til y peso ligero lo que te permite proteger tu inversi\u00f3n donde quiera que vayas.Comodidad ergon\u00f3mica: sirve como un soporte ergon\u00f3mico con dos posiciones de altura ajustable.Optimizado para transporte de laptop: La malla de metal multidireccional de alta calidad proporciona a tu laptop una superficie resistente y estable para transportarla.Dise\u00f1o silencioso ventiladores: 3 ventiladores ultra-silenciosos crean un entorno sin ruidos.Velocidad de ventiladores:\u00a01100 +\\\/- 200 RPMPuertos USB extra: Puerto USB extra y dise\u00f1o interruptor de alimentaci\u00f3n. Concentrador integrado USB doble permite para conectar m\u00e1s dispositivos USB.\",\"breadcrumb\":{\"@id\":\"https:\\\/\\\/mcbogames.com\\\/index.php\\\/producto\\\/base-enfriadora-laptop-havit-hv-f2056\\\/#breadcrumb\"},\"inLanguage\":\"es\",\"potentialAction\":[{\"@type\":\"ReadAction\",\"target\":[\"https:\\\/\\\/mcbogames.com\\\/index.php\\\/producto\\\/base-enfriadora-laptop-havit-hv-f2056\\\/\"]}]},{\"@type\":\"ImageObject\",\"inLanguage\":\"es\",\"@id\":\"https:\\\/\\\/mcbogames.com\\\/index.php\\\/producto\\\/base-enfriadora-laptop-havit-hv-f2056\\\/#primaryimage\",\"url\":\"https:\\\/\\\/mcbogames.com\\\/wp-content\\\/uploads\\\/2022\\\/03\\\/hv-f2056-laptop-cooling-pad-blue_1024x1024@2x.webp\",\"contentUrl\":\"https:\\\/\\\/mcbogames.com\\\/wp-content\\\/uploads\\\/2022\\\/03\\\/hv-f2056-laptop-cooling-pad-blue_1024x1024@2x.webp\",\"width\":1500,\"height\":1500},{\"@type\":\"BreadcrumbList\",\"@id\":\"https:\\\/\\\/mcbogames.com\\\/index.php\\\/producto\\\/base-enfriadora-laptop-havit-hv-f2056\\\/#breadcrumb\",\"itemListElement\":[{\"@type\":\"ListItem\",\"position\":1,\"name\":\"Portada\",\"item\":\"https:\\\/\\\/mcbogames.com\\\/\"},{\"@type\":\"ListItem\",\"position\":2,\"name\":\"Shop\",\"item\":\"https:\\\/\\\/mcbogames.com\\\/index.php\\\/shop\\\/\"},{\"@type\":\"ListItem\",\"position\":3,\"name\":\"Base Enfriadora Laptop Havit HV-F2056\"}]},{\"@type\":\"WebSite\",\"@id\":\"https:\\\/\\\/mcbogames.com\\\/#website\",\"url\":\"https:\\\/\\\/mcbogames.com\\\/\",\"name\":\":: MCBO GAMES TU TIENDA FAVORITA DE TECNOLOG\u00cdA Y VIDEOJUEGOS ::\",\"description\":\"TIENDA ONLINE\",\"publisher\":{\"@id\":\"https:\\\/\\\/mcbogames.com\\\/#organization\"},\"potentialAction\":[{\"@type\":\"SearchAction\",\"target\":{\"@type\":\"EntryPoint\",\"urlTemplate\":\"https:\\\/\\\/mcbogames.com\\\/?s={search_term_string}\"},\"query-input\":{\"@type\":\"PropertyValueSpecification\",\"valueRequired\":true,\"valueName\":\"search_term_string\"}}],\"inLanguage\":\"es\"},{\"@type\":\"Organization\",\"@id\":\"https:\\\/\\\/mcbogames.com\\\/#organization\",\"name\":\"MCBO GAMES\",\"url\":\"https:\\\/\\\/mcbogames.com\\\/\",\"logo\":{\"@type\":\"ImageObject\",\"inLanguage\":\"es\",\"@id\":\"https:\\\/\\\/mcbogames.com\\\/#\\\/schema\\\/logo\\\/image\\\/\",\"url\":\"https:\\\/\\\/mcbogames.com\\\/wp-content\\\/uploads\\\/2021\\\/12\\\/logo_web.png\",\"contentUrl\":\"https:\\\/\\\/mcbogames.com\\\/wp-content\\\/uploads\\\/2021\\\/12\\\/logo_web.png\",\"width\":247,\"height\":223,\"caption\":\"MCBO GAMES\"},\"image\":{\"@id\":\"https:\\\/\\\/mcbogames.com\\\/#\\\/schema\\\/logo\\\/image\\\/\"}}]}<\/script>\n<!-- \/ Yoast SEO plugin. -->","yoast_head_json":{"title":"Base Enfriadora Laptop Havit HV-F2056 - :: MCBO GAMES TU TIENDA FAVORITA DE TECNOLOG\u00cdA Y VIDEOJUEGOS ::","description":"Puertos USB:\u00a02Tensi\u00f3n nominal:\u00a05V CCFlujo de aire:\u00a065 CFMUltra port\u00e1til: Delgado, port\u00e1til y peso ligero lo que te permite proteger tu inversi\u00f3n donde quiera que vayas.Comodidad ergon\u00f3mica: sirve como un soporte ergon\u00f3mico con dos posiciones de altura ajustable.Optimizado para transporte de laptop: La malla de metal multidireccional de alta calidad proporciona a tu laptop una superficie resistente y estable para transportarla.Dise\u00f1o silencioso ventiladores: 3 ventiladores ultra-silenciosos crean un entorno sin ruidos.Velocidad de ventiladores:\u00a01100 +\/- 200 RPMPuertos USB extra: Puerto USB extra y dise\u00f1o interruptor de alimentaci\u00f3n. Concentrador integrado USB doble permite para conectar m\u00e1s dispositivos USB.","robots":{"index":"index","follow":"follow","max-snippet":"max-snippet:-1","max-image-preview":"max-image-preview:large","max-video-preview":"max-video-preview:-1"},"canonical":"https:\/\/mcbogames.com\/index.php\/producto\/base-enfriadora-laptop-havit-hv-f2056\/","og_locale":"es_ES","og_type":"article","og_title":"Base Enfriadora Laptop Havit HV-F2056 - :: MCBO GAMES TU TIENDA FAVORITA DE TECNOLOG\u00cdA Y VIDEOJUEGOS ::","og_description":"Puertos USB:\u00a02Tensi\u00f3n nominal:\u00a05V CCFlujo de aire:\u00a065 CFMUltra port\u00e1til: Delgado, port\u00e1til y peso ligero lo que te permite proteger tu inversi\u00f3n donde quiera que vayas.Comodidad ergon\u00f3mica: sirve como un soporte ergon\u00f3mico con dos posiciones de altura ajustable.Optimizado para transporte de laptop: La malla de metal multidireccional de alta calidad proporciona a tu laptop una superficie resistente y estable para transportarla.Dise\u00f1o silencioso ventiladores: 3 ventiladores ultra-silenciosos crean un entorno sin ruidos.Velocidad de ventiladores:\u00a01100 +\/- 200 RPMPuertos USB extra: Puerto USB extra y dise\u00f1o interruptor de alimentaci\u00f3n. Concentrador integrado USB doble permite para conectar m\u00e1s dispositivos USB.","og_url":"https:\/\/mcbogames.com\/index.php\/producto\/base-enfriadora-laptop-havit-hv-f2056\/","og_site_name":":: MCBO GAMES TU TIENDA FAVORITA DE TECNOLOG\u00cdA Y VIDEOJUEGOS ::","article_modified_time":"2022-04-09T23:34:41+00:00","og_image":[{"width":1500,"height":1500,"url":"https:\/\/mcbogames.com\/wp-content\/uploads\/2022\/03\/hv-f2056-laptop-cooling-pad-blue_1024x1024@2x.webp","type":"image\/webp"}],"twitter_card":"summary_large_image","twitter_misc":{"Tiempo de lectura":"1 minuto"},"schema":{"@context":"https:\/\/schema.org","@graph":[{"@type":"WebPage","@id":"https:\/\/mcbogames.com\/index.php\/producto\/base-enfriadora-laptop-havit-hv-f2056\/","url":"https:\/\/mcbogames.com\/index.php\/producto\/base-enfriadora-laptop-havit-hv-f2056\/","name":"Base Enfriadora Laptop Havit HV-F2056 - :: MCBO GAMES TU TIENDA FAVORITA DE TECNOLOG\u00cdA Y VIDEOJUEGOS ::","isPartOf":{"@id":"https:\/\/mcbogames.com\/#website"},"primaryImageOfPage":{"@id":"https:\/\/mcbogames.com\/index.php\/producto\/base-enfriadora-laptop-havit-hv-f2056\/#primaryimage"},"image":{"@id":"https:\/\/mcbogames.com\/index.php\/producto\/base-enfriadora-laptop-havit-hv-f2056\/#primaryimage"},"thumbnailUrl":"https:\/\/mcbogames.com\/wp-content\/uploads\/2022\/03\/hv-f2056-laptop-cooling-pad-blue_1024x1024@2x.webp","datePublished":"2022-03-31T21:18:14+00:00","dateModified":"2022-04-09T23:34:41+00:00","description":"Puertos USB:\u00a02Tensi\u00f3n nominal:\u00a05V CCFlujo de aire:\u00a065 CFMUltra port\u00e1til: Delgado, port\u00e1til y peso ligero lo que te permite proteger tu inversi\u00f3n donde quiera que vayas.Comodidad ergon\u00f3mica: sirve como un soporte ergon\u00f3mico con dos posiciones de altura ajustable.Optimizado para transporte de laptop: La malla de metal multidireccional de alta calidad proporciona a tu laptop una superficie resistente y estable para transportarla.Dise\u00f1o silencioso ventiladores: 3 ventiladores ultra-silenciosos crean un entorno sin ruidos.Velocidad de ventiladores:\u00a01100 +\/- 200 RPMPuertos USB extra: Puerto USB extra y dise\u00f1o interruptor de alimentaci\u00f3n. Concentrador integrado USB doble permite para conectar m\u00e1s dispositivos USB.","breadcrumb":{"@id":"https:\/\/mcbogames.com\/index.php\/producto\/base-enfriadora-laptop-havit-hv-f2056\/#breadcrumb"},"inLanguage":"es","potentialAction":[{"@type":"ReadAction","target":["https:\/\/mcbogames.com\/index.php\/producto\/base-enfriadora-laptop-havit-hv-f2056\/"]}]},{"@type":"ImageObject","inLanguage":"es","@id":"https:\/\/mcbogames.com\/index.php\/producto\/base-enfriadora-laptop-havit-hv-f2056\/#primaryimage","url":"https:\/\/mcbogames.com\/wp-content\/uploads\/2022\/03\/hv-f2056-laptop-cooling-pad-blue_1024x1024@2x.webp","contentUrl":"https:\/\/mcbogames.com\/wp-content\/uploads\/2022\/03\/hv-f2056-laptop-cooling-pad-blue_1024x1024@2x.webp","width":1500,"height":1500},{"@type":"BreadcrumbList","@id":"https:\/\/mcbogames.com\/index.php\/producto\/base-enfriadora-laptop-havit-hv-f2056\/#breadcrumb","itemListElement":[{"@type":"ListItem","position":1,"name":"Portada","item":"https:\/\/mcbogames.com\/"},{"@type":"ListItem","position":2,"name":"Shop","item":"https:\/\/mcbogames.com\/index.php\/shop\/"},{"@type":"ListItem","position":3,"name":"Base Enfriadora Laptop Havit HV-F2056"}]},{"@type":"WebSite","@id":"https:\/\/mcbogames.com\/#website","url":"https:\/\/mcbogames.com\/","name":":: MCBO GAMES TU TIENDA FAVORITA DE TECNOLOG\u00cdA Y VIDEOJUEGOS ::","description":"TIENDA ONLINE","publisher":{"@id":"https:\/\/mcbogames.com\/#organization"},"potentialAction":[{"@type":"SearchAction","target":{"@type":"EntryPoint","urlTemplate":"https:\/\/mcbogames.com\/?s={search_term_string}"},"query-input":{"@type":"PropertyValueSpecification","valueRequired":true,"valueName":"search_term_string"}}],"inLanguage":"es"},{"@type":"Organization","@id":"https:\/\/mcbogames.com\/#organization","name":"MCBO GAMES","url":"https:\/\/mcbogames.com\/","logo":{"@type":"ImageObject","inLanguage":"es","@id":"https:\/\/mcbogames.com\/#\/schema\/logo\/image\/","url":"https:\/\/mcbogames.com\/wp-content\/uploads\/2021\/12\/logo_web.png","contentUrl":"https:\/\/mcbogames.com\/wp-content\/uploads\/2021\/12\/logo_web.png","width":247,"height":223,"caption":"MCBO GAMES"},"image":{"@id":"https:\/\/mcbogames.com\/#\/schema\/logo\/image\/"}}]}},"_links":{"self":[{"href":"https:\/\/mcbogames.com\/index.php\/wp-json\/wp\/v2\/product\/6848","targetHints":{"allow":["GET"]}}],"collection":[{"href":"https:\/\/mcbogames.com\/index.php\/wp-json\/wp\/v2\/product"}],"about":[{"href":"https:\/\/mcbogames.com\/index.php\/wp-json\/wp\/v2\/types\/product"}],"wp:featuredmedia":[{"embeddable":true,"href":"https:\/\/mcbogames.com\/index.php\/wp-json\/wp\/v2\/media\/6849"}],"wp:attachment":[{"href":"https:\/\/mcbogames.com\/index.php\/wp-json\/wp\/v2\/media?parent=6848"}],"wp:term":[{"taxonomy":"product_brand","embeddable":true,"href":"https:\/\/mcbogames.com\/index.php\/wp-json\/wp\/v2\/product_brand?post=6848"},{"taxonomy":"product_cat","embeddable":true,"href":"https:\/\/mcbogames.com\/index.php\/wp-json\/wp\/v2\/product_cat?post=6848"},{"taxonomy":"product_tag","embeddable":true,"href":"https:\/\/mcbogames.com\/index.php\/wp-json\/wp\/v2\/product_tag?post=6848"}],"curies":[{"name":"wp","href":"https:\/\/api.w.org\/{rel}","templated":true}]}}