{"id":6799,"date":"2022-03-29T23:11:26","date_gmt":"2022-03-29T23:11:26","guid":{"rendered":"https:\/\/mcbogames.com\/?post_type=product&#038;p=6799"},"modified":"2022-06-01T22:17:28","modified_gmt":"2022-06-01T22:17:28","slug":"silicon-power-turbine-gaming-ddr4-16-gb-8-gbx2-3200-mhz","status":"publish","type":"product","link":"https:\/\/mcbogames.com\/index.php\/producto\/silicon-power-turbine-gaming-ddr4-16-gb-8-gbx2-3200-mhz\/","title":{"rendered":"Silicon Power Turbine Gaming DDR4 16GB (8GBx2) 3200 MHz"},"content":{"rendered":"<ul class=\"a-unordered-list a-vertical a-spacing-mini\">\n<li><span class=\"a-list-item\">Compatible con procesadores Intel Coffee Lake y est\u00e1ndares Intel Extreme Memory Profile (Intel XMP)<\/span><\/li>\n<li><span class=\"a-list-item\">Disipador de calor de aluminio y bajo voltaje de 1,35 V que permiten una r\u00e1pida disipaci\u00f3n del calor y un menor consumo de energ\u00eda del hardware<\/span><\/li>\n<li><span class=\"a-list-item\">Velocidades de hasta 3200 MT\/s \/ Temporizaci\u00f3n 16-18-18-38 \/ Voltaje 1.35V \/ Sin b\u00fafer \/ 8GB basado<\/span><\/li>\n<li><span class=\"a-list-item\"><span class=\"a-list-item\">Respaldado por una garant\u00eda de por vida para prometer servicios completos y soporte t\u00e9cnico.<\/span><\/span><\/li>\n<\/ul>\n<p><span class=\"a-size-base a-text-bold\">Marca <span class=\"a-size-base\">SP:\u00a0Silicon Power<\/span><\/span><\/p>\n<p><span class=\"a-size-base a-text-bold\">Factor de forma:\u00a0<span class=\"a-size-base\">DIMM<\/span><\/span><\/p>\n<p><span class=\"a-size-base a-text-bold\">Tecnolog\u00eda de memoria:\u00a0RAM <span class=\"a-size-base\">DDR4<\/span><\/span><\/p>\n<p><span class=\"a-size-base a-text-bold\">Tama\u00f1o de la memoria de la computadora:\u00a01<span class=\"a-size-base\">6 GB<\/span><\/span><\/p>\n<p><span class=\"a-size-base a-text-bold\">Velocidad de memoria :\u00a0 3200<span class=\"a-size-base\">\u00a0MHz<\/span><\/span><\/p>\n","protected":false},"excerpt":{"rendered":"<p>Compatible con procesadores Intel Coffee Lake y est\u00e1ndares Intel Extreme Memory Profile (Intel XMP) Disipador de calor de aluminio y bajo voltaje de 1,35 V que permiten una r\u00e1pida disipaci\u00f3n del calor y un menor consumo de energ\u00eda del hardware Velocidades de hasta 3200 MT\/s \/ Temporizaci\u00f3n 16-18-18-38 \/ Voltaje 1.35V \/ Sin b\u00fafer \/ &hellip; <a href=\"https:\/\/mcbogames.com\/index.php\/producto\/silicon-power-turbine-gaming-ddr4-16-gb-8-gbx2-3200-mhz\/\" class=\"more-link\">Continue reading <span class=\"screen-reader-text\">Silicon Power Turbine Gaming DDR4 16GB (8GBx2) 3200 MHz<\/span><\/a><\/p>\n","protected":false},"featured_media":6855,"template":"","meta":[],"product_brand":[],"product_cat":[228,226],"product_tag":[362,301],"class_list":{"0":"post-6799","1":"product","2":"type-product","3":"status-publish","4":"has-post-thumbnail","6":"product_cat-computacion","7":"product_cat-computadoras-gamer","8":"product_tag-componentes-de-pc","9":"product_tag-computacion","10":"yith_product_brand-power-x","13":"outofstock","14":"shipping-taxable","15":"purchasable","16":"product-type-simple"},"bundled_by":[],"bundle_stock_status":"outofstock","bundle_stock_quantity":0,"bundle_virtual":false,"bundle_layout":"","bundle_add_to_cart_form_location":"","bundle_editable_in_cart":false,"bundle_sold_individually_context":"","bundle_item_grouping":"","bundle_min_size":"","bundle_max_size":"","bundled_items":[],"bundle_sell_ids":[],"yoast_head":"<!-- This site is optimized with the Yoast SEO plugin v27.4 - https:\/\/yoast.com\/product\/yoast-seo-wordpress\/ -->\n<title>Silicon Power Turbine Gaming DDR4 16GB (8GBx2) 3200 MHz - :: MCBO GAMES TU TIENDA FAVORITA DE TECNOLOG\u00cdA Y VIDEOJUEGOS ::<\/title>\n<meta name=\"description\" content=\"Compatible con procesadores Intel Coffee Lake y est\u00e1ndares Intel Extreme Memory Profile (Intel XMP)Disipador de calor de aluminio y bajo voltaje de 1,35 V que permiten una r\u00e1pida disipaci\u00f3n del calor y un menor consumo de energ\u00eda del hardwareVelocidades de hasta 3200 MT\/s \/ Temporizaci\u00f3n 16-18-18-38 \/ Voltaje 1.35V \/ Sin b\u00fafer \/ 8GB basadoRespaldado por una garant\u00eda de por vida para prometer servicios completos y soporte t\u00e9cnico.Marca SP:\u00a0Silicon PowerFactor de forma:\u00a0DIMMTecnolog\u00eda de memoria:\u00a0RAM DDR4Tama\u00f1o de la memoria de la computadora:\u00a016 GBVelocidad de memoria :\u00a0 3200\u00a0MHz\" \/>\n<meta name=\"robots\" content=\"index, follow, max-snippet:-1, max-image-preview:large, max-video-preview:-1\" \/>\n<link rel=\"canonical\" href=\"https:\/\/mcbogames.com\/index.php\/producto\/silicon-power-turbine-gaming-ddr4-16-gb-8-gbx2-3200-mhz\/\" \/>\n<meta property=\"og:locale\" content=\"es_ES\" \/>\n<meta property=\"og:type\" content=\"article\" \/>\n<meta property=\"og:title\" content=\"Silicon Power Turbine Gaming DDR4 16GB (8GBx2) 3200 MHz - :: MCBO GAMES TU TIENDA FAVORITA DE TECNOLOG\u00cdA Y VIDEOJUEGOS ::\" \/>\n<meta property=\"og:description\" content=\"Compatible con procesadores Intel Coffee Lake y est\u00e1ndares Intel Extreme Memory Profile (Intel XMP)Disipador de calor de aluminio y bajo voltaje de 1,35 V que permiten una r\u00e1pida disipaci\u00f3n del calor y un menor consumo de energ\u00eda del hardwareVelocidades de hasta 3200 MT\/s \/ Temporizaci\u00f3n 16-18-18-38 \/ Voltaje 1.35V \/ Sin b\u00fafer \/ 8GB basadoRespaldado por una garant\u00eda de por vida para prometer servicios completos y soporte t\u00e9cnico.Marca SP:\u00a0Silicon PowerFactor de forma:\u00a0DIMMTecnolog\u00eda de memoria:\u00a0RAM DDR4Tama\u00f1o de la memoria de la computadora:\u00a016 GBVelocidad de memoria :\u00a0 3200\u00a0MHz\" \/>\n<meta property=\"og:url\" content=\"https:\/\/mcbogames.com\/index.php\/producto\/silicon-power-turbine-gaming-ddr4-16-gb-8-gbx2-3200-mhz\/\" \/>\n<meta property=\"og:site_name\" content=\":: MCBO GAMES TU TIENDA FAVORITA DE TECNOLOG\u00cdA Y VIDEOJUEGOS ::\" \/>\n<meta property=\"article:modified_time\" content=\"2022-06-01T22:17:28+00:00\" \/>\n<meta property=\"og:image\" content=\"https:\/\/mcbogames.com\/wp-content\/uploads\/2022\/03\/DDR4.jpeg\" \/>\n\t<meta property=\"og:image:width\" content=\"500\" \/>\n\t<meta property=\"og:image:height\" content=\"500\" \/>\n\t<meta property=\"og:image:type\" content=\"image\/jpeg\" \/>\n<meta name=\"twitter:card\" content=\"summary_large_image\" \/>\n<meta name=\"twitter:label1\" content=\"Tiempo de lectura\" \/>\n\t<meta name=\"twitter:data1\" content=\"1 minuto\" \/>\n<script type=\"application\/ld+json\" class=\"yoast-schema-graph\">{\"@context\":\"https:\\\/\\\/schema.org\",\"@graph\":[{\"@type\":\"WebPage\",\"@id\":\"https:\\\/\\\/mcbogames.com\\\/index.php\\\/producto\\\/silicon-power-turbine-gaming-ddr4-16-gb-8-gbx2-3200-mhz\\\/\",\"url\":\"https:\\\/\\\/mcbogames.com\\\/index.php\\\/producto\\\/silicon-power-turbine-gaming-ddr4-16-gb-8-gbx2-3200-mhz\\\/\",\"name\":\"Silicon Power Turbine Gaming DDR4 16GB (8GBx2) 3200 MHz - :: MCBO GAMES TU TIENDA FAVORITA DE TECNOLOG\u00cdA Y VIDEOJUEGOS ::\",\"isPartOf\":{\"@id\":\"https:\\\/\\\/mcbogames.com\\\/#website\"},\"primaryImageOfPage\":{\"@id\":\"https:\\\/\\\/mcbogames.com\\\/index.php\\\/producto\\\/silicon-power-turbine-gaming-ddr4-16-gb-8-gbx2-3200-mhz\\\/#primaryimage\"},\"image\":{\"@id\":\"https:\\\/\\\/mcbogames.com\\\/index.php\\\/producto\\\/silicon-power-turbine-gaming-ddr4-16-gb-8-gbx2-3200-mhz\\\/#primaryimage\"},\"thumbnailUrl\":\"https:\\\/\\\/mcbogames.com\\\/wp-content\\\/uploads\\\/2022\\\/03\\\/DDR4.jpeg\",\"datePublished\":\"2022-03-29T23:11:26+00:00\",\"dateModified\":\"2022-06-01T22:17:28+00:00\",\"description\":\"Compatible con procesadores Intel Coffee Lake y est\u00e1ndares Intel Extreme Memory Profile (Intel XMP)Disipador de calor de aluminio y bajo voltaje de 1,35 V que permiten una r\u00e1pida disipaci\u00f3n del calor y un menor consumo de energ\u00eda del hardwareVelocidades de hasta 3200 MT\\\/s \\\/ Temporizaci\u00f3n 16-18-18-38 \\\/ Voltaje 1.35V \\\/ Sin b\u00fafer \\\/ 8GB basadoRespaldado por una garant\u00eda de por vida para prometer servicios completos y soporte t\u00e9cnico.Marca SP:\u00a0Silicon PowerFactor de forma:\u00a0DIMMTecnolog\u00eda de memoria:\u00a0RAM DDR4Tama\u00f1o de la memoria de la computadora:\u00a016 GBVelocidad de memoria :\u00a0 3200\u00a0MHz\",\"breadcrumb\":{\"@id\":\"https:\\\/\\\/mcbogames.com\\\/index.php\\\/producto\\\/silicon-power-turbine-gaming-ddr4-16-gb-8-gbx2-3200-mhz\\\/#breadcrumb\"},\"inLanguage\":\"es\",\"potentialAction\":[{\"@type\":\"ReadAction\",\"target\":[\"https:\\\/\\\/mcbogames.com\\\/index.php\\\/producto\\\/silicon-power-turbine-gaming-ddr4-16-gb-8-gbx2-3200-mhz\\\/\"]}]},{\"@type\":\"ImageObject\",\"inLanguage\":\"es\",\"@id\":\"https:\\\/\\\/mcbogames.com\\\/index.php\\\/producto\\\/silicon-power-turbine-gaming-ddr4-16-gb-8-gbx2-3200-mhz\\\/#primaryimage\",\"url\":\"https:\\\/\\\/mcbogames.com\\\/wp-content\\\/uploads\\\/2022\\\/03\\\/DDR4.jpeg\",\"contentUrl\":\"https:\\\/\\\/mcbogames.com\\\/wp-content\\\/uploads\\\/2022\\\/03\\\/DDR4.jpeg\",\"width\":500,\"height\":500},{\"@type\":\"BreadcrumbList\",\"@id\":\"https:\\\/\\\/mcbogames.com\\\/index.php\\\/producto\\\/silicon-power-turbine-gaming-ddr4-16-gb-8-gbx2-3200-mhz\\\/#breadcrumb\",\"itemListElement\":[{\"@type\":\"ListItem\",\"position\":1,\"name\":\"Portada\",\"item\":\"https:\\\/\\\/mcbogames.com\\\/\"},{\"@type\":\"ListItem\",\"position\":2,\"name\":\"Shop\",\"item\":\"https:\\\/\\\/mcbogames.com\\\/index.php\\\/shop\\\/\"},{\"@type\":\"ListItem\",\"position\":3,\"name\":\"Silicon Power Turbine Gaming DDR4 16GB (8GBx2) 3200 MHz\"}]},{\"@type\":\"WebSite\",\"@id\":\"https:\\\/\\\/mcbogames.com\\\/#website\",\"url\":\"https:\\\/\\\/mcbogames.com\\\/\",\"name\":\":: MCBO GAMES TU TIENDA FAVORITA DE TECNOLOG\u00cdA Y VIDEOJUEGOS ::\",\"description\":\"TIENDA ONLINE\",\"publisher\":{\"@id\":\"https:\\\/\\\/mcbogames.com\\\/#organization\"},\"potentialAction\":[{\"@type\":\"SearchAction\",\"target\":{\"@type\":\"EntryPoint\",\"urlTemplate\":\"https:\\\/\\\/mcbogames.com\\\/?s={search_term_string}\"},\"query-input\":{\"@type\":\"PropertyValueSpecification\",\"valueRequired\":true,\"valueName\":\"search_term_string\"}}],\"inLanguage\":\"es\"},{\"@type\":\"Organization\",\"@id\":\"https:\\\/\\\/mcbogames.com\\\/#organization\",\"name\":\"MCBO GAMES\",\"url\":\"https:\\\/\\\/mcbogames.com\\\/\",\"logo\":{\"@type\":\"ImageObject\",\"inLanguage\":\"es\",\"@id\":\"https:\\\/\\\/mcbogames.com\\\/#\\\/schema\\\/logo\\\/image\\\/\",\"url\":\"https:\\\/\\\/mcbogames.com\\\/wp-content\\\/uploads\\\/2021\\\/12\\\/logo_web.png\",\"contentUrl\":\"https:\\\/\\\/mcbogames.com\\\/wp-content\\\/uploads\\\/2021\\\/12\\\/logo_web.png\",\"width\":247,\"height\":223,\"caption\":\"MCBO GAMES\"},\"image\":{\"@id\":\"https:\\\/\\\/mcbogames.com\\\/#\\\/schema\\\/logo\\\/image\\\/\"}}]}<\/script>\n<!-- \/ Yoast SEO plugin. -->","yoast_head_json":{"title":"Silicon Power Turbine Gaming DDR4 16GB (8GBx2) 3200 MHz - :: MCBO GAMES TU TIENDA FAVORITA DE TECNOLOG\u00cdA Y VIDEOJUEGOS ::","description":"Compatible con procesadores Intel Coffee Lake y est\u00e1ndares Intel Extreme Memory Profile (Intel XMP)Disipador de calor de aluminio y bajo voltaje de 1,35 V que permiten una r\u00e1pida disipaci\u00f3n del calor y un menor consumo de energ\u00eda del hardwareVelocidades de hasta 3200 MT\/s \/ Temporizaci\u00f3n 16-18-18-38 \/ Voltaje 1.35V \/ Sin b\u00fafer \/ 8GB basadoRespaldado por una garant\u00eda de por vida para prometer servicios completos y soporte t\u00e9cnico.Marca SP:\u00a0Silicon PowerFactor de forma:\u00a0DIMMTecnolog\u00eda de memoria:\u00a0RAM DDR4Tama\u00f1o de la memoria de la computadora:\u00a016 GBVelocidad de memoria :\u00a0 3200\u00a0MHz","robots":{"index":"index","follow":"follow","max-snippet":"max-snippet:-1","max-image-preview":"max-image-preview:large","max-video-preview":"max-video-preview:-1"},"canonical":"https:\/\/mcbogames.com\/index.php\/producto\/silicon-power-turbine-gaming-ddr4-16-gb-8-gbx2-3200-mhz\/","og_locale":"es_ES","og_type":"article","og_title":"Silicon Power Turbine Gaming DDR4 16GB (8GBx2) 3200 MHz - :: MCBO GAMES TU TIENDA FAVORITA DE TECNOLOG\u00cdA Y VIDEOJUEGOS ::","og_description":"Compatible con procesadores Intel Coffee Lake y est\u00e1ndares Intel Extreme Memory Profile (Intel XMP)Disipador de calor de aluminio y bajo voltaje de 1,35 V que permiten una r\u00e1pida disipaci\u00f3n del calor y un menor consumo de energ\u00eda del hardwareVelocidades de hasta 3200 MT\/s \/ Temporizaci\u00f3n 16-18-18-38 \/ Voltaje 1.35V \/ Sin b\u00fafer \/ 8GB basadoRespaldado por una garant\u00eda de por vida para prometer servicios completos y soporte t\u00e9cnico.Marca SP:\u00a0Silicon PowerFactor de forma:\u00a0DIMMTecnolog\u00eda de memoria:\u00a0RAM DDR4Tama\u00f1o de la memoria de la computadora:\u00a016 GBVelocidad de memoria :\u00a0 3200\u00a0MHz","og_url":"https:\/\/mcbogames.com\/index.php\/producto\/silicon-power-turbine-gaming-ddr4-16-gb-8-gbx2-3200-mhz\/","og_site_name":":: MCBO GAMES TU TIENDA FAVORITA DE TECNOLOG\u00cdA Y VIDEOJUEGOS ::","article_modified_time":"2022-06-01T22:17:28+00:00","og_image":[{"width":500,"height":500,"url":"https:\/\/mcbogames.com\/wp-content\/uploads\/2022\/03\/DDR4.jpeg","type":"image\/jpeg"}],"twitter_card":"summary_large_image","twitter_misc":{"Tiempo de lectura":"1 minuto"},"schema":{"@context":"https:\/\/schema.org","@graph":[{"@type":"WebPage","@id":"https:\/\/mcbogames.com\/index.php\/producto\/silicon-power-turbine-gaming-ddr4-16-gb-8-gbx2-3200-mhz\/","url":"https:\/\/mcbogames.com\/index.php\/producto\/silicon-power-turbine-gaming-ddr4-16-gb-8-gbx2-3200-mhz\/","name":"Silicon Power Turbine Gaming DDR4 16GB (8GBx2) 3200 MHz - :: MCBO GAMES TU TIENDA FAVORITA DE TECNOLOG\u00cdA Y VIDEOJUEGOS ::","isPartOf":{"@id":"https:\/\/mcbogames.com\/#website"},"primaryImageOfPage":{"@id":"https:\/\/mcbogames.com\/index.php\/producto\/silicon-power-turbine-gaming-ddr4-16-gb-8-gbx2-3200-mhz\/#primaryimage"},"image":{"@id":"https:\/\/mcbogames.com\/index.php\/producto\/silicon-power-turbine-gaming-ddr4-16-gb-8-gbx2-3200-mhz\/#primaryimage"},"thumbnailUrl":"https:\/\/mcbogames.com\/wp-content\/uploads\/2022\/03\/DDR4.jpeg","datePublished":"2022-03-29T23:11:26+00:00","dateModified":"2022-06-01T22:17:28+00:00","description":"Compatible con procesadores Intel Coffee Lake y est\u00e1ndares Intel Extreme Memory Profile (Intel XMP)Disipador de calor de aluminio y bajo voltaje de 1,35 V que permiten una r\u00e1pida disipaci\u00f3n del calor y un menor consumo de energ\u00eda del hardwareVelocidades de hasta 3200 MT\/s \/ Temporizaci\u00f3n 16-18-18-38 \/ Voltaje 1.35V \/ Sin b\u00fafer \/ 8GB basadoRespaldado por una garant\u00eda de por vida para prometer servicios completos y soporte t\u00e9cnico.Marca SP:\u00a0Silicon PowerFactor de forma:\u00a0DIMMTecnolog\u00eda de memoria:\u00a0RAM DDR4Tama\u00f1o de la memoria de la computadora:\u00a016 GBVelocidad de memoria :\u00a0 3200\u00a0MHz","breadcrumb":{"@id":"https:\/\/mcbogames.com\/index.php\/producto\/silicon-power-turbine-gaming-ddr4-16-gb-8-gbx2-3200-mhz\/#breadcrumb"},"inLanguage":"es","potentialAction":[{"@type":"ReadAction","target":["https:\/\/mcbogames.com\/index.php\/producto\/silicon-power-turbine-gaming-ddr4-16-gb-8-gbx2-3200-mhz\/"]}]},{"@type":"ImageObject","inLanguage":"es","@id":"https:\/\/mcbogames.com\/index.php\/producto\/silicon-power-turbine-gaming-ddr4-16-gb-8-gbx2-3200-mhz\/#primaryimage","url":"https:\/\/mcbogames.com\/wp-content\/uploads\/2022\/03\/DDR4.jpeg","contentUrl":"https:\/\/mcbogames.com\/wp-content\/uploads\/2022\/03\/DDR4.jpeg","width":500,"height":500},{"@type":"BreadcrumbList","@id":"https:\/\/mcbogames.com\/index.php\/producto\/silicon-power-turbine-gaming-ddr4-16-gb-8-gbx2-3200-mhz\/#breadcrumb","itemListElement":[{"@type":"ListItem","position":1,"name":"Portada","item":"https:\/\/mcbogames.com\/"},{"@type":"ListItem","position":2,"name":"Shop","item":"https:\/\/mcbogames.com\/index.php\/shop\/"},{"@type":"ListItem","position":3,"name":"Silicon Power Turbine Gaming DDR4 16GB (8GBx2) 3200 MHz"}]},{"@type":"WebSite","@id":"https:\/\/mcbogames.com\/#website","url":"https:\/\/mcbogames.com\/","name":":: MCBO GAMES TU TIENDA FAVORITA DE TECNOLOG\u00cdA Y VIDEOJUEGOS ::","description":"TIENDA ONLINE","publisher":{"@id":"https:\/\/mcbogames.com\/#organization"},"potentialAction":[{"@type":"SearchAction","target":{"@type":"EntryPoint","urlTemplate":"https:\/\/mcbogames.com\/?s={search_term_string}"},"query-input":{"@type":"PropertyValueSpecification","valueRequired":true,"valueName":"search_term_string"}}],"inLanguage":"es"},{"@type":"Organization","@id":"https:\/\/mcbogames.com\/#organization","name":"MCBO GAMES","url":"https:\/\/mcbogames.com\/","logo":{"@type":"ImageObject","inLanguage":"es","@id":"https:\/\/mcbogames.com\/#\/schema\/logo\/image\/","url":"https:\/\/mcbogames.com\/wp-content\/uploads\/2021\/12\/logo_web.png","contentUrl":"https:\/\/mcbogames.com\/wp-content\/uploads\/2021\/12\/logo_web.png","width":247,"height":223,"caption":"MCBO GAMES"},"image":{"@id":"https:\/\/mcbogames.com\/#\/schema\/logo\/image\/"}}]}},"_links":{"self":[{"href":"https:\/\/mcbogames.com\/index.php\/wp-json\/wp\/v2\/product\/6799","targetHints":{"allow":["GET"]}}],"collection":[{"href":"https:\/\/mcbogames.com\/index.php\/wp-json\/wp\/v2\/product"}],"about":[{"href":"https:\/\/mcbogames.com\/index.php\/wp-json\/wp\/v2\/types\/product"}],"wp:featuredmedia":[{"embeddable":true,"href":"https:\/\/mcbogames.com\/index.php\/wp-json\/wp\/v2\/media\/6855"}],"wp:attachment":[{"href":"https:\/\/mcbogames.com\/index.php\/wp-json\/wp\/v2\/media?parent=6799"}],"wp:term":[{"taxonomy":"product_brand","embeddable":true,"href":"https:\/\/mcbogames.com\/index.php\/wp-json\/wp\/v2\/product_brand?post=6799"},{"taxonomy":"product_cat","embeddable":true,"href":"https:\/\/mcbogames.com\/index.php\/wp-json\/wp\/v2\/product_cat?post=6799"},{"taxonomy":"product_tag","embeddable":true,"href":"https:\/\/mcbogames.com\/index.php\/wp-json\/wp\/v2\/product_tag?post=6799"}],"curies":[{"name":"wp","href":"https:\/\/api.w.org\/{rel}","templated":true}]}}