{"id":6778,"date":"2022-03-26T04:27:31","date_gmt":"2022-03-26T04:27:31","guid":{"rendered":"https:\/\/mcbogames.com\/?post_type=product&#038;p=6778"},"modified":"2025-05-29T14:57:43","modified_gmt":"2025-05-29T18:57:43","slug":"toucan-wireless-video-doorbell","status":"publish","type":"product","link":"https:\/\/mcbogames.com\/index.php\/producto\/toucan-wireless-video-doorbell\/","title":{"rendered":"TOUCAN Wireless Video Doorbell"},"content":{"rendered":"<p>Marca: TOUCAN<\/p>\n<p><span class=\"a-size-base a-text-bold\">Tecnolog\u00eda de conectividad:\u00a0 <span class=\"a-size-base\">Wireless<\/span><\/span><\/p>\n<p><span class=\"a-size-base a-text-bold\">Protocolo de conectividad:\u00a0\u00a0<span class=\"a-size-base\">Wi-Fi<\/span><\/span><\/p>\n<p><span class=\"a-size-base a-text-bold\">Caracter\u00edsticas especiales:\u00a0 <span class=\"a-size-base\">Sensor de movimiento, visi\u00f3n nocturna, funciona con pilas<\/span><\/span><\/p>\n<ul class=\"a-unordered-list a-vertical a-spacing-mini\">\n<li><span class=\"a-list-item\">Timbre de v\u00eddeo de alta calidad: contesta tu timbre desde tu tel\u00e9fono, Amazon Alexa o Google Home para mayor seguridad en el hogar. La lente ultra gran angular de 180 grados te permite ver paquetes debajo de la c\u00e1mara, en condiciones de poca luz, de d\u00eda o de noche<\/span><\/li>\n<li><span class=\"a-list-item\">Seguridad avanzada para el hogar: con 9 zonas de detecci\u00f3n de movimiento personalizables, visi\u00f3n nocturna, audio bidireccional y una bater\u00eda de iones de litio recargable integrada, el timbre de video inal\u00e1mbrico Toucan har\u00e1 que tu hogar se sienta seguro sin importar d\u00f3nde est\u00e9s<\/span><\/li>\n<li><span class=\"a-list-item\">Resistente a la intemperie: el timbre Toucan Video Doorbell es resistente al agua y puede tolerar temperaturas entre 14 \u00b0F y 122 \u00b0F por lo que no tienes que preocuparte por que el viento o la lluvia da\u00f1en tu c\u00e1mara de seguridad de video al aire libre<\/span><\/li>\n<li><span class=\"a-list-item\">Timbre de puerta: el timbre de v\u00eddeo Tuc\u00e1n se puede combinar con hasta 10 timbres adicionales de timbre de tuc\u00e1n para notificaciones en cualquier lugar dentro o fuera de tu hogar. Este anuncio viene con 1 timbre de timbre que se puede personalizar con seis sonidos diferentes<\/span><\/li>\n<li><span class=\"a-list-item\">NO SE REQUIERE SUSCRIPCI\u00d3N: Toucan ofrece almacenamiento en la nube cifrado sin necesidad de suscripci\u00f3n ni tarjeta SD. Retrospecci\u00f3n gratuita del historial de videos grabado las 24 horas con descarga de video y mensajes pregrabados. No requiere concentrador o estaci\u00f3n base.<\/span><\/li>\n<\/ul>\n","protected":false},"excerpt":{"rendered":"<p>Marca: TOUCAN Tecnolog\u00eda de conectividad:\u00a0 Wireless Protocolo de conectividad:\u00a0\u00a0Wi-Fi Caracter\u00edsticas especiales:\u00a0 Sensor de movimiento, visi\u00f3n nocturna, funciona con pilas Timbre de v\u00eddeo de alta calidad: contesta tu timbre desde tu tel\u00e9fono, Amazon Alexa o Google Home para mayor seguridad en el hogar. La lente ultra gran angular de 180 grados te permite ver paquetes debajo &hellip; <a href=\"https:\/\/mcbogames.com\/index.php\/producto\/toucan-wireless-video-doorbell\/\" class=\"more-link\">Continue reading <span class=\"screen-reader-text\">TOUCAN Wireless Video Doorbell<\/span><\/a><\/p>\n","protected":false},"featured_media":6779,"template":"","meta":[],"product_brand":[],"product_cat":[236],"product_tag":[347,279],"class_list":{"0":"post-6778","1":"product","2":"type-product","3":"status-publish","4":"has-post-thumbnail","6":"product_cat-accesorios","7":"product_tag-toucan","8":"product_tag-video","11":"outofstock","12":"shipping-taxable","13":"purchasable","14":"product-type-simple"},"bundled_by":[],"bundle_stock_status":"outofstock","bundle_stock_quantity":0,"bundle_virtual":false,"bundle_layout":"","bundle_add_to_cart_form_location":"","bundle_editable_in_cart":false,"bundle_sold_individually_context":"","bundle_item_grouping":"","bundle_min_size":"","bundle_max_size":"","bundled_items":[],"bundle_sell_ids":[],"yoast_head":"<!-- This site is optimized with the Yoast SEO plugin v26.8 - https:\/\/yoast.com\/product\/yoast-seo-wordpress\/ -->\n<title>TOUCAN Wireless Video Doorbell - :: MCBO GAMES TU TIENDA FAVORITA DE TECNOLOG\u00cdA Y VIDEOJUEGOS ::<\/title>\n<meta name=\"description\" content=\"TOUCAN Timbre de video inal\u00e1mbrico 1080P con timbre inal\u00e1mbrico, audio de 2 v\u00edas, detecci\u00f3n de movimiento, visi\u00f3n nocturna, lente ultra gran angular de 180 grados, compatible con Alexa y Google Home, no requiere suscripci\u00f3n\" \/>\n<meta name=\"robots\" content=\"index, follow, max-snippet:-1, max-image-preview:large, max-video-preview:-1\" \/>\n<link rel=\"canonical\" href=\"https:\/\/mcbogames.com\/index.php\/producto\/toucan-wireless-video-doorbell\/\" \/>\n<meta property=\"og:locale\" content=\"es_ES\" \/>\n<meta property=\"og:type\" content=\"article\" \/>\n<meta property=\"og:title\" content=\"TOUCAN Wireless Video Doorbell - :: MCBO GAMES TU TIENDA FAVORITA DE TECNOLOG\u00cdA Y VIDEOJUEGOS ::\" \/>\n<meta property=\"og:description\" content=\"TOUCAN Timbre de video inal\u00e1mbrico 1080P con timbre inal\u00e1mbrico, audio de 2 v\u00edas, detecci\u00f3n de movimiento, visi\u00f3n nocturna, lente ultra gran angular de 180 grados, compatible con Alexa y Google Home, no requiere suscripci\u00f3n\" \/>\n<meta property=\"og:url\" content=\"https:\/\/mcbogames.com\/index.php\/producto\/toucan-wireless-video-doorbell\/\" \/>\n<meta property=\"og:site_name\" content=\":: MCBO GAMES TU TIENDA FAVORITA DE TECNOLOG\u00cdA Y VIDEOJUEGOS ::\" \/>\n<meta property=\"article:modified_time\" content=\"2025-05-29T18:57:43+00:00\" \/>\n<meta property=\"og:image\" content=\"https:\/\/mcbogames.com\/wp-content\/uploads\/2022\/03\/doorbell-cameras.webp\" \/>\n\t<meta property=\"og:image:width\" content=\"600\" \/>\n\t<meta property=\"og:image:height\" content=\"600\" \/>\n\t<meta property=\"og:image:type\" content=\"image\/webp\" \/>\n<meta name=\"twitter:card\" content=\"summary_large_image\" \/>\n<meta name=\"twitter:label1\" content=\"Tiempo de lectura\" \/>\n\t<meta name=\"twitter:data1\" content=\"2 minutos\" \/>\n<script type=\"application\/ld+json\" class=\"yoast-schema-graph\">{\"@context\":\"https:\/\/schema.org\",\"@graph\":[{\"@type\":\"WebPage\",\"@id\":\"https:\/\/mcbogames.com\/index.php\/producto\/toucan-wireless-video-doorbell\/\",\"url\":\"https:\/\/mcbogames.com\/index.php\/producto\/toucan-wireless-video-doorbell\/\",\"name\":\"TOUCAN Wireless Video Doorbell - :: MCBO GAMES TU TIENDA FAVORITA DE TECNOLOG\u00cdA Y VIDEOJUEGOS ::\",\"isPartOf\":{\"@id\":\"https:\/\/mcbogames.com\/#website\"},\"primaryImageOfPage\":{\"@id\":\"https:\/\/mcbogames.com\/index.php\/producto\/toucan-wireless-video-doorbell\/#primaryimage\"},\"image\":{\"@id\":\"https:\/\/mcbogames.com\/index.php\/producto\/toucan-wireless-video-doorbell\/#primaryimage\"},\"thumbnailUrl\":\"https:\/\/mcbogames.com\/wp-content\/uploads\/2022\/03\/doorbell-cameras.webp\",\"datePublished\":\"2022-03-26T04:27:31+00:00\",\"dateModified\":\"2025-05-29T18:57:43+00:00\",\"description\":\"TOUCAN Timbre de video inal\u00e1mbrico 1080P con timbre inal\u00e1mbrico, audio de 2 v\u00edas, detecci\u00f3n de movimiento, visi\u00f3n nocturna, lente ultra gran angular de 180 grados, compatible con Alexa y Google Home, no requiere suscripci\u00f3n\",\"breadcrumb\":{\"@id\":\"https:\/\/mcbogames.com\/index.php\/producto\/toucan-wireless-video-doorbell\/#breadcrumb\"},\"inLanguage\":\"es\",\"potentialAction\":[{\"@type\":\"ReadAction\",\"target\":[\"https:\/\/mcbogames.com\/index.php\/producto\/toucan-wireless-video-doorbell\/\"]}]},{\"@type\":\"ImageObject\",\"inLanguage\":\"es\",\"@id\":\"https:\/\/mcbogames.com\/index.php\/producto\/toucan-wireless-video-doorbell\/#primaryimage\",\"url\":\"https:\/\/mcbogames.com\/wp-content\/uploads\/2022\/03\/doorbell-cameras.webp\",\"contentUrl\":\"https:\/\/mcbogames.com\/wp-content\/uploads\/2022\/03\/doorbell-cameras.webp\",\"width\":600,\"height\":600},{\"@type\":\"BreadcrumbList\",\"@id\":\"https:\/\/mcbogames.com\/index.php\/producto\/toucan-wireless-video-doorbell\/#breadcrumb\",\"itemListElement\":[{\"@type\":\"ListItem\",\"position\":1,\"name\":\"Portada\",\"item\":\"https:\/\/mcbogames.com\/\"},{\"@type\":\"ListItem\",\"position\":2,\"name\":\"Shop\",\"item\":\"https:\/\/mcbogames.com\/index.php\/shop\/\"},{\"@type\":\"ListItem\",\"position\":3,\"name\":\"TOUCAN Wireless Video Doorbell\"}]},{\"@type\":\"WebSite\",\"@id\":\"https:\/\/mcbogames.com\/#website\",\"url\":\"https:\/\/mcbogames.com\/\",\"name\":\":: MCBO GAMES TU TIENDA FAVORITA DE TECNOLOG\u00cdA Y VIDEOJUEGOS ::\",\"description\":\"TIENDA ONLINE\",\"publisher\":{\"@id\":\"https:\/\/mcbogames.com\/#organization\"},\"potentialAction\":[{\"@type\":\"SearchAction\",\"target\":{\"@type\":\"EntryPoint\",\"urlTemplate\":\"https:\/\/mcbogames.com\/?s={search_term_string}\"},\"query-input\":{\"@type\":\"PropertyValueSpecification\",\"valueRequired\":true,\"valueName\":\"search_term_string\"}}],\"inLanguage\":\"es\"},{\"@type\":\"Organization\",\"@id\":\"https:\/\/mcbogames.com\/#organization\",\"name\":\"MCBO GAMES\",\"url\":\"https:\/\/mcbogames.com\/\",\"logo\":{\"@type\":\"ImageObject\",\"inLanguage\":\"es\",\"@id\":\"https:\/\/mcbogames.com\/#\/schema\/logo\/image\/\",\"url\":\"https:\/\/mcbogames.com\/wp-content\/uploads\/2021\/12\/logo_web.png\",\"contentUrl\":\"https:\/\/mcbogames.com\/wp-content\/uploads\/2021\/12\/logo_web.png\",\"width\":247,\"height\":223,\"caption\":\"MCBO GAMES\"},\"image\":{\"@id\":\"https:\/\/mcbogames.com\/#\/schema\/logo\/image\/\"}}]}<\/script>\n<!-- \/ Yoast SEO plugin. -->","yoast_head_json":{"title":"TOUCAN Wireless Video Doorbell - :: MCBO GAMES TU TIENDA FAVORITA DE TECNOLOG\u00cdA Y VIDEOJUEGOS ::","description":"TOUCAN Timbre de video inal\u00e1mbrico 1080P con timbre inal\u00e1mbrico, audio de 2 v\u00edas, detecci\u00f3n de movimiento, visi\u00f3n nocturna, lente ultra gran angular de 180 grados, compatible con Alexa y Google Home, no requiere suscripci\u00f3n","robots":{"index":"index","follow":"follow","max-snippet":"max-snippet:-1","max-image-preview":"max-image-preview:large","max-video-preview":"max-video-preview:-1"},"canonical":"https:\/\/mcbogames.com\/index.php\/producto\/toucan-wireless-video-doorbell\/","og_locale":"es_ES","og_type":"article","og_title":"TOUCAN Wireless Video Doorbell - :: MCBO GAMES TU TIENDA FAVORITA DE TECNOLOG\u00cdA Y VIDEOJUEGOS ::","og_description":"TOUCAN Timbre de video inal\u00e1mbrico 1080P con timbre inal\u00e1mbrico, audio de 2 v\u00edas, detecci\u00f3n de movimiento, visi\u00f3n nocturna, lente ultra gran angular de 180 grados, compatible con Alexa y Google Home, no requiere suscripci\u00f3n","og_url":"https:\/\/mcbogames.com\/index.php\/producto\/toucan-wireless-video-doorbell\/","og_site_name":":: MCBO GAMES TU TIENDA FAVORITA DE TECNOLOG\u00cdA Y VIDEOJUEGOS ::","article_modified_time":"2025-05-29T18:57:43+00:00","og_image":[{"width":600,"height":600,"url":"https:\/\/mcbogames.com\/wp-content\/uploads\/2022\/03\/doorbell-cameras.webp","type":"image\/webp"}],"twitter_card":"summary_large_image","twitter_misc":{"Tiempo de lectura":"2 minutos"},"schema":{"@context":"https:\/\/schema.org","@graph":[{"@type":"WebPage","@id":"https:\/\/mcbogames.com\/index.php\/producto\/toucan-wireless-video-doorbell\/","url":"https:\/\/mcbogames.com\/index.php\/producto\/toucan-wireless-video-doorbell\/","name":"TOUCAN Wireless Video Doorbell - :: MCBO GAMES TU TIENDA FAVORITA DE TECNOLOG\u00cdA Y VIDEOJUEGOS ::","isPartOf":{"@id":"https:\/\/mcbogames.com\/#website"},"primaryImageOfPage":{"@id":"https:\/\/mcbogames.com\/index.php\/producto\/toucan-wireless-video-doorbell\/#primaryimage"},"image":{"@id":"https:\/\/mcbogames.com\/index.php\/producto\/toucan-wireless-video-doorbell\/#primaryimage"},"thumbnailUrl":"https:\/\/mcbogames.com\/wp-content\/uploads\/2022\/03\/doorbell-cameras.webp","datePublished":"2022-03-26T04:27:31+00:00","dateModified":"2025-05-29T18:57:43+00:00","description":"TOUCAN Timbre de video inal\u00e1mbrico 1080P con timbre inal\u00e1mbrico, audio de 2 v\u00edas, detecci\u00f3n de movimiento, visi\u00f3n nocturna, lente ultra gran angular de 180 grados, compatible con Alexa y Google Home, no requiere suscripci\u00f3n","breadcrumb":{"@id":"https:\/\/mcbogames.com\/index.php\/producto\/toucan-wireless-video-doorbell\/#breadcrumb"},"inLanguage":"es","potentialAction":[{"@type":"ReadAction","target":["https:\/\/mcbogames.com\/index.php\/producto\/toucan-wireless-video-doorbell\/"]}]},{"@type":"ImageObject","inLanguage":"es","@id":"https:\/\/mcbogames.com\/index.php\/producto\/toucan-wireless-video-doorbell\/#primaryimage","url":"https:\/\/mcbogames.com\/wp-content\/uploads\/2022\/03\/doorbell-cameras.webp","contentUrl":"https:\/\/mcbogames.com\/wp-content\/uploads\/2022\/03\/doorbell-cameras.webp","width":600,"height":600},{"@type":"BreadcrumbList","@id":"https:\/\/mcbogames.com\/index.php\/producto\/toucan-wireless-video-doorbell\/#breadcrumb","itemListElement":[{"@type":"ListItem","position":1,"name":"Portada","item":"https:\/\/mcbogames.com\/"},{"@type":"ListItem","position":2,"name":"Shop","item":"https:\/\/mcbogames.com\/index.php\/shop\/"},{"@type":"ListItem","position":3,"name":"TOUCAN Wireless Video Doorbell"}]},{"@type":"WebSite","@id":"https:\/\/mcbogames.com\/#website","url":"https:\/\/mcbogames.com\/","name":":: MCBO GAMES TU TIENDA FAVORITA DE TECNOLOG\u00cdA Y VIDEOJUEGOS ::","description":"TIENDA ONLINE","publisher":{"@id":"https:\/\/mcbogames.com\/#organization"},"potentialAction":[{"@type":"SearchAction","target":{"@type":"EntryPoint","urlTemplate":"https:\/\/mcbogames.com\/?s={search_term_string}"},"query-input":{"@type":"PropertyValueSpecification","valueRequired":true,"valueName":"search_term_string"}}],"inLanguage":"es"},{"@type":"Organization","@id":"https:\/\/mcbogames.com\/#organization","name":"MCBO GAMES","url":"https:\/\/mcbogames.com\/","logo":{"@type":"ImageObject","inLanguage":"es","@id":"https:\/\/mcbogames.com\/#\/schema\/logo\/image\/","url":"https:\/\/mcbogames.com\/wp-content\/uploads\/2021\/12\/logo_web.png","contentUrl":"https:\/\/mcbogames.com\/wp-content\/uploads\/2021\/12\/logo_web.png","width":247,"height":223,"caption":"MCBO GAMES"},"image":{"@id":"https:\/\/mcbogames.com\/#\/schema\/logo\/image\/"}}]}},"_links":{"self":[{"href":"https:\/\/mcbogames.com\/index.php\/wp-json\/wp\/v2\/product\/6778","targetHints":{"allow":["GET"]}}],"collection":[{"href":"https:\/\/mcbogames.com\/index.php\/wp-json\/wp\/v2\/product"}],"about":[{"href":"https:\/\/mcbogames.com\/index.php\/wp-json\/wp\/v2\/types\/product"}],"wp:featuredmedia":[{"embeddable":true,"href":"https:\/\/mcbogames.com\/index.php\/wp-json\/wp\/v2\/media\/6779"}],"wp:attachment":[{"href":"https:\/\/mcbogames.com\/index.php\/wp-json\/wp\/v2\/media?parent=6778"}],"wp:term":[{"taxonomy":"product_brand","embeddable":true,"href":"https:\/\/mcbogames.com\/index.php\/wp-json\/wp\/v2\/product_brand?post=6778"},{"taxonomy":"product_cat","embeddable":true,"href":"https:\/\/mcbogames.com\/index.php\/wp-json\/wp\/v2\/product_cat?post=6778"},{"taxonomy":"product_tag","embeddable":true,"href":"https:\/\/mcbogames.com\/index.php\/wp-json\/wp\/v2\/product_tag?post=6778"}],"curies":[{"name":"wp","href":"https:\/\/api.w.org\/{rel}","templated":true}]}}