{"id":6767,"date":"2022-03-25T23:23:40","date_gmt":"2022-03-25T23:23:40","guid":{"rendered":"https:\/\/mcbogames.com\/?post_type=product&#038;p=6767"},"modified":"2025-05-29T15:20:34","modified_gmt":"2025-05-29T19:20:34","slug":"arctic-mx-5-pasta-termica-con-espatula-4g","status":"publish","type":"product","link":"https:\/\/mcbogames.com\/index.php\/producto\/arctic-mx-5-pasta-termica-con-espatula-4g\/","title":{"rendered":"Arctic MX-5 Pasta T\u00e9rmica con Esp\u00e1tula (4g)"},"content":{"rendered":"<p>Arctic MX-5 es una pasta t\u00e9rmica muy potente que garantiza una transferencia r\u00e1pida del calor residual del chip al disipador de calor.\u00a0La pasta t\u00e9rmica azul consta de micropart\u00edculas de carbono y, por lo tanto, no es el\u00e9ctricamente conductora ni capacitiva.\u00a0Esto significa que no hay riesgo de cortocircuitos y descargas.\u00a0A diferencia del metal l\u00edquido, el Arctic MX-5 no causa ning\u00fan da\u00f1o por corrosi\u00f3n.<\/p>\n<p>El Arctic MX-5 es adecuado para temperaturas de funcionamiento de -40 \u00b0C a +180 \u00b0C. La jeringa se puede volver a sellar y evita que la pasta se seque durante el almacenamiento.\u00a0Con la ayuda de la esp\u00e1tula suministrada, la pasta t\u00e9rmica se puede aplicar de manera precisa y uniforme.\u00a0La cantidad de llenado de 4 g que se ofrece aqu\u00ed es suficiente para m\u00e1s de diez aplicaciones.\u00a0Se puede utilizar durante ocho a\u00f1os despu\u00e9s de la aplicaci\u00f3n.<\/p>\n<p>&#8211; Contenido: 4 g<\/p>\n<p>&#8211; Color azul<\/p>\n<p>&#8211; Viscosidad: 550 poises<\/p>\n<p>&#8211; Densidad: 3,2 g\/cm\u00b3<\/p>\n<p>&#8211; Temperatura de funcionamiento: -40 a +180 \u00b0C<\/p>\n<p>&#8211; Tensi\u00f3n de ruptura: 250 V \/ mil<\/p>\n<p>&#8211; Vida \u00fatil: 8 a\u00f1os<\/p>\n","protected":false},"excerpt":{"rendered":"<p>Arctic MX-5 es una pasta t\u00e9rmica muy potente que garantiza una transferencia r\u00e1pida del calor residual del chip al disipador de calor.\u00a0La pasta t\u00e9rmica azul consta de micropart\u00edculas de carbono y, por lo tanto, no es el\u00e9ctricamente conductora ni capacitiva.\u00a0Esto significa que no hay riesgo de cortocircuitos y descargas.\u00a0A diferencia del metal l\u00edquido, el Arctic &hellip; <a href=\"https:\/\/mcbogames.com\/index.php\/producto\/arctic-mx-5-pasta-termica-con-espatula-4g\/\" class=\"more-link\">Continue reading <span class=\"screen-reader-text\">Arctic MX-5 Pasta T\u00e9rmica con Esp\u00e1tula (4g)<\/span><\/a><\/p>\n","protected":false},"featured_media":6768,"template":"","meta":[],"product_brand":[],"product_cat":[228,236],"product_tag":[301,302,303],"class_list":{"0":"post-6767","1":"product","2":"type-product","3":"status-publish","4":"has-post-thumbnail","6":"product_cat-computacion","7":"product_cat-accesorios","8":"product_tag-computacion","9":"product_tag-pasta","10":"product_tag-termica","13":"outofstock","14":"shipping-taxable","15":"purchasable","16":"product-type-simple"},"bundled_by":[],"bundle_stock_status":"outofstock","bundle_stock_quantity":0,"bundle_virtual":false,"bundle_layout":"","bundle_add_to_cart_form_location":"","bundle_editable_in_cart":false,"bundle_sold_individually_context":"","bundle_item_grouping":"","bundle_min_size":"","bundle_max_size":"","bundled_items":[],"bundle_sell_ids":[],"yoast_head":"<!-- This site is optimized with the Yoast SEO plugin v26.8 - https:\/\/yoast.com\/product\/yoast-seo-wordpress\/ -->\n<title>Arctic MX-5 Pasta T\u00e9rmica con Esp\u00e1tula (4g) - :: MCBO GAMES TU TIENDA FAVORITA DE TECNOLOG\u00cdA Y VIDEOJUEGOS ::<\/title>\n<meta name=\"description\" content=\"- Contenido: 4 g- Color azul- Viscosidad: 550 poises- Densidad: 3,2 g\/cm\u00b3- Temperatura de funcionamiento: -40 a +180 \u00b0C- Tensi\u00f3n de ruptura: 250 V \/ mil- Vida \u00fatil: 8 a\u00f1os\" \/>\n<meta name=\"robots\" content=\"index, follow, max-snippet:-1, max-image-preview:large, max-video-preview:-1\" \/>\n<link rel=\"canonical\" href=\"https:\/\/mcbogames.com\/index.php\/producto\/arctic-mx-5-pasta-termica-con-espatula-4g\/\" \/>\n<meta property=\"og:locale\" content=\"es_ES\" \/>\n<meta property=\"og:type\" content=\"article\" \/>\n<meta property=\"og:title\" content=\"Arctic MX-5 Pasta T\u00e9rmica con Esp\u00e1tula (4g) - :: MCBO GAMES TU TIENDA FAVORITA DE TECNOLOG\u00cdA Y VIDEOJUEGOS ::\" \/>\n<meta property=\"og:description\" content=\"- Contenido: 4 g- Color azul- Viscosidad: 550 poises- Densidad: 3,2 g\/cm\u00b3- Temperatura de funcionamiento: -40 a +180 \u00b0C- Tensi\u00f3n de ruptura: 250 V \/ mil- Vida \u00fatil: 8 a\u00f1os\" \/>\n<meta property=\"og:url\" content=\"https:\/\/mcbogames.com\/index.php\/producto\/arctic-mx-5-pasta-termica-con-espatula-4g\/\" \/>\n<meta property=\"og:site_name\" content=\":: MCBO GAMES TU TIENDA FAVORITA DE TECNOLOG\u00cdA Y VIDEOJUEGOS ::\" \/>\n<meta property=\"article:modified_time\" content=\"2025-05-29T19:20:34+00:00\" \/>\n<meta property=\"og:image\" content=\"https:\/\/mcbogames.com\/wp-content\/uploads\/2022\/03\/mx-5-Pasta.jpeg\" \/>\n\t<meta property=\"og:image:width\" content=\"1000\" \/>\n\t<meta property=\"og:image:height\" content=\"1000\" \/>\n\t<meta property=\"og:image:type\" content=\"image\/jpeg\" \/>\n<meta name=\"twitter:card\" content=\"summary_large_image\" \/>\n<meta name=\"twitter:label1\" content=\"Tiempo de lectura\" \/>\n\t<meta name=\"twitter:data1\" content=\"1 minuto\" \/>\n<script type=\"application\/ld+json\" class=\"yoast-schema-graph\">{\"@context\":\"https:\/\/schema.org\",\"@graph\":[{\"@type\":\"WebPage\",\"@id\":\"https:\/\/mcbogames.com\/index.php\/producto\/arctic-mx-5-pasta-termica-con-espatula-4g\/\",\"url\":\"https:\/\/mcbogames.com\/index.php\/producto\/arctic-mx-5-pasta-termica-con-espatula-4g\/\",\"name\":\"Arctic MX-5 Pasta T\u00e9rmica con Esp\u00e1tula (4g) - :: MCBO GAMES TU TIENDA FAVORITA DE TECNOLOG\u00cdA Y VIDEOJUEGOS ::\",\"isPartOf\":{\"@id\":\"https:\/\/mcbogames.com\/#website\"},\"primaryImageOfPage\":{\"@id\":\"https:\/\/mcbogames.com\/index.php\/producto\/arctic-mx-5-pasta-termica-con-espatula-4g\/#primaryimage\"},\"image\":{\"@id\":\"https:\/\/mcbogames.com\/index.php\/producto\/arctic-mx-5-pasta-termica-con-espatula-4g\/#primaryimage\"},\"thumbnailUrl\":\"https:\/\/mcbogames.com\/wp-content\/uploads\/2022\/03\/mx-5-Pasta.jpeg\",\"datePublished\":\"2022-03-25T23:23:40+00:00\",\"dateModified\":\"2025-05-29T19:20:34+00:00\",\"description\":\"- Contenido: 4 g- Color azul- Viscosidad: 550 poises- Densidad: 3,2 g\/cm\u00b3- Temperatura de funcionamiento: -40 a +180 \u00b0C- Tensi\u00f3n de ruptura: 250 V \/ mil- Vida \u00fatil: 8 a\u00f1os\",\"breadcrumb\":{\"@id\":\"https:\/\/mcbogames.com\/index.php\/producto\/arctic-mx-5-pasta-termica-con-espatula-4g\/#breadcrumb\"},\"inLanguage\":\"es\",\"potentialAction\":[{\"@type\":\"ReadAction\",\"target\":[\"https:\/\/mcbogames.com\/index.php\/producto\/arctic-mx-5-pasta-termica-con-espatula-4g\/\"]}]},{\"@type\":\"ImageObject\",\"inLanguage\":\"es\",\"@id\":\"https:\/\/mcbogames.com\/index.php\/producto\/arctic-mx-5-pasta-termica-con-espatula-4g\/#primaryimage\",\"url\":\"https:\/\/mcbogames.com\/wp-content\/uploads\/2022\/03\/mx-5-Pasta.jpeg\",\"contentUrl\":\"https:\/\/mcbogames.com\/wp-content\/uploads\/2022\/03\/mx-5-Pasta.jpeg\",\"width\":1000,\"height\":1000},{\"@type\":\"BreadcrumbList\",\"@id\":\"https:\/\/mcbogames.com\/index.php\/producto\/arctic-mx-5-pasta-termica-con-espatula-4g\/#breadcrumb\",\"itemListElement\":[{\"@type\":\"ListItem\",\"position\":1,\"name\":\"Portada\",\"item\":\"https:\/\/mcbogames.com\/\"},{\"@type\":\"ListItem\",\"position\":2,\"name\":\"Shop\",\"item\":\"https:\/\/mcbogames.com\/index.php\/shop\/\"},{\"@type\":\"ListItem\",\"position\":3,\"name\":\"Arctic MX-5 Pasta T\u00e9rmica con Esp\u00e1tula (4g)\"}]},{\"@type\":\"WebSite\",\"@id\":\"https:\/\/mcbogames.com\/#website\",\"url\":\"https:\/\/mcbogames.com\/\",\"name\":\":: MCBO GAMES TU TIENDA FAVORITA DE TECNOLOG\u00cdA Y VIDEOJUEGOS ::\",\"description\":\"TIENDA ONLINE\",\"publisher\":{\"@id\":\"https:\/\/mcbogames.com\/#organization\"},\"potentialAction\":[{\"@type\":\"SearchAction\",\"target\":{\"@type\":\"EntryPoint\",\"urlTemplate\":\"https:\/\/mcbogames.com\/?s={search_term_string}\"},\"query-input\":{\"@type\":\"PropertyValueSpecification\",\"valueRequired\":true,\"valueName\":\"search_term_string\"}}],\"inLanguage\":\"es\"},{\"@type\":\"Organization\",\"@id\":\"https:\/\/mcbogames.com\/#organization\",\"name\":\"MCBO GAMES\",\"url\":\"https:\/\/mcbogames.com\/\",\"logo\":{\"@type\":\"ImageObject\",\"inLanguage\":\"es\",\"@id\":\"https:\/\/mcbogames.com\/#\/schema\/logo\/image\/\",\"url\":\"https:\/\/mcbogames.com\/wp-content\/uploads\/2021\/12\/logo_web.png\",\"contentUrl\":\"https:\/\/mcbogames.com\/wp-content\/uploads\/2021\/12\/logo_web.png\",\"width\":247,\"height\":223,\"caption\":\"MCBO GAMES\"},\"image\":{\"@id\":\"https:\/\/mcbogames.com\/#\/schema\/logo\/image\/\"}}]}<\/script>\n<!-- \/ Yoast SEO plugin. -->","yoast_head_json":{"title":"Arctic MX-5 Pasta T\u00e9rmica con Esp\u00e1tula (4g) - :: MCBO GAMES TU TIENDA FAVORITA DE TECNOLOG\u00cdA Y VIDEOJUEGOS ::","description":"- Contenido: 4 g- Color azul- Viscosidad: 550 poises- Densidad: 3,2 g\/cm\u00b3- Temperatura de funcionamiento: -40 a +180 \u00b0C- Tensi\u00f3n de ruptura: 250 V \/ mil- Vida \u00fatil: 8 a\u00f1os","robots":{"index":"index","follow":"follow","max-snippet":"max-snippet:-1","max-image-preview":"max-image-preview:large","max-video-preview":"max-video-preview:-1"},"canonical":"https:\/\/mcbogames.com\/index.php\/producto\/arctic-mx-5-pasta-termica-con-espatula-4g\/","og_locale":"es_ES","og_type":"article","og_title":"Arctic MX-5 Pasta T\u00e9rmica con Esp\u00e1tula (4g) - :: MCBO GAMES TU TIENDA FAVORITA DE TECNOLOG\u00cdA Y VIDEOJUEGOS ::","og_description":"- Contenido: 4 g- Color azul- Viscosidad: 550 poises- Densidad: 3,2 g\/cm\u00b3- Temperatura de funcionamiento: -40 a +180 \u00b0C- Tensi\u00f3n de ruptura: 250 V \/ mil- Vida \u00fatil: 8 a\u00f1os","og_url":"https:\/\/mcbogames.com\/index.php\/producto\/arctic-mx-5-pasta-termica-con-espatula-4g\/","og_site_name":":: MCBO GAMES TU TIENDA FAVORITA DE TECNOLOG\u00cdA Y VIDEOJUEGOS ::","article_modified_time":"2025-05-29T19:20:34+00:00","og_image":[{"width":1000,"height":1000,"url":"https:\/\/mcbogames.com\/wp-content\/uploads\/2022\/03\/mx-5-Pasta.jpeg","type":"image\/jpeg"}],"twitter_card":"summary_large_image","twitter_misc":{"Tiempo de lectura":"1 minuto"},"schema":{"@context":"https:\/\/schema.org","@graph":[{"@type":"WebPage","@id":"https:\/\/mcbogames.com\/index.php\/producto\/arctic-mx-5-pasta-termica-con-espatula-4g\/","url":"https:\/\/mcbogames.com\/index.php\/producto\/arctic-mx-5-pasta-termica-con-espatula-4g\/","name":"Arctic MX-5 Pasta T\u00e9rmica con Esp\u00e1tula (4g) - :: MCBO GAMES TU TIENDA FAVORITA DE TECNOLOG\u00cdA Y VIDEOJUEGOS ::","isPartOf":{"@id":"https:\/\/mcbogames.com\/#website"},"primaryImageOfPage":{"@id":"https:\/\/mcbogames.com\/index.php\/producto\/arctic-mx-5-pasta-termica-con-espatula-4g\/#primaryimage"},"image":{"@id":"https:\/\/mcbogames.com\/index.php\/producto\/arctic-mx-5-pasta-termica-con-espatula-4g\/#primaryimage"},"thumbnailUrl":"https:\/\/mcbogames.com\/wp-content\/uploads\/2022\/03\/mx-5-Pasta.jpeg","datePublished":"2022-03-25T23:23:40+00:00","dateModified":"2025-05-29T19:20:34+00:00","description":"- Contenido: 4 g- Color azul- Viscosidad: 550 poises- Densidad: 3,2 g\/cm\u00b3- Temperatura de funcionamiento: -40 a +180 \u00b0C- Tensi\u00f3n de ruptura: 250 V \/ mil- Vida \u00fatil: 8 a\u00f1os","breadcrumb":{"@id":"https:\/\/mcbogames.com\/index.php\/producto\/arctic-mx-5-pasta-termica-con-espatula-4g\/#breadcrumb"},"inLanguage":"es","potentialAction":[{"@type":"ReadAction","target":["https:\/\/mcbogames.com\/index.php\/producto\/arctic-mx-5-pasta-termica-con-espatula-4g\/"]}]},{"@type":"ImageObject","inLanguage":"es","@id":"https:\/\/mcbogames.com\/index.php\/producto\/arctic-mx-5-pasta-termica-con-espatula-4g\/#primaryimage","url":"https:\/\/mcbogames.com\/wp-content\/uploads\/2022\/03\/mx-5-Pasta.jpeg","contentUrl":"https:\/\/mcbogames.com\/wp-content\/uploads\/2022\/03\/mx-5-Pasta.jpeg","width":1000,"height":1000},{"@type":"BreadcrumbList","@id":"https:\/\/mcbogames.com\/index.php\/producto\/arctic-mx-5-pasta-termica-con-espatula-4g\/#breadcrumb","itemListElement":[{"@type":"ListItem","position":1,"name":"Portada","item":"https:\/\/mcbogames.com\/"},{"@type":"ListItem","position":2,"name":"Shop","item":"https:\/\/mcbogames.com\/index.php\/shop\/"},{"@type":"ListItem","position":3,"name":"Arctic MX-5 Pasta T\u00e9rmica con Esp\u00e1tula (4g)"}]},{"@type":"WebSite","@id":"https:\/\/mcbogames.com\/#website","url":"https:\/\/mcbogames.com\/","name":":: MCBO GAMES TU TIENDA FAVORITA DE TECNOLOG\u00cdA Y VIDEOJUEGOS ::","description":"TIENDA ONLINE","publisher":{"@id":"https:\/\/mcbogames.com\/#organization"},"potentialAction":[{"@type":"SearchAction","target":{"@type":"EntryPoint","urlTemplate":"https:\/\/mcbogames.com\/?s={search_term_string}"},"query-input":{"@type":"PropertyValueSpecification","valueRequired":true,"valueName":"search_term_string"}}],"inLanguage":"es"},{"@type":"Organization","@id":"https:\/\/mcbogames.com\/#organization","name":"MCBO GAMES","url":"https:\/\/mcbogames.com\/","logo":{"@type":"ImageObject","inLanguage":"es","@id":"https:\/\/mcbogames.com\/#\/schema\/logo\/image\/","url":"https:\/\/mcbogames.com\/wp-content\/uploads\/2021\/12\/logo_web.png","contentUrl":"https:\/\/mcbogames.com\/wp-content\/uploads\/2021\/12\/logo_web.png","width":247,"height":223,"caption":"MCBO GAMES"},"image":{"@id":"https:\/\/mcbogames.com\/#\/schema\/logo\/image\/"}}]}},"_links":{"self":[{"href":"https:\/\/mcbogames.com\/index.php\/wp-json\/wp\/v2\/product\/6767","targetHints":{"allow":["GET"]}}],"collection":[{"href":"https:\/\/mcbogames.com\/index.php\/wp-json\/wp\/v2\/product"}],"about":[{"href":"https:\/\/mcbogames.com\/index.php\/wp-json\/wp\/v2\/types\/product"}],"wp:featuredmedia":[{"embeddable":true,"href":"https:\/\/mcbogames.com\/index.php\/wp-json\/wp\/v2\/media\/6768"}],"wp:attachment":[{"href":"https:\/\/mcbogames.com\/index.php\/wp-json\/wp\/v2\/media?parent=6767"}],"wp:term":[{"taxonomy":"product_brand","embeddable":true,"href":"https:\/\/mcbogames.com\/index.php\/wp-json\/wp\/v2\/product_brand?post=6767"},{"taxonomy":"product_cat","embeddable":true,"href":"https:\/\/mcbogames.com\/index.php\/wp-json\/wp\/v2\/product_cat?post=6767"},{"taxonomy":"product_tag","embeddable":true,"href":"https:\/\/mcbogames.com\/index.php\/wp-json\/wp\/v2\/product_tag?post=6767"}],"curies":[{"name":"wp","href":"https:\/\/api.w.org\/{rel}","templated":true}]}}