{"id":6754,"date":"2022-03-23T21:35:57","date_gmt":"2022-03-24T01:35:57","guid":{"rendered":"https:\/\/mcbogames.com\/?post_type=product&#038;p=6754"},"modified":"2022-08-03T19:50:45","modified_gmt":"2022-08-03T23:50:45","slug":"sabrent-disco-duro-externo-2-5-pulgadas-sata","status":"publish","type":"product","link":"https:\/\/mcbogames.com\/index.php\/producto\/sabrent-disco-duro-externo-2-5-pulgadas-sata\/","title":{"rendered":"Disco Duro Externo Sabrent 2.5 pulgadas SATA"},"content":{"rendered":"<ul>\n<li><span class=\"a-list-item\">Soporta est\u00e1ndar port\u00e1til discos duros SATA de 2,5\u00a0pulgadas.<\/span><\/li>\n<li><span class=\"a-list-item\">Luz LED indica el estado de alimentaci\u00f3n y actividad.<\/span><\/li>\n<li><span class=\"a-list-item\">Intercambiables en caliente, instalaci\u00f3n HDD sin herramientas, plug and play, no necesita drivers.<\/span><\/li>\n<li><span class=\"a-list-item\">Reverso compatible con USB 2.0\u00a0y 1.1.<\/span><\/li>\n<li><span class=\"a-list-item\">Un 70% m\u00e1s r\u00e1pido que con USB 3.0\u00a0tradicional, con protocolo de transferencia UASP; El protocolo de transferencia UASP s\u00f3lo puede acelerar velocidad de lectura y escritura de disco duro SSD.<\/span><\/li>\n<\/ul>\n","protected":false},"excerpt":{"rendered":"<p>Soporta est\u00e1ndar port\u00e1til discos duros SATA de 2,5\u00a0pulgadas. Luz LED indica el estado de alimentaci\u00f3n y actividad. Intercambiables en caliente, instalaci\u00f3n HDD sin herramientas, plug and play, no necesita drivers. Reverso compatible con USB 2.0\u00a0y 1.1. Un 70% m\u00e1s r\u00e1pido que con USB 3.0\u00a0tradicional, con protocolo de transferencia UASP; El protocolo de transferencia UASP s\u00f3lo &hellip; <a href=\"https:\/\/mcbogames.com\/index.php\/producto\/sabrent-disco-duro-externo-2-5-pulgadas-sata\/\" class=\"more-link\">Continue reading <span class=\"screen-reader-text\">Disco Duro Externo Sabrent 2.5 pulgadas SATA<\/span><\/a><\/p>\n","protected":false},"featured_media":6756,"template":"","meta":[],"product_brand":[],"product_cat":[228,236],"product_tag":[300,339],"class_list":{"0":"post-6754","1":"product","2":"type-product","3":"status-publish","4":"has-post-thumbnail","6":"product_cat-computacion","7":"product_cat-accesorios","8":"product_tag-discoduro","9":"product_tag-sabrent","12":"outofstock","13":"shipping-taxable","14":"purchasable","15":"product-type-simple"},"bundled_by":[],"bundle_stock_status":"outofstock","bundle_stock_quantity":0,"bundle_virtual":false,"bundle_layout":"","bundle_add_to_cart_form_location":"","bundle_editable_in_cart":false,"bundle_sold_individually_context":"","bundle_item_grouping":"","bundle_min_size":"","bundle_max_size":"","bundled_items":[],"bundle_sell_ids":[],"yoast_head":"<!-- This site is optimized with the Yoast SEO plugin v26.8 - https:\/\/yoast.com\/product\/yoast-seo-wordpress\/ -->\n<title>Disco Duro Externo Sabrent 2.5 pulgadas SATA - :: MCBO GAMES TU TIENDA FAVORITA DE TECNOLOG\u00cdA Y VIDEOJUEGOS ::<\/title>\n<meta name=\"description\" content=\"Soporta est\u00e1ndar port\u00e1til discos duros SATA de 2,5 pulgadas.Luz LED indica el estado de alimentaci\u00f3n y actividad.Intercambiables en caliente, instalaci\u00f3n HDD sin herramientas, plug and play, no necesita drivers.Reverso compatible con USB 2.0 y 1.1.Un 70% m\u00e1s r\u00e1pido que con USB 3.0 tradicional, con protocolo de transferencia UASP; El protocolo de transferencia UASP s\u00f3lo puede acelerar velocidad de lectura y escritura de disco duro SSD.\" \/>\n<meta name=\"robots\" content=\"index, follow, max-snippet:-1, max-image-preview:large, max-video-preview:-1\" \/>\n<link rel=\"canonical\" href=\"https:\/\/mcbogames.com\/index.php\/producto\/sabrent-disco-duro-externo-2-5-pulgadas-sata\/\" \/>\n<meta property=\"og:locale\" content=\"es_ES\" \/>\n<meta property=\"og:type\" content=\"article\" \/>\n<meta property=\"og:title\" content=\"Disco Duro Externo Sabrent 2.5 pulgadas SATA - :: MCBO GAMES TU TIENDA FAVORITA DE TECNOLOG\u00cdA Y VIDEOJUEGOS ::\" \/>\n<meta property=\"og:description\" content=\"Soporta est\u00e1ndar port\u00e1til discos duros SATA de 2,5 pulgadas.Luz LED indica el estado de alimentaci\u00f3n y actividad.Intercambiables en caliente, instalaci\u00f3n HDD sin herramientas, plug and play, no necesita drivers.Reverso compatible con USB 2.0 y 1.1.Un 70% m\u00e1s r\u00e1pido que con USB 3.0 tradicional, con protocolo de transferencia UASP; El protocolo de transferencia UASP s\u00f3lo puede acelerar velocidad de lectura y escritura de disco duro SSD.\" \/>\n<meta property=\"og:url\" content=\"https:\/\/mcbogames.com\/index.php\/producto\/sabrent-disco-duro-externo-2-5-pulgadas-sata\/\" \/>\n<meta property=\"og:site_name\" content=\":: MCBO GAMES TU TIENDA FAVORITA DE TECNOLOG\u00cdA Y VIDEOJUEGOS ::\" \/>\n<meta property=\"article:modified_time\" content=\"2022-08-03T23:50:45+00:00\" \/>\n<meta property=\"og:image\" content=\"https:\/\/mcbogames.com\/wp-content\/uploads\/2022\/03\/DD.png\" \/>\n\t<meta property=\"og:image:width\" content=\"1000\" \/>\n\t<meta property=\"og:image:height\" content=\"1000\" \/>\n\t<meta property=\"og:image:type\" content=\"image\/png\" \/>\n<meta name=\"twitter:card\" content=\"summary_large_image\" \/>\n<meta name=\"twitter:label1\" content=\"Tiempo de lectura\" \/>\n\t<meta name=\"twitter:data1\" content=\"1 minuto\" \/>\n<script type=\"application\/ld+json\" class=\"yoast-schema-graph\">{\"@context\":\"https:\/\/schema.org\",\"@graph\":[{\"@type\":\"WebPage\",\"@id\":\"https:\/\/mcbogames.com\/index.php\/producto\/sabrent-disco-duro-externo-2-5-pulgadas-sata\/\",\"url\":\"https:\/\/mcbogames.com\/index.php\/producto\/sabrent-disco-duro-externo-2-5-pulgadas-sata\/\",\"name\":\"Disco Duro Externo Sabrent 2.5 pulgadas SATA - :: MCBO GAMES TU TIENDA FAVORITA DE TECNOLOG\u00cdA Y VIDEOJUEGOS ::\",\"isPartOf\":{\"@id\":\"https:\/\/mcbogames.com\/#website\"},\"primaryImageOfPage\":{\"@id\":\"https:\/\/mcbogames.com\/index.php\/producto\/sabrent-disco-duro-externo-2-5-pulgadas-sata\/#primaryimage\"},\"image\":{\"@id\":\"https:\/\/mcbogames.com\/index.php\/producto\/sabrent-disco-duro-externo-2-5-pulgadas-sata\/#primaryimage\"},\"thumbnailUrl\":\"https:\/\/mcbogames.com\/wp-content\/uploads\/2022\/03\/DD.png\",\"datePublished\":\"2022-03-24T01:35:57+00:00\",\"dateModified\":\"2022-08-03T23:50:45+00:00\",\"description\":\"Soporta est\u00e1ndar port\u00e1til discos duros SATA de 2,5 pulgadas.Luz LED indica el estado de alimentaci\u00f3n y actividad.Intercambiables en caliente, instalaci\u00f3n HDD sin herramientas, plug and play, no necesita drivers.Reverso compatible con USB 2.0 y 1.1.Un 70% m\u00e1s r\u00e1pido que con USB 3.0 tradicional, con protocolo de transferencia UASP; El protocolo de transferencia UASP s\u00f3lo puede acelerar velocidad de lectura y escritura de disco duro SSD.\",\"breadcrumb\":{\"@id\":\"https:\/\/mcbogames.com\/index.php\/producto\/sabrent-disco-duro-externo-2-5-pulgadas-sata\/#breadcrumb\"},\"inLanguage\":\"es\",\"potentialAction\":[{\"@type\":\"ReadAction\",\"target\":[\"https:\/\/mcbogames.com\/index.php\/producto\/sabrent-disco-duro-externo-2-5-pulgadas-sata\/\"]}]},{\"@type\":\"ImageObject\",\"inLanguage\":\"es\",\"@id\":\"https:\/\/mcbogames.com\/index.php\/producto\/sabrent-disco-duro-externo-2-5-pulgadas-sata\/#primaryimage\",\"url\":\"https:\/\/mcbogames.com\/wp-content\/uploads\/2022\/03\/DD.png\",\"contentUrl\":\"https:\/\/mcbogames.com\/wp-content\/uploads\/2022\/03\/DD.png\",\"width\":1000,\"height\":1000},{\"@type\":\"BreadcrumbList\",\"@id\":\"https:\/\/mcbogames.com\/index.php\/producto\/sabrent-disco-duro-externo-2-5-pulgadas-sata\/#breadcrumb\",\"itemListElement\":[{\"@type\":\"ListItem\",\"position\":1,\"name\":\"Portada\",\"item\":\"https:\/\/mcbogames.com\/\"},{\"@type\":\"ListItem\",\"position\":2,\"name\":\"Shop\",\"item\":\"https:\/\/mcbogames.com\/index.php\/shop\/\"},{\"@type\":\"ListItem\",\"position\":3,\"name\":\"Disco Duro Externo Sabrent 2.5 pulgadas SATA\"}]},{\"@type\":\"WebSite\",\"@id\":\"https:\/\/mcbogames.com\/#website\",\"url\":\"https:\/\/mcbogames.com\/\",\"name\":\":: MCBO GAMES TU TIENDA FAVORITA DE TECNOLOG\u00cdA Y VIDEOJUEGOS ::\",\"description\":\"TIENDA ONLINE\",\"publisher\":{\"@id\":\"https:\/\/mcbogames.com\/#organization\"},\"potentialAction\":[{\"@type\":\"SearchAction\",\"target\":{\"@type\":\"EntryPoint\",\"urlTemplate\":\"https:\/\/mcbogames.com\/?s={search_term_string}\"},\"query-input\":{\"@type\":\"PropertyValueSpecification\",\"valueRequired\":true,\"valueName\":\"search_term_string\"}}],\"inLanguage\":\"es\"},{\"@type\":\"Organization\",\"@id\":\"https:\/\/mcbogames.com\/#organization\",\"name\":\"MCBO GAMES\",\"url\":\"https:\/\/mcbogames.com\/\",\"logo\":{\"@type\":\"ImageObject\",\"inLanguage\":\"es\",\"@id\":\"https:\/\/mcbogames.com\/#\/schema\/logo\/image\/\",\"url\":\"https:\/\/mcbogames.com\/wp-content\/uploads\/2021\/12\/logo_web.png\",\"contentUrl\":\"https:\/\/mcbogames.com\/wp-content\/uploads\/2021\/12\/logo_web.png\",\"width\":247,\"height\":223,\"caption\":\"MCBO GAMES\"},\"image\":{\"@id\":\"https:\/\/mcbogames.com\/#\/schema\/logo\/image\/\"}}]}<\/script>\n<!-- \/ Yoast SEO plugin. -->","yoast_head_json":{"title":"Disco Duro Externo Sabrent 2.5 pulgadas SATA - :: MCBO GAMES TU TIENDA FAVORITA DE TECNOLOG\u00cdA Y VIDEOJUEGOS ::","description":"Soporta est\u00e1ndar port\u00e1til discos duros SATA de 2,5 pulgadas.Luz LED indica el estado de alimentaci\u00f3n y actividad.Intercambiables en caliente, instalaci\u00f3n HDD sin herramientas, plug and play, no necesita drivers.Reverso compatible con USB 2.0 y 1.1.Un 70% m\u00e1s r\u00e1pido que con USB 3.0 tradicional, con protocolo de transferencia UASP; El protocolo de transferencia UASP s\u00f3lo puede acelerar velocidad de lectura y escritura de disco duro SSD.","robots":{"index":"index","follow":"follow","max-snippet":"max-snippet:-1","max-image-preview":"max-image-preview:large","max-video-preview":"max-video-preview:-1"},"canonical":"https:\/\/mcbogames.com\/index.php\/producto\/sabrent-disco-duro-externo-2-5-pulgadas-sata\/","og_locale":"es_ES","og_type":"article","og_title":"Disco Duro Externo Sabrent 2.5 pulgadas SATA - :: MCBO GAMES TU TIENDA FAVORITA DE TECNOLOG\u00cdA Y VIDEOJUEGOS ::","og_description":"Soporta est\u00e1ndar port\u00e1til discos duros SATA de 2,5 pulgadas.Luz LED indica el estado de alimentaci\u00f3n y actividad.Intercambiables en caliente, instalaci\u00f3n HDD sin herramientas, plug and play, no necesita drivers.Reverso compatible con USB 2.0 y 1.1.Un 70% m\u00e1s r\u00e1pido que con USB 3.0 tradicional, con protocolo de transferencia UASP; El protocolo de transferencia UASP s\u00f3lo puede acelerar velocidad de lectura y escritura de disco duro SSD.","og_url":"https:\/\/mcbogames.com\/index.php\/producto\/sabrent-disco-duro-externo-2-5-pulgadas-sata\/","og_site_name":":: MCBO GAMES TU TIENDA FAVORITA DE TECNOLOG\u00cdA Y VIDEOJUEGOS ::","article_modified_time":"2022-08-03T23:50:45+00:00","og_image":[{"width":1000,"height":1000,"url":"https:\/\/mcbogames.com\/wp-content\/uploads\/2022\/03\/DD.png","type":"image\/png"}],"twitter_card":"summary_large_image","twitter_misc":{"Tiempo de lectura":"1 minuto"},"schema":{"@context":"https:\/\/schema.org","@graph":[{"@type":"WebPage","@id":"https:\/\/mcbogames.com\/index.php\/producto\/sabrent-disco-duro-externo-2-5-pulgadas-sata\/","url":"https:\/\/mcbogames.com\/index.php\/producto\/sabrent-disco-duro-externo-2-5-pulgadas-sata\/","name":"Disco Duro Externo Sabrent 2.5 pulgadas SATA - :: MCBO GAMES TU TIENDA FAVORITA DE TECNOLOG\u00cdA Y VIDEOJUEGOS ::","isPartOf":{"@id":"https:\/\/mcbogames.com\/#website"},"primaryImageOfPage":{"@id":"https:\/\/mcbogames.com\/index.php\/producto\/sabrent-disco-duro-externo-2-5-pulgadas-sata\/#primaryimage"},"image":{"@id":"https:\/\/mcbogames.com\/index.php\/producto\/sabrent-disco-duro-externo-2-5-pulgadas-sata\/#primaryimage"},"thumbnailUrl":"https:\/\/mcbogames.com\/wp-content\/uploads\/2022\/03\/DD.png","datePublished":"2022-03-24T01:35:57+00:00","dateModified":"2022-08-03T23:50:45+00:00","description":"Soporta est\u00e1ndar port\u00e1til discos duros SATA de 2,5 pulgadas.Luz LED indica el estado de alimentaci\u00f3n y actividad.Intercambiables en caliente, instalaci\u00f3n HDD sin herramientas, plug and play, no necesita drivers.Reverso compatible con USB 2.0 y 1.1.Un 70% m\u00e1s r\u00e1pido que con USB 3.0 tradicional, con protocolo de transferencia UASP; El protocolo de transferencia UASP s\u00f3lo puede acelerar velocidad de lectura y escritura de disco duro SSD.","breadcrumb":{"@id":"https:\/\/mcbogames.com\/index.php\/producto\/sabrent-disco-duro-externo-2-5-pulgadas-sata\/#breadcrumb"},"inLanguage":"es","potentialAction":[{"@type":"ReadAction","target":["https:\/\/mcbogames.com\/index.php\/producto\/sabrent-disco-duro-externo-2-5-pulgadas-sata\/"]}]},{"@type":"ImageObject","inLanguage":"es","@id":"https:\/\/mcbogames.com\/index.php\/producto\/sabrent-disco-duro-externo-2-5-pulgadas-sata\/#primaryimage","url":"https:\/\/mcbogames.com\/wp-content\/uploads\/2022\/03\/DD.png","contentUrl":"https:\/\/mcbogames.com\/wp-content\/uploads\/2022\/03\/DD.png","width":1000,"height":1000},{"@type":"BreadcrumbList","@id":"https:\/\/mcbogames.com\/index.php\/producto\/sabrent-disco-duro-externo-2-5-pulgadas-sata\/#breadcrumb","itemListElement":[{"@type":"ListItem","position":1,"name":"Portada","item":"https:\/\/mcbogames.com\/"},{"@type":"ListItem","position":2,"name":"Shop","item":"https:\/\/mcbogames.com\/index.php\/shop\/"},{"@type":"ListItem","position":3,"name":"Disco Duro Externo Sabrent 2.5 pulgadas SATA"}]},{"@type":"WebSite","@id":"https:\/\/mcbogames.com\/#website","url":"https:\/\/mcbogames.com\/","name":":: MCBO GAMES TU TIENDA FAVORITA DE TECNOLOG\u00cdA Y VIDEOJUEGOS ::","description":"TIENDA ONLINE","publisher":{"@id":"https:\/\/mcbogames.com\/#organization"},"potentialAction":[{"@type":"SearchAction","target":{"@type":"EntryPoint","urlTemplate":"https:\/\/mcbogames.com\/?s={search_term_string}"},"query-input":{"@type":"PropertyValueSpecification","valueRequired":true,"valueName":"search_term_string"}}],"inLanguage":"es"},{"@type":"Organization","@id":"https:\/\/mcbogames.com\/#organization","name":"MCBO GAMES","url":"https:\/\/mcbogames.com\/","logo":{"@type":"ImageObject","inLanguage":"es","@id":"https:\/\/mcbogames.com\/#\/schema\/logo\/image\/","url":"https:\/\/mcbogames.com\/wp-content\/uploads\/2021\/12\/logo_web.png","contentUrl":"https:\/\/mcbogames.com\/wp-content\/uploads\/2021\/12\/logo_web.png","width":247,"height":223,"caption":"MCBO GAMES"},"image":{"@id":"https:\/\/mcbogames.com\/#\/schema\/logo\/image\/"}}]}},"_links":{"self":[{"href":"https:\/\/mcbogames.com\/index.php\/wp-json\/wp\/v2\/product\/6754","targetHints":{"allow":["GET"]}}],"collection":[{"href":"https:\/\/mcbogames.com\/index.php\/wp-json\/wp\/v2\/product"}],"about":[{"href":"https:\/\/mcbogames.com\/index.php\/wp-json\/wp\/v2\/types\/product"}],"wp:featuredmedia":[{"embeddable":true,"href":"https:\/\/mcbogames.com\/index.php\/wp-json\/wp\/v2\/media\/6756"}],"wp:attachment":[{"href":"https:\/\/mcbogames.com\/index.php\/wp-json\/wp\/v2\/media?parent=6754"}],"wp:term":[{"taxonomy":"product_brand","embeddable":true,"href":"https:\/\/mcbogames.com\/index.php\/wp-json\/wp\/v2\/product_brand?post=6754"},{"taxonomy":"product_cat","embeddable":true,"href":"https:\/\/mcbogames.com\/index.php\/wp-json\/wp\/v2\/product_cat?post=6754"},{"taxonomy":"product_tag","embeddable":true,"href":"https:\/\/mcbogames.com\/index.php\/wp-json\/wp\/v2\/product_tag?post=6754"}],"curies":[{"name":"wp","href":"https:\/\/api.w.org\/{rel}","templated":true}]}}