{"id":6601,"date":"2022-03-18T18:03:52","date_gmt":"2022-03-18T18:03:52","guid":{"rendered":"https:\/\/mcbogames.com\/?post_type=product&#038;p=6601"},"modified":"2022-08-03T12:57:20","modified_gmt":"2022-08-03T16:57:20","slug":"rog-strix-b550-f-gaming-wi-fi","status":"publish","type":"product","link":"https:\/\/mcbogames.com\/index.php\/producto\/rog-strix-b550-f-gaming-wi-fi\/","title":{"rendered":"Motherboard ASUS ROG STRIX B550 F Gaming Wi-Fi"},"content":{"rendered":"<p>Las placas base de la serie ROG Strix B550 Gaming ofrecen un conjunto de caracter\u00edsticas que generalmente se encuentra en la serie ROG Strix X570 Gaming de gama alta, incluida la \u00faltima PCIe\u00a0<sup>\u00ae<\/sup>\u00a04.0.\u00a0Con la entrega de potencia robusta y refrigeraci\u00f3n eficaz, ROG Strix B550 Gaming est\u00e1 bien equipado para manejar 3\u00a0<sup>rd<\/sup>\u00a0Gen AMD CPUs Ryzen \u2122.\u00a0Con una est\u00e9tica futurista y un software ROG intuitivo, ROG Strix B550-F Gaming (Wi-Fi) te da una ventaja en la construcci\u00f3n de tus sue\u00f1os.<\/p>\n","protected":false},"excerpt":{"rendered":"<p>Las placas base de la serie ROG Strix B550 Gaming ofrecen un conjunto de caracter\u00edsticas que generalmente se encuentra en la serie ROG Strix X570 Gaming de gama alta, incluida la \u00faltima PCIe\u00a0\u00ae\u00a04.0.\u00a0Con la entrega de potencia robusta y refrigeraci\u00f3n eficaz, ROG Strix B550 Gaming est\u00e1 bien equipado para manejar 3\u00a0rd\u00a0Gen AMD CPUs Ryzen \u2122.\u00a0Con &hellip; <a href=\"https:\/\/mcbogames.com\/index.php\/producto\/rog-strix-b550-f-gaming-wi-fi\/\" class=\"more-link\">Continue reading <span class=\"screen-reader-text\">Motherboard ASUS ROG STRIX B550 F Gaming Wi-Fi<\/span><\/a><\/p>\n","protected":false},"featured_media":6602,"template":"","meta":[],"product_brand":[],"product_cat":[228,226],"product_tag":[280],"class_list":{"0":"post-6601","1":"product","2":"type-product","3":"status-publish","4":"has-post-thumbnail","6":"product_cat-computacion","7":"product_cat-computadoras-gamer","8":"product_tag-gaming","11":"outofstock","12":"shipping-taxable","13":"purchasable","14":"product-type-simple"},"bundled_by":[],"bundle_stock_status":"outofstock","bundle_stock_quantity":0,"bundle_virtual":false,"bundle_layout":"","bundle_add_to_cart_form_location":"","bundle_editable_in_cart":false,"bundle_sold_individually_context":"","bundle_item_grouping":"","bundle_min_size":"","bundle_max_size":"","bundled_items":[],"bundle_sell_ids":[],"yoast_head":"<!-- This site is optimized with the Yoast SEO plugin v26.8 - https:\/\/yoast.com\/product\/yoast-seo-wordpress\/ -->\n<title>Motherboard ASUS ROG STRIX B550 F Gaming Wi-Fi - :: MCBO GAMES TU TIENDA FAVORITA DE TECNOLOG\u00cdA Y VIDEOJUEGOS ::<\/title>\n<meta name=\"description\" content=\"Las placas base de la serie ROG Strix B550 Gaming ofrecen un conjunto de caracter\u00edsticas que generalmente se encuentra en la serie ROG Strix X570 Gaming de gama alta, incluida la \u00faltima PCIe\u00a0\u00ae\u00a04.0.\u00a0Con la entrega de potencia robusta y refrigeraci\u00f3n eficaz, ROG Strix B550 Gaming est\u00e1 bien equipado para manejar 3\u00a0rd\u00a0Gen AMD CPUs Ryzen \u2122.\u00a0Con una est\u00e9tica futurista y un software ROG intuitivo, ROG Strix B550-F Gaming (Wi-Fi) te da una ventaja en la construcci\u00f3n de tus sue\u00f1os.\" \/>\n<meta name=\"robots\" content=\"index, follow, max-snippet:-1, max-image-preview:large, max-video-preview:-1\" \/>\n<link rel=\"canonical\" href=\"https:\/\/mcbogames.com\/index.php\/producto\/rog-strix-b550-f-gaming-wi-fi\/\" \/>\n<meta property=\"og:locale\" content=\"es_ES\" \/>\n<meta property=\"og:type\" content=\"article\" \/>\n<meta property=\"og:title\" content=\"Motherboard ASUS ROG STRIX B550 F Gaming Wi-Fi - :: MCBO GAMES TU TIENDA FAVORITA DE TECNOLOG\u00cdA Y VIDEOJUEGOS ::\" \/>\n<meta property=\"og:description\" content=\"Las placas base de la serie ROG Strix B550 Gaming ofrecen un conjunto de caracter\u00edsticas que generalmente se encuentra en la serie ROG Strix X570 Gaming de gama alta, incluida la \u00faltima PCIe\u00a0\u00ae\u00a04.0.\u00a0Con la entrega de potencia robusta y refrigeraci\u00f3n eficaz, ROG Strix B550 Gaming est\u00e1 bien equipado para manejar 3\u00a0rd\u00a0Gen AMD CPUs Ryzen \u2122.\u00a0Con una est\u00e9tica futurista y un software ROG intuitivo, ROG Strix B550-F Gaming (Wi-Fi) te da una ventaja en la construcci\u00f3n de tus sue\u00f1os.\" \/>\n<meta property=\"og:url\" content=\"https:\/\/mcbogames.com\/index.php\/producto\/rog-strix-b550-f-gaming-wi-fi\/\" \/>\n<meta property=\"og:site_name\" content=\":: MCBO GAMES TU TIENDA FAVORITA DE TECNOLOG\u00cdA Y VIDEOJUEGOS ::\" \/>\n<meta property=\"article:modified_time\" content=\"2022-08-03T16:57:20+00:00\" \/>\n<meta property=\"og:image\" content=\"https:\/\/mcbogames.com\/wp-content\/uploads\/2022\/03\/ROG.jpeg\" \/>\n\t<meta property=\"og:image:width\" content=\"1000\" \/>\n\t<meta property=\"og:image:height\" content=\"1000\" \/>\n\t<meta property=\"og:image:type\" content=\"image\/jpeg\" \/>\n<meta name=\"twitter:card\" content=\"summary_large_image\" \/>\n<meta name=\"twitter:label1\" content=\"Tiempo de lectura\" \/>\n\t<meta name=\"twitter:data1\" content=\"1 minuto\" \/>\n<script type=\"application\/ld+json\" class=\"yoast-schema-graph\">{\"@context\":\"https:\/\/schema.org\",\"@graph\":[{\"@type\":\"WebPage\",\"@id\":\"https:\/\/mcbogames.com\/index.php\/producto\/rog-strix-b550-f-gaming-wi-fi\/\",\"url\":\"https:\/\/mcbogames.com\/index.php\/producto\/rog-strix-b550-f-gaming-wi-fi\/\",\"name\":\"Motherboard ASUS ROG STRIX B550 F Gaming Wi-Fi - :: MCBO GAMES TU TIENDA FAVORITA DE TECNOLOG\u00cdA Y VIDEOJUEGOS ::\",\"isPartOf\":{\"@id\":\"https:\/\/mcbogames.com\/#website\"},\"primaryImageOfPage\":{\"@id\":\"https:\/\/mcbogames.com\/index.php\/producto\/rog-strix-b550-f-gaming-wi-fi\/#primaryimage\"},\"image\":{\"@id\":\"https:\/\/mcbogames.com\/index.php\/producto\/rog-strix-b550-f-gaming-wi-fi\/#primaryimage\"},\"thumbnailUrl\":\"https:\/\/mcbogames.com\/wp-content\/uploads\/2022\/03\/ROG.jpeg\",\"datePublished\":\"2022-03-18T18:03:52+00:00\",\"dateModified\":\"2022-08-03T16:57:20+00:00\",\"description\":\"Las placas base de la serie ROG Strix B550 Gaming ofrecen un conjunto de caracter\u00edsticas que generalmente se encuentra en la serie ROG Strix X570 Gaming de gama alta, incluida la \u00faltima PCIe\u00a0\u00ae\u00a04.0.\u00a0Con la entrega de potencia robusta y refrigeraci\u00f3n eficaz, ROG Strix B550 Gaming est\u00e1 bien equipado para manejar 3\u00a0rd\u00a0Gen AMD CPUs Ryzen \u2122.\u00a0Con una est\u00e9tica futurista y un software ROG intuitivo, ROG Strix B550-F Gaming (Wi-Fi) te da una ventaja en la construcci\u00f3n de tus sue\u00f1os.\",\"breadcrumb\":{\"@id\":\"https:\/\/mcbogames.com\/index.php\/producto\/rog-strix-b550-f-gaming-wi-fi\/#breadcrumb\"},\"inLanguage\":\"es\",\"potentialAction\":[{\"@type\":\"ReadAction\",\"target\":[\"https:\/\/mcbogames.com\/index.php\/producto\/rog-strix-b550-f-gaming-wi-fi\/\"]}]},{\"@type\":\"ImageObject\",\"inLanguage\":\"es\",\"@id\":\"https:\/\/mcbogames.com\/index.php\/producto\/rog-strix-b550-f-gaming-wi-fi\/#primaryimage\",\"url\":\"https:\/\/mcbogames.com\/wp-content\/uploads\/2022\/03\/ROG.jpeg\",\"contentUrl\":\"https:\/\/mcbogames.com\/wp-content\/uploads\/2022\/03\/ROG.jpeg\",\"width\":1000,\"height\":1000},{\"@type\":\"BreadcrumbList\",\"@id\":\"https:\/\/mcbogames.com\/index.php\/producto\/rog-strix-b550-f-gaming-wi-fi\/#breadcrumb\",\"itemListElement\":[{\"@type\":\"ListItem\",\"position\":1,\"name\":\"Portada\",\"item\":\"https:\/\/mcbogames.com\/\"},{\"@type\":\"ListItem\",\"position\":2,\"name\":\"Shop\",\"item\":\"https:\/\/mcbogames.com\/index.php\/shop\/\"},{\"@type\":\"ListItem\",\"position\":3,\"name\":\"Motherboard ASUS ROG STRIX B550 F Gaming Wi-Fi\"}]},{\"@type\":\"WebSite\",\"@id\":\"https:\/\/mcbogames.com\/#website\",\"url\":\"https:\/\/mcbogames.com\/\",\"name\":\":: MCBO GAMES TU TIENDA FAVORITA DE TECNOLOG\u00cdA Y VIDEOJUEGOS ::\",\"description\":\"TIENDA ONLINE\",\"publisher\":{\"@id\":\"https:\/\/mcbogames.com\/#organization\"},\"potentialAction\":[{\"@type\":\"SearchAction\",\"target\":{\"@type\":\"EntryPoint\",\"urlTemplate\":\"https:\/\/mcbogames.com\/?s={search_term_string}\"},\"query-input\":{\"@type\":\"PropertyValueSpecification\",\"valueRequired\":true,\"valueName\":\"search_term_string\"}}],\"inLanguage\":\"es\"},{\"@type\":\"Organization\",\"@id\":\"https:\/\/mcbogames.com\/#organization\",\"name\":\"MCBO GAMES\",\"url\":\"https:\/\/mcbogames.com\/\",\"logo\":{\"@type\":\"ImageObject\",\"inLanguage\":\"es\",\"@id\":\"https:\/\/mcbogames.com\/#\/schema\/logo\/image\/\",\"url\":\"https:\/\/mcbogames.com\/wp-content\/uploads\/2021\/12\/logo_web.png\",\"contentUrl\":\"https:\/\/mcbogames.com\/wp-content\/uploads\/2021\/12\/logo_web.png\",\"width\":247,\"height\":223,\"caption\":\"MCBO GAMES\"},\"image\":{\"@id\":\"https:\/\/mcbogames.com\/#\/schema\/logo\/image\/\"}}]}<\/script>\n<!-- \/ Yoast SEO plugin. -->","yoast_head_json":{"title":"Motherboard ASUS ROG STRIX B550 F Gaming Wi-Fi - :: MCBO GAMES TU TIENDA FAVORITA DE TECNOLOG\u00cdA Y VIDEOJUEGOS ::","description":"Las placas base de la serie ROG Strix B550 Gaming ofrecen un conjunto de caracter\u00edsticas que generalmente se encuentra en la serie ROG Strix X570 Gaming de gama alta, incluida la \u00faltima PCIe\u00a0\u00ae\u00a04.0.\u00a0Con la entrega de potencia robusta y refrigeraci\u00f3n eficaz, ROG Strix B550 Gaming est\u00e1 bien equipado para manejar 3\u00a0rd\u00a0Gen AMD CPUs Ryzen \u2122.\u00a0Con una est\u00e9tica futurista y un software ROG intuitivo, ROG Strix B550-F Gaming (Wi-Fi) te da una ventaja en la construcci\u00f3n de tus sue\u00f1os.","robots":{"index":"index","follow":"follow","max-snippet":"max-snippet:-1","max-image-preview":"max-image-preview:large","max-video-preview":"max-video-preview:-1"},"canonical":"https:\/\/mcbogames.com\/index.php\/producto\/rog-strix-b550-f-gaming-wi-fi\/","og_locale":"es_ES","og_type":"article","og_title":"Motherboard ASUS ROG STRIX B550 F Gaming Wi-Fi - :: MCBO GAMES TU TIENDA FAVORITA DE TECNOLOG\u00cdA Y VIDEOJUEGOS ::","og_description":"Las placas base de la serie ROG Strix B550 Gaming ofrecen un conjunto de caracter\u00edsticas que generalmente se encuentra en la serie ROG Strix X570 Gaming de gama alta, incluida la \u00faltima PCIe\u00a0\u00ae\u00a04.0.\u00a0Con la entrega de potencia robusta y refrigeraci\u00f3n eficaz, ROG Strix B550 Gaming est\u00e1 bien equipado para manejar 3\u00a0rd\u00a0Gen AMD CPUs Ryzen \u2122.\u00a0Con una est\u00e9tica futurista y un software ROG intuitivo, ROG Strix B550-F Gaming (Wi-Fi) te da una ventaja en la construcci\u00f3n de tus sue\u00f1os.","og_url":"https:\/\/mcbogames.com\/index.php\/producto\/rog-strix-b550-f-gaming-wi-fi\/","og_site_name":":: MCBO GAMES TU TIENDA FAVORITA DE TECNOLOG\u00cdA Y VIDEOJUEGOS ::","article_modified_time":"2022-08-03T16:57:20+00:00","og_image":[{"width":1000,"height":1000,"url":"https:\/\/mcbogames.com\/wp-content\/uploads\/2022\/03\/ROG.jpeg","type":"image\/jpeg"}],"twitter_card":"summary_large_image","twitter_misc":{"Tiempo de lectura":"1 minuto"},"schema":{"@context":"https:\/\/schema.org","@graph":[{"@type":"WebPage","@id":"https:\/\/mcbogames.com\/index.php\/producto\/rog-strix-b550-f-gaming-wi-fi\/","url":"https:\/\/mcbogames.com\/index.php\/producto\/rog-strix-b550-f-gaming-wi-fi\/","name":"Motherboard ASUS ROG STRIX B550 F Gaming Wi-Fi - :: MCBO GAMES TU TIENDA FAVORITA DE TECNOLOG\u00cdA Y VIDEOJUEGOS ::","isPartOf":{"@id":"https:\/\/mcbogames.com\/#website"},"primaryImageOfPage":{"@id":"https:\/\/mcbogames.com\/index.php\/producto\/rog-strix-b550-f-gaming-wi-fi\/#primaryimage"},"image":{"@id":"https:\/\/mcbogames.com\/index.php\/producto\/rog-strix-b550-f-gaming-wi-fi\/#primaryimage"},"thumbnailUrl":"https:\/\/mcbogames.com\/wp-content\/uploads\/2022\/03\/ROG.jpeg","datePublished":"2022-03-18T18:03:52+00:00","dateModified":"2022-08-03T16:57:20+00:00","description":"Las placas base de la serie ROG Strix B550 Gaming ofrecen un conjunto de caracter\u00edsticas que generalmente se encuentra en la serie ROG Strix X570 Gaming de gama alta, incluida la \u00faltima PCIe\u00a0\u00ae\u00a04.0.\u00a0Con la entrega de potencia robusta y refrigeraci\u00f3n eficaz, ROG Strix B550 Gaming est\u00e1 bien equipado para manejar 3\u00a0rd\u00a0Gen AMD CPUs Ryzen \u2122.\u00a0Con una est\u00e9tica futurista y un software ROG intuitivo, ROG Strix B550-F Gaming (Wi-Fi) te da una ventaja en la construcci\u00f3n de tus sue\u00f1os.","breadcrumb":{"@id":"https:\/\/mcbogames.com\/index.php\/producto\/rog-strix-b550-f-gaming-wi-fi\/#breadcrumb"},"inLanguage":"es","potentialAction":[{"@type":"ReadAction","target":["https:\/\/mcbogames.com\/index.php\/producto\/rog-strix-b550-f-gaming-wi-fi\/"]}]},{"@type":"ImageObject","inLanguage":"es","@id":"https:\/\/mcbogames.com\/index.php\/producto\/rog-strix-b550-f-gaming-wi-fi\/#primaryimage","url":"https:\/\/mcbogames.com\/wp-content\/uploads\/2022\/03\/ROG.jpeg","contentUrl":"https:\/\/mcbogames.com\/wp-content\/uploads\/2022\/03\/ROG.jpeg","width":1000,"height":1000},{"@type":"BreadcrumbList","@id":"https:\/\/mcbogames.com\/index.php\/producto\/rog-strix-b550-f-gaming-wi-fi\/#breadcrumb","itemListElement":[{"@type":"ListItem","position":1,"name":"Portada","item":"https:\/\/mcbogames.com\/"},{"@type":"ListItem","position":2,"name":"Shop","item":"https:\/\/mcbogames.com\/index.php\/shop\/"},{"@type":"ListItem","position":3,"name":"Motherboard ASUS ROG STRIX B550 F Gaming Wi-Fi"}]},{"@type":"WebSite","@id":"https:\/\/mcbogames.com\/#website","url":"https:\/\/mcbogames.com\/","name":":: MCBO GAMES TU TIENDA FAVORITA DE TECNOLOG\u00cdA Y VIDEOJUEGOS ::","description":"TIENDA ONLINE","publisher":{"@id":"https:\/\/mcbogames.com\/#organization"},"potentialAction":[{"@type":"SearchAction","target":{"@type":"EntryPoint","urlTemplate":"https:\/\/mcbogames.com\/?s={search_term_string}"},"query-input":{"@type":"PropertyValueSpecification","valueRequired":true,"valueName":"search_term_string"}}],"inLanguage":"es"},{"@type":"Organization","@id":"https:\/\/mcbogames.com\/#organization","name":"MCBO GAMES","url":"https:\/\/mcbogames.com\/","logo":{"@type":"ImageObject","inLanguage":"es","@id":"https:\/\/mcbogames.com\/#\/schema\/logo\/image\/","url":"https:\/\/mcbogames.com\/wp-content\/uploads\/2021\/12\/logo_web.png","contentUrl":"https:\/\/mcbogames.com\/wp-content\/uploads\/2021\/12\/logo_web.png","width":247,"height":223,"caption":"MCBO GAMES"},"image":{"@id":"https:\/\/mcbogames.com\/#\/schema\/logo\/image\/"}}]}},"_links":{"self":[{"href":"https:\/\/mcbogames.com\/index.php\/wp-json\/wp\/v2\/product\/6601","targetHints":{"allow":["GET"]}}],"collection":[{"href":"https:\/\/mcbogames.com\/index.php\/wp-json\/wp\/v2\/product"}],"about":[{"href":"https:\/\/mcbogames.com\/index.php\/wp-json\/wp\/v2\/types\/product"}],"wp:featuredmedia":[{"embeddable":true,"href":"https:\/\/mcbogames.com\/index.php\/wp-json\/wp\/v2\/media\/6602"}],"wp:attachment":[{"href":"https:\/\/mcbogames.com\/index.php\/wp-json\/wp\/v2\/media?parent=6601"}],"wp:term":[{"taxonomy":"product_brand","embeddable":true,"href":"https:\/\/mcbogames.com\/index.php\/wp-json\/wp\/v2\/product_brand?post=6601"},{"taxonomy":"product_cat","embeddable":true,"href":"https:\/\/mcbogames.com\/index.php\/wp-json\/wp\/v2\/product_cat?post=6601"},{"taxonomy":"product_tag","embeddable":true,"href":"https:\/\/mcbogames.com\/index.php\/wp-json\/wp\/v2\/product_tag?post=6601"}],"curies":[{"name":"wp","href":"https:\/\/api.w.org\/{rel}","templated":true}]}}