{"id":6597,"date":"2022-03-18T16:03:30","date_gmt":"2022-03-18T16:03:30","guid":{"rendered":"https:\/\/mcbogames.com\/?post_type=product&#038;p=6597"},"modified":"2024-02-19T02:06:53","modified_gmt":"2024-02-19T06:06:53","slug":"funko-pop-dragon-ball-z-funko-super-saiyan-broly-402","status":"publish","type":"product","link":"https:\/\/mcbogames.com\/index.php\/producto\/funko-pop-dragon-ball-z-funko-super-saiyan-broly-402\/","title":{"rendered":"Funko Pop! Dragon Ball Z: Super Saiyan Broly  #402"},"content":{"rendered":"<ul class=\"a-unordered-list a-vertical a-spacing-mini\">\n<li><span class=\"a-list-item\">POP! es una serie de figuras de vinilo cruzadas de Funko y otras famosas franquicias como Disney, Pixar, DC Comics, Marvel Comics, Star Wars, Simpsons, South Park, Uglydoll, etc.<\/span><\/li>\n<li><span class=\"a-list-item\">Cada figura es de aproximadamente 3.0\u00a0in a 1.0\u00a0in de alto y est\u00e1 fabricada en un estilo japon\u00e9s de anime\/manga superdeformada (Nota: debido al dise\u00f1o \u00fanico de cada personaje, el tama\u00f1o real de las figuras puede ser m\u00e1s peque\u00f1o o m\u00e1s grande de lo indicado).<\/span><\/li>\n<li><span class=\"a-list-item\">\u00a1El POP! Animation x DragonBall Z cuenta con personajes del impactante Anime Dragon Ball Z, que sigue las aventuras de Goku que, junto con sus compa\u00f1eros, defiende la Tierra contra un surtido de villanos.<\/span><\/li>\n<li><span class=\"a-list-item\">A partir de 14 a\u00f1os.<\/span><\/li>\n<\/ul>\n","protected":false},"excerpt":{"rendered":"<p>POP! es una serie de figuras de vinilo cruzadas de Funko y otras famosas franquicias como Disney, Pixar, DC Comics, Marvel Comics, Star Wars, Simpsons, South Park, Uglydoll, etc. Cada figura es de aproximadamente 3.0\u00a0in a 1.0\u00a0in de alto y est\u00e1 fabricada en un estilo japon\u00e9s de anime\/manga superdeformada (Nota: debido al dise\u00f1o \u00fanico de &hellip; <a href=\"https:\/\/mcbogames.com\/index.php\/producto\/funko-pop-dragon-ball-z-funko-super-saiyan-broly-402\/\" class=\"more-link\">Continue reading <span class=\"screen-reader-text\">Funko Pop! Dragon Ball Z: Super Saiyan Broly  #402<\/span><\/a><\/p>\n","protected":false},"featured_media":6599,"template":"","meta":[],"product_brand":[],"product_cat":[234,235],"product_tag":[],"class_list":{"0":"post-6597","1":"product","2":"type-product","3":"status-publish","4":"has-post-thumbnail","6":"product_cat-juguetes","7":"product_cat-funko-pop","8":"yith_product_brand-pop","11":"outofstock","12":"shipping-taxable","13":"purchasable","14":"product-type-simple"},"bundled_by":[],"bundle_stock_status":"outofstock","bundle_stock_quantity":0,"bundle_virtual":false,"bundle_layout":"","bundle_add_to_cart_form_location":"","bundle_editable_in_cart":false,"bundle_sold_individually_context":"","bundle_item_grouping":"","bundle_min_size":"","bundle_max_size":"","bundled_items":[],"bundle_sell_ids":[],"yoast_head":"<!-- This site is optimized with the Yoast SEO plugin v26.8 - https:\/\/yoast.com\/product\/yoast-seo-wordpress\/ -->\n<title>Funko Pop! Dragon Ball Z: Super Saiyan Broly #402 - :: MCBO GAMES TU TIENDA FAVORITA DE TECNOLOG\u00cdA Y VIDEOJUEGOS ::<\/title>\n<meta name=\"description\" content=\"Muestra\u00a0 tu l\u00ednea Dragon Ball Z Super Funko PopPop! Animaci\u00f3n #445 \u2013 Material: Vinilo\" \/>\n<meta name=\"robots\" content=\"index, follow, max-snippet:-1, max-image-preview:large, max-video-preview:-1\" \/>\n<link rel=\"canonical\" href=\"https:\/\/mcbogames.com\/index.php\/producto\/funko-pop-dragon-ball-z-funko-super-saiyan-broly-402\/\" \/>\n<meta property=\"og:locale\" content=\"es_ES\" \/>\n<meta property=\"og:type\" content=\"article\" \/>\n<meta property=\"og:title\" content=\"Funko Pop! Dragon Ball Z: Super Saiyan Broly #402 - :: MCBO GAMES TU TIENDA FAVORITA DE TECNOLOG\u00cdA Y VIDEOJUEGOS ::\" \/>\n<meta property=\"og:description\" content=\"Muestra\u00a0 tu l\u00ednea Dragon Ball Z Super Funko PopPop! Animaci\u00f3n #445 \u2013 Material: Vinilo\" \/>\n<meta property=\"og:url\" content=\"https:\/\/mcbogames.com\/index.php\/producto\/funko-pop-dragon-ball-z-funko-super-saiyan-broly-402\/\" \/>\n<meta property=\"og:site_name\" content=\":: MCBO GAMES TU TIENDA FAVORITA DE TECNOLOG\u00cdA Y VIDEOJUEGOS ::\" \/>\n<meta property=\"article:modified_time\" content=\"2024-02-19T06:06:53+00:00\" \/>\n<meta property=\"og:image\" content=\"https:\/\/mcbogames.com\/wp-content\/uploads\/2022\/03\/estefunko.jpg\" \/>\n\t<meta property=\"og:image:width\" content=\"1500\" \/>\n\t<meta property=\"og:image:height\" content=\"1310\" \/>\n\t<meta property=\"og:image:type\" content=\"image\/jpeg\" \/>\n<meta name=\"twitter:card\" content=\"summary_large_image\" \/>\n<meta name=\"twitter:label1\" content=\"Tiempo de lectura\" \/>\n\t<meta name=\"twitter:data1\" content=\"1 minuto\" \/>\n<script type=\"application\/ld+json\" class=\"yoast-schema-graph\">{\"@context\":\"https:\/\/schema.org\",\"@graph\":[{\"@type\":\"WebPage\",\"@id\":\"https:\/\/mcbogames.com\/index.php\/producto\/funko-pop-dragon-ball-z-funko-super-saiyan-broly-402\/\",\"url\":\"https:\/\/mcbogames.com\/index.php\/producto\/funko-pop-dragon-ball-z-funko-super-saiyan-broly-402\/\",\"name\":\"Funko Pop! Dragon Ball Z: Super Saiyan Broly #402 - :: MCBO GAMES TU TIENDA FAVORITA DE TECNOLOG\u00cdA Y VIDEOJUEGOS ::\",\"isPartOf\":{\"@id\":\"https:\/\/mcbogames.com\/#website\"},\"primaryImageOfPage\":{\"@id\":\"https:\/\/mcbogames.com\/index.php\/producto\/funko-pop-dragon-ball-z-funko-super-saiyan-broly-402\/#primaryimage\"},\"image\":{\"@id\":\"https:\/\/mcbogames.com\/index.php\/producto\/funko-pop-dragon-ball-z-funko-super-saiyan-broly-402\/#primaryimage\"},\"thumbnailUrl\":\"https:\/\/mcbogames.com\/wp-content\/uploads\/2022\/03\/estefunko.jpg\",\"datePublished\":\"2022-03-18T16:03:30+00:00\",\"dateModified\":\"2024-02-19T06:06:53+00:00\",\"description\":\"Muestra\u00a0 tu l\u00ednea Dragon Ball Z Super Funko PopPop! Animaci\u00f3n #445 \u2013 Material: Vinilo\",\"breadcrumb\":{\"@id\":\"https:\/\/mcbogames.com\/index.php\/producto\/funko-pop-dragon-ball-z-funko-super-saiyan-broly-402\/#breadcrumb\"},\"inLanguage\":\"es\",\"potentialAction\":[{\"@type\":\"ReadAction\",\"target\":[\"https:\/\/mcbogames.com\/index.php\/producto\/funko-pop-dragon-ball-z-funko-super-saiyan-broly-402\/\"]}]},{\"@type\":\"ImageObject\",\"inLanguage\":\"es\",\"@id\":\"https:\/\/mcbogames.com\/index.php\/producto\/funko-pop-dragon-ball-z-funko-super-saiyan-broly-402\/#primaryimage\",\"url\":\"https:\/\/mcbogames.com\/wp-content\/uploads\/2022\/03\/estefunko.jpg\",\"contentUrl\":\"https:\/\/mcbogames.com\/wp-content\/uploads\/2022\/03\/estefunko.jpg\",\"width\":1500,\"height\":1310},{\"@type\":\"BreadcrumbList\",\"@id\":\"https:\/\/mcbogames.com\/index.php\/producto\/funko-pop-dragon-ball-z-funko-super-saiyan-broly-402\/#breadcrumb\",\"itemListElement\":[{\"@type\":\"ListItem\",\"position\":1,\"name\":\"Portada\",\"item\":\"https:\/\/mcbogames.com\/\"},{\"@type\":\"ListItem\",\"position\":2,\"name\":\"Shop\",\"item\":\"https:\/\/mcbogames.com\/index.php\/shop\/\"},{\"@type\":\"ListItem\",\"position\":3,\"name\":\"Funko Pop! Dragon Ball Z: Super Saiyan Broly #402\"}]},{\"@type\":\"WebSite\",\"@id\":\"https:\/\/mcbogames.com\/#website\",\"url\":\"https:\/\/mcbogames.com\/\",\"name\":\":: MCBO GAMES TU TIENDA FAVORITA DE TECNOLOG\u00cdA Y VIDEOJUEGOS ::\",\"description\":\"TIENDA ONLINE\",\"publisher\":{\"@id\":\"https:\/\/mcbogames.com\/#organization\"},\"potentialAction\":[{\"@type\":\"SearchAction\",\"target\":{\"@type\":\"EntryPoint\",\"urlTemplate\":\"https:\/\/mcbogames.com\/?s={search_term_string}\"},\"query-input\":{\"@type\":\"PropertyValueSpecification\",\"valueRequired\":true,\"valueName\":\"search_term_string\"}}],\"inLanguage\":\"es\"},{\"@type\":\"Organization\",\"@id\":\"https:\/\/mcbogames.com\/#organization\",\"name\":\"MCBO GAMES\",\"url\":\"https:\/\/mcbogames.com\/\",\"logo\":{\"@type\":\"ImageObject\",\"inLanguage\":\"es\",\"@id\":\"https:\/\/mcbogames.com\/#\/schema\/logo\/image\/\",\"url\":\"https:\/\/mcbogames.com\/wp-content\/uploads\/2021\/12\/logo_web.png\",\"contentUrl\":\"https:\/\/mcbogames.com\/wp-content\/uploads\/2021\/12\/logo_web.png\",\"width\":247,\"height\":223,\"caption\":\"MCBO GAMES\"},\"image\":{\"@id\":\"https:\/\/mcbogames.com\/#\/schema\/logo\/image\/\"}}]}<\/script>\n<!-- \/ Yoast SEO plugin. -->","yoast_head_json":{"title":"Funko Pop! Dragon Ball Z: Super Saiyan Broly #402 - :: MCBO GAMES TU TIENDA FAVORITA DE TECNOLOG\u00cdA Y VIDEOJUEGOS ::","description":"Muestra\u00a0 tu l\u00ednea Dragon Ball Z Super Funko PopPop! Animaci\u00f3n #445 \u2013 Material: Vinilo","robots":{"index":"index","follow":"follow","max-snippet":"max-snippet:-1","max-image-preview":"max-image-preview:large","max-video-preview":"max-video-preview:-1"},"canonical":"https:\/\/mcbogames.com\/index.php\/producto\/funko-pop-dragon-ball-z-funko-super-saiyan-broly-402\/","og_locale":"es_ES","og_type":"article","og_title":"Funko Pop! Dragon Ball Z: Super Saiyan Broly #402 - :: MCBO GAMES TU TIENDA FAVORITA DE TECNOLOG\u00cdA Y VIDEOJUEGOS ::","og_description":"Muestra\u00a0 tu l\u00ednea Dragon Ball Z Super Funko PopPop! Animaci\u00f3n #445 \u2013 Material: Vinilo","og_url":"https:\/\/mcbogames.com\/index.php\/producto\/funko-pop-dragon-ball-z-funko-super-saiyan-broly-402\/","og_site_name":":: MCBO GAMES TU TIENDA FAVORITA DE TECNOLOG\u00cdA Y VIDEOJUEGOS ::","article_modified_time":"2024-02-19T06:06:53+00:00","og_image":[{"width":1500,"height":1310,"url":"https:\/\/mcbogames.com\/wp-content\/uploads\/2022\/03\/estefunko.jpg","type":"image\/jpeg"}],"twitter_card":"summary_large_image","twitter_misc":{"Tiempo de lectura":"1 minuto"},"schema":{"@context":"https:\/\/schema.org","@graph":[{"@type":"WebPage","@id":"https:\/\/mcbogames.com\/index.php\/producto\/funko-pop-dragon-ball-z-funko-super-saiyan-broly-402\/","url":"https:\/\/mcbogames.com\/index.php\/producto\/funko-pop-dragon-ball-z-funko-super-saiyan-broly-402\/","name":"Funko Pop! Dragon Ball Z: Super Saiyan Broly #402 - :: MCBO GAMES TU TIENDA FAVORITA DE TECNOLOG\u00cdA Y VIDEOJUEGOS ::","isPartOf":{"@id":"https:\/\/mcbogames.com\/#website"},"primaryImageOfPage":{"@id":"https:\/\/mcbogames.com\/index.php\/producto\/funko-pop-dragon-ball-z-funko-super-saiyan-broly-402\/#primaryimage"},"image":{"@id":"https:\/\/mcbogames.com\/index.php\/producto\/funko-pop-dragon-ball-z-funko-super-saiyan-broly-402\/#primaryimage"},"thumbnailUrl":"https:\/\/mcbogames.com\/wp-content\/uploads\/2022\/03\/estefunko.jpg","datePublished":"2022-03-18T16:03:30+00:00","dateModified":"2024-02-19T06:06:53+00:00","description":"Muestra\u00a0 tu l\u00ednea Dragon Ball Z Super Funko PopPop! Animaci\u00f3n #445 \u2013 Material: Vinilo","breadcrumb":{"@id":"https:\/\/mcbogames.com\/index.php\/producto\/funko-pop-dragon-ball-z-funko-super-saiyan-broly-402\/#breadcrumb"},"inLanguage":"es","potentialAction":[{"@type":"ReadAction","target":["https:\/\/mcbogames.com\/index.php\/producto\/funko-pop-dragon-ball-z-funko-super-saiyan-broly-402\/"]}]},{"@type":"ImageObject","inLanguage":"es","@id":"https:\/\/mcbogames.com\/index.php\/producto\/funko-pop-dragon-ball-z-funko-super-saiyan-broly-402\/#primaryimage","url":"https:\/\/mcbogames.com\/wp-content\/uploads\/2022\/03\/estefunko.jpg","contentUrl":"https:\/\/mcbogames.com\/wp-content\/uploads\/2022\/03\/estefunko.jpg","width":1500,"height":1310},{"@type":"BreadcrumbList","@id":"https:\/\/mcbogames.com\/index.php\/producto\/funko-pop-dragon-ball-z-funko-super-saiyan-broly-402\/#breadcrumb","itemListElement":[{"@type":"ListItem","position":1,"name":"Portada","item":"https:\/\/mcbogames.com\/"},{"@type":"ListItem","position":2,"name":"Shop","item":"https:\/\/mcbogames.com\/index.php\/shop\/"},{"@type":"ListItem","position":3,"name":"Funko Pop! Dragon Ball Z: Super Saiyan Broly #402"}]},{"@type":"WebSite","@id":"https:\/\/mcbogames.com\/#website","url":"https:\/\/mcbogames.com\/","name":":: MCBO GAMES TU TIENDA FAVORITA DE TECNOLOG\u00cdA Y VIDEOJUEGOS ::","description":"TIENDA ONLINE","publisher":{"@id":"https:\/\/mcbogames.com\/#organization"},"potentialAction":[{"@type":"SearchAction","target":{"@type":"EntryPoint","urlTemplate":"https:\/\/mcbogames.com\/?s={search_term_string}"},"query-input":{"@type":"PropertyValueSpecification","valueRequired":true,"valueName":"search_term_string"}}],"inLanguage":"es"},{"@type":"Organization","@id":"https:\/\/mcbogames.com\/#organization","name":"MCBO GAMES","url":"https:\/\/mcbogames.com\/","logo":{"@type":"ImageObject","inLanguage":"es","@id":"https:\/\/mcbogames.com\/#\/schema\/logo\/image\/","url":"https:\/\/mcbogames.com\/wp-content\/uploads\/2021\/12\/logo_web.png","contentUrl":"https:\/\/mcbogames.com\/wp-content\/uploads\/2021\/12\/logo_web.png","width":247,"height":223,"caption":"MCBO GAMES"},"image":{"@id":"https:\/\/mcbogames.com\/#\/schema\/logo\/image\/"}}]}},"_links":{"self":[{"href":"https:\/\/mcbogames.com\/index.php\/wp-json\/wp\/v2\/product\/6597","targetHints":{"allow":["GET"]}}],"collection":[{"href":"https:\/\/mcbogames.com\/index.php\/wp-json\/wp\/v2\/product"}],"about":[{"href":"https:\/\/mcbogames.com\/index.php\/wp-json\/wp\/v2\/types\/product"}],"wp:featuredmedia":[{"embeddable":true,"href":"https:\/\/mcbogames.com\/index.php\/wp-json\/wp\/v2\/media\/6599"}],"wp:attachment":[{"href":"https:\/\/mcbogames.com\/index.php\/wp-json\/wp\/v2\/media?parent=6597"}],"wp:term":[{"taxonomy":"product_brand","embeddable":true,"href":"https:\/\/mcbogames.com\/index.php\/wp-json\/wp\/v2\/product_brand?post=6597"},{"taxonomy":"product_cat","embeddable":true,"href":"https:\/\/mcbogames.com\/index.php\/wp-json\/wp\/v2\/product_cat?post=6597"},{"taxonomy":"product_tag","embeddable":true,"href":"https:\/\/mcbogames.com\/index.php\/wp-json\/wp\/v2\/product_tag?post=6597"}],"curies":[{"name":"wp","href":"https:\/\/api.w.org\/{rel}","templated":true}]}}