{"id":6554,"date":"2022-03-17T22:32:28","date_gmt":"2022-03-18T02:32:28","guid":{"rendered":"https:\/\/mcbogames.com\/?post_type=product&#038;p=6554"},"modified":"2022-08-03T14:18:59","modified_gmt":"2022-08-03T18:18:59","slug":"metroid-dread-nintendo-switch","status":"publish","type":"product","link":"https:\/\/mcbogames.com\/index.php\/producto\/metroid-dread-nintendo-switch\/","title":{"rendered":"Metroid Dread &#8211; Nintendo Switch"},"content":{"rendered":"<ul class=\"a-unordered-list a-vertical a-spacing-mini\">\n<li><span class=\"a-list-item\">Enfr\u00e9ntate a los implacables robots EMMI. Una vez m\u00e1quinas para la investigaci\u00f3n de extracci\u00f3n de ADN. Los imponentes EMMI ahora est\u00e1 cazando a Samus. Las tensiones son altas a medida que evades estas EMMI para evitar una muerte cruel mientras encuentras una manera de derrotarlas.<\/span><\/li>\n<li><span class=\"a-list-item\">Siente que el poder de Samus crece a medida que ganas maniobras y habilidades. Adquiere habilidades nuevas y conocidas mientras atraviesa los muchos entornos de este mundo peligroso.<\/span><\/li>\n<li><span class=\"a-list-item\">Explora el mapa, evade y destruye robots E.M.M.I., y superar el temor plagante ZDR.<\/span><\/li>\n<\/ul>\n","protected":false},"excerpt":{"rendered":"<p>Enfr\u00e9ntate a los implacables robots EMMI. Una vez m\u00e1quinas para la investigaci\u00f3n de extracci\u00f3n de ADN. Los imponentes EMMI ahora est\u00e1 cazando a Samus. Las tensiones son altas a medida que evades estas EMMI para evitar una muerte cruel mientras encuentras una manera de derrotarlas. Siente que el poder de Samus crece a medida que &hellip; <a href=\"https:\/\/mcbogames.com\/index.php\/producto\/metroid-dread-nintendo-switch\/\" class=\"more-link\">Continue reading <span class=\"screen-reader-text\">Metroid Dread &#8211; Nintendo Switch<\/span><\/a><\/p>\n","protected":false},"featured_media":6563,"template":"","meta":[],"product_brand":[],"product_cat":[232,229],"product_tag":[293,282,281],"class_list":{"0":"post-6554","1":"product","2":"type-product","3":"status-publish","4":"has-post-thumbnail","6":"product_cat-nintendo-switch","7":"product_cat-videojuegos","8":"product_tag-metroid","9":"product_tag-nintendo","10":"product_tag-videojuegos","11":"yith_product_brand-nintendo","14":"outofstock","15":"shipping-taxable","16":"purchasable","17":"product-type-simple"},"bundled_by":[],"bundle_stock_status":"outofstock","bundle_stock_quantity":0,"bundle_virtual":false,"bundle_layout":"","bundle_add_to_cart_form_location":"","bundle_editable_in_cart":false,"bundle_sold_individually_context":"","bundle_item_grouping":"","bundle_min_size":"","bundle_max_size":"","bundled_items":[],"bundle_sell_ids":[],"yoast_head":"<!-- This site is optimized with the Yoast SEO plugin v27.4 - https:\/\/yoast.com\/product\/yoast-seo-wordpress\/ -->\n<title>Metroid Dread - Nintendo Switch - :: MCBO GAMES TU TIENDA FAVORITA DE TECNOLOG\u00cdA Y VIDEOJUEGOS ::<\/title>\n<meta name=\"description\" content=\"Enfr\u00e9ntate a los implacables robots EMMI. Una vez m\u00e1quinas para la investigaci\u00f3n de extracci\u00f3n de ADN. Los imponentes EMMI ahora est\u00e1 cazando a Samus. Las tensiones son altas a medida que evades estas EMMI para evitar una muerte cruel mientras encuentras una manera de derrotarlas.Siente que el poder de Samus crece a medida que ganas maniobras y habilidades. Adquiere habilidades nuevas y conocidas mientras atraviesa los muchos entornos de este mundo peligroso.Explora el mapa, evade y destruye robots E.M.M.I., y superar el temor plagante ZDR.\" \/>\n<meta name=\"robots\" content=\"index, follow, max-snippet:-1, max-image-preview:large, max-video-preview:-1\" \/>\n<link rel=\"canonical\" href=\"https:\/\/mcbogames.com\/index.php\/producto\/metroid-dread-nintendo-switch\/\" \/>\n<meta property=\"og:locale\" content=\"es_ES\" \/>\n<meta property=\"og:type\" content=\"article\" \/>\n<meta property=\"og:title\" content=\"Metroid Dread - Nintendo Switch - :: MCBO GAMES TU TIENDA FAVORITA DE TECNOLOG\u00cdA Y VIDEOJUEGOS ::\" \/>\n<meta property=\"og:description\" content=\"Enfr\u00e9ntate a los implacables robots EMMI. Una vez m\u00e1quinas para la investigaci\u00f3n de extracci\u00f3n de ADN. Los imponentes EMMI ahora est\u00e1 cazando a Samus. Las tensiones son altas a medida que evades estas EMMI para evitar una muerte cruel mientras encuentras una manera de derrotarlas.Siente que el poder de Samus crece a medida que ganas maniobras y habilidades. Adquiere habilidades nuevas y conocidas mientras atraviesa los muchos entornos de este mundo peligroso.Explora el mapa, evade y destruye robots E.M.M.I., y superar el temor plagante ZDR.\" \/>\n<meta property=\"og:url\" content=\"https:\/\/mcbogames.com\/index.php\/producto\/metroid-dread-nintendo-switch\/\" \/>\n<meta property=\"og:site_name\" content=\":: MCBO GAMES TU TIENDA FAVORITA DE TECNOLOG\u00cdA Y VIDEOJUEGOS ::\" \/>\n<meta property=\"article:modified_time\" content=\"2022-08-03T18:18:59+00:00\" \/>\n<meta property=\"og:image\" content=\"https:\/\/mcbogames.com\/wp-content\/uploads\/2022\/03\/detroid-600x600-1.jpeg\" \/>\n\t<meta property=\"og:image:width\" content=\"600\" \/>\n\t<meta property=\"og:image:height\" content=\"600\" \/>\n\t<meta property=\"og:image:type\" content=\"image\/jpeg\" \/>\n<meta name=\"twitter:card\" content=\"summary_large_image\" \/>\n<meta name=\"twitter:label1\" content=\"Tiempo de lectura\" \/>\n\t<meta name=\"twitter:data1\" content=\"1 minuto\" \/>\n<script type=\"application\/ld+json\" class=\"yoast-schema-graph\">{\"@context\":\"https:\\\/\\\/schema.org\",\"@graph\":[{\"@type\":\"WebPage\",\"@id\":\"https:\\\/\\\/mcbogames.com\\\/index.php\\\/producto\\\/metroid-dread-nintendo-switch\\\/\",\"url\":\"https:\\\/\\\/mcbogames.com\\\/index.php\\\/producto\\\/metroid-dread-nintendo-switch\\\/\",\"name\":\"Metroid Dread - Nintendo Switch - :: MCBO GAMES TU TIENDA FAVORITA DE TECNOLOG\u00cdA Y VIDEOJUEGOS ::\",\"isPartOf\":{\"@id\":\"https:\\\/\\\/mcbogames.com\\\/#website\"},\"primaryImageOfPage\":{\"@id\":\"https:\\\/\\\/mcbogames.com\\\/index.php\\\/producto\\\/metroid-dread-nintendo-switch\\\/#primaryimage\"},\"image\":{\"@id\":\"https:\\\/\\\/mcbogames.com\\\/index.php\\\/producto\\\/metroid-dread-nintendo-switch\\\/#primaryimage\"},\"thumbnailUrl\":\"https:\\\/\\\/mcbogames.com\\\/wp-content\\\/uploads\\\/2022\\\/03\\\/detroid-600x600-1.jpeg\",\"datePublished\":\"2022-03-18T02:32:28+00:00\",\"dateModified\":\"2022-08-03T18:18:59+00:00\",\"description\":\"Enfr\u00e9ntate a los implacables robots EMMI. Una vez m\u00e1quinas para la investigaci\u00f3n de extracci\u00f3n de ADN. Los imponentes EMMI ahora est\u00e1 cazando a Samus. Las tensiones son altas a medida que evades estas EMMI para evitar una muerte cruel mientras encuentras una manera de derrotarlas.Siente que el poder de Samus crece a medida que ganas maniobras y habilidades. Adquiere habilidades nuevas y conocidas mientras atraviesa los muchos entornos de este mundo peligroso.Explora el mapa, evade y destruye robots E.M.M.I., y superar el temor plagante ZDR.\",\"breadcrumb\":{\"@id\":\"https:\\\/\\\/mcbogames.com\\\/index.php\\\/producto\\\/metroid-dread-nintendo-switch\\\/#breadcrumb\"},\"inLanguage\":\"es\",\"potentialAction\":[{\"@type\":\"ReadAction\",\"target\":[\"https:\\\/\\\/mcbogames.com\\\/index.php\\\/producto\\\/metroid-dread-nintendo-switch\\\/\"]}]},{\"@type\":\"ImageObject\",\"inLanguage\":\"es\",\"@id\":\"https:\\\/\\\/mcbogames.com\\\/index.php\\\/producto\\\/metroid-dread-nintendo-switch\\\/#primaryimage\",\"url\":\"https:\\\/\\\/mcbogames.com\\\/wp-content\\\/uploads\\\/2022\\\/03\\\/detroid-600x600-1.jpeg\",\"contentUrl\":\"https:\\\/\\\/mcbogames.com\\\/wp-content\\\/uploads\\\/2022\\\/03\\\/detroid-600x600-1.jpeg\",\"width\":600,\"height\":600,\"caption\":\"10007203\"},{\"@type\":\"BreadcrumbList\",\"@id\":\"https:\\\/\\\/mcbogames.com\\\/index.php\\\/producto\\\/metroid-dread-nintendo-switch\\\/#breadcrumb\",\"itemListElement\":[{\"@type\":\"ListItem\",\"position\":1,\"name\":\"Portada\",\"item\":\"https:\\\/\\\/mcbogames.com\\\/\"},{\"@type\":\"ListItem\",\"position\":2,\"name\":\"Shop\",\"item\":\"https:\\\/\\\/mcbogames.com\\\/index.php\\\/shop\\\/\"},{\"@type\":\"ListItem\",\"position\":3,\"name\":\"Metroid Dread &#8211; Nintendo Switch\"}]},{\"@type\":\"WebSite\",\"@id\":\"https:\\\/\\\/mcbogames.com\\\/#website\",\"url\":\"https:\\\/\\\/mcbogames.com\\\/\",\"name\":\":: MCBO GAMES TU TIENDA FAVORITA DE TECNOLOG\u00cdA Y VIDEOJUEGOS ::\",\"description\":\"TIENDA ONLINE\",\"publisher\":{\"@id\":\"https:\\\/\\\/mcbogames.com\\\/#organization\"},\"potentialAction\":[{\"@type\":\"SearchAction\",\"target\":{\"@type\":\"EntryPoint\",\"urlTemplate\":\"https:\\\/\\\/mcbogames.com\\\/?s={search_term_string}\"},\"query-input\":{\"@type\":\"PropertyValueSpecification\",\"valueRequired\":true,\"valueName\":\"search_term_string\"}}],\"inLanguage\":\"es\"},{\"@type\":\"Organization\",\"@id\":\"https:\\\/\\\/mcbogames.com\\\/#organization\",\"name\":\"MCBO GAMES\",\"url\":\"https:\\\/\\\/mcbogames.com\\\/\",\"logo\":{\"@type\":\"ImageObject\",\"inLanguage\":\"es\",\"@id\":\"https:\\\/\\\/mcbogames.com\\\/#\\\/schema\\\/logo\\\/image\\\/\",\"url\":\"https:\\\/\\\/mcbogames.com\\\/wp-content\\\/uploads\\\/2021\\\/12\\\/logo_web.png\",\"contentUrl\":\"https:\\\/\\\/mcbogames.com\\\/wp-content\\\/uploads\\\/2021\\\/12\\\/logo_web.png\",\"width\":247,\"height\":223,\"caption\":\"MCBO GAMES\"},\"image\":{\"@id\":\"https:\\\/\\\/mcbogames.com\\\/#\\\/schema\\\/logo\\\/image\\\/\"}}]}<\/script>\n<!-- \/ Yoast SEO plugin. -->","yoast_head_json":{"title":"Metroid Dread - Nintendo Switch - :: MCBO GAMES TU TIENDA FAVORITA DE TECNOLOG\u00cdA Y VIDEOJUEGOS ::","description":"Enfr\u00e9ntate a los implacables robots EMMI. Una vez m\u00e1quinas para la investigaci\u00f3n de extracci\u00f3n de ADN. Los imponentes EMMI ahora est\u00e1 cazando a Samus. Las tensiones son altas a medida que evades estas EMMI para evitar una muerte cruel mientras encuentras una manera de derrotarlas.Siente que el poder de Samus crece a medida que ganas maniobras y habilidades. Adquiere habilidades nuevas y conocidas mientras atraviesa los muchos entornos de este mundo peligroso.Explora el mapa, evade y destruye robots E.M.M.I., y superar el temor plagante ZDR.","robots":{"index":"index","follow":"follow","max-snippet":"max-snippet:-1","max-image-preview":"max-image-preview:large","max-video-preview":"max-video-preview:-1"},"canonical":"https:\/\/mcbogames.com\/index.php\/producto\/metroid-dread-nintendo-switch\/","og_locale":"es_ES","og_type":"article","og_title":"Metroid Dread - Nintendo Switch - :: MCBO GAMES TU TIENDA FAVORITA DE TECNOLOG\u00cdA Y VIDEOJUEGOS ::","og_description":"Enfr\u00e9ntate a los implacables robots EMMI. Una vez m\u00e1quinas para la investigaci\u00f3n de extracci\u00f3n de ADN. Los imponentes EMMI ahora est\u00e1 cazando a Samus. Las tensiones son altas a medida que evades estas EMMI para evitar una muerte cruel mientras encuentras una manera de derrotarlas.Siente que el poder de Samus crece a medida que ganas maniobras y habilidades. Adquiere habilidades nuevas y conocidas mientras atraviesa los muchos entornos de este mundo peligroso.Explora el mapa, evade y destruye robots E.M.M.I., y superar el temor plagante ZDR.","og_url":"https:\/\/mcbogames.com\/index.php\/producto\/metroid-dread-nintendo-switch\/","og_site_name":":: MCBO GAMES TU TIENDA FAVORITA DE TECNOLOG\u00cdA Y VIDEOJUEGOS ::","article_modified_time":"2022-08-03T18:18:59+00:00","og_image":[{"width":600,"height":600,"url":"https:\/\/mcbogames.com\/wp-content\/uploads\/2022\/03\/detroid-600x600-1.jpeg","type":"image\/jpeg"}],"twitter_card":"summary_large_image","twitter_misc":{"Tiempo de lectura":"1 minuto"},"schema":{"@context":"https:\/\/schema.org","@graph":[{"@type":"WebPage","@id":"https:\/\/mcbogames.com\/index.php\/producto\/metroid-dread-nintendo-switch\/","url":"https:\/\/mcbogames.com\/index.php\/producto\/metroid-dread-nintendo-switch\/","name":"Metroid Dread - Nintendo Switch - :: MCBO GAMES TU TIENDA FAVORITA DE TECNOLOG\u00cdA Y VIDEOJUEGOS ::","isPartOf":{"@id":"https:\/\/mcbogames.com\/#website"},"primaryImageOfPage":{"@id":"https:\/\/mcbogames.com\/index.php\/producto\/metroid-dread-nintendo-switch\/#primaryimage"},"image":{"@id":"https:\/\/mcbogames.com\/index.php\/producto\/metroid-dread-nintendo-switch\/#primaryimage"},"thumbnailUrl":"https:\/\/mcbogames.com\/wp-content\/uploads\/2022\/03\/detroid-600x600-1.jpeg","datePublished":"2022-03-18T02:32:28+00:00","dateModified":"2022-08-03T18:18:59+00:00","description":"Enfr\u00e9ntate a los implacables robots EMMI. Una vez m\u00e1quinas para la investigaci\u00f3n de extracci\u00f3n de ADN. Los imponentes EMMI ahora est\u00e1 cazando a Samus. Las tensiones son altas a medida que evades estas EMMI para evitar una muerte cruel mientras encuentras una manera de derrotarlas.Siente que el poder de Samus crece a medida que ganas maniobras y habilidades. Adquiere habilidades nuevas y conocidas mientras atraviesa los muchos entornos de este mundo peligroso.Explora el mapa, evade y destruye robots E.M.M.I., y superar el temor plagante ZDR.","breadcrumb":{"@id":"https:\/\/mcbogames.com\/index.php\/producto\/metroid-dread-nintendo-switch\/#breadcrumb"},"inLanguage":"es","potentialAction":[{"@type":"ReadAction","target":["https:\/\/mcbogames.com\/index.php\/producto\/metroid-dread-nintendo-switch\/"]}]},{"@type":"ImageObject","inLanguage":"es","@id":"https:\/\/mcbogames.com\/index.php\/producto\/metroid-dread-nintendo-switch\/#primaryimage","url":"https:\/\/mcbogames.com\/wp-content\/uploads\/2022\/03\/detroid-600x600-1.jpeg","contentUrl":"https:\/\/mcbogames.com\/wp-content\/uploads\/2022\/03\/detroid-600x600-1.jpeg","width":600,"height":600,"caption":"10007203"},{"@type":"BreadcrumbList","@id":"https:\/\/mcbogames.com\/index.php\/producto\/metroid-dread-nintendo-switch\/#breadcrumb","itemListElement":[{"@type":"ListItem","position":1,"name":"Portada","item":"https:\/\/mcbogames.com\/"},{"@type":"ListItem","position":2,"name":"Shop","item":"https:\/\/mcbogames.com\/index.php\/shop\/"},{"@type":"ListItem","position":3,"name":"Metroid Dread &#8211; Nintendo Switch"}]},{"@type":"WebSite","@id":"https:\/\/mcbogames.com\/#website","url":"https:\/\/mcbogames.com\/","name":":: MCBO GAMES TU TIENDA FAVORITA DE TECNOLOG\u00cdA Y VIDEOJUEGOS ::","description":"TIENDA ONLINE","publisher":{"@id":"https:\/\/mcbogames.com\/#organization"},"potentialAction":[{"@type":"SearchAction","target":{"@type":"EntryPoint","urlTemplate":"https:\/\/mcbogames.com\/?s={search_term_string}"},"query-input":{"@type":"PropertyValueSpecification","valueRequired":true,"valueName":"search_term_string"}}],"inLanguage":"es"},{"@type":"Organization","@id":"https:\/\/mcbogames.com\/#organization","name":"MCBO GAMES","url":"https:\/\/mcbogames.com\/","logo":{"@type":"ImageObject","inLanguage":"es","@id":"https:\/\/mcbogames.com\/#\/schema\/logo\/image\/","url":"https:\/\/mcbogames.com\/wp-content\/uploads\/2021\/12\/logo_web.png","contentUrl":"https:\/\/mcbogames.com\/wp-content\/uploads\/2021\/12\/logo_web.png","width":247,"height":223,"caption":"MCBO GAMES"},"image":{"@id":"https:\/\/mcbogames.com\/#\/schema\/logo\/image\/"}}]}},"_links":{"self":[{"href":"https:\/\/mcbogames.com\/index.php\/wp-json\/wp\/v2\/product\/6554","targetHints":{"allow":["GET"]}}],"collection":[{"href":"https:\/\/mcbogames.com\/index.php\/wp-json\/wp\/v2\/product"}],"about":[{"href":"https:\/\/mcbogames.com\/index.php\/wp-json\/wp\/v2\/types\/product"}],"wp:featuredmedia":[{"embeddable":true,"href":"https:\/\/mcbogames.com\/index.php\/wp-json\/wp\/v2\/media\/6563"}],"wp:attachment":[{"href":"https:\/\/mcbogames.com\/index.php\/wp-json\/wp\/v2\/media?parent=6554"}],"wp:term":[{"taxonomy":"product_brand","embeddable":true,"href":"https:\/\/mcbogames.com\/index.php\/wp-json\/wp\/v2\/product_brand?post=6554"},{"taxonomy":"product_cat","embeddable":true,"href":"https:\/\/mcbogames.com\/index.php\/wp-json\/wp\/v2\/product_cat?post=6554"},{"taxonomy":"product_tag","embeddable":true,"href":"https:\/\/mcbogames.com\/index.php\/wp-json\/wp\/v2\/product_tag?post=6554"}],"curies":[{"name":"wp","href":"https:\/\/api.w.org\/{rel}","templated":true}]}}