{"id":6535,"date":"2022-03-17T17:46:18","date_gmt":"2022-03-17T17:46:18","guid":{"rendered":"https:\/\/mcbogames.com\/?post_type=product&#038;p=6535"},"modified":"2024-02-19T02:03:33","modified_gmt":"2024-02-19T06:03:33","slug":"final-fantasy-xii-the-zodiac-age","status":"publish","type":"product","link":"https:\/\/mcbogames.com\/index.php\/producto\/final-fantasy-xii-the-zodiac-age\/","title":{"rendered":"Final Fantasy XII the Zodiac Age &#8211; PlayStation 4"},"content":{"rendered":"<div id=\"featurebullets_feature_div\" class=\"celwidget\" data-feature-name=\"featurebullets\" data-csa-c-id=\"p12rya-hdh493-gf3cfy-o1h679\" data-cel-widget=\"featurebullets_feature_div\">\n<div id=\"feature-bullets\" class=\"a-section a-spacing-medium a-spacing-top-small\">\n<ul class=\"a-unordered-list a-vertical a-spacing-mini\">\n<li><span class=\"a-list-item\">Incluye varias funciones de juego mejoradas<\/span><\/li>\n<li><span class=\"a-list-item\">El sistema de trabajo del zodiaco: sistema de nivelaci\u00f3n mejorado del personaje que ahora se adapta a las preferencias de los jugadores<\/span><\/li>\n<li><span class=\"a-list-item\">Modo de prueba: enfr\u00e9ntate a monstruos y enemigos en hasta 100 batallas consecutivas<\/span><\/li>\n<li><span class=\"a-list-item\">Modo de velocidad<\/span><\/li>\n<li><span class=\"a-list-item\">Capacidades gr\u00e1ficas HD de \u00faltima generaci\u00f3n, incluyendo personajes y escenas de pel\u00edculas totalmente remasterizadas en alta definici\u00f3n. Sonido envolvente 7.1, incluyendo voz de alta definici\u00f3n y m\u00fasica de fondo reci\u00e9n grabada utilizando la generaci\u00f3n actual de producci\u00f3n de sonido. Avances modernos, incluyendo soporte de trofeo de PlayStation4 y funciones compartidas, ahorro autom\u00e1tico y tiempos de carga acortados; un sinf\u00edn de juegos y aventuras incluyendo caza, batallas y mini juegos<\/span><\/li>\n<\/ul>\n<\/div>\n<\/div>\n","protected":false},"excerpt":{"rendered":"<p>Incluye varias funciones de juego mejoradas El sistema de trabajo del zodiaco: sistema de nivelaci\u00f3n mejorado del personaje que ahora se adapta a las preferencias de los jugadores Modo de prueba: enfr\u00e9ntate a monstruos y enemigos en hasta 100 batallas consecutivas Modo de velocidad Capacidades gr\u00e1ficas HD de \u00faltima generaci\u00f3n, incluyendo personajes y escenas de &hellip; <a href=\"https:\/\/mcbogames.com\/index.php\/producto\/final-fantasy-xii-the-zodiac-age\/\" class=\"more-link\">Continue reading <span class=\"screen-reader-text\">Final Fantasy XII the Zodiac Age &#8211; PlayStation 4<\/span><\/a><\/p>\n","protected":false},"featured_media":6582,"template":"","meta":[],"product_brand":[],"product_cat":[229,230],"product_tag":[288,284,281],"class_list":{"0":"post-6535","1":"product","2":"type-product","3":"status-publish","4":"has-post-thumbnail","6":"product_cat-videojuegos","7":"product_cat-ps4","8":"product_tag-finalfantasy","9":"product_tag-ps4","10":"product_tag-videojuegos","11":"yith_product_brand-ps4","14":"outofstock","15":"shipping-taxable","16":"purchasable","17":"product-type-simple"},"bundled_by":[],"bundle_stock_status":"outofstock","bundle_stock_quantity":0,"bundle_virtual":false,"bundle_layout":"","bundle_add_to_cart_form_location":"","bundle_editable_in_cart":false,"bundle_sold_individually_context":"","bundle_item_grouping":"","bundle_min_size":"","bundle_max_size":"","bundled_items":[],"bundle_sell_ids":[],"yoast_head":"<!-- This site is optimized with the Yoast SEO plugin v26.8 - https:\/\/yoast.com\/product\/yoast-seo-wordpress\/ -->\n<title>Final Fantasy XII the Zodiac Age - PlayStation 4 - :: MCBO GAMES TU TIENDA FAVORITA DE TECNOLOG\u00cdA Y VIDEOJUEGOS ::<\/title>\n<meta name=\"description\" content=\"Edici\u00f3n limitadaM\u00fasica de fondo DLCFinal Fantasy XII The Zodiac Age JuegoIncluye varias funciones de juego mejoradasEl sistema de trabajo del zodiaco: sistema de nivelaci\u00f3n mejorado del personaje que ahora se adapta a las preferencias de los jugadores\" \/>\n<meta name=\"robots\" content=\"index, follow, max-snippet:-1, max-image-preview:large, max-video-preview:-1\" \/>\n<link rel=\"canonical\" href=\"https:\/\/mcbogames.com\/index.php\/producto\/final-fantasy-xii-the-zodiac-age\/\" \/>\n<meta property=\"og:locale\" content=\"es_ES\" \/>\n<meta property=\"og:type\" content=\"article\" \/>\n<meta property=\"og:title\" content=\"Final Fantasy XII the Zodiac Age - PlayStation 4 - :: MCBO GAMES TU TIENDA FAVORITA DE TECNOLOG\u00cdA Y VIDEOJUEGOS ::\" \/>\n<meta property=\"og:description\" content=\"Edici\u00f3n limitadaM\u00fasica de fondo DLCFinal Fantasy XII The Zodiac Age JuegoIncluye varias funciones de juego mejoradasEl sistema de trabajo del zodiaco: sistema de nivelaci\u00f3n mejorado del personaje que ahora se adapta a las preferencias de los jugadores\" \/>\n<meta property=\"og:url\" content=\"https:\/\/mcbogames.com\/index.php\/producto\/final-fantasy-xii-the-zodiac-age\/\" \/>\n<meta property=\"og:site_name\" content=\":: MCBO GAMES TU TIENDA FAVORITA DE TECNOLOG\u00cdA Y VIDEOJUEGOS ::\" \/>\n<meta property=\"article:modified_time\" content=\"2024-02-19T06:03:33+00:00\" \/>\n<meta property=\"og:image\" content=\"https:\/\/mcbogames.com\/wp-content\/uploads\/2022\/03\/CAMBIO-FINAL-FANTASY-PS4.jpeg\" \/>\n\t<meta property=\"og:image:width\" content=\"600\" \/>\n\t<meta property=\"og:image:height\" content=\"600\" \/>\n\t<meta property=\"og:image:type\" content=\"image\/jpeg\" \/>\n<meta name=\"twitter:card\" content=\"summary_large_image\" \/>\n<meta name=\"twitter:label1\" content=\"Tiempo de lectura\" \/>\n\t<meta name=\"twitter:data1\" content=\"1 minuto\" \/>\n<script type=\"application\/ld+json\" class=\"yoast-schema-graph\">{\"@context\":\"https:\/\/schema.org\",\"@graph\":[{\"@type\":\"WebPage\",\"@id\":\"https:\/\/mcbogames.com\/index.php\/producto\/final-fantasy-xii-the-zodiac-age\/\",\"url\":\"https:\/\/mcbogames.com\/index.php\/producto\/final-fantasy-xii-the-zodiac-age\/\",\"name\":\"Final Fantasy XII the Zodiac Age - PlayStation 4 - :: MCBO GAMES TU TIENDA FAVORITA DE TECNOLOG\u00cdA Y VIDEOJUEGOS ::\",\"isPartOf\":{\"@id\":\"https:\/\/mcbogames.com\/#website\"},\"primaryImageOfPage\":{\"@id\":\"https:\/\/mcbogames.com\/index.php\/producto\/final-fantasy-xii-the-zodiac-age\/#primaryimage\"},\"image\":{\"@id\":\"https:\/\/mcbogames.com\/index.php\/producto\/final-fantasy-xii-the-zodiac-age\/#primaryimage\"},\"thumbnailUrl\":\"https:\/\/mcbogames.com\/wp-content\/uploads\/2022\/03\/CAMBIO-FINAL-FANTASY-PS4.jpeg\",\"datePublished\":\"2022-03-17T17:46:18+00:00\",\"dateModified\":\"2024-02-19T06:03:33+00:00\",\"description\":\"Edici\u00f3n limitadaM\u00fasica de fondo DLCFinal Fantasy XII The Zodiac Age JuegoIncluye varias funciones de juego mejoradasEl sistema de trabajo del zodiaco: sistema de nivelaci\u00f3n mejorado del personaje que ahora se adapta a las preferencias de los jugadores\",\"breadcrumb\":{\"@id\":\"https:\/\/mcbogames.com\/index.php\/producto\/final-fantasy-xii-the-zodiac-age\/#breadcrumb\"},\"inLanguage\":\"es\",\"potentialAction\":[{\"@type\":\"ReadAction\",\"target\":[\"https:\/\/mcbogames.com\/index.php\/producto\/final-fantasy-xii-the-zodiac-age\/\"]}]},{\"@type\":\"ImageObject\",\"inLanguage\":\"es\",\"@id\":\"https:\/\/mcbogames.com\/index.php\/producto\/final-fantasy-xii-the-zodiac-age\/#primaryimage\",\"url\":\"https:\/\/mcbogames.com\/wp-content\/uploads\/2022\/03\/CAMBIO-FINAL-FANTASY-PS4.jpeg\",\"contentUrl\":\"https:\/\/mcbogames.com\/wp-content\/uploads\/2022\/03\/CAMBIO-FINAL-FANTASY-PS4.jpeg\",\"width\":600,\"height\":600},{\"@type\":\"BreadcrumbList\",\"@id\":\"https:\/\/mcbogames.com\/index.php\/producto\/final-fantasy-xii-the-zodiac-age\/#breadcrumb\",\"itemListElement\":[{\"@type\":\"ListItem\",\"position\":1,\"name\":\"Portada\",\"item\":\"https:\/\/mcbogames.com\/\"},{\"@type\":\"ListItem\",\"position\":2,\"name\":\"Shop\",\"item\":\"https:\/\/mcbogames.com\/index.php\/shop\/\"},{\"@type\":\"ListItem\",\"position\":3,\"name\":\"Final Fantasy XII the Zodiac Age &#8211; PlayStation 4\"}]},{\"@type\":\"WebSite\",\"@id\":\"https:\/\/mcbogames.com\/#website\",\"url\":\"https:\/\/mcbogames.com\/\",\"name\":\":: MCBO GAMES TU TIENDA FAVORITA DE TECNOLOG\u00cdA Y VIDEOJUEGOS ::\",\"description\":\"TIENDA ONLINE\",\"publisher\":{\"@id\":\"https:\/\/mcbogames.com\/#organization\"},\"potentialAction\":[{\"@type\":\"SearchAction\",\"target\":{\"@type\":\"EntryPoint\",\"urlTemplate\":\"https:\/\/mcbogames.com\/?s={search_term_string}\"},\"query-input\":{\"@type\":\"PropertyValueSpecification\",\"valueRequired\":true,\"valueName\":\"search_term_string\"}}],\"inLanguage\":\"es\"},{\"@type\":\"Organization\",\"@id\":\"https:\/\/mcbogames.com\/#organization\",\"name\":\"MCBO GAMES\",\"url\":\"https:\/\/mcbogames.com\/\",\"logo\":{\"@type\":\"ImageObject\",\"inLanguage\":\"es\",\"@id\":\"https:\/\/mcbogames.com\/#\/schema\/logo\/image\/\",\"url\":\"https:\/\/mcbogames.com\/wp-content\/uploads\/2021\/12\/logo_web.png\",\"contentUrl\":\"https:\/\/mcbogames.com\/wp-content\/uploads\/2021\/12\/logo_web.png\",\"width\":247,\"height\":223,\"caption\":\"MCBO GAMES\"},\"image\":{\"@id\":\"https:\/\/mcbogames.com\/#\/schema\/logo\/image\/\"}}]}<\/script>\n<!-- \/ Yoast SEO plugin. -->","yoast_head_json":{"title":"Final Fantasy XII the Zodiac Age - PlayStation 4 - :: MCBO GAMES TU TIENDA FAVORITA DE TECNOLOG\u00cdA Y VIDEOJUEGOS ::","description":"Edici\u00f3n limitadaM\u00fasica de fondo DLCFinal Fantasy XII The Zodiac Age JuegoIncluye varias funciones de juego mejoradasEl sistema de trabajo del zodiaco: sistema de nivelaci\u00f3n mejorado del personaje que ahora se adapta a las preferencias de los jugadores","robots":{"index":"index","follow":"follow","max-snippet":"max-snippet:-1","max-image-preview":"max-image-preview:large","max-video-preview":"max-video-preview:-1"},"canonical":"https:\/\/mcbogames.com\/index.php\/producto\/final-fantasy-xii-the-zodiac-age\/","og_locale":"es_ES","og_type":"article","og_title":"Final Fantasy XII the Zodiac Age - PlayStation 4 - :: MCBO GAMES TU TIENDA FAVORITA DE TECNOLOG\u00cdA Y VIDEOJUEGOS ::","og_description":"Edici\u00f3n limitadaM\u00fasica de fondo DLCFinal Fantasy XII The Zodiac Age JuegoIncluye varias funciones de juego mejoradasEl sistema de trabajo del zodiaco: sistema de nivelaci\u00f3n mejorado del personaje que ahora se adapta a las preferencias de los jugadores","og_url":"https:\/\/mcbogames.com\/index.php\/producto\/final-fantasy-xii-the-zodiac-age\/","og_site_name":":: MCBO GAMES TU TIENDA FAVORITA DE TECNOLOG\u00cdA Y VIDEOJUEGOS ::","article_modified_time":"2024-02-19T06:03:33+00:00","og_image":[{"width":600,"height":600,"url":"https:\/\/mcbogames.com\/wp-content\/uploads\/2022\/03\/CAMBIO-FINAL-FANTASY-PS4.jpeg","type":"image\/jpeg"}],"twitter_card":"summary_large_image","twitter_misc":{"Tiempo de lectura":"1 minuto"},"schema":{"@context":"https:\/\/schema.org","@graph":[{"@type":"WebPage","@id":"https:\/\/mcbogames.com\/index.php\/producto\/final-fantasy-xii-the-zodiac-age\/","url":"https:\/\/mcbogames.com\/index.php\/producto\/final-fantasy-xii-the-zodiac-age\/","name":"Final Fantasy XII the Zodiac Age - PlayStation 4 - :: MCBO GAMES TU TIENDA FAVORITA DE TECNOLOG\u00cdA Y VIDEOJUEGOS ::","isPartOf":{"@id":"https:\/\/mcbogames.com\/#website"},"primaryImageOfPage":{"@id":"https:\/\/mcbogames.com\/index.php\/producto\/final-fantasy-xii-the-zodiac-age\/#primaryimage"},"image":{"@id":"https:\/\/mcbogames.com\/index.php\/producto\/final-fantasy-xii-the-zodiac-age\/#primaryimage"},"thumbnailUrl":"https:\/\/mcbogames.com\/wp-content\/uploads\/2022\/03\/CAMBIO-FINAL-FANTASY-PS4.jpeg","datePublished":"2022-03-17T17:46:18+00:00","dateModified":"2024-02-19T06:03:33+00:00","description":"Edici\u00f3n limitadaM\u00fasica de fondo DLCFinal Fantasy XII The Zodiac Age JuegoIncluye varias funciones de juego mejoradasEl sistema de trabajo del zodiaco: sistema de nivelaci\u00f3n mejorado del personaje que ahora se adapta a las preferencias de los jugadores","breadcrumb":{"@id":"https:\/\/mcbogames.com\/index.php\/producto\/final-fantasy-xii-the-zodiac-age\/#breadcrumb"},"inLanguage":"es","potentialAction":[{"@type":"ReadAction","target":["https:\/\/mcbogames.com\/index.php\/producto\/final-fantasy-xii-the-zodiac-age\/"]}]},{"@type":"ImageObject","inLanguage":"es","@id":"https:\/\/mcbogames.com\/index.php\/producto\/final-fantasy-xii-the-zodiac-age\/#primaryimage","url":"https:\/\/mcbogames.com\/wp-content\/uploads\/2022\/03\/CAMBIO-FINAL-FANTASY-PS4.jpeg","contentUrl":"https:\/\/mcbogames.com\/wp-content\/uploads\/2022\/03\/CAMBIO-FINAL-FANTASY-PS4.jpeg","width":600,"height":600},{"@type":"BreadcrumbList","@id":"https:\/\/mcbogames.com\/index.php\/producto\/final-fantasy-xii-the-zodiac-age\/#breadcrumb","itemListElement":[{"@type":"ListItem","position":1,"name":"Portada","item":"https:\/\/mcbogames.com\/"},{"@type":"ListItem","position":2,"name":"Shop","item":"https:\/\/mcbogames.com\/index.php\/shop\/"},{"@type":"ListItem","position":3,"name":"Final Fantasy XII the Zodiac Age &#8211; PlayStation 4"}]},{"@type":"WebSite","@id":"https:\/\/mcbogames.com\/#website","url":"https:\/\/mcbogames.com\/","name":":: MCBO GAMES TU TIENDA FAVORITA DE TECNOLOG\u00cdA Y VIDEOJUEGOS ::","description":"TIENDA ONLINE","publisher":{"@id":"https:\/\/mcbogames.com\/#organization"},"potentialAction":[{"@type":"SearchAction","target":{"@type":"EntryPoint","urlTemplate":"https:\/\/mcbogames.com\/?s={search_term_string}"},"query-input":{"@type":"PropertyValueSpecification","valueRequired":true,"valueName":"search_term_string"}}],"inLanguage":"es"},{"@type":"Organization","@id":"https:\/\/mcbogames.com\/#organization","name":"MCBO GAMES","url":"https:\/\/mcbogames.com\/","logo":{"@type":"ImageObject","inLanguage":"es","@id":"https:\/\/mcbogames.com\/#\/schema\/logo\/image\/","url":"https:\/\/mcbogames.com\/wp-content\/uploads\/2021\/12\/logo_web.png","contentUrl":"https:\/\/mcbogames.com\/wp-content\/uploads\/2021\/12\/logo_web.png","width":247,"height":223,"caption":"MCBO GAMES"},"image":{"@id":"https:\/\/mcbogames.com\/#\/schema\/logo\/image\/"}}]}},"_links":{"self":[{"href":"https:\/\/mcbogames.com\/index.php\/wp-json\/wp\/v2\/product\/6535","targetHints":{"allow":["GET"]}}],"collection":[{"href":"https:\/\/mcbogames.com\/index.php\/wp-json\/wp\/v2\/product"}],"about":[{"href":"https:\/\/mcbogames.com\/index.php\/wp-json\/wp\/v2\/types\/product"}],"wp:featuredmedia":[{"embeddable":true,"href":"https:\/\/mcbogames.com\/index.php\/wp-json\/wp\/v2\/media\/6582"}],"wp:attachment":[{"href":"https:\/\/mcbogames.com\/index.php\/wp-json\/wp\/v2\/media?parent=6535"}],"wp:term":[{"taxonomy":"product_brand","embeddable":true,"href":"https:\/\/mcbogames.com\/index.php\/wp-json\/wp\/v2\/product_brand?post=6535"},{"taxonomy":"product_cat","embeddable":true,"href":"https:\/\/mcbogames.com\/index.php\/wp-json\/wp\/v2\/product_cat?post=6535"},{"taxonomy":"product_tag","embeddable":true,"href":"https:\/\/mcbogames.com\/index.php\/wp-json\/wp\/v2\/product_tag?post=6535"}],"curies":[{"name":"wp","href":"https:\/\/api.w.org\/{rel}","templated":true}]}}