{"id":6532,"date":"2022-03-17T17:29:08","date_gmt":"2022-03-17T17:29:08","guid":{"rendered":"https:\/\/mcbogames.com\/?post_type=product&#038;p=6532"},"modified":"2025-05-29T15:06:48","modified_gmt":"2025-05-29T19:06:48","slug":"ghost-of-tsushima-ps4","status":"publish","type":"product","link":"https:\/\/mcbogames.com\/index.php\/producto\/ghost-of-tsushima-ps4\/","title":{"rendered":"Ghost of Tsushima &#8211; PlayStation 4"},"content":{"rendered":"<div id=\"featurebullets_feature_div\" class=\"celwidget\" data-feature-name=\"featurebullets\" data-csa-c-id=\"i00lp6-8ssxzq-v4v34w-zhs4dc\" data-cel-widget=\"featurebullets_feature_div\">\n<div id=\"feature-bullets\" class=\"a-section a-spacing-medium a-spacing-top-small\">\n<ul class=\"a-unordered-list a-vertical a-spacing-mini\">\n<li><span class=\"a-list-item\">En esta aventura de acci\u00f3n de mundo abierto, recorrer\u00e1s por grandes campos y terrenos amplios para encontrar personajes ricos, descubrir\u00e1s los monumentos antiguos y descubrir\u00e1s la belleza oculta de Tsushima.<\/span><\/li>\n<li><span class=\"a-list-item\">The Rise of the Ghost: en su b\u00fasqueda de recuperar Tsushima, Jin debe buscar apoyo de viejos amigos y nuevos improbables aliados.<\/span><\/li>\n<li><span class=\"a-list-item\">Desaf\u00eda a los oponentes con tu katana para una experiencia de combate samurai inmersiva, domina el arco para eliminar amenazas distantes, y desarrolla t\u00e1cticas de sigilo para desorientar y embrujar a los enemigos con ataques sorpresas.<\/span><\/li>\n<\/ul>\n<\/div>\n<\/div>\n<div id=\"serviceCapabilities_feature_div\" class=\"celwidget\" data-feature-name=\"serviceCapabilities\" data-csa-c-id=\"jjmdg5-s9rpl4-diced-2l8om\" data-cel-widget=\"serviceCapabilities_feature_div\"><\/div>\n","protected":false},"excerpt":{"rendered":"<p>En esta aventura de acci\u00f3n de mundo abierto, recorrer\u00e1s por grandes campos y terrenos amplios para encontrar personajes ricos, descubrir\u00e1s los monumentos antiguos y descubrir\u00e1s la belleza oculta de Tsushima. The Rise of the Ghost: en su b\u00fasqueda de recuperar Tsushima, Jin debe buscar apoyo de viejos amigos y nuevos improbables aliados. Desaf\u00eda a los &hellip; <a href=\"https:\/\/mcbogames.com\/index.php\/producto\/ghost-of-tsushima-ps4\/\" class=\"more-link\">Continue reading <span class=\"screen-reader-text\">Ghost of Tsushima &#8211; PlayStation 4<\/span><\/a><\/p>\n","protected":false},"featured_media":6533,"template":"","meta":[],"product_brand":[],"product_cat":[229,230],"product_tag":[285,284,281],"class_list":{"0":"post-6532","1":"product","2":"type-product","3":"status-publish","4":"has-post-thumbnail","6":"product_cat-videojuegos","7":"product_cat-ps4","8":"product_tag-ghost","9":"product_tag-ps4","10":"product_tag-videojuegos","11":"yith_product_brand-ps4","14":"outofstock","15":"shipping-taxable","16":"purchasable","17":"product-type-simple"},"bundled_by":[],"bundle_stock_status":"outofstock","bundle_stock_quantity":0,"bundle_virtual":false,"bundle_layout":"","bundle_add_to_cart_form_location":"","bundle_editable_in_cart":false,"bundle_sold_individually_context":"","bundle_item_grouping":"","bundle_min_size":"","bundle_max_size":"","bundled_items":[],"bundle_sell_ids":[],"yoast_head":"<!-- This site is optimized with the Yoast SEO plugin v26.8 - https:\/\/yoast.com\/product\/yoast-seo-wordpress\/ -->\n<title>Ghost of Tsushima - PlayStation 4 - :: MCBO GAMES TU TIENDA FAVORITA DE TECNOLOG\u00cdA Y VIDEOJUEGOS ::<\/title>\n<meta name=\"description\" content=\"En esta aventura de acci\u00f3n de mundo abierto, recorrer\u00e1s por grandes campos y terrenos amplios para encontrar personajes ricos, descubrir\u00e1s los monumentos antiguos y descubrir\u00e1s la belleza oculta de Tsushima.The Rise of the Ghost: en su b\u00fasqueda de recuperar Tsushima, Jin debe buscar apoyo de viejos amigos y nuevos improbables aliados.Desaf\u00eda a los oponentes con tu katana para una experiencia de combate samurai inmersiva, domina el arco para eliminar amenazas distantes, y desarrolla t\u00e1cticas de sigilo para desorientar y embrujar a los enemigos con ataques sorpresas.\" \/>\n<meta name=\"robots\" content=\"index, follow, max-snippet:-1, max-image-preview:large, max-video-preview:-1\" \/>\n<link rel=\"canonical\" href=\"https:\/\/mcbogames.com\/index.php\/producto\/ghost-of-tsushima-ps4\/\" \/>\n<meta property=\"og:locale\" content=\"es_ES\" \/>\n<meta property=\"og:type\" content=\"article\" \/>\n<meta property=\"og:title\" content=\"Ghost of Tsushima - PlayStation 4 - :: MCBO GAMES TU TIENDA FAVORITA DE TECNOLOG\u00cdA Y VIDEOJUEGOS ::\" \/>\n<meta property=\"og:description\" content=\"En esta aventura de acci\u00f3n de mundo abierto, recorrer\u00e1s por grandes campos y terrenos amplios para encontrar personajes ricos, descubrir\u00e1s los monumentos antiguos y descubrir\u00e1s la belleza oculta de Tsushima.The Rise of the Ghost: en su b\u00fasqueda de recuperar Tsushima, Jin debe buscar apoyo de viejos amigos y nuevos improbables aliados.Desaf\u00eda a los oponentes con tu katana para una experiencia de combate samurai inmersiva, domina el arco para eliminar amenazas distantes, y desarrolla t\u00e1cticas de sigilo para desorientar y embrujar a los enemigos con ataques sorpresas.\" \/>\n<meta property=\"og:url\" content=\"https:\/\/mcbogames.com\/index.php\/producto\/ghost-of-tsushima-ps4\/\" \/>\n<meta property=\"og:site_name\" content=\":: MCBO GAMES TU TIENDA FAVORITA DE TECNOLOG\u00cdA Y VIDEOJUEGOS ::\" \/>\n<meta property=\"article:modified_time\" content=\"2025-05-29T19:06:48+00:00\" \/>\n<meta property=\"og:image\" content=\"https:\/\/mcbogames.com\/wp-content\/uploads\/2022\/03\/1000x1000-GHOST-OF-TSUSHIMA.jpeg\" \/>\n\t<meta property=\"og:image:width\" content=\"1000\" \/>\n\t<meta property=\"og:image:height\" content=\"1000\" \/>\n\t<meta property=\"og:image:type\" content=\"image\/jpeg\" \/>\n<meta name=\"twitter:card\" content=\"summary_large_image\" \/>\n<meta name=\"twitter:label1\" content=\"Tiempo de lectura\" \/>\n\t<meta name=\"twitter:data1\" content=\"1 minuto\" \/>\n<script type=\"application\/ld+json\" class=\"yoast-schema-graph\">{\"@context\":\"https:\/\/schema.org\",\"@graph\":[{\"@type\":\"WebPage\",\"@id\":\"https:\/\/mcbogames.com\/index.php\/producto\/ghost-of-tsushima-ps4\/\",\"url\":\"https:\/\/mcbogames.com\/index.php\/producto\/ghost-of-tsushima-ps4\/\",\"name\":\"Ghost of Tsushima - PlayStation 4 - :: MCBO GAMES TU TIENDA FAVORITA DE TECNOLOG\u00cdA Y VIDEOJUEGOS ::\",\"isPartOf\":{\"@id\":\"https:\/\/mcbogames.com\/#website\"},\"primaryImageOfPage\":{\"@id\":\"https:\/\/mcbogames.com\/index.php\/producto\/ghost-of-tsushima-ps4\/#primaryimage\"},\"image\":{\"@id\":\"https:\/\/mcbogames.com\/index.php\/producto\/ghost-of-tsushima-ps4\/#primaryimage\"},\"thumbnailUrl\":\"https:\/\/mcbogames.com\/wp-content\/uploads\/2022\/03\/1000x1000-GHOST-OF-TSUSHIMA.jpeg\",\"datePublished\":\"2022-03-17T17:29:08+00:00\",\"dateModified\":\"2025-05-29T19:06:48+00:00\",\"description\":\"En esta aventura de acci\u00f3n de mundo abierto, recorrer\u00e1s por grandes campos y terrenos amplios para encontrar personajes ricos, descubrir\u00e1s los monumentos antiguos y descubrir\u00e1s la belleza oculta de Tsushima.The Rise of the Ghost: en su b\u00fasqueda de recuperar Tsushima, Jin debe buscar apoyo de viejos amigos y nuevos improbables aliados.Desaf\u00eda a los oponentes con tu katana para una experiencia de combate samurai inmersiva, domina el arco para eliminar amenazas distantes, y desarrolla t\u00e1cticas de sigilo para desorientar y embrujar a los enemigos con ataques sorpresas.\",\"breadcrumb\":{\"@id\":\"https:\/\/mcbogames.com\/index.php\/producto\/ghost-of-tsushima-ps4\/#breadcrumb\"},\"inLanguage\":\"es\",\"potentialAction\":[{\"@type\":\"ReadAction\",\"target\":[\"https:\/\/mcbogames.com\/index.php\/producto\/ghost-of-tsushima-ps4\/\"]}]},{\"@type\":\"ImageObject\",\"inLanguage\":\"es\",\"@id\":\"https:\/\/mcbogames.com\/index.php\/producto\/ghost-of-tsushima-ps4\/#primaryimage\",\"url\":\"https:\/\/mcbogames.com\/wp-content\/uploads\/2022\/03\/1000x1000-GHOST-OF-TSUSHIMA.jpeg\",\"contentUrl\":\"https:\/\/mcbogames.com\/wp-content\/uploads\/2022\/03\/1000x1000-GHOST-OF-TSUSHIMA.jpeg\",\"width\":1000,\"height\":1000},{\"@type\":\"BreadcrumbList\",\"@id\":\"https:\/\/mcbogames.com\/index.php\/producto\/ghost-of-tsushima-ps4\/#breadcrumb\",\"itemListElement\":[{\"@type\":\"ListItem\",\"position\":1,\"name\":\"Portada\",\"item\":\"https:\/\/mcbogames.com\/\"},{\"@type\":\"ListItem\",\"position\":2,\"name\":\"Shop\",\"item\":\"https:\/\/mcbogames.com\/index.php\/shop\/\"},{\"@type\":\"ListItem\",\"position\":3,\"name\":\"Ghost of Tsushima &#8211; PlayStation 4\"}]},{\"@type\":\"WebSite\",\"@id\":\"https:\/\/mcbogames.com\/#website\",\"url\":\"https:\/\/mcbogames.com\/\",\"name\":\":: MCBO GAMES TU TIENDA FAVORITA DE TECNOLOG\u00cdA Y VIDEOJUEGOS ::\",\"description\":\"TIENDA ONLINE\",\"publisher\":{\"@id\":\"https:\/\/mcbogames.com\/#organization\"},\"potentialAction\":[{\"@type\":\"SearchAction\",\"target\":{\"@type\":\"EntryPoint\",\"urlTemplate\":\"https:\/\/mcbogames.com\/?s={search_term_string}\"},\"query-input\":{\"@type\":\"PropertyValueSpecification\",\"valueRequired\":true,\"valueName\":\"search_term_string\"}}],\"inLanguage\":\"es\"},{\"@type\":\"Organization\",\"@id\":\"https:\/\/mcbogames.com\/#organization\",\"name\":\"MCBO GAMES\",\"url\":\"https:\/\/mcbogames.com\/\",\"logo\":{\"@type\":\"ImageObject\",\"inLanguage\":\"es\",\"@id\":\"https:\/\/mcbogames.com\/#\/schema\/logo\/image\/\",\"url\":\"https:\/\/mcbogames.com\/wp-content\/uploads\/2021\/12\/logo_web.png\",\"contentUrl\":\"https:\/\/mcbogames.com\/wp-content\/uploads\/2021\/12\/logo_web.png\",\"width\":247,\"height\":223,\"caption\":\"MCBO GAMES\"},\"image\":{\"@id\":\"https:\/\/mcbogames.com\/#\/schema\/logo\/image\/\"}}]}<\/script>\n<!-- \/ Yoast SEO plugin. -->","yoast_head_json":{"title":"Ghost of Tsushima - PlayStation 4 - :: MCBO GAMES TU TIENDA FAVORITA DE TECNOLOG\u00cdA Y VIDEOJUEGOS ::","description":"En esta aventura de acci\u00f3n de mundo abierto, recorrer\u00e1s por grandes campos y terrenos amplios para encontrar personajes ricos, descubrir\u00e1s los monumentos antiguos y descubrir\u00e1s la belleza oculta de Tsushima.The Rise of the Ghost: en su b\u00fasqueda de recuperar Tsushima, Jin debe buscar apoyo de viejos amigos y nuevos improbables aliados.Desaf\u00eda a los oponentes con tu katana para una experiencia de combate samurai inmersiva, domina el arco para eliminar amenazas distantes, y desarrolla t\u00e1cticas de sigilo para desorientar y embrujar a los enemigos con ataques sorpresas.","robots":{"index":"index","follow":"follow","max-snippet":"max-snippet:-1","max-image-preview":"max-image-preview:large","max-video-preview":"max-video-preview:-1"},"canonical":"https:\/\/mcbogames.com\/index.php\/producto\/ghost-of-tsushima-ps4\/","og_locale":"es_ES","og_type":"article","og_title":"Ghost of Tsushima - PlayStation 4 - :: MCBO GAMES TU TIENDA FAVORITA DE TECNOLOG\u00cdA Y VIDEOJUEGOS ::","og_description":"En esta aventura de acci\u00f3n de mundo abierto, recorrer\u00e1s por grandes campos y terrenos amplios para encontrar personajes ricos, descubrir\u00e1s los monumentos antiguos y descubrir\u00e1s la belleza oculta de Tsushima.The Rise of the Ghost: en su b\u00fasqueda de recuperar Tsushima, Jin debe buscar apoyo de viejos amigos y nuevos improbables aliados.Desaf\u00eda a los oponentes con tu katana para una experiencia de combate samurai inmersiva, domina el arco para eliminar amenazas distantes, y desarrolla t\u00e1cticas de sigilo para desorientar y embrujar a los enemigos con ataques sorpresas.","og_url":"https:\/\/mcbogames.com\/index.php\/producto\/ghost-of-tsushima-ps4\/","og_site_name":":: MCBO GAMES TU TIENDA FAVORITA DE TECNOLOG\u00cdA Y VIDEOJUEGOS ::","article_modified_time":"2025-05-29T19:06:48+00:00","og_image":[{"width":1000,"height":1000,"url":"https:\/\/mcbogames.com\/wp-content\/uploads\/2022\/03\/1000x1000-GHOST-OF-TSUSHIMA.jpeg","type":"image\/jpeg"}],"twitter_card":"summary_large_image","twitter_misc":{"Tiempo de lectura":"1 minuto"},"schema":{"@context":"https:\/\/schema.org","@graph":[{"@type":"WebPage","@id":"https:\/\/mcbogames.com\/index.php\/producto\/ghost-of-tsushima-ps4\/","url":"https:\/\/mcbogames.com\/index.php\/producto\/ghost-of-tsushima-ps4\/","name":"Ghost of Tsushima - PlayStation 4 - :: MCBO GAMES TU TIENDA FAVORITA DE TECNOLOG\u00cdA Y VIDEOJUEGOS ::","isPartOf":{"@id":"https:\/\/mcbogames.com\/#website"},"primaryImageOfPage":{"@id":"https:\/\/mcbogames.com\/index.php\/producto\/ghost-of-tsushima-ps4\/#primaryimage"},"image":{"@id":"https:\/\/mcbogames.com\/index.php\/producto\/ghost-of-tsushima-ps4\/#primaryimage"},"thumbnailUrl":"https:\/\/mcbogames.com\/wp-content\/uploads\/2022\/03\/1000x1000-GHOST-OF-TSUSHIMA.jpeg","datePublished":"2022-03-17T17:29:08+00:00","dateModified":"2025-05-29T19:06:48+00:00","description":"En esta aventura de acci\u00f3n de mundo abierto, recorrer\u00e1s por grandes campos y terrenos amplios para encontrar personajes ricos, descubrir\u00e1s los monumentos antiguos y descubrir\u00e1s la belleza oculta de Tsushima.The Rise of the Ghost: en su b\u00fasqueda de recuperar Tsushima, Jin debe buscar apoyo de viejos amigos y nuevos improbables aliados.Desaf\u00eda a los oponentes con tu katana para una experiencia de combate samurai inmersiva, domina el arco para eliminar amenazas distantes, y desarrolla t\u00e1cticas de sigilo para desorientar y embrujar a los enemigos con ataques sorpresas.","breadcrumb":{"@id":"https:\/\/mcbogames.com\/index.php\/producto\/ghost-of-tsushima-ps4\/#breadcrumb"},"inLanguage":"es","potentialAction":[{"@type":"ReadAction","target":["https:\/\/mcbogames.com\/index.php\/producto\/ghost-of-tsushima-ps4\/"]}]},{"@type":"ImageObject","inLanguage":"es","@id":"https:\/\/mcbogames.com\/index.php\/producto\/ghost-of-tsushima-ps4\/#primaryimage","url":"https:\/\/mcbogames.com\/wp-content\/uploads\/2022\/03\/1000x1000-GHOST-OF-TSUSHIMA.jpeg","contentUrl":"https:\/\/mcbogames.com\/wp-content\/uploads\/2022\/03\/1000x1000-GHOST-OF-TSUSHIMA.jpeg","width":1000,"height":1000},{"@type":"BreadcrumbList","@id":"https:\/\/mcbogames.com\/index.php\/producto\/ghost-of-tsushima-ps4\/#breadcrumb","itemListElement":[{"@type":"ListItem","position":1,"name":"Portada","item":"https:\/\/mcbogames.com\/"},{"@type":"ListItem","position":2,"name":"Shop","item":"https:\/\/mcbogames.com\/index.php\/shop\/"},{"@type":"ListItem","position":3,"name":"Ghost of Tsushima &#8211; PlayStation 4"}]},{"@type":"WebSite","@id":"https:\/\/mcbogames.com\/#website","url":"https:\/\/mcbogames.com\/","name":":: MCBO GAMES TU TIENDA FAVORITA DE TECNOLOG\u00cdA Y VIDEOJUEGOS ::","description":"TIENDA ONLINE","publisher":{"@id":"https:\/\/mcbogames.com\/#organization"},"potentialAction":[{"@type":"SearchAction","target":{"@type":"EntryPoint","urlTemplate":"https:\/\/mcbogames.com\/?s={search_term_string}"},"query-input":{"@type":"PropertyValueSpecification","valueRequired":true,"valueName":"search_term_string"}}],"inLanguage":"es"},{"@type":"Organization","@id":"https:\/\/mcbogames.com\/#organization","name":"MCBO GAMES","url":"https:\/\/mcbogames.com\/","logo":{"@type":"ImageObject","inLanguage":"es","@id":"https:\/\/mcbogames.com\/#\/schema\/logo\/image\/","url":"https:\/\/mcbogames.com\/wp-content\/uploads\/2021\/12\/logo_web.png","contentUrl":"https:\/\/mcbogames.com\/wp-content\/uploads\/2021\/12\/logo_web.png","width":247,"height":223,"caption":"MCBO GAMES"},"image":{"@id":"https:\/\/mcbogames.com\/#\/schema\/logo\/image\/"}}]}},"_links":{"self":[{"href":"https:\/\/mcbogames.com\/index.php\/wp-json\/wp\/v2\/product\/6532","targetHints":{"allow":["GET"]}}],"collection":[{"href":"https:\/\/mcbogames.com\/index.php\/wp-json\/wp\/v2\/product"}],"about":[{"href":"https:\/\/mcbogames.com\/index.php\/wp-json\/wp\/v2\/types\/product"}],"wp:featuredmedia":[{"embeddable":true,"href":"https:\/\/mcbogames.com\/index.php\/wp-json\/wp\/v2\/media\/6533"}],"wp:attachment":[{"href":"https:\/\/mcbogames.com\/index.php\/wp-json\/wp\/v2\/media?parent=6532"}],"wp:term":[{"taxonomy":"product_brand","embeddable":true,"href":"https:\/\/mcbogames.com\/index.php\/wp-json\/wp\/v2\/product_brand?post=6532"},{"taxonomy":"product_cat","embeddable":true,"href":"https:\/\/mcbogames.com\/index.php\/wp-json\/wp\/v2\/product_cat?post=6532"},{"taxonomy":"product_tag","embeddable":true,"href":"https:\/\/mcbogames.com\/index.php\/wp-json\/wp\/v2\/product_tag?post=6532"}],"curies":[{"name":"wp","href":"https:\/\/api.w.org\/{rel}","templated":true}]}}