{"id":6498,"date":"2022-03-15T23:14:03","date_gmt":"2022-03-15T23:14:03","guid":{"rendered":"https:\/\/mcbogames.com\/?post_type=product&#038;p=6498"},"modified":"2022-04-21T21:59:42","modified_gmt":"2022-04-21T21:59:42","slug":"teclado-hunter-pro-k511","status":"publish","type":"product","link":"https:\/\/mcbogames.com\/index.php\/producto\/teclado-hunter-pro-k511\/","title":{"rendered":"Teclado  HUNTER PRO  K511"},"content":{"rendered":"<p>El teclado Fantech K511 tiene un dise\u00f1o iluminado que es ideal para jugar en cualquier ambiente, tanto oscuro como con iluminaci\u00f3n, ya que sus teclas disponen retroalimentaci\u00f3n LED de alta calidad con una disposici\u00f3n de luz precisa para cualquier tipo de entorno.<\/p>\n<p>Dispone de 12 teclas multimedia que se pueden utilizar f\u00e1cilmente, entre ellas todas las 104 teclas en total son muy agradables al tacto. Su dise\u00f1o est\u00e1 creado para que pueda mantener un estado de comodidad para los momentos precisos en que necesitas ganar o realizar esa maniobra perfecta en tu juego favorito, cuenta con un dise\u00f1o ergon\u00f3mico, para que con el uso a largo plazo no produzca fatiga. Adem\u00e1s de conseguir el mejor cuidado y comodidad para su mu\u00f1eca.<\/p>\n","protected":false},"excerpt":{"rendered":"<p>El teclado Fantech K511 tiene un dise\u00f1o iluminado que es ideal para jugar en cualquier ambiente, tanto oscuro como con iluminaci\u00f3n, ya que sus teclas disponen retroalimentaci\u00f3n LED de alta calidad con una disposici\u00f3n de luz precisa para cualquier tipo de entorno. Dispone de 12 teclas multimedia que se pueden utilizar f\u00e1cilmente, entre ellas todas &hellip; <a href=\"https:\/\/mcbogames.com\/index.php\/producto\/teclado-hunter-pro-k511\/\" class=\"more-link\">Continue reading <span class=\"screen-reader-text\">Teclado  HUNTER PRO  K511<\/span><\/a><\/p>\n","protected":false},"featured_media":6501,"template":"","meta":[],"product_brand":[],"product_cat":[236,228],"product_tag":[275,276,272],"class_list":{"0":"post-6498","1":"product","2":"type-product","3":"status-publish","4":"has-post-thumbnail","6":"product_cat-accesorios","7":"product_cat-computacion","8":"product_tag-mouse","9":"product_tag-mousepad","10":"product_tag-teclado","11":"yith_product_brand-fantech","14":"outofstock","15":"shipping-taxable","16":"purchasable","17":"product-type-simple"},"bundled_by":[],"bundle_stock_status":"outofstock","bundle_stock_quantity":0,"bundle_virtual":false,"bundle_layout":"","bundle_add_to_cart_form_location":"","bundle_editable_in_cart":false,"bundle_sold_individually_context":"","bundle_item_grouping":"","bundle_min_size":"","bundle_max_size":"","bundled_items":[],"bundle_sell_ids":[],"yoast_head":"<!-- This site is optimized with the Yoast SEO plugin v27.4 - https:\/\/yoast.com\/product\/yoast-seo-wordpress\/ -->\n<title>Teclado HUNTER PRO K511 - :: MCBO GAMES TU TIENDA FAVORITA DE TECNOLOG\u00cdA Y VIDEOJUEGOS ::<\/title>\n<meta name=\"description\" content=\"El teclado Fantech K511 tiene un dise\u00f1o iluminado que es ideal para jugar en cualquier ambiente, tanto oscuro como con iluminaci\u00f3n, ya que sus teclas disponen retroalimentaci\u00f3n LED de alta calidad con una disposici\u00f3n de luz precisa para cualquier tipo de entorno.Dispone de 12 teclas multimedia que se pueden utilizar f\u00e1cilmente, entre ellas todas las 104 teclas en total son muy agradables al tacto. Su dise\u00f1o est\u00e1 creado para que pueda mantener un estado de comodidad para los momentos precisos en que necesitas ganar o realizar esa maniobra perfecta en tu juego favorito, cuenta con un dise\u00f1o ergon\u00f3mico, para que con el uso a largo plazo no produzca fatiga. Adem\u00e1s de conseguir el mejor cuidado y comodidad para su mu\u00f1eca.\" \/>\n<meta name=\"robots\" content=\"index, follow, max-snippet:-1, max-image-preview:large, max-video-preview:-1\" \/>\n<link rel=\"canonical\" href=\"https:\/\/mcbogames.com\/index.php\/producto\/teclado-hunter-pro-k511\/\" \/>\n<meta property=\"og:locale\" content=\"es_ES\" \/>\n<meta property=\"og:type\" content=\"article\" \/>\n<meta property=\"og:title\" content=\"Teclado HUNTER PRO K511 - :: MCBO GAMES TU TIENDA FAVORITA DE TECNOLOG\u00cdA Y VIDEOJUEGOS ::\" \/>\n<meta property=\"og:description\" content=\"El teclado Fantech K511 tiene un dise\u00f1o iluminado que es ideal para jugar en cualquier ambiente, tanto oscuro como con iluminaci\u00f3n, ya que sus teclas disponen retroalimentaci\u00f3n LED de alta calidad con una disposici\u00f3n de luz precisa para cualquier tipo de entorno.Dispone de 12 teclas multimedia que se pueden utilizar f\u00e1cilmente, entre ellas todas las 104 teclas en total son muy agradables al tacto. Su dise\u00f1o est\u00e1 creado para que pueda mantener un estado de comodidad para los momentos precisos en que necesitas ganar o realizar esa maniobra perfecta en tu juego favorito, cuenta con un dise\u00f1o ergon\u00f3mico, para que con el uso a largo plazo no produzca fatiga. Adem\u00e1s de conseguir el mejor cuidado y comodidad para su mu\u00f1eca.\" \/>\n<meta property=\"og:url\" content=\"https:\/\/mcbogames.com\/index.php\/producto\/teclado-hunter-pro-k511\/\" \/>\n<meta property=\"og:site_name\" content=\":: MCBO GAMES TU TIENDA FAVORITA DE TECNOLOG\u00cdA Y VIDEOJUEGOS ::\" \/>\n<meta property=\"article:modified_time\" content=\"2022-04-21T21:59:42+00:00\" \/>\n<meta property=\"og:image\" content=\"https:\/\/mcbogames.com\/wp-content\/uploads\/2022\/03\/Teclado-HunterPro2.webp\" \/>\n\t<meta property=\"og:image:width\" content=\"600\" \/>\n\t<meta property=\"og:image:height\" content=\"600\" \/>\n\t<meta property=\"og:image:type\" content=\"image\/webp\" \/>\n<meta name=\"twitter:card\" content=\"summary_large_image\" \/>\n<meta name=\"twitter:label1\" content=\"Tiempo de lectura\" \/>\n\t<meta name=\"twitter:data1\" content=\"1 minuto\" \/>\n<script type=\"application\/ld+json\" class=\"yoast-schema-graph\">{\"@context\":\"https:\\\/\\\/schema.org\",\"@graph\":[{\"@type\":\"WebPage\",\"@id\":\"https:\\\/\\\/mcbogames.com\\\/index.php\\\/producto\\\/teclado-hunter-pro-k511\\\/\",\"url\":\"https:\\\/\\\/mcbogames.com\\\/index.php\\\/producto\\\/teclado-hunter-pro-k511\\\/\",\"name\":\"Teclado HUNTER PRO K511 - :: MCBO GAMES TU TIENDA FAVORITA DE TECNOLOG\u00cdA Y VIDEOJUEGOS ::\",\"isPartOf\":{\"@id\":\"https:\\\/\\\/mcbogames.com\\\/#website\"},\"primaryImageOfPage\":{\"@id\":\"https:\\\/\\\/mcbogames.com\\\/index.php\\\/producto\\\/teclado-hunter-pro-k511\\\/#primaryimage\"},\"image\":{\"@id\":\"https:\\\/\\\/mcbogames.com\\\/index.php\\\/producto\\\/teclado-hunter-pro-k511\\\/#primaryimage\"},\"thumbnailUrl\":\"https:\\\/\\\/mcbogames.com\\\/wp-content\\\/uploads\\\/2022\\\/03\\\/Teclado-HunterPro2.webp\",\"datePublished\":\"2022-03-15T23:14:03+00:00\",\"dateModified\":\"2022-04-21T21:59:42+00:00\",\"description\":\"El teclado Fantech K511 tiene un dise\u00f1o iluminado que es ideal para jugar en cualquier ambiente, tanto oscuro como con iluminaci\u00f3n, ya que sus teclas disponen retroalimentaci\u00f3n LED de alta calidad con una disposici\u00f3n de luz precisa para cualquier tipo de entorno.Dispone de 12 teclas multimedia que se pueden utilizar f\u00e1cilmente, entre ellas todas las 104 teclas en total son muy agradables al tacto. Su dise\u00f1o est\u00e1 creado para que pueda mantener un estado de comodidad para los momentos precisos en que necesitas ganar o realizar esa maniobra perfecta en tu juego favorito, cuenta con un dise\u00f1o ergon\u00f3mico, para que con el uso a largo plazo no produzca fatiga. Adem\u00e1s de conseguir el mejor cuidado y comodidad para su mu\u00f1eca.\",\"breadcrumb\":{\"@id\":\"https:\\\/\\\/mcbogames.com\\\/index.php\\\/producto\\\/teclado-hunter-pro-k511\\\/#breadcrumb\"},\"inLanguage\":\"es\",\"potentialAction\":[{\"@type\":\"ReadAction\",\"target\":[\"https:\\\/\\\/mcbogames.com\\\/index.php\\\/producto\\\/teclado-hunter-pro-k511\\\/\"]}]},{\"@type\":\"ImageObject\",\"inLanguage\":\"es\",\"@id\":\"https:\\\/\\\/mcbogames.com\\\/index.php\\\/producto\\\/teclado-hunter-pro-k511\\\/#primaryimage\",\"url\":\"https:\\\/\\\/mcbogames.com\\\/wp-content\\\/uploads\\\/2022\\\/03\\\/Teclado-HunterPro2.webp\",\"contentUrl\":\"https:\\\/\\\/mcbogames.com\\\/wp-content\\\/uploads\\\/2022\\\/03\\\/Teclado-HunterPro2.webp\",\"width\":600,\"height\":600},{\"@type\":\"BreadcrumbList\",\"@id\":\"https:\\\/\\\/mcbogames.com\\\/index.php\\\/producto\\\/teclado-hunter-pro-k511\\\/#breadcrumb\",\"itemListElement\":[{\"@type\":\"ListItem\",\"position\":1,\"name\":\"Portada\",\"item\":\"https:\\\/\\\/mcbogames.com\\\/\"},{\"@type\":\"ListItem\",\"position\":2,\"name\":\"Shop\",\"item\":\"https:\\\/\\\/mcbogames.com\\\/index.php\\\/shop\\\/\"},{\"@type\":\"ListItem\",\"position\":3,\"name\":\"Teclado HUNTER PRO K511\"}]},{\"@type\":\"WebSite\",\"@id\":\"https:\\\/\\\/mcbogames.com\\\/#website\",\"url\":\"https:\\\/\\\/mcbogames.com\\\/\",\"name\":\":: MCBO GAMES TU TIENDA FAVORITA DE TECNOLOG\u00cdA Y VIDEOJUEGOS ::\",\"description\":\"TIENDA ONLINE\",\"publisher\":{\"@id\":\"https:\\\/\\\/mcbogames.com\\\/#organization\"},\"potentialAction\":[{\"@type\":\"SearchAction\",\"target\":{\"@type\":\"EntryPoint\",\"urlTemplate\":\"https:\\\/\\\/mcbogames.com\\\/?s={search_term_string}\"},\"query-input\":{\"@type\":\"PropertyValueSpecification\",\"valueRequired\":true,\"valueName\":\"search_term_string\"}}],\"inLanguage\":\"es\"},{\"@type\":\"Organization\",\"@id\":\"https:\\\/\\\/mcbogames.com\\\/#organization\",\"name\":\"MCBO GAMES\",\"url\":\"https:\\\/\\\/mcbogames.com\\\/\",\"logo\":{\"@type\":\"ImageObject\",\"inLanguage\":\"es\",\"@id\":\"https:\\\/\\\/mcbogames.com\\\/#\\\/schema\\\/logo\\\/image\\\/\",\"url\":\"https:\\\/\\\/mcbogames.com\\\/wp-content\\\/uploads\\\/2021\\\/12\\\/logo_web.png\",\"contentUrl\":\"https:\\\/\\\/mcbogames.com\\\/wp-content\\\/uploads\\\/2021\\\/12\\\/logo_web.png\",\"width\":247,\"height\":223,\"caption\":\"MCBO GAMES\"},\"image\":{\"@id\":\"https:\\\/\\\/mcbogames.com\\\/#\\\/schema\\\/logo\\\/image\\\/\"}}]}<\/script>\n<!-- \/ Yoast SEO plugin. -->","yoast_head_json":{"title":"Teclado HUNTER PRO K511 - :: MCBO GAMES TU TIENDA FAVORITA DE TECNOLOG\u00cdA Y VIDEOJUEGOS ::","description":"El teclado Fantech K511 tiene un dise\u00f1o iluminado que es ideal para jugar en cualquier ambiente, tanto oscuro como con iluminaci\u00f3n, ya que sus teclas disponen retroalimentaci\u00f3n LED de alta calidad con una disposici\u00f3n de luz precisa para cualquier tipo de entorno.Dispone de 12 teclas multimedia que se pueden utilizar f\u00e1cilmente, entre ellas todas las 104 teclas en total son muy agradables al tacto. Su dise\u00f1o est\u00e1 creado para que pueda mantener un estado de comodidad para los momentos precisos en que necesitas ganar o realizar esa maniobra perfecta en tu juego favorito, cuenta con un dise\u00f1o ergon\u00f3mico, para que con el uso a largo plazo no produzca fatiga. Adem\u00e1s de conseguir el mejor cuidado y comodidad para su mu\u00f1eca.","robots":{"index":"index","follow":"follow","max-snippet":"max-snippet:-1","max-image-preview":"max-image-preview:large","max-video-preview":"max-video-preview:-1"},"canonical":"https:\/\/mcbogames.com\/index.php\/producto\/teclado-hunter-pro-k511\/","og_locale":"es_ES","og_type":"article","og_title":"Teclado HUNTER PRO K511 - :: MCBO GAMES TU TIENDA FAVORITA DE TECNOLOG\u00cdA Y VIDEOJUEGOS ::","og_description":"El teclado Fantech K511 tiene un dise\u00f1o iluminado que es ideal para jugar en cualquier ambiente, tanto oscuro como con iluminaci\u00f3n, ya que sus teclas disponen retroalimentaci\u00f3n LED de alta calidad con una disposici\u00f3n de luz precisa para cualquier tipo de entorno.Dispone de 12 teclas multimedia que se pueden utilizar f\u00e1cilmente, entre ellas todas las 104 teclas en total son muy agradables al tacto. Su dise\u00f1o est\u00e1 creado para que pueda mantener un estado de comodidad para los momentos precisos en que necesitas ganar o realizar esa maniobra perfecta en tu juego favorito, cuenta con un dise\u00f1o ergon\u00f3mico, para que con el uso a largo plazo no produzca fatiga. Adem\u00e1s de conseguir el mejor cuidado y comodidad para su mu\u00f1eca.","og_url":"https:\/\/mcbogames.com\/index.php\/producto\/teclado-hunter-pro-k511\/","og_site_name":":: MCBO GAMES TU TIENDA FAVORITA DE TECNOLOG\u00cdA Y VIDEOJUEGOS ::","article_modified_time":"2022-04-21T21:59:42+00:00","og_image":[{"width":600,"height":600,"url":"https:\/\/mcbogames.com\/wp-content\/uploads\/2022\/03\/Teclado-HunterPro2.webp","type":"image\/webp"}],"twitter_card":"summary_large_image","twitter_misc":{"Tiempo de lectura":"1 minuto"},"schema":{"@context":"https:\/\/schema.org","@graph":[{"@type":"WebPage","@id":"https:\/\/mcbogames.com\/index.php\/producto\/teclado-hunter-pro-k511\/","url":"https:\/\/mcbogames.com\/index.php\/producto\/teclado-hunter-pro-k511\/","name":"Teclado HUNTER PRO K511 - :: MCBO GAMES TU TIENDA FAVORITA DE TECNOLOG\u00cdA Y VIDEOJUEGOS ::","isPartOf":{"@id":"https:\/\/mcbogames.com\/#website"},"primaryImageOfPage":{"@id":"https:\/\/mcbogames.com\/index.php\/producto\/teclado-hunter-pro-k511\/#primaryimage"},"image":{"@id":"https:\/\/mcbogames.com\/index.php\/producto\/teclado-hunter-pro-k511\/#primaryimage"},"thumbnailUrl":"https:\/\/mcbogames.com\/wp-content\/uploads\/2022\/03\/Teclado-HunterPro2.webp","datePublished":"2022-03-15T23:14:03+00:00","dateModified":"2022-04-21T21:59:42+00:00","description":"El teclado Fantech K511 tiene un dise\u00f1o iluminado que es ideal para jugar en cualquier ambiente, tanto oscuro como con iluminaci\u00f3n, ya que sus teclas disponen retroalimentaci\u00f3n LED de alta calidad con una disposici\u00f3n de luz precisa para cualquier tipo de entorno.Dispone de 12 teclas multimedia que se pueden utilizar f\u00e1cilmente, entre ellas todas las 104 teclas en total son muy agradables al tacto. Su dise\u00f1o est\u00e1 creado para que pueda mantener un estado de comodidad para los momentos precisos en que necesitas ganar o realizar esa maniobra perfecta en tu juego favorito, cuenta con un dise\u00f1o ergon\u00f3mico, para que con el uso a largo plazo no produzca fatiga. Adem\u00e1s de conseguir el mejor cuidado y comodidad para su mu\u00f1eca.","breadcrumb":{"@id":"https:\/\/mcbogames.com\/index.php\/producto\/teclado-hunter-pro-k511\/#breadcrumb"},"inLanguage":"es","potentialAction":[{"@type":"ReadAction","target":["https:\/\/mcbogames.com\/index.php\/producto\/teclado-hunter-pro-k511\/"]}]},{"@type":"ImageObject","inLanguage":"es","@id":"https:\/\/mcbogames.com\/index.php\/producto\/teclado-hunter-pro-k511\/#primaryimage","url":"https:\/\/mcbogames.com\/wp-content\/uploads\/2022\/03\/Teclado-HunterPro2.webp","contentUrl":"https:\/\/mcbogames.com\/wp-content\/uploads\/2022\/03\/Teclado-HunterPro2.webp","width":600,"height":600},{"@type":"BreadcrumbList","@id":"https:\/\/mcbogames.com\/index.php\/producto\/teclado-hunter-pro-k511\/#breadcrumb","itemListElement":[{"@type":"ListItem","position":1,"name":"Portada","item":"https:\/\/mcbogames.com\/"},{"@type":"ListItem","position":2,"name":"Shop","item":"https:\/\/mcbogames.com\/index.php\/shop\/"},{"@type":"ListItem","position":3,"name":"Teclado HUNTER PRO K511"}]},{"@type":"WebSite","@id":"https:\/\/mcbogames.com\/#website","url":"https:\/\/mcbogames.com\/","name":":: MCBO GAMES TU TIENDA FAVORITA DE TECNOLOG\u00cdA Y VIDEOJUEGOS ::","description":"TIENDA ONLINE","publisher":{"@id":"https:\/\/mcbogames.com\/#organization"},"potentialAction":[{"@type":"SearchAction","target":{"@type":"EntryPoint","urlTemplate":"https:\/\/mcbogames.com\/?s={search_term_string}"},"query-input":{"@type":"PropertyValueSpecification","valueRequired":true,"valueName":"search_term_string"}}],"inLanguage":"es"},{"@type":"Organization","@id":"https:\/\/mcbogames.com\/#organization","name":"MCBO GAMES","url":"https:\/\/mcbogames.com\/","logo":{"@type":"ImageObject","inLanguage":"es","@id":"https:\/\/mcbogames.com\/#\/schema\/logo\/image\/","url":"https:\/\/mcbogames.com\/wp-content\/uploads\/2021\/12\/logo_web.png","contentUrl":"https:\/\/mcbogames.com\/wp-content\/uploads\/2021\/12\/logo_web.png","width":247,"height":223,"caption":"MCBO GAMES"},"image":{"@id":"https:\/\/mcbogames.com\/#\/schema\/logo\/image\/"}}]}},"_links":{"self":[{"href":"https:\/\/mcbogames.com\/index.php\/wp-json\/wp\/v2\/product\/6498","targetHints":{"allow":["GET"]}}],"collection":[{"href":"https:\/\/mcbogames.com\/index.php\/wp-json\/wp\/v2\/product"}],"about":[{"href":"https:\/\/mcbogames.com\/index.php\/wp-json\/wp\/v2\/types\/product"}],"wp:featuredmedia":[{"embeddable":true,"href":"https:\/\/mcbogames.com\/index.php\/wp-json\/wp\/v2\/media\/6501"}],"wp:attachment":[{"href":"https:\/\/mcbogames.com\/index.php\/wp-json\/wp\/v2\/media?parent=6498"}],"wp:term":[{"taxonomy":"product_brand","embeddable":true,"href":"https:\/\/mcbogames.com\/index.php\/wp-json\/wp\/v2\/product_brand?post=6498"},{"taxonomy":"product_cat","embeddable":true,"href":"https:\/\/mcbogames.com\/index.php\/wp-json\/wp\/v2\/product_cat?post=6498"},{"taxonomy":"product_tag","embeddable":true,"href":"https:\/\/mcbogames.com\/index.php\/wp-json\/wp\/v2\/product_tag?post=6498"}],"curies":[{"name":"wp","href":"https:\/\/api.w.org\/{rel}","templated":true}]}}