{"id":6494,"date":"2022-03-15T23:09:00","date_gmt":"2022-03-15T23:09:00","guid":{"rendered":"https:\/\/mcbogames.com\/?post_type=product&#038;p=6494"},"modified":"2022-04-09T23:34:41","modified_gmt":"2022-04-09T23:34:41","slug":"combo-gaming-fantech-p31-teclado-mouse-mouse-pad","status":"publish","type":"product","link":"https:\/\/mcbogames.com\/index.php\/producto\/combo-gaming-fantech-p31-teclado-mouse-mouse-pad\/","title":{"rendered":"Combo Gaming Fantech  P31  Teclado + Mouse + Mouse Pad"},"content":{"rendered":"<div class=\"woocommerce-tabs wc-tabs-wrapper\">\n<ul class=\"tabs wc-tabs\" role=\"tablist\">\n<li id=\"tab-title-description\" class=\"description_tab active\" role=\"tab\"><a href=\"https:\/\/www.tyranitum.com\/producto\/combo-gaming-power-pack-p31-3-en-1\/#tab-description\">Descripci\u00f3n<\/a><\/li>\n<\/ul>\n<div id=\"tab-description\" class=\"woocommerce-Tabs-panel woocommerce-Tabs-panel--description panel entry-content wc-tab\" role=\"tabpanel\" aria-labelledby=\"tab-title-description\">\n<p>TECLADO MEMBRANA<\/p>\n<ul>\n<li>Teclado de membrana<\/li>\n<li>Teclas flotantes retroiluminadas.<\/li>\n<li>104 llaves en total<\/li>\n<li>10 millones de llaves de por vida<\/li>\n<li>26 teclas anti-ghosting<\/li>\n<li>Tasa de ultra sondeo: 100Hz<\/li>\n<li>Tama\u00f1o: 46.6 cm x 15.5 cm x 4.2 cm<\/li>\n<\/ul>\n<p>MOUSE 8000 DPI<\/p>\n<ul>\n<li>Dpi: 200-8000 ajustable<\/li>\n<li>Velocidad: 60 IPS<\/li>\n<li>Tasa de sondeo: 125hz<\/li>\n<li>5 millones de clics<\/li>\n<li>Cable trenzado de nailon de 1.8m<\/li>\n<li>Rueda de caucho de silicona<\/li>\n<li>Iluminaci\u00f3n RGB de 4 colores<\/li>\n<li>Tama\u00f1o: 12.8 cm x 6.8 cm x 4.1 cm<\/li>\n<\/ul>\n<p>MOUSEPAD SPEED<\/p>\n<ul>\n<li>Superficie Speed alta velocidad<\/li>\n<li>Base de goma antideslizante<\/li>\n<li>Construido para m\u00e1xima precisi\u00f3n<\/li>\n<li>Tama\u00f1o 29 cm x 25 cm<\/li>\n<\/ul>\n<\/div>\n<\/div>\n","protected":false},"excerpt":{"rendered":"<p>Descripci\u00f3n TECLADO MEMBRANA Teclado de membrana Teclas flotantes retroiluminadas. 104 llaves en total 10 millones de llaves de por vida 26 teclas anti-ghosting Tasa de ultra sondeo: 100Hz Tama\u00f1o: 46.6 cm x 15.5 cm x 4.2 cm MOUSE 8000 DPI Dpi: 200-8000 ajustable Velocidad: 60 IPS Tasa de sondeo: 125hz 5 millones de clics Cable &hellip; <a href=\"https:\/\/mcbogames.com\/index.php\/producto\/combo-gaming-fantech-p31-teclado-mouse-mouse-pad\/\" class=\"more-link\">Continue reading <span class=\"screen-reader-text\">Combo Gaming Fantech  P31  Teclado + Mouse + Mouse Pad<\/span><\/a><\/p>\n","protected":false},"featured_media":6496,"template":"","meta":[],"product_brand":[],"product_cat":[236,228],"product_tag":[275,276,272],"class_list":{"0":"post-6494","1":"product","2":"type-product","3":"status-publish","4":"has-post-thumbnail","6":"product_cat-accesorios","7":"product_cat-computacion","8":"product_tag-mouse","9":"product_tag-mousepad","10":"product_tag-teclado","11":"yith_product_brand-fantech","14":"outofstock","15":"shipping-taxable","16":"purchasable","17":"product-type-simple"},"bundled_by":[],"bundle_stock_status":"outofstock","bundle_stock_quantity":0,"bundle_virtual":false,"bundle_layout":"","bundle_add_to_cart_form_location":"","bundle_editable_in_cart":false,"bundle_sold_individually_context":"","bundle_item_grouping":"","bundle_min_size":"","bundle_max_size":"","bundled_items":[],"bundle_sell_ids":[],"yoast_head":"<!-- This site is optimized with the Yoast SEO plugin v27.4 - https:\/\/yoast.com\/product\/yoast-seo-wordpress\/ -->\n<title>Combo Gaming Fantech P31 Teclado + Mouse + Mouse Pad - :: MCBO GAMES TU TIENDA FAVORITA DE TECNOLOG\u00cdA Y VIDEOJUEGOS ::<\/title>\n<meta name=\"description\" content=\"Descripci\u00f3nTECLADO MEMBRANATeclado de membranaTeclas flotantes retroiluminadas.104 llaves en total10 millones de llaves de por vida26 teclas anti-ghostingTasa de ultra sondeo: 100HzTama\u00f1o: 46.6 cm x 15.5 cm x 4.2 cmMOUSE 8000 DPIDpi: 200-8000 ajustableVelocidad: 60 IPSTasa de sondeo: 125hz5 millones de clicsCable trenzado de nailon de 1.8mRueda de caucho de siliconaIluminaci\u00f3n RGB de 4 coloresTama\u00f1o: 12.8 cm x 6.8 cm x 4.1 cmMOUSEPAD SPEEDSuperficie Speed alta velocidadBase de goma antideslizanteConstruido para m\u00e1xima precisi\u00f3nTama\u00f1o 29 cm x 25 cm\" \/>\n<meta name=\"robots\" content=\"index, follow, max-snippet:-1, max-image-preview:large, max-video-preview:-1\" \/>\n<link rel=\"canonical\" href=\"https:\/\/mcbogames.com\/index.php\/producto\/combo-gaming-fantech-p31-teclado-mouse-mouse-pad\/\" \/>\n<meta property=\"og:locale\" content=\"es_ES\" \/>\n<meta property=\"og:type\" content=\"article\" \/>\n<meta property=\"og:title\" content=\"Combo Gaming Fantech P31 Teclado + Mouse + Mouse Pad - :: MCBO GAMES TU TIENDA FAVORITA DE TECNOLOG\u00cdA Y VIDEOJUEGOS ::\" \/>\n<meta property=\"og:description\" content=\"Descripci\u00f3nTECLADO MEMBRANATeclado de membranaTeclas flotantes retroiluminadas.104 llaves en total10 millones de llaves de por vida26 teclas anti-ghostingTasa de ultra sondeo: 100HzTama\u00f1o: 46.6 cm x 15.5 cm x 4.2 cmMOUSE 8000 DPIDpi: 200-8000 ajustableVelocidad: 60 IPSTasa de sondeo: 125hz5 millones de clicsCable trenzado de nailon de 1.8mRueda de caucho de siliconaIluminaci\u00f3n RGB de 4 coloresTama\u00f1o: 12.8 cm x 6.8 cm x 4.1 cmMOUSEPAD SPEEDSuperficie Speed alta velocidadBase de goma antideslizanteConstruido para m\u00e1xima precisi\u00f3nTama\u00f1o 29 cm x 25 cm\" \/>\n<meta property=\"og:url\" content=\"https:\/\/mcbogames.com\/index.php\/producto\/combo-gaming-fantech-p31-teclado-mouse-mouse-pad\/\" \/>\n<meta property=\"og:site_name\" content=\":: MCBO GAMES TU TIENDA FAVORITA DE TECNOLOG\u00cdA Y VIDEOJUEGOS ::\" \/>\n<meta property=\"article:modified_time\" content=\"2022-04-09T23:34:41+00:00\" \/>\n<meta property=\"og:image\" content=\"https:\/\/mcbogames.com\/wp-content\/uploads\/2022\/03\/TecladoP31-2.jpeg\" \/>\n\t<meta property=\"og:image:width\" content=\"1000\" \/>\n\t<meta property=\"og:image:height\" content=\"1000\" \/>\n\t<meta property=\"og:image:type\" content=\"image\/jpeg\" \/>\n<meta name=\"twitter:card\" content=\"summary_large_image\" \/>\n<meta name=\"twitter:label1\" content=\"Tiempo de lectura\" \/>\n\t<meta name=\"twitter:data1\" content=\"1 minuto\" \/>\n<script type=\"application\/ld+json\" class=\"yoast-schema-graph\">{\"@context\":\"https:\\\/\\\/schema.org\",\"@graph\":[{\"@type\":\"WebPage\",\"@id\":\"https:\\\/\\\/mcbogames.com\\\/index.php\\\/producto\\\/combo-gaming-fantech-p31-teclado-mouse-mouse-pad\\\/\",\"url\":\"https:\\\/\\\/mcbogames.com\\\/index.php\\\/producto\\\/combo-gaming-fantech-p31-teclado-mouse-mouse-pad\\\/\",\"name\":\"Combo Gaming Fantech P31 Teclado + Mouse + Mouse Pad - :: MCBO GAMES TU TIENDA FAVORITA DE TECNOLOG\u00cdA Y VIDEOJUEGOS ::\",\"isPartOf\":{\"@id\":\"https:\\\/\\\/mcbogames.com\\\/#website\"},\"primaryImageOfPage\":{\"@id\":\"https:\\\/\\\/mcbogames.com\\\/index.php\\\/producto\\\/combo-gaming-fantech-p31-teclado-mouse-mouse-pad\\\/#primaryimage\"},\"image\":{\"@id\":\"https:\\\/\\\/mcbogames.com\\\/index.php\\\/producto\\\/combo-gaming-fantech-p31-teclado-mouse-mouse-pad\\\/#primaryimage\"},\"thumbnailUrl\":\"https:\\\/\\\/mcbogames.com\\\/wp-content\\\/uploads\\\/2022\\\/03\\\/TecladoP31-2.jpeg\",\"datePublished\":\"2022-03-15T23:09:00+00:00\",\"dateModified\":\"2022-04-09T23:34:41+00:00\",\"description\":\"Descripci\u00f3nTECLADO MEMBRANATeclado de membranaTeclas flotantes retroiluminadas.104 llaves en total10 millones de llaves de por vida26 teclas anti-ghostingTasa de ultra sondeo: 100HzTama\u00f1o: 46.6 cm x 15.5 cm x 4.2 cmMOUSE 8000 DPIDpi: 200-8000 ajustableVelocidad: 60 IPSTasa de sondeo: 125hz5 millones de clicsCable trenzado de nailon de 1.8mRueda de caucho de siliconaIluminaci\u00f3n RGB de 4 coloresTama\u00f1o: 12.8 cm x 6.8 cm x 4.1 cmMOUSEPAD SPEEDSuperficie Speed alta velocidadBase de goma antideslizanteConstruido para m\u00e1xima precisi\u00f3nTama\u00f1o 29 cm x 25 cm\",\"breadcrumb\":{\"@id\":\"https:\\\/\\\/mcbogames.com\\\/index.php\\\/producto\\\/combo-gaming-fantech-p31-teclado-mouse-mouse-pad\\\/#breadcrumb\"},\"inLanguage\":\"es\",\"potentialAction\":[{\"@type\":\"ReadAction\",\"target\":[\"https:\\\/\\\/mcbogames.com\\\/index.php\\\/producto\\\/combo-gaming-fantech-p31-teclado-mouse-mouse-pad\\\/\"]}]},{\"@type\":\"ImageObject\",\"inLanguage\":\"es\",\"@id\":\"https:\\\/\\\/mcbogames.com\\\/index.php\\\/producto\\\/combo-gaming-fantech-p31-teclado-mouse-mouse-pad\\\/#primaryimage\",\"url\":\"https:\\\/\\\/mcbogames.com\\\/wp-content\\\/uploads\\\/2022\\\/03\\\/TecladoP31-2.jpeg\",\"contentUrl\":\"https:\\\/\\\/mcbogames.com\\\/wp-content\\\/uploads\\\/2022\\\/03\\\/TecladoP31-2.jpeg\",\"width\":1000,\"height\":1000},{\"@type\":\"BreadcrumbList\",\"@id\":\"https:\\\/\\\/mcbogames.com\\\/index.php\\\/producto\\\/combo-gaming-fantech-p31-teclado-mouse-mouse-pad\\\/#breadcrumb\",\"itemListElement\":[{\"@type\":\"ListItem\",\"position\":1,\"name\":\"Portada\",\"item\":\"https:\\\/\\\/mcbogames.com\\\/\"},{\"@type\":\"ListItem\",\"position\":2,\"name\":\"Shop\",\"item\":\"https:\\\/\\\/mcbogames.com\\\/index.php\\\/shop\\\/\"},{\"@type\":\"ListItem\",\"position\":3,\"name\":\"Combo Gaming Fantech P31 Teclado + Mouse + Mouse Pad\"}]},{\"@type\":\"WebSite\",\"@id\":\"https:\\\/\\\/mcbogames.com\\\/#website\",\"url\":\"https:\\\/\\\/mcbogames.com\\\/\",\"name\":\":: MCBO GAMES TU TIENDA FAVORITA DE TECNOLOG\u00cdA Y VIDEOJUEGOS ::\",\"description\":\"TIENDA ONLINE\",\"publisher\":{\"@id\":\"https:\\\/\\\/mcbogames.com\\\/#organization\"},\"potentialAction\":[{\"@type\":\"SearchAction\",\"target\":{\"@type\":\"EntryPoint\",\"urlTemplate\":\"https:\\\/\\\/mcbogames.com\\\/?s={search_term_string}\"},\"query-input\":{\"@type\":\"PropertyValueSpecification\",\"valueRequired\":true,\"valueName\":\"search_term_string\"}}],\"inLanguage\":\"es\"},{\"@type\":\"Organization\",\"@id\":\"https:\\\/\\\/mcbogames.com\\\/#organization\",\"name\":\"MCBO GAMES\",\"url\":\"https:\\\/\\\/mcbogames.com\\\/\",\"logo\":{\"@type\":\"ImageObject\",\"inLanguage\":\"es\",\"@id\":\"https:\\\/\\\/mcbogames.com\\\/#\\\/schema\\\/logo\\\/image\\\/\",\"url\":\"https:\\\/\\\/mcbogames.com\\\/wp-content\\\/uploads\\\/2021\\\/12\\\/logo_web.png\",\"contentUrl\":\"https:\\\/\\\/mcbogames.com\\\/wp-content\\\/uploads\\\/2021\\\/12\\\/logo_web.png\",\"width\":247,\"height\":223,\"caption\":\"MCBO GAMES\"},\"image\":{\"@id\":\"https:\\\/\\\/mcbogames.com\\\/#\\\/schema\\\/logo\\\/image\\\/\"}}]}<\/script>\n<!-- \/ Yoast SEO plugin. -->","yoast_head_json":{"title":"Combo Gaming Fantech P31 Teclado + Mouse + Mouse Pad - :: MCBO GAMES TU TIENDA FAVORITA DE TECNOLOG\u00cdA Y VIDEOJUEGOS ::","description":"Descripci\u00f3nTECLADO MEMBRANATeclado de membranaTeclas flotantes retroiluminadas.104 llaves en total10 millones de llaves de por vida26 teclas anti-ghostingTasa de ultra sondeo: 100HzTama\u00f1o: 46.6 cm x 15.5 cm x 4.2 cmMOUSE 8000 DPIDpi: 200-8000 ajustableVelocidad: 60 IPSTasa de sondeo: 125hz5 millones de clicsCable trenzado de nailon de 1.8mRueda de caucho de siliconaIluminaci\u00f3n RGB de 4 coloresTama\u00f1o: 12.8 cm x 6.8 cm x 4.1 cmMOUSEPAD SPEEDSuperficie Speed alta velocidadBase de goma antideslizanteConstruido para m\u00e1xima precisi\u00f3nTama\u00f1o 29 cm x 25 cm","robots":{"index":"index","follow":"follow","max-snippet":"max-snippet:-1","max-image-preview":"max-image-preview:large","max-video-preview":"max-video-preview:-1"},"canonical":"https:\/\/mcbogames.com\/index.php\/producto\/combo-gaming-fantech-p31-teclado-mouse-mouse-pad\/","og_locale":"es_ES","og_type":"article","og_title":"Combo Gaming Fantech P31 Teclado + Mouse + Mouse Pad - :: MCBO GAMES TU TIENDA FAVORITA DE TECNOLOG\u00cdA Y VIDEOJUEGOS ::","og_description":"Descripci\u00f3nTECLADO MEMBRANATeclado de membranaTeclas flotantes retroiluminadas.104 llaves en total10 millones de llaves de por vida26 teclas anti-ghostingTasa de ultra sondeo: 100HzTama\u00f1o: 46.6 cm x 15.5 cm x 4.2 cmMOUSE 8000 DPIDpi: 200-8000 ajustableVelocidad: 60 IPSTasa de sondeo: 125hz5 millones de clicsCable trenzado de nailon de 1.8mRueda de caucho de siliconaIluminaci\u00f3n RGB de 4 coloresTama\u00f1o: 12.8 cm x 6.8 cm x 4.1 cmMOUSEPAD SPEEDSuperficie Speed alta velocidadBase de goma antideslizanteConstruido para m\u00e1xima precisi\u00f3nTama\u00f1o 29 cm x 25 cm","og_url":"https:\/\/mcbogames.com\/index.php\/producto\/combo-gaming-fantech-p31-teclado-mouse-mouse-pad\/","og_site_name":":: MCBO GAMES TU TIENDA FAVORITA DE TECNOLOG\u00cdA Y VIDEOJUEGOS ::","article_modified_time":"2022-04-09T23:34:41+00:00","og_image":[{"width":1000,"height":1000,"url":"https:\/\/mcbogames.com\/wp-content\/uploads\/2022\/03\/TecladoP31-2.jpeg","type":"image\/jpeg"}],"twitter_card":"summary_large_image","twitter_misc":{"Tiempo de lectura":"1 minuto"},"schema":{"@context":"https:\/\/schema.org","@graph":[{"@type":"WebPage","@id":"https:\/\/mcbogames.com\/index.php\/producto\/combo-gaming-fantech-p31-teclado-mouse-mouse-pad\/","url":"https:\/\/mcbogames.com\/index.php\/producto\/combo-gaming-fantech-p31-teclado-mouse-mouse-pad\/","name":"Combo Gaming Fantech P31 Teclado + Mouse + Mouse Pad - :: MCBO GAMES TU TIENDA FAVORITA DE TECNOLOG\u00cdA Y VIDEOJUEGOS ::","isPartOf":{"@id":"https:\/\/mcbogames.com\/#website"},"primaryImageOfPage":{"@id":"https:\/\/mcbogames.com\/index.php\/producto\/combo-gaming-fantech-p31-teclado-mouse-mouse-pad\/#primaryimage"},"image":{"@id":"https:\/\/mcbogames.com\/index.php\/producto\/combo-gaming-fantech-p31-teclado-mouse-mouse-pad\/#primaryimage"},"thumbnailUrl":"https:\/\/mcbogames.com\/wp-content\/uploads\/2022\/03\/TecladoP31-2.jpeg","datePublished":"2022-03-15T23:09:00+00:00","dateModified":"2022-04-09T23:34:41+00:00","description":"Descripci\u00f3nTECLADO MEMBRANATeclado de membranaTeclas flotantes retroiluminadas.104 llaves en total10 millones de llaves de por vida26 teclas anti-ghostingTasa de ultra sondeo: 100HzTama\u00f1o: 46.6 cm x 15.5 cm x 4.2 cmMOUSE 8000 DPIDpi: 200-8000 ajustableVelocidad: 60 IPSTasa de sondeo: 125hz5 millones de clicsCable trenzado de nailon de 1.8mRueda de caucho de siliconaIluminaci\u00f3n RGB de 4 coloresTama\u00f1o: 12.8 cm x 6.8 cm x 4.1 cmMOUSEPAD SPEEDSuperficie Speed alta velocidadBase de goma antideslizanteConstruido para m\u00e1xima precisi\u00f3nTama\u00f1o 29 cm x 25 cm","breadcrumb":{"@id":"https:\/\/mcbogames.com\/index.php\/producto\/combo-gaming-fantech-p31-teclado-mouse-mouse-pad\/#breadcrumb"},"inLanguage":"es","potentialAction":[{"@type":"ReadAction","target":["https:\/\/mcbogames.com\/index.php\/producto\/combo-gaming-fantech-p31-teclado-mouse-mouse-pad\/"]}]},{"@type":"ImageObject","inLanguage":"es","@id":"https:\/\/mcbogames.com\/index.php\/producto\/combo-gaming-fantech-p31-teclado-mouse-mouse-pad\/#primaryimage","url":"https:\/\/mcbogames.com\/wp-content\/uploads\/2022\/03\/TecladoP31-2.jpeg","contentUrl":"https:\/\/mcbogames.com\/wp-content\/uploads\/2022\/03\/TecladoP31-2.jpeg","width":1000,"height":1000},{"@type":"BreadcrumbList","@id":"https:\/\/mcbogames.com\/index.php\/producto\/combo-gaming-fantech-p31-teclado-mouse-mouse-pad\/#breadcrumb","itemListElement":[{"@type":"ListItem","position":1,"name":"Portada","item":"https:\/\/mcbogames.com\/"},{"@type":"ListItem","position":2,"name":"Shop","item":"https:\/\/mcbogames.com\/index.php\/shop\/"},{"@type":"ListItem","position":3,"name":"Combo Gaming Fantech P31 Teclado + Mouse + Mouse Pad"}]},{"@type":"WebSite","@id":"https:\/\/mcbogames.com\/#website","url":"https:\/\/mcbogames.com\/","name":":: MCBO GAMES TU TIENDA FAVORITA DE TECNOLOG\u00cdA Y VIDEOJUEGOS ::","description":"TIENDA ONLINE","publisher":{"@id":"https:\/\/mcbogames.com\/#organization"},"potentialAction":[{"@type":"SearchAction","target":{"@type":"EntryPoint","urlTemplate":"https:\/\/mcbogames.com\/?s={search_term_string}"},"query-input":{"@type":"PropertyValueSpecification","valueRequired":true,"valueName":"search_term_string"}}],"inLanguage":"es"},{"@type":"Organization","@id":"https:\/\/mcbogames.com\/#organization","name":"MCBO GAMES","url":"https:\/\/mcbogames.com\/","logo":{"@type":"ImageObject","inLanguage":"es","@id":"https:\/\/mcbogames.com\/#\/schema\/logo\/image\/","url":"https:\/\/mcbogames.com\/wp-content\/uploads\/2021\/12\/logo_web.png","contentUrl":"https:\/\/mcbogames.com\/wp-content\/uploads\/2021\/12\/logo_web.png","width":247,"height":223,"caption":"MCBO GAMES"},"image":{"@id":"https:\/\/mcbogames.com\/#\/schema\/logo\/image\/"}}]}},"_links":{"self":[{"href":"https:\/\/mcbogames.com\/index.php\/wp-json\/wp\/v2\/product\/6494","targetHints":{"allow":["GET"]}}],"collection":[{"href":"https:\/\/mcbogames.com\/index.php\/wp-json\/wp\/v2\/product"}],"about":[{"href":"https:\/\/mcbogames.com\/index.php\/wp-json\/wp\/v2\/types\/product"}],"wp:featuredmedia":[{"embeddable":true,"href":"https:\/\/mcbogames.com\/index.php\/wp-json\/wp\/v2\/media\/6496"}],"wp:attachment":[{"href":"https:\/\/mcbogames.com\/index.php\/wp-json\/wp\/v2\/media?parent=6494"}],"wp:term":[{"taxonomy":"product_brand","embeddable":true,"href":"https:\/\/mcbogames.com\/index.php\/wp-json\/wp\/v2\/product_brand?post=6494"},{"taxonomy":"product_cat","embeddable":true,"href":"https:\/\/mcbogames.com\/index.php\/wp-json\/wp\/v2\/product_cat?post=6494"},{"taxonomy":"product_tag","embeddable":true,"href":"https:\/\/mcbogames.com\/index.php\/wp-json\/wp\/v2\/product_tag?post=6494"}],"curies":[{"name":"wp","href":"https:\/\/api.w.org\/{rel}","templated":true}]}}