{"id":6466,"date":"2022-03-15T06:26:21","date_gmt":"2022-03-15T06:26:21","guid":{"rendered":"https:\/\/mcbogames.com\/?post_type=product&#038;p=6466"},"modified":"2022-03-15T06:31:28","modified_gmt":"2022-03-15T06:31:28","slug":"playskool-heroes-super-hero-adventures-armadura-de-comando-espacial","status":"publish","type":"product","link":"https:\/\/mcbogames.com\/index.php\/producto\/playskool-heroes-super-hero-adventures-armadura-de-comando-espacial\/","title":{"rendered":"Playskool Heroes Super Hero Adventures &#8211; Armadura de Comando Espacial"},"content":{"rendered":"<ul class=\"a-unordered-list a-vertical a-spacing-mini\">\n<li><span class=\"a-list-item\">La figura del Capit\u00e1n Am\u00e9rica cabe dentro del compartimento de la armadura del astro.<\/span><\/li>\n<li><span class=\"a-list-item\">Garra abierta para agarrar la figura de Thanos.<\/span><\/li>\n<li><span class=\"a-list-item\">Figuras de Capit\u00e1n Am\u00e9rica y Thanos de Marvel<\/span><\/li>\n<li><span class=\"a-list-item\">Incluye armadura de comando espacial, figura del Capit\u00e1n Am\u00e9rica y figura de Thanos<\/span><\/li>\n<\/ul>\n","protected":false},"excerpt":{"rendered":"<p>La figura del Capit\u00e1n Am\u00e9rica cabe dentro del compartimento de la armadura del astro. Garra abierta para agarrar la figura de Thanos. Figuras de Capit\u00e1n Am\u00e9rica y Thanos de Marvel Incluye armadura de comando espacial, figura del Capit\u00e1n Am\u00e9rica y figura de Thanos<\/p>\n","protected":false},"featured_media":6468,"template":"","meta":[],"product_brand":[],"product_cat":[234],"product_tag":[254,253,248,252],"class_list":{"0":"post-6466","1":"product","2":"type-product","3":"status-publish","4":"has-post-thumbnail","6":"product_cat-juguetes","7":"product_tag-avengers","8":"product_tag-capitan","9":"product_tag-figura","10":"product_tag-juguete","11":"yith_product_brand-marvel","14":"instock","15":"shipping-taxable","16":"purchasable","17":"product-type-simple"},"bundled_by":[],"bundle_stock_status":"instock","bundle_stock_quantity":1,"bundle_virtual":false,"bundle_layout":"","bundle_add_to_cart_form_location":"","bundle_editable_in_cart":false,"bundle_sold_individually_context":"","bundle_item_grouping":"","bundle_min_size":"","bundle_max_size":"","bundled_items":[],"bundle_sell_ids":[],"yoast_head":"<!-- This site is optimized with the Yoast SEO plugin v26.8 - https:\/\/yoast.com\/product\/yoast-seo-wordpress\/ -->\n<title>Playskool Heroes Super Hero Adventures - Armadura de Comando Espacial - :: MCBO GAMES TU TIENDA FAVORITA DE TECNOLOG\u00cdA Y VIDEOJUEGOS ::<\/title>\n<meta name=\"description\" content=\"La figura del Capit\u00e1n Am\u00e9rica cabe dentro del compartimento de la armadura del astro.Garra abierta para agarrar la figura de Thanos.Figuras de Capit\u00e1n Am\u00e9rica y Thanos de MarvelIncluye armadura de comando espacial, figura del Capit\u00e1n Am\u00e9rica y figura de Thanos\" \/>\n<meta name=\"robots\" content=\"index, follow, max-snippet:-1, max-image-preview:large, max-video-preview:-1\" \/>\n<link rel=\"canonical\" href=\"https:\/\/mcbogames.com\/index.php\/producto\/playskool-heroes-super-hero-adventures-armadura-de-comando-espacial\/\" \/>\n<meta property=\"og:locale\" content=\"es_ES\" \/>\n<meta property=\"og:type\" content=\"article\" \/>\n<meta property=\"og:title\" content=\"Playskool Heroes Super Hero Adventures - Armadura de Comando Espacial - :: MCBO GAMES TU TIENDA FAVORITA DE TECNOLOG\u00cdA Y VIDEOJUEGOS ::\" \/>\n<meta property=\"og:description\" content=\"La figura del Capit\u00e1n Am\u00e9rica cabe dentro del compartimento de la armadura del astro.Garra abierta para agarrar la figura de Thanos.Figuras de Capit\u00e1n Am\u00e9rica y Thanos de MarvelIncluye armadura de comando espacial, figura del Capit\u00e1n Am\u00e9rica y figura de Thanos\" \/>\n<meta property=\"og:url\" content=\"https:\/\/mcbogames.com\/index.php\/producto\/playskool-heroes-super-hero-adventures-armadura-de-comando-espacial\/\" \/>\n<meta property=\"og:site_name\" content=\":: MCBO GAMES TU TIENDA FAVORITA DE TECNOLOG\u00cdA Y VIDEOJUEGOS ::\" \/>\n<meta property=\"article:modified_time\" content=\"2022-03-15T06:31:28+00:00\" \/>\n<meta property=\"og:image\" content=\"https:\/\/mcbogames.com\/wp-content\/uploads\/2022\/03\/capitan-y-thanos.jpeg\" \/>\n\t<meta property=\"og:image:width\" content=\"500\" \/>\n\t<meta property=\"og:image:height\" content=\"500\" \/>\n\t<meta property=\"og:image:type\" content=\"image\/jpeg\" \/>\n<meta name=\"twitter:card\" content=\"summary_large_image\" \/>\n<meta name=\"twitter:label1\" content=\"Tiempo de lectura\" \/>\n\t<meta name=\"twitter:data1\" content=\"1 minuto\" \/>\n<script type=\"application\/ld+json\" class=\"yoast-schema-graph\">{\"@context\":\"https:\/\/schema.org\",\"@graph\":[{\"@type\":\"WebPage\",\"@id\":\"https:\/\/mcbogames.com\/index.php\/producto\/playskool-heroes-super-hero-adventures-armadura-de-comando-espacial\/\",\"url\":\"https:\/\/mcbogames.com\/index.php\/producto\/playskool-heroes-super-hero-adventures-armadura-de-comando-espacial\/\",\"name\":\"Playskool Heroes Super Hero Adventures - Armadura de Comando Espacial - :: MCBO GAMES TU TIENDA FAVORITA DE TECNOLOG\u00cdA Y VIDEOJUEGOS ::\",\"isPartOf\":{\"@id\":\"https:\/\/mcbogames.com\/#website\"},\"primaryImageOfPage\":{\"@id\":\"https:\/\/mcbogames.com\/index.php\/producto\/playskool-heroes-super-hero-adventures-armadura-de-comando-espacial\/#primaryimage\"},\"image\":{\"@id\":\"https:\/\/mcbogames.com\/index.php\/producto\/playskool-heroes-super-hero-adventures-armadura-de-comando-espacial\/#primaryimage\"},\"thumbnailUrl\":\"https:\/\/mcbogames.com\/wp-content\/uploads\/2022\/03\/capitan-y-thanos.jpeg\",\"datePublished\":\"2022-03-15T06:26:21+00:00\",\"dateModified\":\"2022-03-15T06:31:28+00:00\",\"description\":\"La figura del Capit\u00e1n Am\u00e9rica cabe dentro del compartimento de la armadura del astro.Garra abierta para agarrar la figura de Thanos.Figuras de Capit\u00e1n Am\u00e9rica y Thanos de MarvelIncluye armadura de comando espacial, figura del Capit\u00e1n Am\u00e9rica y figura de Thanos\",\"breadcrumb\":{\"@id\":\"https:\/\/mcbogames.com\/index.php\/producto\/playskool-heroes-super-hero-adventures-armadura-de-comando-espacial\/#breadcrumb\"},\"inLanguage\":\"es\",\"potentialAction\":[{\"@type\":\"ReadAction\",\"target\":[\"https:\/\/mcbogames.com\/index.php\/producto\/playskool-heroes-super-hero-adventures-armadura-de-comando-espacial\/\"]}]},{\"@type\":\"ImageObject\",\"inLanguage\":\"es\",\"@id\":\"https:\/\/mcbogames.com\/index.php\/producto\/playskool-heroes-super-hero-adventures-armadura-de-comando-espacial\/#primaryimage\",\"url\":\"https:\/\/mcbogames.com\/wp-content\/uploads\/2022\/03\/capitan-y-thanos.jpeg\",\"contentUrl\":\"https:\/\/mcbogames.com\/wp-content\/uploads\/2022\/03\/capitan-y-thanos.jpeg\",\"width\":500,\"height\":500},{\"@type\":\"BreadcrumbList\",\"@id\":\"https:\/\/mcbogames.com\/index.php\/producto\/playskool-heroes-super-hero-adventures-armadura-de-comando-espacial\/#breadcrumb\",\"itemListElement\":[{\"@type\":\"ListItem\",\"position\":1,\"name\":\"Portada\",\"item\":\"https:\/\/mcbogames.com\/\"},{\"@type\":\"ListItem\",\"position\":2,\"name\":\"Shop\",\"item\":\"https:\/\/mcbogames.com\/index.php\/shop\/\"},{\"@type\":\"ListItem\",\"position\":3,\"name\":\"Playskool Heroes Super Hero Adventures &#8211; Armadura de Comando Espacial\"}]},{\"@type\":\"WebSite\",\"@id\":\"https:\/\/mcbogames.com\/#website\",\"url\":\"https:\/\/mcbogames.com\/\",\"name\":\":: MCBO GAMES TU TIENDA FAVORITA DE TECNOLOG\u00cdA Y VIDEOJUEGOS ::\",\"description\":\"TIENDA ONLINE\",\"publisher\":{\"@id\":\"https:\/\/mcbogames.com\/#organization\"},\"potentialAction\":[{\"@type\":\"SearchAction\",\"target\":{\"@type\":\"EntryPoint\",\"urlTemplate\":\"https:\/\/mcbogames.com\/?s={search_term_string}\"},\"query-input\":{\"@type\":\"PropertyValueSpecification\",\"valueRequired\":true,\"valueName\":\"search_term_string\"}}],\"inLanguage\":\"es\"},{\"@type\":\"Organization\",\"@id\":\"https:\/\/mcbogames.com\/#organization\",\"name\":\"MCBO GAMES\",\"url\":\"https:\/\/mcbogames.com\/\",\"logo\":{\"@type\":\"ImageObject\",\"inLanguage\":\"es\",\"@id\":\"https:\/\/mcbogames.com\/#\/schema\/logo\/image\/\",\"url\":\"https:\/\/mcbogames.com\/wp-content\/uploads\/2021\/12\/logo_web.png\",\"contentUrl\":\"https:\/\/mcbogames.com\/wp-content\/uploads\/2021\/12\/logo_web.png\",\"width\":247,\"height\":223,\"caption\":\"MCBO GAMES\"},\"image\":{\"@id\":\"https:\/\/mcbogames.com\/#\/schema\/logo\/image\/\"}}]}<\/script>\n<!-- \/ Yoast SEO plugin. -->","yoast_head_json":{"title":"Playskool Heroes Super Hero Adventures - Armadura de Comando Espacial - :: MCBO GAMES TU TIENDA FAVORITA DE TECNOLOG\u00cdA Y VIDEOJUEGOS ::","description":"La figura del Capit\u00e1n Am\u00e9rica cabe dentro del compartimento de la armadura del astro.Garra abierta para agarrar la figura de Thanos.Figuras de Capit\u00e1n Am\u00e9rica y Thanos de MarvelIncluye armadura de comando espacial, figura del Capit\u00e1n Am\u00e9rica y figura de Thanos","robots":{"index":"index","follow":"follow","max-snippet":"max-snippet:-1","max-image-preview":"max-image-preview:large","max-video-preview":"max-video-preview:-1"},"canonical":"https:\/\/mcbogames.com\/index.php\/producto\/playskool-heroes-super-hero-adventures-armadura-de-comando-espacial\/","og_locale":"es_ES","og_type":"article","og_title":"Playskool Heroes Super Hero Adventures - Armadura de Comando Espacial - :: MCBO GAMES TU TIENDA FAVORITA DE TECNOLOG\u00cdA Y VIDEOJUEGOS ::","og_description":"La figura del Capit\u00e1n Am\u00e9rica cabe dentro del compartimento de la armadura del astro.Garra abierta para agarrar la figura de Thanos.Figuras de Capit\u00e1n Am\u00e9rica y Thanos de MarvelIncluye armadura de comando espacial, figura del Capit\u00e1n Am\u00e9rica y figura de Thanos","og_url":"https:\/\/mcbogames.com\/index.php\/producto\/playskool-heroes-super-hero-adventures-armadura-de-comando-espacial\/","og_site_name":":: MCBO GAMES TU TIENDA FAVORITA DE TECNOLOG\u00cdA Y VIDEOJUEGOS ::","article_modified_time":"2022-03-15T06:31:28+00:00","og_image":[{"width":500,"height":500,"url":"https:\/\/mcbogames.com\/wp-content\/uploads\/2022\/03\/capitan-y-thanos.jpeg","type":"image\/jpeg"}],"twitter_card":"summary_large_image","twitter_misc":{"Tiempo de lectura":"1 minuto"},"schema":{"@context":"https:\/\/schema.org","@graph":[{"@type":"WebPage","@id":"https:\/\/mcbogames.com\/index.php\/producto\/playskool-heroes-super-hero-adventures-armadura-de-comando-espacial\/","url":"https:\/\/mcbogames.com\/index.php\/producto\/playskool-heroes-super-hero-adventures-armadura-de-comando-espacial\/","name":"Playskool Heroes Super Hero Adventures - Armadura de Comando Espacial - :: MCBO GAMES TU TIENDA FAVORITA DE TECNOLOG\u00cdA Y VIDEOJUEGOS ::","isPartOf":{"@id":"https:\/\/mcbogames.com\/#website"},"primaryImageOfPage":{"@id":"https:\/\/mcbogames.com\/index.php\/producto\/playskool-heroes-super-hero-adventures-armadura-de-comando-espacial\/#primaryimage"},"image":{"@id":"https:\/\/mcbogames.com\/index.php\/producto\/playskool-heroes-super-hero-adventures-armadura-de-comando-espacial\/#primaryimage"},"thumbnailUrl":"https:\/\/mcbogames.com\/wp-content\/uploads\/2022\/03\/capitan-y-thanos.jpeg","datePublished":"2022-03-15T06:26:21+00:00","dateModified":"2022-03-15T06:31:28+00:00","description":"La figura del Capit\u00e1n Am\u00e9rica cabe dentro del compartimento de la armadura del astro.Garra abierta para agarrar la figura de Thanos.Figuras de Capit\u00e1n Am\u00e9rica y Thanos de MarvelIncluye armadura de comando espacial, figura del Capit\u00e1n Am\u00e9rica y figura de Thanos","breadcrumb":{"@id":"https:\/\/mcbogames.com\/index.php\/producto\/playskool-heroes-super-hero-adventures-armadura-de-comando-espacial\/#breadcrumb"},"inLanguage":"es","potentialAction":[{"@type":"ReadAction","target":["https:\/\/mcbogames.com\/index.php\/producto\/playskool-heroes-super-hero-adventures-armadura-de-comando-espacial\/"]}]},{"@type":"ImageObject","inLanguage":"es","@id":"https:\/\/mcbogames.com\/index.php\/producto\/playskool-heroes-super-hero-adventures-armadura-de-comando-espacial\/#primaryimage","url":"https:\/\/mcbogames.com\/wp-content\/uploads\/2022\/03\/capitan-y-thanos.jpeg","contentUrl":"https:\/\/mcbogames.com\/wp-content\/uploads\/2022\/03\/capitan-y-thanos.jpeg","width":500,"height":500},{"@type":"BreadcrumbList","@id":"https:\/\/mcbogames.com\/index.php\/producto\/playskool-heroes-super-hero-adventures-armadura-de-comando-espacial\/#breadcrumb","itemListElement":[{"@type":"ListItem","position":1,"name":"Portada","item":"https:\/\/mcbogames.com\/"},{"@type":"ListItem","position":2,"name":"Shop","item":"https:\/\/mcbogames.com\/index.php\/shop\/"},{"@type":"ListItem","position":3,"name":"Playskool Heroes Super Hero Adventures &#8211; Armadura de Comando Espacial"}]},{"@type":"WebSite","@id":"https:\/\/mcbogames.com\/#website","url":"https:\/\/mcbogames.com\/","name":":: MCBO GAMES TU TIENDA FAVORITA DE TECNOLOG\u00cdA Y VIDEOJUEGOS ::","description":"TIENDA ONLINE","publisher":{"@id":"https:\/\/mcbogames.com\/#organization"},"potentialAction":[{"@type":"SearchAction","target":{"@type":"EntryPoint","urlTemplate":"https:\/\/mcbogames.com\/?s={search_term_string}"},"query-input":{"@type":"PropertyValueSpecification","valueRequired":true,"valueName":"search_term_string"}}],"inLanguage":"es"},{"@type":"Organization","@id":"https:\/\/mcbogames.com\/#organization","name":"MCBO GAMES","url":"https:\/\/mcbogames.com\/","logo":{"@type":"ImageObject","inLanguage":"es","@id":"https:\/\/mcbogames.com\/#\/schema\/logo\/image\/","url":"https:\/\/mcbogames.com\/wp-content\/uploads\/2021\/12\/logo_web.png","contentUrl":"https:\/\/mcbogames.com\/wp-content\/uploads\/2021\/12\/logo_web.png","width":247,"height":223,"caption":"MCBO GAMES"},"image":{"@id":"https:\/\/mcbogames.com\/#\/schema\/logo\/image\/"}}]}},"_links":{"self":[{"href":"https:\/\/mcbogames.com\/index.php\/wp-json\/wp\/v2\/product\/6466","targetHints":{"allow":["GET"]}}],"collection":[{"href":"https:\/\/mcbogames.com\/index.php\/wp-json\/wp\/v2\/product"}],"about":[{"href":"https:\/\/mcbogames.com\/index.php\/wp-json\/wp\/v2\/types\/product"}],"wp:featuredmedia":[{"embeddable":true,"href":"https:\/\/mcbogames.com\/index.php\/wp-json\/wp\/v2\/media\/6468"}],"wp:attachment":[{"href":"https:\/\/mcbogames.com\/index.php\/wp-json\/wp\/v2\/media?parent=6466"}],"wp:term":[{"taxonomy":"product_brand","embeddable":true,"href":"https:\/\/mcbogames.com\/index.php\/wp-json\/wp\/v2\/product_brand?post=6466"},{"taxonomy":"product_cat","embeddable":true,"href":"https:\/\/mcbogames.com\/index.php\/wp-json\/wp\/v2\/product_cat?post=6466"},{"taxonomy":"product_tag","embeddable":true,"href":"https:\/\/mcbogames.com\/index.php\/wp-json\/wp\/v2\/product_tag?post=6466"}],"curies":[{"name":"wp","href":"https:\/\/api.w.org\/{rel}","templated":true}]}}