{"id":6462,"date":"2022-03-15T06:05:44","date_gmt":"2022-03-15T06:05:44","guid":{"rendered":"https:\/\/mcbogames.com\/?post_type=product&#038;p=6462"},"modified":"2022-04-12T21:46:30","modified_gmt":"2022-04-12T21:46:30","slug":"figura-marvel-avengers-age-of-ultron-titan-hero-iron-man","status":"publish","type":"product","link":"https:\/\/mcbogames.com\/index.php\/producto\/figura-marvel-avengers-age-of-ultron-titan-hero-iron-man\/","title":{"rendered":"Figura Marvel Avengers Age of Ultron Titan Hero: Iron Man"},"content":{"rendered":"<ul class=\"a-unordered-list a-vertical a-spacing-mini\">\n<li><span class=\"a-list-item\">Frases y efectos de sonido de Super Hero<\/span><\/li>\n<li><span class=\"a-list-item\">Figura basada en la pel\u00edcula Avengers: Age of Ultron<\/span><\/li>\n<li><span class=\"a-list-item\">Figura de acci\u00f3n de 12 pulgadas con articulaci\u00f3n de 5 puntos<\/span><\/li>\n<li><span class=\"a-list-item\">Funciona con Hulk Buster interactivo (se vende por separado)<\/span><\/li>\n<li><span class=\"a-list-item\">Funciona con 2 pilas AA, pilas de demostraci\u00f3n incluidas<\/span><\/li>\n<\/ul>\n","protected":false},"excerpt":{"rendered":"<p>Frases y efectos de sonido de Super Hero Figura basada en la pel\u00edcula Avengers: Age of Ultron Figura de acci\u00f3n de 12 pulgadas con articulaci\u00f3n de 5 puntos Funciona con Hulk Buster interactivo (se vende por separado) Funciona con 2 pilas AA, pilas de demostraci\u00f3n incluidas<\/p>\n","protected":false},"featured_media":6463,"template":"","meta":[],"product_brand":[],"product_cat":[234],"product_tag":[254,248,257,252],"class_list":{"0":"post-6462","1":"product","2":"type-product","3":"status-publish","4":"has-post-thumbnail","6":"product_cat-juguetes","7":"product_tag-avengers","8":"product_tag-figura","9":"product_tag-ironman","10":"product_tag-juguete","11":"yith_product_brand-marvel","14":"outofstock","15":"shipping-taxable","16":"purchasable","17":"product-type-simple"},"bundled_by":[],"bundle_stock_status":"outofstock","bundle_stock_quantity":0,"bundle_virtual":false,"bundle_layout":"","bundle_add_to_cart_form_location":"","bundle_editable_in_cart":false,"bundle_sold_individually_context":"","bundle_item_grouping":"","bundle_min_size":"","bundle_max_size":"","bundled_items":[],"bundle_sell_ids":[],"yoast_head":"<!-- This site is optimized with the Yoast SEO plugin v26.8 - https:\/\/yoast.com\/product\/yoast-seo-wordpress\/ -->\n<title>Figura Marvel Avengers Age of Ultron Titan Hero: Iron Man - :: MCBO GAMES TU TIENDA FAVORITA DE TECNOLOG\u00cdA Y VIDEOJUEGOS ::<\/title>\n<meta name=\"description\" content=\"Frases y efectos de sonido de Super HeroFigura basada en la pel\u00edcula Avengers: Age of UltronFigura de acci\u00f3n de 12 pulgadas con articulaci\u00f3n de 5 puntosFunciona con Hulk Buster interactivo (se vende por separado)Funciona con 2 pilas AA, pilas de demostraci\u00f3n incluidas\" \/>\n<meta name=\"robots\" content=\"index, follow, max-snippet:-1, max-image-preview:large, max-video-preview:-1\" \/>\n<link rel=\"canonical\" href=\"https:\/\/mcbogames.com\/index.php\/producto\/figura-marvel-avengers-age-of-ultron-titan-hero-iron-man\/\" \/>\n<meta property=\"og:locale\" content=\"es_ES\" \/>\n<meta property=\"og:type\" content=\"article\" \/>\n<meta property=\"og:title\" content=\"Figura Marvel Avengers Age of Ultron Titan Hero: Iron Man - :: MCBO GAMES TU TIENDA FAVORITA DE TECNOLOG\u00cdA Y VIDEOJUEGOS ::\" \/>\n<meta property=\"og:description\" content=\"Frases y efectos de sonido de Super HeroFigura basada en la pel\u00edcula Avengers: Age of UltronFigura de acci\u00f3n de 12 pulgadas con articulaci\u00f3n de 5 puntosFunciona con Hulk Buster interactivo (se vende por separado)Funciona con 2 pilas AA, pilas de demostraci\u00f3n incluidas\" \/>\n<meta property=\"og:url\" content=\"https:\/\/mcbogames.com\/index.php\/producto\/figura-marvel-avengers-age-of-ultron-titan-hero-iron-man\/\" \/>\n<meta property=\"og:site_name\" content=\":: MCBO GAMES TU TIENDA FAVORITA DE TECNOLOG\u00cdA Y VIDEOJUEGOS ::\" \/>\n<meta property=\"article:modified_time\" content=\"2022-04-12T21:46:30+00:00\" \/>\n<meta property=\"og:image\" content=\"https:\/\/mcbogames.com\/wp-content\/uploads\/2022\/03\/ironman-Matias.jpeg\" \/>\n\t<meta property=\"og:image:width\" content=\"600\" \/>\n\t<meta property=\"og:image:height\" content=\"600\" \/>\n\t<meta property=\"og:image:type\" content=\"image\/jpeg\" \/>\n<meta name=\"twitter:card\" content=\"summary_large_image\" \/>\n<meta name=\"twitter:label1\" content=\"Tiempo de lectura\" \/>\n\t<meta name=\"twitter:data1\" content=\"1 minuto\" \/>\n<script type=\"application\/ld+json\" class=\"yoast-schema-graph\">{\"@context\":\"https:\/\/schema.org\",\"@graph\":[{\"@type\":\"WebPage\",\"@id\":\"https:\/\/mcbogames.com\/index.php\/producto\/figura-marvel-avengers-age-of-ultron-titan-hero-iron-man\/\",\"url\":\"https:\/\/mcbogames.com\/index.php\/producto\/figura-marvel-avengers-age-of-ultron-titan-hero-iron-man\/\",\"name\":\"Figura Marvel Avengers Age of Ultron Titan Hero: Iron Man - :: MCBO GAMES TU TIENDA FAVORITA DE TECNOLOG\u00cdA Y VIDEOJUEGOS ::\",\"isPartOf\":{\"@id\":\"https:\/\/mcbogames.com\/#website\"},\"primaryImageOfPage\":{\"@id\":\"https:\/\/mcbogames.com\/index.php\/producto\/figura-marvel-avengers-age-of-ultron-titan-hero-iron-man\/#primaryimage\"},\"image\":{\"@id\":\"https:\/\/mcbogames.com\/index.php\/producto\/figura-marvel-avengers-age-of-ultron-titan-hero-iron-man\/#primaryimage\"},\"thumbnailUrl\":\"https:\/\/mcbogames.com\/wp-content\/uploads\/2022\/03\/ironman-Matias.jpeg\",\"datePublished\":\"2022-03-15T06:05:44+00:00\",\"dateModified\":\"2022-04-12T21:46:30+00:00\",\"description\":\"Frases y efectos de sonido de Super HeroFigura basada en la pel\u00edcula Avengers: Age of UltronFigura de acci\u00f3n de 12 pulgadas con articulaci\u00f3n de 5 puntosFunciona con Hulk Buster interactivo (se vende por separado)Funciona con 2 pilas AA, pilas de demostraci\u00f3n incluidas\",\"breadcrumb\":{\"@id\":\"https:\/\/mcbogames.com\/index.php\/producto\/figura-marvel-avengers-age-of-ultron-titan-hero-iron-man\/#breadcrumb\"},\"inLanguage\":\"es\",\"potentialAction\":[{\"@type\":\"ReadAction\",\"target\":[\"https:\/\/mcbogames.com\/index.php\/producto\/figura-marvel-avengers-age-of-ultron-titan-hero-iron-man\/\"]}]},{\"@type\":\"ImageObject\",\"inLanguage\":\"es\",\"@id\":\"https:\/\/mcbogames.com\/index.php\/producto\/figura-marvel-avengers-age-of-ultron-titan-hero-iron-man\/#primaryimage\",\"url\":\"https:\/\/mcbogames.com\/wp-content\/uploads\/2022\/03\/ironman-Matias.jpeg\",\"contentUrl\":\"https:\/\/mcbogames.com\/wp-content\/uploads\/2022\/03\/ironman-Matias.jpeg\",\"width\":600,\"height\":600},{\"@type\":\"BreadcrumbList\",\"@id\":\"https:\/\/mcbogames.com\/index.php\/producto\/figura-marvel-avengers-age-of-ultron-titan-hero-iron-man\/#breadcrumb\",\"itemListElement\":[{\"@type\":\"ListItem\",\"position\":1,\"name\":\"Portada\",\"item\":\"https:\/\/mcbogames.com\/\"},{\"@type\":\"ListItem\",\"position\":2,\"name\":\"Shop\",\"item\":\"https:\/\/mcbogames.com\/index.php\/shop\/\"},{\"@type\":\"ListItem\",\"position\":3,\"name\":\"Figura Marvel Avengers Age of Ultron Titan Hero: Iron Man\"}]},{\"@type\":\"WebSite\",\"@id\":\"https:\/\/mcbogames.com\/#website\",\"url\":\"https:\/\/mcbogames.com\/\",\"name\":\":: MCBO GAMES TU TIENDA FAVORITA DE TECNOLOG\u00cdA Y VIDEOJUEGOS ::\",\"description\":\"TIENDA ONLINE\",\"publisher\":{\"@id\":\"https:\/\/mcbogames.com\/#organization\"},\"potentialAction\":[{\"@type\":\"SearchAction\",\"target\":{\"@type\":\"EntryPoint\",\"urlTemplate\":\"https:\/\/mcbogames.com\/?s={search_term_string}\"},\"query-input\":{\"@type\":\"PropertyValueSpecification\",\"valueRequired\":true,\"valueName\":\"search_term_string\"}}],\"inLanguage\":\"es\"},{\"@type\":\"Organization\",\"@id\":\"https:\/\/mcbogames.com\/#organization\",\"name\":\"MCBO GAMES\",\"url\":\"https:\/\/mcbogames.com\/\",\"logo\":{\"@type\":\"ImageObject\",\"inLanguage\":\"es\",\"@id\":\"https:\/\/mcbogames.com\/#\/schema\/logo\/image\/\",\"url\":\"https:\/\/mcbogames.com\/wp-content\/uploads\/2021\/12\/logo_web.png\",\"contentUrl\":\"https:\/\/mcbogames.com\/wp-content\/uploads\/2021\/12\/logo_web.png\",\"width\":247,\"height\":223,\"caption\":\"MCBO GAMES\"},\"image\":{\"@id\":\"https:\/\/mcbogames.com\/#\/schema\/logo\/image\/\"}}]}<\/script>\n<!-- \/ Yoast SEO plugin. -->","yoast_head_json":{"title":"Figura Marvel Avengers Age of Ultron Titan Hero: Iron Man - :: MCBO GAMES TU TIENDA FAVORITA DE TECNOLOG\u00cdA Y VIDEOJUEGOS ::","description":"Frases y efectos de sonido de Super HeroFigura basada en la pel\u00edcula Avengers: Age of UltronFigura de acci\u00f3n de 12 pulgadas con articulaci\u00f3n de 5 puntosFunciona con Hulk Buster interactivo (se vende por separado)Funciona con 2 pilas AA, pilas de demostraci\u00f3n incluidas","robots":{"index":"index","follow":"follow","max-snippet":"max-snippet:-1","max-image-preview":"max-image-preview:large","max-video-preview":"max-video-preview:-1"},"canonical":"https:\/\/mcbogames.com\/index.php\/producto\/figura-marvel-avengers-age-of-ultron-titan-hero-iron-man\/","og_locale":"es_ES","og_type":"article","og_title":"Figura Marvel Avengers Age of Ultron Titan Hero: Iron Man - :: MCBO GAMES TU TIENDA FAVORITA DE TECNOLOG\u00cdA Y VIDEOJUEGOS ::","og_description":"Frases y efectos de sonido de Super HeroFigura basada en la pel\u00edcula Avengers: Age of UltronFigura de acci\u00f3n de 12 pulgadas con articulaci\u00f3n de 5 puntosFunciona con Hulk Buster interactivo (se vende por separado)Funciona con 2 pilas AA, pilas de demostraci\u00f3n incluidas","og_url":"https:\/\/mcbogames.com\/index.php\/producto\/figura-marvel-avengers-age-of-ultron-titan-hero-iron-man\/","og_site_name":":: MCBO GAMES TU TIENDA FAVORITA DE TECNOLOG\u00cdA Y VIDEOJUEGOS ::","article_modified_time":"2022-04-12T21:46:30+00:00","og_image":[{"width":600,"height":600,"url":"https:\/\/mcbogames.com\/wp-content\/uploads\/2022\/03\/ironman-Matias.jpeg","type":"image\/jpeg"}],"twitter_card":"summary_large_image","twitter_misc":{"Tiempo de lectura":"1 minuto"},"schema":{"@context":"https:\/\/schema.org","@graph":[{"@type":"WebPage","@id":"https:\/\/mcbogames.com\/index.php\/producto\/figura-marvel-avengers-age-of-ultron-titan-hero-iron-man\/","url":"https:\/\/mcbogames.com\/index.php\/producto\/figura-marvel-avengers-age-of-ultron-titan-hero-iron-man\/","name":"Figura Marvel Avengers Age of Ultron Titan Hero: Iron Man - :: MCBO GAMES TU TIENDA FAVORITA DE TECNOLOG\u00cdA Y VIDEOJUEGOS ::","isPartOf":{"@id":"https:\/\/mcbogames.com\/#website"},"primaryImageOfPage":{"@id":"https:\/\/mcbogames.com\/index.php\/producto\/figura-marvel-avengers-age-of-ultron-titan-hero-iron-man\/#primaryimage"},"image":{"@id":"https:\/\/mcbogames.com\/index.php\/producto\/figura-marvel-avengers-age-of-ultron-titan-hero-iron-man\/#primaryimage"},"thumbnailUrl":"https:\/\/mcbogames.com\/wp-content\/uploads\/2022\/03\/ironman-Matias.jpeg","datePublished":"2022-03-15T06:05:44+00:00","dateModified":"2022-04-12T21:46:30+00:00","description":"Frases y efectos de sonido de Super HeroFigura basada en la pel\u00edcula Avengers: Age of UltronFigura de acci\u00f3n de 12 pulgadas con articulaci\u00f3n de 5 puntosFunciona con Hulk Buster interactivo (se vende por separado)Funciona con 2 pilas AA, pilas de demostraci\u00f3n incluidas","breadcrumb":{"@id":"https:\/\/mcbogames.com\/index.php\/producto\/figura-marvel-avengers-age-of-ultron-titan-hero-iron-man\/#breadcrumb"},"inLanguage":"es","potentialAction":[{"@type":"ReadAction","target":["https:\/\/mcbogames.com\/index.php\/producto\/figura-marvel-avengers-age-of-ultron-titan-hero-iron-man\/"]}]},{"@type":"ImageObject","inLanguage":"es","@id":"https:\/\/mcbogames.com\/index.php\/producto\/figura-marvel-avengers-age-of-ultron-titan-hero-iron-man\/#primaryimage","url":"https:\/\/mcbogames.com\/wp-content\/uploads\/2022\/03\/ironman-Matias.jpeg","contentUrl":"https:\/\/mcbogames.com\/wp-content\/uploads\/2022\/03\/ironman-Matias.jpeg","width":600,"height":600},{"@type":"BreadcrumbList","@id":"https:\/\/mcbogames.com\/index.php\/producto\/figura-marvel-avengers-age-of-ultron-titan-hero-iron-man\/#breadcrumb","itemListElement":[{"@type":"ListItem","position":1,"name":"Portada","item":"https:\/\/mcbogames.com\/"},{"@type":"ListItem","position":2,"name":"Shop","item":"https:\/\/mcbogames.com\/index.php\/shop\/"},{"@type":"ListItem","position":3,"name":"Figura Marvel Avengers Age of Ultron Titan Hero: Iron Man"}]},{"@type":"WebSite","@id":"https:\/\/mcbogames.com\/#website","url":"https:\/\/mcbogames.com\/","name":":: MCBO GAMES TU TIENDA FAVORITA DE TECNOLOG\u00cdA Y VIDEOJUEGOS ::","description":"TIENDA ONLINE","publisher":{"@id":"https:\/\/mcbogames.com\/#organization"},"potentialAction":[{"@type":"SearchAction","target":{"@type":"EntryPoint","urlTemplate":"https:\/\/mcbogames.com\/?s={search_term_string}"},"query-input":{"@type":"PropertyValueSpecification","valueRequired":true,"valueName":"search_term_string"}}],"inLanguage":"es"},{"@type":"Organization","@id":"https:\/\/mcbogames.com\/#organization","name":"MCBO GAMES","url":"https:\/\/mcbogames.com\/","logo":{"@type":"ImageObject","inLanguage":"es","@id":"https:\/\/mcbogames.com\/#\/schema\/logo\/image\/","url":"https:\/\/mcbogames.com\/wp-content\/uploads\/2021\/12\/logo_web.png","contentUrl":"https:\/\/mcbogames.com\/wp-content\/uploads\/2021\/12\/logo_web.png","width":247,"height":223,"caption":"MCBO GAMES"},"image":{"@id":"https:\/\/mcbogames.com\/#\/schema\/logo\/image\/"}}]}},"_links":{"self":[{"href":"https:\/\/mcbogames.com\/index.php\/wp-json\/wp\/v2\/product\/6462","targetHints":{"allow":["GET"]}}],"collection":[{"href":"https:\/\/mcbogames.com\/index.php\/wp-json\/wp\/v2\/product"}],"about":[{"href":"https:\/\/mcbogames.com\/index.php\/wp-json\/wp\/v2\/types\/product"}],"wp:featuredmedia":[{"embeddable":true,"href":"https:\/\/mcbogames.com\/index.php\/wp-json\/wp\/v2\/media\/6463"}],"wp:attachment":[{"href":"https:\/\/mcbogames.com\/index.php\/wp-json\/wp\/v2\/media?parent=6462"}],"wp:term":[{"taxonomy":"product_brand","embeddable":true,"href":"https:\/\/mcbogames.com\/index.php\/wp-json\/wp\/v2\/product_brand?post=6462"},{"taxonomy":"product_cat","embeddable":true,"href":"https:\/\/mcbogames.com\/index.php\/wp-json\/wp\/v2\/product_cat?post=6462"},{"taxonomy":"product_tag","embeddable":true,"href":"https:\/\/mcbogames.com\/index.php\/wp-json\/wp\/v2\/product_tag?post=6462"}],"curies":[{"name":"wp","href":"https:\/\/api.w.org\/{rel}","templated":true}]}}