{"id":6313,"date":"2022-03-06T19:11:01","date_gmt":"2022-03-06T19:11:01","guid":{"rendered":"https:\/\/mcbogames.com\/?post_type=product&#038;p=6313"},"modified":"2022-04-08T20:45:25","modified_gmt":"2022-04-08T20:45:25","slug":"control-xbox-shock-blue","status":"publish","type":"product","link":"https:\/\/mcbogames.com\/index.php\/producto\/control-xbox-shock-blue\/","title":{"rendered":"Control XBOX Shock Blue"},"content":{"rendered":"<p>El controlador inal\u00e1mbrico Xbox es el controlador de juego principal para las consolas de videojuegos dom\u00e9sticas Xbox One y Xbox Series X \/ S, tambi\u00e9n comercializado para su uso en PC con Windows y compatible con otros sistemas operativos como macOS, Linux, iOS y Android. . El controlador mantiene el dise\u00f1o general que se encuentra en el controlador de Xbox 360, pero con varios ajustes en su dise\u00f1o, como una forma revisada, palancas anal\u00f3gicas redise\u00f1adas, botones laterales y gatillos, junto con nuevos motores retumbantes dentro de los gatillos para permitir la h\u00e1ptica direccional.<\/p>\n","protected":false},"excerpt":{"rendered":"<p>El controlador inal\u00e1mbrico Xbox es el controlador de juego principal para las consolas de videojuegos dom\u00e9sticas Xbox One y Xbox Series X \/ S, tambi\u00e9n comercializado para su uso en PC con Windows y compatible con otros sistemas operativos como macOS, Linux, iOS y Android. . El controlador mantiene el dise\u00f1o general que se encuentra &hellip; <a href=\"https:\/\/mcbogames.com\/index.php\/producto\/control-xbox-shock-blue\/\" class=\"more-link\">Continue reading <span class=\"screen-reader-text\">Control XBOX Shock Blue<\/span><\/a><\/p>\n","protected":false},"featured_media":6888,"template":"","meta":[],"product_brand":[],"product_cat":[229,233],"product_tag":[316,372],"class_list":{"0":"post-6313","1":"product","2":"type-product","3":"status-publish","4":"has-post-thumbnail","6":"product_cat-videojuegos","7":"product_cat-xbox","8":"product_tag-control","9":"product_tag-xbox","10":"yith_product_brand-microsoft","13":"outofstock","14":"shipping-taxable","15":"purchasable","16":"product-type-simple"},"bundled_by":["6734"],"bundle_stock_status":"outofstock","bundle_stock_quantity":0,"bundle_virtual":false,"bundle_layout":"","bundle_add_to_cart_form_location":"","bundle_editable_in_cart":false,"bundle_sold_individually_context":"","bundle_item_grouping":"","bundle_min_size":"","bundle_max_size":"","bundled_items":[],"bundle_sell_ids":[],"yoast_head":"<!-- This site is optimized with the Yoast SEO plugin v26.8 - https:\/\/yoast.com\/product\/yoast-seo-wordpress\/ -->\n<title>Control XBOX Shock Blue - :: MCBO GAMES TU TIENDA FAVORITA DE TECNOLOG\u00cdA Y VIDEOJUEGOS ::<\/title>\n<meta name=\"description\" content=\"El controlador inal\u00e1mbrico Xbox es el controlador de juego principal para las consolas de videojuegos dom\u00e9sticas Xbox One y Xbox Series X \/ S, tambi\u00e9n comercializado para su uso en PC con Windows y compatible con otros sistemas operativos como macOS, Linux, iOS y Android. . El controlador mantiene el dise\u00f1o general que se encuentra en el controlador de Xbox 360, pero con varios ajustes en su dise\u00f1o, como una forma revisada, palancas anal\u00f3gicas redise\u00f1adas, botones laterales y gatillos, junto con nuevos motores retumbantes dentro de los gatillos para permitir la h\u00e1ptica direccional.\" \/>\n<meta name=\"robots\" content=\"index, follow, max-snippet:-1, max-image-preview:large, max-video-preview:-1\" \/>\n<link rel=\"canonical\" href=\"https:\/\/mcbogames.com\/index.php\/producto\/control-xbox-shock-blue\/\" \/>\n<meta property=\"og:locale\" content=\"es_ES\" \/>\n<meta property=\"og:type\" content=\"article\" \/>\n<meta property=\"og:title\" content=\"Control XBOX Shock Blue - :: MCBO GAMES TU TIENDA FAVORITA DE TECNOLOG\u00cdA Y VIDEOJUEGOS ::\" \/>\n<meta property=\"og:description\" content=\"El controlador inal\u00e1mbrico Xbox es el controlador de juego principal para las consolas de videojuegos dom\u00e9sticas Xbox One y Xbox Series X \/ S, tambi\u00e9n comercializado para su uso en PC con Windows y compatible con otros sistemas operativos como macOS, Linux, iOS y Android. . El controlador mantiene el dise\u00f1o general que se encuentra en el controlador de Xbox 360, pero con varios ajustes en su dise\u00f1o, como una forma revisada, palancas anal\u00f3gicas redise\u00f1adas, botones laterales y gatillos, junto con nuevos motores retumbantes dentro de los gatillos para permitir la h\u00e1ptica direccional.\" \/>\n<meta property=\"og:url\" content=\"https:\/\/mcbogames.com\/index.php\/producto\/control-xbox-shock-blue\/\" \/>\n<meta property=\"og:site_name\" content=\":: MCBO GAMES TU TIENDA FAVORITA DE TECNOLOG\u00cdA Y VIDEOJUEGOS ::\" \/>\n<meta property=\"article:modified_time\" content=\"2022-04-08T20:45:25+00:00\" \/>\n<meta property=\"og:image\" content=\"https:\/\/mcbogames.com\/wp-content\/uploads\/2022\/03\/azul.jpeg\" \/>\n\t<meta property=\"og:image:width\" content=\"600\" \/>\n\t<meta property=\"og:image:height\" content=\"600\" \/>\n\t<meta property=\"og:image:type\" content=\"image\/jpeg\" \/>\n<meta name=\"twitter:card\" content=\"summary_large_image\" \/>\n<meta name=\"twitter:label1\" content=\"Tiempo de lectura\" \/>\n\t<meta name=\"twitter:data1\" content=\"1 minuto\" \/>\n<script type=\"application\/ld+json\" class=\"yoast-schema-graph\">{\"@context\":\"https:\/\/schema.org\",\"@graph\":[{\"@type\":\"WebPage\",\"@id\":\"https:\/\/mcbogames.com\/index.php\/producto\/control-xbox-shock-blue\/\",\"url\":\"https:\/\/mcbogames.com\/index.php\/producto\/control-xbox-shock-blue\/\",\"name\":\"Control XBOX Shock Blue - :: MCBO GAMES TU TIENDA FAVORITA DE TECNOLOG\u00cdA Y VIDEOJUEGOS ::\",\"isPartOf\":{\"@id\":\"https:\/\/mcbogames.com\/#website\"},\"primaryImageOfPage\":{\"@id\":\"https:\/\/mcbogames.com\/index.php\/producto\/control-xbox-shock-blue\/#primaryimage\"},\"image\":{\"@id\":\"https:\/\/mcbogames.com\/index.php\/producto\/control-xbox-shock-blue\/#primaryimage\"},\"thumbnailUrl\":\"https:\/\/mcbogames.com\/wp-content\/uploads\/2022\/03\/azul.jpeg\",\"datePublished\":\"2022-03-06T19:11:01+00:00\",\"dateModified\":\"2022-04-08T20:45:25+00:00\",\"description\":\"El controlador inal\u00e1mbrico Xbox es el controlador de juego principal para las consolas de videojuegos dom\u00e9sticas Xbox One y Xbox Series X \/ S, tambi\u00e9n comercializado para su uso en PC con Windows y compatible con otros sistemas operativos como macOS, Linux, iOS y Android. . El controlador mantiene el dise\u00f1o general que se encuentra en el controlador de Xbox 360, pero con varios ajustes en su dise\u00f1o, como una forma revisada, palancas anal\u00f3gicas redise\u00f1adas, botones laterales y gatillos, junto con nuevos motores retumbantes dentro de los gatillos para permitir la h\u00e1ptica direccional.\",\"breadcrumb\":{\"@id\":\"https:\/\/mcbogames.com\/index.php\/producto\/control-xbox-shock-blue\/#breadcrumb\"},\"inLanguage\":\"es\",\"potentialAction\":[{\"@type\":\"ReadAction\",\"target\":[\"https:\/\/mcbogames.com\/index.php\/producto\/control-xbox-shock-blue\/\"]}]},{\"@type\":\"ImageObject\",\"inLanguage\":\"es\",\"@id\":\"https:\/\/mcbogames.com\/index.php\/producto\/control-xbox-shock-blue\/#primaryimage\",\"url\":\"https:\/\/mcbogames.com\/wp-content\/uploads\/2022\/03\/azul.jpeg\",\"contentUrl\":\"https:\/\/mcbogames.com\/wp-content\/uploads\/2022\/03\/azul.jpeg\",\"width\":600,\"height\":600},{\"@type\":\"BreadcrumbList\",\"@id\":\"https:\/\/mcbogames.com\/index.php\/producto\/control-xbox-shock-blue\/#breadcrumb\",\"itemListElement\":[{\"@type\":\"ListItem\",\"position\":1,\"name\":\"Portada\",\"item\":\"https:\/\/mcbogames.com\/\"},{\"@type\":\"ListItem\",\"position\":2,\"name\":\"Shop\",\"item\":\"https:\/\/mcbogames.com\/index.php\/shop\/\"},{\"@type\":\"ListItem\",\"position\":3,\"name\":\"Control XBOX Shock Blue\"}]},{\"@type\":\"WebSite\",\"@id\":\"https:\/\/mcbogames.com\/#website\",\"url\":\"https:\/\/mcbogames.com\/\",\"name\":\":: MCBO GAMES TU TIENDA FAVORITA DE TECNOLOG\u00cdA Y VIDEOJUEGOS ::\",\"description\":\"TIENDA ONLINE\",\"publisher\":{\"@id\":\"https:\/\/mcbogames.com\/#organization\"},\"potentialAction\":[{\"@type\":\"SearchAction\",\"target\":{\"@type\":\"EntryPoint\",\"urlTemplate\":\"https:\/\/mcbogames.com\/?s={search_term_string}\"},\"query-input\":{\"@type\":\"PropertyValueSpecification\",\"valueRequired\":true,\"valueName\":\"search_term_string\"}}],\"inLanguage\":\"es\"},{\"@type\":\"Organization\",\"@id\":\"https:\/\/mcbogames.com\/#organization\",\"name\":\"MCBO GAMES\",\"url\":\"https:\/\/mcbogames.com\/\",\"logo\":{\"@type\":\"ImageObject\",\"inLanguage\":\"es\",\"@id\":\"https:\/\/mcbogames.com\/#\/schema\/logo\/image\/\",\"url\":\"https:\/\/mcbogames.com\/wp-content\/uploads\/2021\/12\/logo_web.png\",\"contentUrl\":\"https:\/\/mcbogames.com\/wp-content\/uploads\/2021\/12\/logo_web.png\",\"width\":247,\"height\":223,\"caption\":\"MCBO GAMES\"},\"image\":{\"@id\":\"https:\/\/mcbogames.com\/#\/schema\/logo\/image\/\"}}]}<\/script>\n<!-- \/ Yoast SEO plugin. -->","yoast_head_json":{"title":"Control XBOX Shock Blue - :: MCBO GAMES TU TIENDA FAVORITA DE TECNOLOG\u00cdA Y VIDEOJUEGOS ::","description":"El controlador inal\u00e1mbrico Xbox es el controlador de juego principal para las consolas de videojuegos dom\u00e9sticas Xbox One y Xbox Series X \/ S, tambi\u00e9n comercializado para su uso en PC con Windows y compatible con otros sistemas operativos como macOS, Linux, iOS y Android. . El controlador mantiene el dise\u00f1o general que se encuentra en el controlador de Xbox 360, pero con varios ajustes en su dise\u00f1o, como una forma revisada, palancas anal\u00f3gicas redise\u00f1adas, botones laterales y gatillos, junto con nuevos motores retumbantes dentro de los gatillos para permitir la h\u00e1ptica direccional.","robots":{"index":"index","follow":"follow","max-snippet":"max-snippet:-1","max-image-preview":"max-image-preview:large","max-video-preview":"max-video-preview:-1"},"canonical":"https:\/\/mcbogames.com\/index.php\/producto\/control-xbox-shock-blue\/","og_locale":"es_ES","og_type":"article","og_title":"Control XBOX Shock Blue - :: MCBO GAMES TU TIENDA FAVORITA DE TECNOLOG\u00cdA Y VIDEOJUEGOS ::","og_description":"El controlador inal\u00e1mbrico Xbox es el controlador de juego principal para las consolas de videojuegos dom\u00e9sticas Xbox One y Xbox Series X \/ S, tambi\u00e9n comercializado para su uso en PC con Windows y compatible con otros sistemas operativos como macOS, Linux, iOS y Android. . El controlador mantiene el dise\u00f1o general que se encuentra en el controlador de Xbox 360, pero con varios ajustes en su dise\u00f1o, como una forma revisada, palancas anal\u00f3gicas redise\u00f1adas, botones laterales y gatillos, junto con nuevos motores retumbantes dentro de los gatillos para permitir la h\u00e1ptica direccional.","og_url":"https:\/\/mcbogames.com\/index.php\/producto\/control-xbox-shock-blue\/","og_site_name":":: MCBO GAMES TU TIENDA FAVORITA DE TECNOLOG\u00cdA Y VIDEOJUEGOS ::","article_modified_time":"2022-04-08T20:45:25+00:00","og_image":[{"width":600,"height":600,"url":"https:\/\/mcbogames.com\/wp-content\/uploads\/2022\/03\/azul.jpeg","type":"image\/jpeg"}],"twitter_card":"summary_large_image","twitter_misc":{"Tiempo de lectura":"1 minuto"},"schema":{"@context":"https:\/\/schema.org","@graph":[{"@type":"WebPage","@id":"https:\/\/mcbogames.com\/index.php\/producto\/control-xbox-shock-blue\/","url":"https:\/\/mcbogames.com\/index.php\/producto\/control-xbox-shock-blue\/","name":"Control XBOX Shock Blue - :: MCBO GAMES TU TIENDA FAVORITA DE TECNOLOG\u00cdA Y VIDEOJUEGOS ::","isPartOf":{"@id":"https:\/\/mcbogames.com\/#website"},"primaryImageOfPage":{"@id":"https:\/\/mcbogames.com\/index.php\/producto\/control-xbox-shock-blue\/#primaryimage"},"image":{"@id":"https:\/\/mcbogames.com\/index.php\/producto\/control-xbox-shock-blue\/#primaryimage"},"thumbnailUrl":"https:\/\/mcbogames.com\/wp-content\/uploads\/2022\/03\/azul.jpeg","datePublished":"2022-03-06T19:11:01+00:00","dateModified":"2022-04-08T20:45:25+00:00","description":"El controlador inal\u00e1mbrico Xbox es el controlador de juego principal para las consolas de videojuegos dom\u00e9sticas Xbox One y Xbox Series X \/ S, tambi\u00e9n comercializado para su uso en PC con Windows y compatible con otros sistemas operativos como macOS, Linux, iOS y Android. . El controlador mantiene el dise\u00f1o general que se encuentra en el controlador de Xbox 360, pero con varios ajustes en su dise\u00f1o, como una forma revisada, palancas anal\u00f3gicas redise\u00f1adas, botones laterales y gatillos, junto con nuevos motores retumbantes dentro de los gatillos para permitir la h\u00e1ptica direccional.","breadcrumb":{"@id":"https:\/\/mcbogames.com\/index.php\/producto\/control-xbox-shock-blue\/#breadcrumb"},"inLanguage":"es","potentialAction":[{"@type":"ReadAction","target":["https:\/\/mcbogames.com\/index.php\/producto\/control-xbox-shock-blue\/"]}]},{"@type":"ImageObject","inLanguage":"es","@id":"https:\/\/mcbogames.com\/index.php\/producto\/control-xbox-shock-blue\/#primaryimage","url":"https:\/\/mcbogames.com\/wp-content\/uploads\/2022\/03\/azul.jpeg","contentUrl":"https:\/\/mcbogames.com\/wp-content\/uploads\/2022\/03\/azul.jpeg","width":600,"height":600},{"@type":"BreadcrumbList","@id":"https:\/\/mcbogames.com\/index.php\/producto\/control-xbox-shock-blue\/#breadcrumb","itemListElement":[{"@type":"ListItem","position":1,"name":"Portada","item":"https:\/\/mcbogames.com\/"},{"@type":"ListItem","position":2,"name":"Shop","item":"https:\/\/mcbogames.com\/index.php\/shop\/"},{"@type":"ListItem","position":3,"name":"Control XBOX Shock Blue"}]},{"@type":"WebSite","@id":"https:\/\/mcbogames.com\/#website","url":"https:\/\/mcbogames.com\/","name":":: MCBO GAMES TU TIENDA FAVORITA DE TECNOLOG\u00cdA Y VIDEOJUEGOS ::","description":"TIENDA ONLINE","publisher":{"@id":"https:\/\/mcbogames.com\/#organization"},"potentialAction":[{"@type":"SearchAction","target":{"@type":"EntryPoint","urlTemplate":"https:\/\/mcbogames.com\/?s={search_term_string}"},"query-input":{"@type":"PropertyValueSpecification","valueRequired":true,"valueName":"search_term_string"}}],"inLanguage":"es"},{"@type":"Organization","@id":"https:\/\/mcbogames.com\/#organization","name":"MCBO GAMES","url":"https:\/\/mcbogames.com\/","logo":{"@type":"ImageObject","inLanguage":"es","@id":"https:\/\/mcbogames.com\/#\/schema\/logo\/image\/","url":"https:\/\/mcbogames.com\/wp-content\/uploads\/2021\/12\/logo_web.png","contentUrl":"https:\/\/mcbogames.com\/wp-content\/uploads\/2021\/12\/logo_web.png","width":247,"height":223,"caption":"MCBO GAMES"},"image":{"@id":"https:\/\/mcbogames.com\/#\/schema\/logo\/image\/"}}]}},"_links":{"self":[{"href":"https:\/\/mcbogames.com\/index.php\/wp-json\/wp\/v2\/product\/6313","targetHints":{"allow":["GET"]}}],"collection":[{"href":"https:\/\/mcbogames.com\/index.php\/wp-json\/wp\/v2\/product"}],"about":[{"href":"https:\/\/mcbogames.com\/index.php\/wp-json\/wp\/v2\/types\/product"}],"wp:featuredmedia":[{"embeddable":true,"href":"https:\/\/mcbogames.com\/index.php\/wp-json\/wp\/v2\/media\/6888"}],"wp:attachment":[{"href":"https:\/\/mcbogames.com\/index.php\/wp-json\/wp\/v2\/media?parent=6313"}],"wp:term":[{"taxonomy":"product_brand","embeddable":true,"href":"https:\/\/mcbogames.com\/index.php\/wp-json\/wp\/v2\/product_brand?post=6313"},{"taxonomy":"product_cat","embeddable":true,"href":"https:\/\/mcbogames.com\/index.php\/wp-json\/wp\/v2\/product_cat?post=6313"},{"taxonomy":"product_tag","embeddable":true,"href":"https:\/\/mcbogames.com\/index.php\/wp-json\/wp\/v2\/product_tag?post=6313"}],"curies":[{"name":"wp","href":"https:\/\/api.w.org\/{rel}","templated":true}]}}